{"id":1485,"date":"2026-01-16T20:21:15","date_gmt":"2026-01-16T20:21:15","guid":{"rendered":"https:\/\/fundacionlobeliana.org\/?page_id=1485"},"modified":"2026-02-04T19:50:36","modified_gmt":"2026-02-04T19:50:36","slug":"editorial","status":"publish","type":"page","link":"https:\/\/fundacionlobeliana.org\/en\/editorial\/","title":{"rendered":"Editorial"},"content":{"rendered":"<div data-elementor-type=\"wp-page\" data-elementor-id=\"1485\" class=\"elementor elementor-1485\" data-elementor-post-type=\"page\">\n\t\t\t\t<div class=\"elementor-element elementor-element-a72f82e e-flex e-con-boxed e-con e-parent\" data-id=\"a72f82e\" data-element_type=\"container\" data-e-type=\"container\">\n\t\t\t\t\t<div class=\"e-con-inner\">\n\t\t<div class=\"elementor-element elementor-element-fd98255 e-con-full e-flex e-con e-child\" data-id=\"fd98255\" data-element_type=\"container\" data-e-type=\"container\">\n\t\t\t\t<\/div>\n\t\t\t\t\t<\/div>\n\t\t\t\t<\/div>\n\t\t<div class=\"elementor-element elementor-element-c604030 e-flex e-con-boxed e-con e-parent\" data-id=\"c604030\" data-element_type=\"container\" data-e-type=\"container\" data-settings=\"{&quot;background_background&quot;:&quot;classic&quot;}\">\n\t\t\t\t\t<div class=\"e-con-inner\">\n\t\t\t\t<div class=\"elementor-element elementor-element-e846694 elementor-widget elementor-widget-text-editor\" data-id=\"e846694\" data-element_type=\"widget\" data-e-type=\"widget\" data-widget_type=\"text-editor.default\">\n\t\t\t\t\t\t\t\t\tLobeliana Press publishes and disseminates the research produced\nat the Library and the CEL, generating books, essays, and journals in\nboth print and digital editions.\n\nIts purpose is to ensure that the content produced by the CEL, along\nwith associated research and external collaborations, reaches\ndiverse audiences in an accessible way.\t\t\t\t\t\t\t\t<\/div>\n\t\t<div class=\"elementor-element elementor-element-2b0389c e-con-full e-flex e-con e-child\" data-id=\"2b0389c\" data-element_type=\"container\" data-e-type=\"container\" data-settings=\"{&quot;background_background&quot;:&quot;classic&quot;}\">\n\t\t<div class=\"elementor-element elementor-element-ab35f61 e-con-full e-flex e-con e-child\" data-id=\"ab35f61\" data-element_type=\"container\" data-e-type=\"container\">\n\t\t\t\t<div class=\"elementor-element elementor-element-d699314 elementor-icon-list--layout-traditional elementor-list-item-link-full_width elementor-widget elementor-widget-icon-list\" data-id=\"d699314\" data-element_type=\"widget\" data-e-type=\"widget\" data-widget_type=\"icon-list.default\">\n\t\t\t\t\t\t\t<ul class=\"elementor-icon-list-items\">\n\t\t\t\t\t\t\t<li class=\"elementor-icon-list-item\">\n\t\t\t\t\t\t\t\t\t\t<span class=\"elementor-icon-list-text\">PUBLICATION LINES:<\/span>\n\t\t\t\t\t\t\t\t\t<\/li>\n\t\t\t\t\t\t\t\t<li class=\"elementor-icon-list-item\">\n\t\t\t\t\t\t\t\t\t\t\t<span class=\"elementor-icon-list-icon\">\n\t\t\t\t\t\t\t<svg aria-hidden=\"true\" class=\"e-font-icon-svg e-fas-circle\" viewbox=\"0 0 512 512\" xmlns=\"http:\/\/www.w3.org\/2000\/svg\"><path d=\"M256 8C119 8 8 119 8 256s111 248 248 248 248-111 248-248S393 8 256 8z\"><\/path><\/svg>\t\t\t\t\t\t<\/span>\n\t\t\t\t\t\t\t\t\t\t<span class=\"elementor-icon-list-text\">Research books on ethnobotany, ethnopharmacology, drug history, and other related topics.<\/span>\n\t\t\t\t\t\t\t\t\t<\/li>\n\t\t\t\t\t\t\t\t<li class=\"elementor-icon-list-item\">\n\t\t\t\t\t\t\t\t\t\t\t<span class=\"elementor-icon-list-icon\">\n\t\t\t\t\t\t\t<svg aria-hidden=\"true\" class=\"e-font-icon-svg e-fas-circle\" viewbox=\"0 0 512 512\" xmlns=\"http:\/\/www.w3.org\/2000\/svg\"><path d=\"M256 8C119 8 8 119 8 256s111 248 248 248 248-111 248-248S393 8 256 8z\"><\/path><\/svg>\t\t\t\t\t\t<\/span>\n\t\t\t\t\t\t\t\t\t\t<span class=\"elementor-icon-list-text\">Essays and anthologies that integrate science, philosophy, and art.<\/span>\n\t\t\t\t\t\t\t\t\t<\/li>\n\t\t\t\t\t\t\t\t<li class=\"elementor-icon-list-item\">\n\t\t\t\t\t\t\t\t\t\t\t<span class=\"elementor-icon-list-icon\">\n\t\t\t\t\t\t\t<svg aria-hidden=\"true\" class=\"e-font-icon-svg e-fas-circle\" viewbox=\"0 0 512 512\" xmlns=\"http:\/\/www.w3.org\/2000\/svg\"><path d=\"M256 8C119 8 8 119 8 256s111 248 248 248 248-111 248-248S393 8 256 8z\"><\/path><\/svg>\t\t\t\t\t\t<\/span>\n\t\t\t\t\t\t\t\t\t\t<span class=\"elementor-icon-list-text\">Reproduction of unique volumes, preserving and expanding access to special collections.<\/span>\n\t\t\t\t\t\t\t\t\t<\/li>\n\t\t\t\t\t\t\t\t<li class=\"elementor-icon-list-item\">\n\t\t\t\t\t\t\t\t\t\t\t<span class=\"elementor-icon-list-icon\">\n\t\t\t\t\t\t\t<svg aria-hidden=\"true\" class=\"e-font-icon-svg e-fas-circle\" viewbox=\"0 0 512 512\" xmlns=\"http:\/\/www.w3.org\/2000\/svg\"><path d=\"M256 8C119 8 8 119 8 256s111 248 248 248 248-111 248-248S393 8 256 8z\"><\/path><\/svg>\t\t\t\t\t\t<\/span>\n\t\t\t\t\t\t\t\t\t\t<span class=\"elementor-icon-list-text\">Translations and critical editions, which bring key texts closer to new generations and contexts.<\/span>\n\t\t\t\t\t\t\t\t\t<\/li>\n\t\t\t\t\t\t\t\t<li class=\"elementor-icon-list-item\">\n\t\t\t\t\t\t\t\t\t\t\t<span class=\"elementor-icon-list-icon\">\n\t\t\t\t\t\t\t<svg aria-hidden=\"true\" class=\"e-font-icon-svg e-fas-circle\" viewbox=\"0 0 512 512\" xmlns=\"http:\/\/www.w3.org\/2000\/svg\"><path d=\"M256 8C119 8 8 119 8 256s111 248 248 248 248-111 248-248S393 8 256 8z\"><\/path><\/svg>\t\t\t\t\t\t<\/span>\n\t\t\t\t\t\t\t\t\t\t<span class=\"elementor-icon-list-text\">Magazines and digital publications, as an agile space for dissemination and reflection.<\/span>\n\t\t\t\t\t\t\t\t\t<\/li>\n\t\t\t\t\t\t<\/ul>\n\t\t\t\t\t\t<\/div>\n\t\t\t\t<\/div>\n\t\t\t\t<\/div>\n\t\t\t\t<div class=\"elementor-element elementor-element-9c01d6b elementor-widget elementor-widget-text-editor\" data-id=\"9c01d6b\" data-element_type=\"widget\" data-e-type=\"widget\" data-widget_type=\"text-editor.default\">\n\t\t\t\t\t\t\t\t\t<p>Lobeliana Publishing House not only preserves, but also renews and multiplies knowledge, offering carefully crafted editions in both content and form, where scientific precision is combined with an aesthetic sensibility attentive to detail.<\/p>\t\t\t\t\t\t\t\t<\/div>\n\t\t<div class=\"elementor-element elementor-element-4078701 e-con-full e-grid e-con e-child\" data-id=\"4078701\" data-element_type=\"container\" data-e-type=\"container\">\n\t\t<div class=\"elementor-element elementor-element-928d396 e-con-full e-flex e-con e-child\" data-id=\"928d396\" data-element_type=\"container\" data-e-type=\"container\" data-settings=\"{&quot;background_background&quot;:&quot;classic&quot;}\">\n\t\t\t\t<div class=\"elementor-element elementor-element-209fbd1 elementor-widget elementor-widget-image\" data-id=\"209fbd1\" data-element_type=\"widget\" data-e-type=\"widget\" data-widget_type=\"image.default\">\n\t\t\t\t\t\t\t\t\t\t\t\t\t\t\t<img fetchpriority=\"high\" decoding=\"async\" width=\"769\" height=\"1024\" src=\"https:\/\/fundacionlobeliana.org\/wp-content\/uploads\/2026\/01\/Libro001_1.1.1-copia-769x1024.jpg\" class=\"attachment-large size-large wp-image-1391\" alt=\"\" srcset=\"https:\/\/fundacionlobeliana.org\/wp-content\/uploads\/2026\/01\/Libro001_1.1.1-copia-769x1024.jpg 769w, https:\/\/fundacionlobeliana.org\/wp-content\/uploads\/2026\/01\/Libro001_1.1.1-copia-225x300.jpg 225w, https:\/\/fundacionlobeliana.org\/wp-content\/uploads\/2026\/01\/Libro001_1.1.1-copia-768x1023.jpg 768w, https:\/\/fundacionlobeliana.org\/wp-content\/uploads\/2026\/01\/Libro001_1.1.1-copia-1153x1536.jpg 1153w, https:\/\/fundacionlobeliana.org\/wp-content\/uploads\/2026\/01\/Libro001_1.1.1-copia-1538x2048.jpg 1538w, https:\/\/fundacionlobeliana.org\/wp-content\/uploads\/2026\/01\/Libro001_1.1.1-copia-9x12.jpg 9w, https:\/\/fundacionlobeliana.org\/wp-content\/uploads\/2026\/01\/Libro001_1.1.1-copia-600x799.jpg 600w, https:\/\/fundacionlobeliana.org\/wp-content\/uploads\/2026\/01\/Libro001_1.1.1-copia-scaled.jpg 1922w\" sizes=\"(max-width: 769px) 100vw, 769px\" \/>\t\t\t\t\t\t\t\t\t\t\t\t\t\t\t<\/div>\n\t\t\t\t<\/div>\n\t\t<div class=\"elementor-element elementor-element-c49c2a6 e-con-full e-flex e-con e-child\" data-id=\"c49c2a6\" data-element_type=\"container\" data-e-type=\"container\">\n\t\t\t\t<div class=\"elementor-element elementor-element-86e0989 elementor-widget elementor-widget-heading\" data-id=\"86e0989\" data-element_type=\"widget\" data-e-type=\"widget\" data-widget_type=\"heading.default\">\n\t\t\t\t\t<h2 class=\"elementor-heading-title elementor-size-default\">Psychoactive Mushrooms from Chile<\/h2>\t\t\t\t<\/div>\n\t\t\t\t<div class=\"elementor-element elementor-element-ea6bf3a elementor-widget elementor-widget-text-editor\" data-id=\"ea6bf3a\" data-element_type=\"widget\" data-e-type=\"widget\" data-widget_type=\"text-editor.default\">\n\t\t\t\t\t\t\t\t\t<p>Publicado por la Editorial Lobeliana en 2023,<br \/>este libro presenta un estudio bibliogr\u00e1fico<br \/>que cruza el registro de hongos formalmente<br \/>descritos en Chile con aquellos que poseen<br \/>propiedades psicoactivas. La obra re\u00fane tres<br \/>ensayos sobre prohibici\u00f3n, farmacolog\u00eda e<br \/>identificaci\u00f3n micol\u00f3gica, acompa\u00f1ados de<br \/>ilustraciones originales que ampl\u00edan la<br \/>comprensi\u00f3n visual y cient\u00edfica del tema.<br \/>Hongos Psicoactivos de Chile constituye una<br \/>referencia pionera para el estudio de la funga<br \/>visionaria del territorio.<\/p>\t\t\t\t\t\t\t\t<\/div>\n\t\t\t\t<div class=\"elementor-element elementor-element-0776941 elementor-widget elementor-widget-text-editor\" data-id=\"0776941\" data-element_type=\"widget\" data-e-type=\"widget\" data-widget_type=\"text-editor.default\">\n\t\t\t\t\t\t\t\t\t<em>Editor: B. Gelcich<\/em>\n<br>\n<em>Essays: B. gelcich, J. Ott, E. Figueroa\n<br>\nIllustrations: D. Torres, P. Heredia<\/em>\t\t\t\t\t\t\t\t<\/div>\n\t\t\t\t<\/div>\n\t\t\t\t<\/div>\n\t\t<div class=\"elementor-element elementor-element-3d078ec e-con-full e-flex e-con e-child\" data-id=\"3d078ec\" data-element_type=\"container\" data-e-type=\"container\" data-settings=\"{&quot;background_background&quot;:&quot;classic&quot;}\">\n\t\t<div class=\"elementor-element elementor-element-c9ccb9a e-con-full e-grid e-con e-child\" data-id=\"c9ccb9a\" data-element_type=\"container\" data-e-type=\"container\" data-settings=\"{&quot;background_background&quot;:&quot;classic&quot;}\">\n\t\t\t\t<div class=\"elementor-element elementor-element-15a77a8 elementor-widget elementor-widget-heading\" data-id=\"15a77a8\" data-element_type=\"widget\" data-e-type=\"widget\" data-widget_type=\"heading.default\">\n\t\t\t\t\t<p class=\"elementor-heading-title elementor-size-default\">To purchase the book \u201cPsychoactive Fungi of Chile\u201d send an email to editorial@fundacionlobeliana.org<\/p>\t\t\t\t<\/div>\n\t\t\t\t<\/div>\n\t\t\t\t<\/div>\n\t\t<div class=\"elementor-element elementor-element-db22bdc e-con-full e-grid e-con e-child\" data-id=\"db22bdc\" data-element_type=\"container\" data-e-type=\"container\">\n\t\t<div class=\"elementor-element elementor-element-58c0681 e-con-full e-flex e-con e-child\" data-id=\"58c0681\" data-element_type=\"container\" data-e-type=\"container\" data-settings=\"{&quot;background_background&quot;:&quot;classic&quot;}\">\n\t\t\t\t<div class=\"elementor-element elementor-element-5add2c6 elementor-widget elementor-widget-image\" data-id=\"5add2c6\" data-element_type=\"widget\" data-e-type=\"widget\" data-widget_type=\"image.default\">\n\t\t\t\t\t\t\t\t\t\t\t\t\t\t\t<img decoding=\"async\" width=\"667\" height=\"694\" src=\"https:\/\/fundacionlobeliana.org\/wp-content\/uploads\/2026\/01\/Screenshot-2026-01-16-at-17-46-25-WEB-FUNDACION-LOBELIANA-WEB-FUNDACION-LOBELIANA-Editorial-Podcast\u2013Investigacion.pdf.png\" class=\"attachment-large size-large wp-image-1486\" alt=\"\" srcset=\"https:\/\/fundacionlobeliana.org\/wp-content\/uploads\/2026\/01\/Screenshot-2026-01-16-at-17-46-25-WEB-FUNDACION-LOBELIANA-WEB-FUNDACION-LOBELIANA-Editorial-Podcast\u2013Investigacion.pdf.png 667w, https:\/\/fundacionlobeliana.org\/wp-content\/uploads\/2026\/01\/Screenshot-2026-01-16-at-17-46-25-WEB-FUNDACION-LOBELIANA-WEB-FUNDACION-LOBELIANA-Editorial-Podcast\u2013Investigacion.pdf-288x300.png 288w, https:\/\/fundacionlobeliana.org\/wp-content\/uploads\/2026\/01\/Screenshot-2026-01-16-at-17-46-25-WEB-FUNDACION-LOBELIANA-WEB-FUNDACION-LOBELIANA-Editorial-Podcast\u2013Investigacion.pdf-12x12.png 12w, https:\/\/fundacionlobeliana.org\/wp-content\/uploads\/2026\/01\/Screenshot-2026-01-16-at-17-46-25-WEB-FUNDACION-LOBELIANA-WEB-FUNDACION-LOBELIANA-Editorial-Podcast\u2013Investigacion.pdf-600x624.png 600w\" sizes=\"(max-width: 667px) 100vw, 667px\" \/>\t\t\t\t\t\t\t\t\t\t\t\t\t\t\t<\/div>\n\t\t\t\t<\/div>\n\t\t<div class=\"elementor-element elementor-element-ac5aab1 e-con-full e-flex e-con e-child\" data-id=\"ac5aab1\" data-element_type=\"container\" data-e-type=\"container\">\n\t\t\t\t<div class=\"elementor-element elementor-element-85c0158 elementor-widget elementor-widget-heading\" data-id=\"85c0158\" data-element_type=\"widget\" data-e-type=\"widget\" data-widget_type=\"heading.default\">\n\t\t\t\t\t<h2 class=\"elementor-heading-title elementor-size-default\">Psychoactive Plants of Chile<\/h2>\t\t\t\t<\/div>\n\t\t\t\t<div class=\"elementor-element elementor-element-4eefa01 elementor-widget elementor-widget-text-editor\" data-id=\"4eefa01\" data-element_type=\"widget\" data-e-type=\"widget\" data-widget_type=\"text-editor.default\">\n\t\t\t\t\t\t\t\t\tCurrently in development, Psychoactive Plants of Chile expands upon the work initiated by Lobeliana Publishers with six original essays and a corpus of over 60 species of visionary plants found in the country. The corpus will provide a comprehensive review of plant species with psychoactive properties recorded in Chile, integrating botanical, pharmacological, and ethnographic perspectives through original texts, photographs, and botanical illustrations. The work aims to offer a precise and contextualized view of these species, providing the reader with essays containing detailed information, clear bibliographies, original illustrations, updated synonyms, and other content.\nStudy of the visionary fungi of the territory.\t\t\t\t\t\t\t\t<\/div>\n\t\t\t\t<div class=\"elementor-element elementor-element-863d65e elementor-widget elementor-widget-text-editor\" data-id=\"863d65e\" data-element_type=\"widget\" data-e-type=\"widget\" data-widget_type=\"text-editor.default\">\n\t\t\t\t\t\t\t\t\t<em>Editor: B. Gelcich\n<br>\nEssays: B. Gelcich, G. Samorini, C. M. Torres, E.\nFigueroa, *\n<br>\nIllustrations:. D. Torres, *\n<br><\/em>\t\t\t\t\t\t\t\t<\/div>\n\t\t\t\t<\/div>\n\t\t\t\t<\/div>\n\t\t<div class=\"elementor-element elementor-element-556b092 e-con-full e-grid e-con e-child\" data-id=\"556b092\" data-element_type=\"container\" data-e-type=\"container\" data-settings=\"{&quot;background_background&quot;:&quot;classic&quot;}\">\n\t\t<div class=\"elementor-element elementor-element-99d4c16 e-con-full e-flex e-con e-child\" data-id=\"99d4c16\" data-element_type=\"container\" data-e-type=\"container\" data-settings=\"{&quot;background_background&quot;:&quot;classic&quot;}\">\n\t\t\t\t<div class=\"elementor-element elementor-element-58f285b elementor-widget elementor-widget-heading\" data-id=\"58f285b\" data-element_type=\"widget\" data-e-type=\"widget\" data-widget_type=\"heading.default\">\n\t\t\t\t\t<p class=\"elementor-heading-title elementor-size-default\">\u201cPsychoactive Plants of Chile\u201d will be available in early 2027. If you'd like to pre-order your copy today, please write to editorial@fundacionlobeliana.org. Pre-ordering helps finance the production and printing of our book.<\/p>\t\t\t\t<\/div>\n\t\t\t\t<\/div>\n\t\t\t\t<\/div>\n\t\t\t\t\t<\/div>\n\t\t\t\t<\/div>\n\t\t\t\t<\/div>","protected":false},"excerpt":{"rendered":"<p>La Editorial Lobeliana publica y difunde las investigaciones producidas en la Biblioteca y el CEL, generando libros, ensayos y revistas en ediciones f\u00edsicas y digitales. Su prop\u00f3sito es asegurar que los contenidos producidos por el CEL, junto con las investigaciones asociadas y colaboraciones externas, lleguen a p\u00fablicos diversos de manera accesible L\u00cdNEAS DE PUBLICACI\u00d3N: Libros [&hellip;]<\/p>","protected":false},"author":1,"featured_media":0,"parent":0,"menu_order":0,"comment_status":"closed","ping_status":"closed","template":"","meta":{"footnotes":""},"class_list":["post-1485","page","type-page","status-publish","hentry"],"yoast_head":"<!-- This site is optimized with the Yoast SEO plugin v27.2 - https:\/\/yoast.com\/product\/yoast-seo-wordpress\/ -->\n<title>Editorial - Fundacion Lobeliana<\/title>\n<meta name=\"robots\" content=\"index, follow, max-snippet:-1, max-image-preview:large, max-video-preview:-1\" \/>\n<link rel=\"canonical\" href=\"https:\/\/fundacionlobeliana.org\/en\/editorial\/\" \/>\n<meta property=\"og:locale\" content=\"en_GB\" \/>\n<meta property=\"og:type\" content=\"article\" \/>\n<meta property=\"og:title\" content=\"Editorial - Fundacion Lobeliana\" \/>\n<meta property=\"og:description\" content=\"La Editorial Lobeliana publica y difunde las investigaciones producidas en la Biblioteca y el CEL, generando libros, ensayos y revistas en ediciones f\u00edsicas y digitales. Su prop\u00f3sito es asegurar que los contenidos producidos por el CEL, junto con las investigaciones asociadas y colaboraciones externas, lleguen a p\u00fablicos diversos de manera accesible L\u00cdNEAS DE PUBLICACI\u00d3N: Libros [&hellip;]\" \/>\n<meta property=\"og:url\" content=\"https:\/\/fundacionlobeliana.org\/en\/editorial\/\" \/>\n<meta property=\"og:site_name\" content=\"Fundacion Lobeliana\" \/>\n<meta property=\"article:modified_time\" content=\"2026-02-04T19:50:36+00:00\" \/>\n<meta property=\"og:image\" content=\"https:\/\/fundacionlobeliana.org\/wp-content\/uploads\/2026\/01\/Libro001_1.1.1-copia-scaled.jpg\" \/>\n\t<meta property=\"og:image:width\" content=\"1922\" \/>\n\t<meta property=\"og:image:height\" content=\"2560\" \/>\n\t<meta property=\"og:image:type\" content=\"image\/jpeg\" \/>\n<meta name=\"twitter:card\" content=\"summary_large_image\" \/>\n<meta name=\"twitter:label1\" content=\"Estimated reading time\" \/>\n\t<meta name=\"twitter:data1\" content=\"2 minutes\" \/>\n<script type=\"application\/ld+json\" class=\"yoast-schema-graph\">{\"@context\":\"https:\/\/schema.org\",\"@graph\":[{\"@type\":\"WebPage\",\"@id\":\"https:\/\/fundacionlobeliana.org\/editorial\/\",\"url\":\"https:\/\/fundacionlobeliana.org\/editorial\/\",\"name\":\"Editorial - Fundacion Lobeliana\",\"isPartOf\":{\"@id\":\"https:\/\/fundacionlobeliana.org\/#website\"},\"primaryImageOfPage\":{\"@id\":\"https:\/\/fundacionlobeliana.org\/editorial\/#primaryimage\"},\"image\":{\"@id\":\"https:\/\/fundacionlobeliana.org\/editorial\/#primaryimage\"},\"thumbnailUrl\":\"https:\/\/fundacionlobeliana.org\/wp-content\/uploads\/2026\/01\/Libro001_1.1.1-copia-769x1024.jpg\",\"datePublished\":\"2026-01-16T20:21:15+00:00\",\"dateModified\":\"2026-02-04T19:50:36+00:00\",\"breadcrumb\":{\"@id\":\"https:\/\/fundacionlobeliana.org\/editorial\/#breadcrumb\"},\"inLanguage\":\"en-GB\",\"potentialAction\":[{\"@type\":\"ReadAction\",\"target\":[\"https:\/\/fundacionlobeliana.org\/editorial\/\"]}]},{\"@type\":\"ImageObject\",\"inLanguage\":\"en-GB\",\"@id\":\"https:\/\/fundacionlobeliana.org\/editorial\/#primaryimage\",\"url\":\"https:\/\/fundacionlobeliana.org\/wp-content\/uploads\/2026\/01\/Libro001_1.1.1-copia-769x1024.jpg\",\"contentUrl\":\"https:\/\/fundacionlobeliana.org\/wp-content\/uploads\/2026\/01\/Libro001_1.1.1-copia-769x1024.jpg\"},{\"@type\":\"BreadcrumbList\",\"@id\":\"https:\/\/fundacionlobeliana.org\/editorial\/#breadcrumb\",\"itemListElement\":[{\"@type\":\"ListItem\",\"position\":1,\"name\":\"Portada\",\"item\":\"https:\/\/fundacionlobeliana.org\/\"},{\"@type\":\"ListItem\",\"position\":2,\"name\":\"Editorial\"}]},{\"@type\":\"WebSite\",\"@id\":\"https:\/\/fundacionlobeliana.org\/#website\",\"url\":\"https:\/\/fundacionlobeliana.org\/\",\"name\":\"Fundacion Lobeliana\",\"description\":\"Organizaci\u00f3n sin fines de lucro que tiene como misi\u00f3n el rescatar, actualizar, visibilizar y hacer disponible el conocimiento acumulado hasta hoy sobre f\u00e1rmacos naturales y psicoactivos\",\"publisher\":{\"@id\":\"https:\/\/fundacionlobeliana.org\/#organization\"},\"potentialAction\":[{\"@type\":\"SearchAction\",\"target\":{\"@type\":\"EntryPoint\",\"urlTemplate\":\"https:\/\/fundacionlobeliana.org\/?s={search_term_string}\"},\"query-input\":{\"@type\":\"PropertyValueSpecification\",\"valueRequired\":true,\"valueName\":\"search_term_string\"}}],\"inLanguage\":\"en-GB\"},{\"@type\":\"Organization\",\"@id\":\"https:\/\/fundacionlobeliana.org\/#organization\",\"name\":\"Fundacion Lobeliana\",\"url\":\"https:\/\/fundacionlobeliana.org\/\",\"logo\":{\"@type\":\"ImageObject\",\"inLanguage\":\"en-GB\",\"@id\":\"https:\/\/fundacionlobeliana.org\/#\/schema\/logo\/image\/\",\"url\":\"https:\/\/fundacionlobeliana.org\/wp-content\/uploads\/2025\/09\/logo_fundacion_lobeliana-02.png\",\"contentUrl\":\"https:\/\/fundacionlobeliana.org\/wp-content\/uploads\/2025\/09\/logo_fundacion_lobeliana-02.png\",\"width\":571,\"height\":718,\"caption\":\"Fundacion Lobeliana\"},\"image\":{\"@id\":\"https:\/\/fundacionlobeliana.org\/#\/schema\/logo\/image\/\"}}]}<\/script>\n<!-- \/ Yoast SEO plugin. -->","yoast_head_json":{"title":"Editorial - Fundacion Lobeliana","robots":{"index":"index","follow":"follow","max-snippet":"max-snippet:-1","max-image-preview":"max-image-preview:large","max-video-preview":"max-video-preview:-1"},"canonical":"https:\/\/fundacionlobeliana.org\/en\/editorial\/","og_locale":"en_GB","og_type":"article","og_title":"Editorial - Fundacion Lobeliana","og_description":"La Editorial Lobeliana publica y difunde las investigaciones producidas en la Biblioteca y el CEL, generando libros, ensayos y revistas en ediciones f\u00edsicas y digitales. Su prop\u00f3sito es asegurar que los contenidos producidos por el CEL, junto con las investigaciones asociadas y colaboraciones externas, lleguen a p\u00fablicos diversos de manera accesible L\u00cdNEAS DE PUBLICACI\u00d3N: Libros [&hellip;]","og_url":"https:\/\/fundacionlobeliana.org\/en\/editorial\/","og_site_name":"Fundacion Lobeliana","article_modified_time":"2026-02-04T19:50:36+00:00","og_image":[{"width":1922,"height":2560,"url":"https:\/\/fundacionlobeliana.org\/wp-content\/uploads\/2026\/01\/Libro001_1.1.1-copia-scaled.jpg","type":"image\/jpeg"}],"twitter_card":"summary_large_image","twitter_misc":{"Estimated reading time":"2 minutes"},"schema":{"@context":"https:\/\/schema.org","@graph":[{"@type":"WebPage","@id":"https:\/\/fundacionlobeliana.org\/editorial\/","url":"https:\/\/fundacionlobeliana.org\/editorial\/","name":"Editorial - Fundacion Lobeliana","isPartOf":{"@id":"https:\/\/fundacionlobeliana.org\/#website"},"primaryImageOfPage":{"@id":"https:\/\/fundacionlobeliana.org\/editorial\/#primaryimage"},"image":{"@id":"https:\/\/fundacionlobeliana.org\/editorial\/#primaryimage"},"thumbnailUrl":"https:\/\/fundacionlobeliana.org\/wp-content\/uploads\/2026\/01\/Libro001_1.1.1-copia-769x1024.jpg","datePublished":"2026-01-16T20:21:15+00:00","dateModified":"2026-02-04T19:50:36+00:00","breadcrumb":{"@id":"https:\/\/fundacionlobeliana.org\/editorial\/#breadcrumb"},"inLanguage":"en-GB","potentialAction":[{"@type":"ReadAction","target":["https:\/\/fundacionlobeliana.org\/editorial\/"]}]},{"@type":"ImageObject","inLanguage":"en-GB","@id":"https:\/\/fundacionlobeliana.org\/editorial\/#primaryimage","url":"https:\/\/fundacionlobeliana.org\/wp-content\/uploads\/2026\/01\/Libro001_1.1.1-copia-769x1024.jpg","contentUrl":"https:\/\/fundacionlobeliana.org\/wp-content\/uploads\/2026\/01\/Libro001_1.1.1-copia-769x1024.jpg"},{"@type":"BreadcrumbList","@id":"https:\/\/fundacionlobeliana.org\/editorial\/#breadcrumb","itemListElement":[{"@type":"ListItem","position":1,"name":"Portada","item":"https:\/\/fundacionlobeliana.org\/"},{"@type":"ListItem","position":2,"name":"Editorial"}]},{"@type":"WebSite","@id":"https:\/\/fundacionlobeliana.org\/#website","url":"https:\/\/fundacionlobeliana.org\/","name":"Fundacion Lobeliana","description":"Organizaci\u00f3n sin fines de lucro que tiene como misi\u00f3n el rescatar, actualizar, visibilizar y hacer disponible el conocimiento acumulado hasta hoy sobre f\u00e1rmacos naturales y psicoactivos","publisher":{"@id":"https:\/\/fundacionlobeliana.org\/#organization"},"potentialAction":[{"@type":"SearchAction","target":{"@type":"EntryPoint","urlTemplate":"https:\/\/fundacionlobeliana.org\/?s={search_term_string}"},"query-input":{"@type":"PropertyValueSpecification","valueRequired":true,"valueName":"search_term_string"}}],"inLanguage":"en-GB"},{"@type":"Organization","@id":"https:\/\/fundacionlobeliana.org\/#organization","name":"Fundacion Lobeliana","url":"https:\/\/fundacionlobeliana.org\/","logo":{"@type":"ImageObject","inLanguage":"en-GB","@id":"https:\/\/fundacionlobeliana.org\/#\/schema\/logo\/image\/","url":"https:\/\/fundacionlobeliana.org\/wp-content\/uploads\/2025\/09\/logo_fundacion_lobeliana-02.png","contentUrl":"https:\/\/fundacionlobeliana.org\/wp-content\/uploads\/2025\/09\/logo_fundacion_lobeliana-02.png","width":571,"height":718,"caption":"Fundacion Lobeliana"},"image":{"@id":"https:\/\/fundacionlobeliana.org\/#\/schema\/logo\/image\/"}}]}},"_links":{"self":[{"href":"https:\/\/fundacionlobeliana.org\/en\/wp-json\/wp\/v2\/pages\/1485","targetHints":{"allow":["GET"]}}],"collection":[{"href":"https:\/\/fundacionlobeliana.org\/en\/wp-json\/wp\/v2\/pages"}],"about":[{"href":"https:\/\/fundacionlobeliana.org\/en\/wp-json\/wp\/v2\/types\/page"}],"author":[{"embeddable":true,"href":"https:\/\/fundacionlobeliana.org\/en\/wp-json\/wp\/v2\/users\/1"}],"replies":[{"embeddable":true,"href":"https:\/\/fundacionlobeliana.org\/en\/wp-json\/wp\/v2\/comments?post=1485"}],"version-history":[{"count":16,"href":"https:\/\/fundacionlobeliana.org\/en\/wp-json\/wp\/v2\/pages\/1485\/revisions"}],"predecessor-version":[{"id":1914,"href":"https:\/\/fundacionlobeliana.org\/en\/wp-json\/wp\/v2\/pages\/1485\/revisions\/1914"}],"wp:attachment":[{"href":"https:\/\/fundacionlobeliana.org\/en\/wp-json\/wp\/v2\/media?parent=1485"}],"curies":[{"name":"wp","href":"https:\/\/api.w.org\/{rel}","templated":true}]}}