{"id":1577,"date":"2026-01-27T19:09:14","date_gmt":"2026-01-27T19:09:14","guid":{"rendered":"https:\/\/fundacionlobeliana.org\/?page_id=1577"},"modified":"2026-02-04T20:19:24","modified_gmt":"2026-02-04T20:19:24","slug":"seminarios","status":"publish","type":"page","link":"https:\/\/fundacionlobeliana.org\/en\/seminarios\/","title":{"rendered":"Seminars"},"content":{"rendered":"<div data-elementor-type=\"wp-page\" data-elementor-id=\"1577\" class=\"elementor elementor-1577\" data-elementor-post-type=\"page\">\n\t\t\t\t<div class=\"elementor-element elementor-element-a72f82e e-flex e-con-boxed e-con e-parent\" data-id=\"a72f82e\" data-element_type=\"container\" data-e-type=\"container\">\n\t\t\t\t\t<div class=\"e-con-inner\">\n\t\t<div class=\"elementor-element elementor-element-fd98255 e-con-full e-flex e-con e-child\" data-id=\"fd98255\" data-element_type=\"container\" data-e-type=\"container\">\n\t\t\t\t<\/div>\n\t\t\t\t\t<\/div>\n\t\t\t\t<\/div>\n\t\t<div class=\"elementor-element elementor-element-c604030 e-flex e-con-boxed e-con e-parent\" data-id=\"c604030\" data-element_type=\"container\" data-e-type=\"container\" data-settings=\"{&quot;background_background&quot;:&quot;classic&quot;}\">\n\t\t\t\t\t<div class=\"e-con-inner\">\n\t\t<div class=\"elementor-element elementor-element-4078701 e-con-full e-grid e-con e-child\" data-id=\"4078701\" data-element_type=\"container\" data-e-type=\"container\">\n\t\t<div class=\"elementor-element elementor-element-928d396 e-con-full e-flex e-con e-child\" data-id=\"928d396\" data-element_type=\"container\" data-e-type=\"container\" data-settings=\"{&quot;background_background&quot;:&quot;classic&quot;}\">\n\t\t\t\t<div class=\"elementor-element elementor-element-209fbd1 elementor-widget elementor-widget-image\" data-id=\"209fbd1\" data-element_type=\"widget\" data-e-type=\"widget\" data-widget_type=\"image.default\">\n\t\t\t\t\t\t\t\t\t\t\t\t\t\t\t<img fetchpriority=\"high\" decoding=\"async\" width=\"800\" height=\"1000\" src=\"https:\/\/fundacionlobeliana.org\/wp-content\/uploads\/2026\/01\/afiche_oficial_1er_simposio-819x1024.jpeg\" class=\"attachment-large size-large wp-image-1578\" alt=\"\" srcset=\"https:\/\/fundacionlobeliana.org\/wp-content\/uploads\/2026\/01\/afiche_oficial_1er_simposio-819x1024.jpeg 819w, https:\/\/fundacionlobeliana.org\/wp-content\/uploads\/2026\/01\/afiche_oficial_1er_simposio-240x300.jpeg 240w, https:\/\/fundacionlobeliana.org\/wp-content\/uploads\/2026\/01\/afiche_oficial_1er_simposio-768x960.jpeg 768w, https:\/\/fundacionlobeliana.org\/wp-content\/uploads\/2026\/01\/afiche_oficial_1er_simposio-1229x1536.jpeg 1229w, https:\/\/fundacionlobeliana.org\/wp-content\/uploads\/2026\/01\/afiche_oficial_1er_simposio-10x12.jpeg 10w, https:\/\/fundacionlobeliana.org\/wp-content\/uploads\/2026\/01\/afiche_oficial_1er_simposio-600x750.jpeg 600w, https:\/\/fundacionlobeliana.org\/wp-content\/uploads\/2026\/01\/afiche_oficial_1er_simposio.jpeg 1280w\" sizes=\"(max-width: 800px) 100vw, 800px\" \/>\t\t\t\t\t\t\t\t\t\t\t\t\t\t\t<\/div>\n\t\t\t\t<\/div>\n\t\t<div class=\"elementor-element elementor-element-c49c2a6 e-con-full e-flex e-con e-child\" data-id=\"c49c2a6\" data-element_type=\"container\" data-e-type=\"container\">\n\t\t\t\t<div class=\"elementor-element elementor-element-86e0989 elementor-widget elementor-widget-heading\" data-id=\"86e0989\" data-element_type=\"widget\" data-e-type=\"widget\" data-widget_type=\"heading.default\">\n\t\t\t\t\t<h2 class=\"elementor-heading-title elementor-size-default\">Primer Simposio Psiconauta:\nUtop\u00eda y Ebriedad (2023)\n- 14 clases<\/h2>\t\t\t\t<\/div>\n\t\t\t\t<div class=\"elementor-element elementor-element-ea6bf3a elementor-widget elementor-widget-text-editor\" data-id=\"ea6bf3a\" data-element_type=\"widget\" data-e-type=\"widget\" data-widget_type=\"text-editor.default\">\n\t\t\t\t\t\t\t\t\tDi\u00e1logos sobre chamanismo, psicof\u00e1rmacos,\npsicon\u00e1utica y \u00e9xtasis.\n<br>\nExponentes: Jonathan Ott, Giuliana Furci,\nConstantino Manuel Torres, Dale Millard,\nDonna Torres, Glenn Shepard, Dennis\nMcKenna, Claudia M\u00fcller-Ebeling, Luis\nEduardo Luna, Ver\u00f3nica Lema, Claudio\nMercado, Stacy Schaefer, M\u00f3nica Gagliano,\nCarlo Brescia, Elisa Guerra Doce, Javier\nEcheverr\u00eda.\t\t\t\t\t\t\t\t<\/div>\n\t\t\t\t<div class=\"elementor-element elementor-element-33748b1 elementor-widget elementor-widget-button\" data-id=\"33748b1\" data-element_type=\"widget\" data-e-type=\"widget\" data-widget_type=\"button.default\">\n\t\t\t\t\t\t\t\t\t\t<a class=\"elementor-button elementor-button-link elementor-size-sm\" href=\"https:\/\/fundacionlobeliana.org\/en\/simposio-psiconauta\/\">\n\t\t\t\t\t\t<span class=\"elementor-button-content-wrapper\">\n\t\t\t\t\t\t\t\t\t<span class=\"elementor-button-text\">ARCHIVO LIBERADO<\/span>\n\t\t\t\t\t<\/span>\n\t\t\t\t\t<\/a>\n\t\t\t\t\t\t\t\t<\/div>\n\t\t\t\t<\/div>\n\t\t\t\t<\/div>\n\t\t<div class=\"elementor-element elementor-element-d93d05c e-con-full e-grid e-con e-child\" data-id=\"d93d05c\" data-element_type=\"container\" data-e-type=\"container\">\n\t\t<div class=\"elementor-element elementor-element-326abc4 e-con-full e-flex e-con e-child\" data-id=\"326abc4\" data-element_type=\"container\" data-e-type=\"container\" data-settings=\"{&quot;background_background&quot;:&quot;classic&quot;}\">\n\t\t\t\t<div class=\"elementor-element elementor-element-7a2d97d elementor-widget elementor-widget-image\" data-id=\"7a2d97d\" data-element_type=\"widget\" data-e-type=\"widget\" data-widget_type=\"image.default\">\n\t\t\t\t\t\t\t\t\t\t\t\t\t\t\t<img decoding=\"async\" width=\"671\" height=\"1024\" src=\"https:\/\/fundacionlobeliana.org\/wp-content\/uploads\/2026\/01\/afiche-oficial-HDLD-671x1024.png\" class=\"attachment-large size-large wp-image-1580\" alt=\"\" srcset=\"https:\/\/fundacionlobeliana.org\/wp-content\/uploads\/2026\/01\/afiche-oficial-HDLD-671x1024.png 671w, https:\/\/fundacionlobeliana.org\/wp-content\/uploads\/2026\/01\/afiche-oficial-HDLD-196x300.png 196w, https:\/\/fundacionlobeliana.org\/wp-content\/uploads\/2026\/01\/afiche-oficial-HDLD-768x1173.png 768w, https:\/\/fundacionlobeliana.org\/wp-content\/uploads\/2026\/01\/afiche-oficial-HDLD-1006x1536.png 1006w, https:\/\/fundacionlobeliana.org\/wp-content\/uploads\/2026\/01\/afiche-oficial-HDLD-1341x2048.png 1341w, https:\/\/fundacionlobeliana.org\/wp-content\/uploads\/2026\/01\/afiche-oficial-HDLD-8x12.png 8w, https:\/\/fundacionlobeliana.org\/wp-content\/uploads\/2026\/01\/afiche-oficial-HDLD-600x916.png 600w, https:\/\/fundacionlobeliana.org\/wp-content\/uploads\/2026\/01\/afiche-oficial-HDLD.png 1378w\" sizes=\"(max-width: 671px) 100vw, 671px\" \/>\t\t\t\t\t\t\t\t\t\t\t\t\t\t\t<\/div>\n\t\t\t\t<\/div>\n\t\t<div class=\"elementor-element elementor-element-1fdc606 e-con-full e-flex e-con e-child\" data-id=\"1fdc606\" data-element_type=\"container\" data-e-type=\"container\">\n\t\t\t\t<div class=\"elementor-element elementor-element-7cfc709 elementor-widget elementor-widget-heading\" data-id=\"7cfc709\" data-element_type=\"widget\" data-e-type=\"widget\" data-widget_type=\"heading.default\">\n\t\t\t\t\t<h2 class=\"elementor-heading-title elementor-size-default\">Historia de Las Drogas (2024)\n- 18 clases<\/h2>\t\t\t\t<\/div>\n\t\t\t\t<div class=\"elementor-element elementor-element-26f4580 elementor-widget elementor-widget-text-editor\" data-id=\"26f4580\" data-element_type=\"widget\" data-e-type=\"widget\" data-widget_type=\"text-editor.default\">\n\t\t\t\t\t\t\t\t\tExponentes: J. Ott, L. E. Luna, C.M. Torres,\nG. Samorini, S. Schaefer, I. Godoy, B.\nGelcich, N. Dormal, F. Zenteno, F.\nCarranza, E. Guerra-Doce.\n<br><br>\nPara acceder a estos seminarios, inscr\u00edbete en\nla Membres\u00eda Tupa, la que por una\nmensualidad desde CLP$ 10.000 te da acceso\na todas las clases de cada seminario que\ntenemos y que haremos.\t\t\t\t\t\t\t\t<\/div>\n\t\t\t\t<div class=\"elementor-element elementor-element-0a9bdce elementor-widget elementor-widget-button\" data-id=\"0a9bdce\" data-element_type=\"widget\" data-e-type=\"widget\" data-widget_type=\"button.default\">\n\t\t\t\t\t\t\t\t\t\t<a class=\"elementor-button elementor-button-link elementor-size-sm\" href=\"https:\/\/fundacionlobeliana.org\/en\/dona-aqui\/#membresias\">\n\t\t\t\t\t\t<span class=\"elementor-button-content-wrapper\">\n\t\t\t\t\t\t\t\t\t<span class=\"elementor-button-text\">MEMBRES\u00cdA ARCHIVO TUPA<\/span>\n\t\t\t\t\t<\/span>\n\t\t\t\t\t<\/a>\n\t\t\t\t\t\t\t\t<\/div>\n\t\t\t\t<\/div>\n\t\t\t\t<\/div>\n\t\t<div class=\"elementor-element elementor-element-db22bdc e-con-full e-grid e-con e-child\" data-id=\"db22bdc\" data-element_type=\"container\" data-e-type=\"container\">\n\t\t<div class=\"elementor-element elementor-element-58c0681 e-con-full e-flex e-con e-child\" data-id=\"58c0681\" data-element_type=\"container\" data-e-type=\"container\" data-settings=\"{&quot;background_background&quot;:&quot;classic&quot;}\">\n\t\t\t\t<div class=\"elementor-element elementor-element-5add2c6 elementor-widget elementor-widget-image\" data-id=\"5add2c6\" data-element_type=\"widget\" data-e-type=\"widget\" data-widget_type=\"image.default\">\n\t\t\t\t\t\t\t\t\t\t\t\t\t\t\t<img decoding=\"async\" width=\"800\" height=\"1000\" src=\"https:\/\/fundacionlobeliana.org\/wp-content\/uploads\/2026\/01\/afiche-oficial-DROGOLOGIA-819x1024.jpg\" class=\"attachment-large size-large wp-image-1581\" alt=\"\" srcset=\"https:\/\/fundacionlobeliana.org\/wp-content\/uploads\/2026\/01\/afiche-oficial-DROGOLOGIA-819x1024.jpg 819w, https:\/\/fundacionlobeliana.org\/wp-content\/uploads\/2026\/01\/afiche-oficial-DROGOLOGIA-240x300.jpg 240w, https:\/\/fundacionlobeliana.org\/wp-content\/uploads\/2026\/01\/afiche-oficial-DROGOLOGIA-768x960.jpg 768w, https:\/\/fundacionlobeliana.org\/wp-content\/uploads\/2026\/01\/afiche-oficial-DROGOLOGIA-10x12.jpg 10w, https:\/\/fundacionlobeliana.org\/wp-content\/uploads\/2026\/01\/afiche-oficial-DROGOLOGIA-600x750.jpg 600w, https:\/\/fundacionlobeliana.org\/wp-content\/uploads\/2026\/01\/afiche-oficial-DROGOLOGIA.jpg 1080w\" sizes=\"(max-width: 800px) 100vw, 800px\" \/>\t\t\t\t\t\t\t\t\t\t\t\t\t\t\t<\/div>\n\t\t\t\t<\/div>\n\t\t<div class=\"elementor-element elementor-element-ac5aab1 e-con-full e-flex e-con e-child\" data-id=\"ac5aab1\" data-element_type=\"container\" data-e-type=\"container\">\n\t\t\t\t<div class=\"elementor-element elementor-element-85c0158 elementor-widget elementor-widget-heading\" data-id=\"85c0158\" data-element_type=\"widget\" data-e-type=\"widget\" data-widget_type=\"heading.default\">\n\t\t\t\t\t<h2 class=\"elementor-heading-title elementor-size-default\">Drogolog\u00eda: Ciencia y\nConocimiento de las Drogas\n(2025) - 17 clases<\/h2>\t\t\t\t<\/div>\n\t\t\t\t<div class=\"elementor-element elementor-element-4eefa01 elementor-widget elementor-widget-text-editor\" data-id=\"4eefa01\" data-element_type=\"widget\" data-e-type=\"widget\" data-widget_type=\"text-editor.default\">\n\t\t\t\t\t\t\t\t\tPara acceder a estos seminarios, inscr\u00edbete en\nla Membres\u00eda Tupa, la que por una mensualidad desde CLP$ 10.000 te da acceso\na todas las clases de cada seminario que\ntenemos y que haremos.\t\t\t\t\t\t\t\t<\/div>\n\t\t\t\t<div class=\"elementor-element elementor-element-6250d4d elementor-widget elementor-widget-button\" data-id=\"6250d4d\" data-element_type=\"widget\" data-e-type=\"widget\" data-widget_type=\"button.default\">\n\t\t\t\t\t\t\t\t\t\t<a class=\"elementor-button elementor-button-link elementor-size-sm\" href=\"https:\/\/fundacionlobeliana.org\/en\/dona-aqui\/#membresias\">\n\t\t\t\t\t\t<span class=\"elementor-button-content-wrapper\">\n\t\t\t\t\t\t\t\t\t<span class=\"elementor-button-text\">MEMBRES\u00cdA ARCHIVO TUPA<\/span>\n\t\t\t\t\t<\/span>\n\t\t\t\t\t<\/a>\n\t\t\t\t\t\t\t\t<\/div>\n\t\t\t\t<\/div>\n\t\t\t\t<\/div>\n\t\t<div class=\"elementor-element elementor-element-fcaf3cd e-con-full e-grid e-con e-child\" data-id=\"fcaf3cd\" data-element_type=\"container\" data-e-type=\"container\">\n\t\t<div class=\"elementor-element elementor-element-3ce459e e-con-full e-flex e-con e-child\" data-id=\"3ce459e\" data-element_type=\"container\" data-e-type=\"container\" data-settings=\"{&quot;background_background&quot;:&quot;classic&quot;}\">\n\t\t\t\t<div class=\"elementor-element elementor-element-5975934 elementor-widget elementor-widget-image\" data-id=\"5975934\" data-element_type=\"widget\" data-e-type=\"widget\" data-widget_type=\"image.default\">\n\t\t\t\t\t\t\t\t\t\t\t\t\t\t\t<img loading=\"lazy\" decoding=\"async\" width=\"800\" height=\"1000\" src=\"https:\/\/fundacionlobeliana.org\/wp-content\/uploads\/2026\/01\/AFICHE-OFICIAL-MINGA-KOKA-819x1024.jpg\" class=\"attachment-large size-large wp-image-1579\" alt=\"\" srcset=\"https:\/\/fundacionlobeliana.org\/wp-content\/uploads\/2026\/01\/AFICHE-OFICIAL-MINGA-KOKA-819x1024.jpg 819w, https:\/\/fundacionlobeliana.org\/wp-content\/uploads\/2026\/01\/AFICHE-OFICIAL-MINGA-KOKA-240x300.jpg 240w, https:\/\/fundacionlobeliana.org\/wp-content\/uploads\/2026\/01\/AFICHE-OFICIAL-MINGA-KOKA-768x960.jpg 768w, https:\/\/fundacionlobeliana.org\/wp-content\/uploads\/2026\/01\/AFICHE-OFICIAL-MINGA-KOKA-10x12.jpg 10w, https:\/\/fundacionlobeliana.org\/wp-content\/uploads\/2026\/01\/AFICHE-OFICIAL-MINGA-KOKA-600x750.jpg 600w, https:\/\/fundacionlobeliana.org\/wp-content\/uploads\/2026\/01\/AFICHE-OFICIAL-MINGA-KOKA.jpg 1080w\" sizes=\"(max-width: 800px) 100vw, 800px\" \/>\t\t\t\t\t\t\t\t\t\t\t\t\t\t\t<\/div>\n\t\t\t\t<\/div>\n\t\t<div class=\"elementor-element elementor-element-8cf2eb1 e-con-full e-flex e-con e-child\" data-id=\"8cf2eb1\" data-element_type=\"container\" data-e-type=\"container\">\n\t\t\t\t<div class=\"elementor-element elementor-element-9760ea6 elementor-widget elementor-widget-heading\" data-id=\"9760ea6\" data-element_type=\"widget\" data-e-type=\"widget\" data-widget_type=\"heading.default\">\n\t\t\t\t\t<h2 class=\"elementor-heading-title elementor-size-default\">Minga Koka: Palabras-hoja\npara cuidar el Sur (2025)\n- 19 clases<\/h2>\t\t\t\t<\/div>\n\t\t\t\t<div class=\"elementor-element elementor-element-59f63c6 elementor-widget elementor-widget-text-editor\" data-id=\"59f63c6\" data-element_type=\"widget\" data-e-type=\"widget\" data-widget_type=\"text-editor.default\">\n\t\t\t\t\t\t\t\t\t<p>Encuentro virtual multidisciplinario en torno a la koka.<\/p>\t\t\t\t\t\t\t\t<\/div>\n\t\t\t\t<div class=\"elementor-element elementor-element-4257b74 elementor-widget elementor-widget-button\" data-id=\"4257b74\" data-element_type=\"widget\" data-e-type=\"widget\" data-widget_type=\"button.default\">\n\t\t\t\t\t\t\t\t\t\t<a class=\"elementor-button elementor-button-link elementor-size-sm\" href=\"https:\/\/fundacionlobeliana.org\/en\/minga-koka\/\">\n\t\t\t\t\t\t<span class=\"elementor-button-content-wrapper\">\n\t\t\t\t\t\t\t\t\t<span class=\"elementor-button-text\">ARCHIVO LIBERADO<\/span>\n\t\t\t\t\t<\/span>\n\t\t\t\t\t<\/a>\n\t\t\t\t\t\t\t\t<\/div>\n\t\t\t\t<\/div>\n\t\t\t\t<\/div>\n\t\t\t\t\t<\/div>\n\t\t\t\t<\/div>\n\t\t\t\t<\/div>","protected":false},"excerpt":{"rendered":"<p>Primer Simposio Psiconauta: Utop\u00eda y Ebriedad (2023) &#8211; 14 clases Di\u00e1logos sobre chamanismo, psicof\u00e1rmacos, psicon\u00e1utica y \u00e9xtasis. Exponentes: Jonathan Ott, Giuliana Furci, Constantino Manuel Torres, Dale Millard, Donna Torres, Glenn Shepard, Dennis McKenna, Claudia M\u00fcller-Ebeling, Luis Eduardo Luna, Ver\u00f3nica Lema, Claudio Mercado, Stacy Schaefer, M\u00f3nica Gagliano, Carlo Brescia, Elisa Guerra Doce, Javier Echeverr\u00eda. ARCHIVO LIBERADO [&hellip;]<\/p>","protected":false},"author":1,"featured_media":0,"parent":0,"menu_order":0,"comment_status":"closed","ping_status":"closed","template":"","meta":{"footnotes":""},"class_list":["post-1577","page","type-page","status-publish","hentry"],"yoast_head":"<!-- This site is optimized with the Yoast SEO plugin v27.2 - https:\/\/yoast.com\/product\/yoast-seo-wordpress\/ -->\n<title>Seminarios - Fundacion Lobeliana<\/title>\n<meta name=\"robots\" content=\"index, follow, max-snippet:-1, max-image-preview:large, max-video-preview:-1\" \/>\n<link rel=\"canonical\" href=\"https:\/\/fundacionlobeliana.org\/en\/seminarios\/\" \/>\n<meta property=\"og:locale\" content=\"en_GB\" \/>\n<meta property=\"og:type\" content=\"article\" \/>\n<meta property=\"og:title\" content=\"Seminarios - Fundacion Lobeliana\" \/>\n<meta property=\"og:description\" content=\"Primer Simposio Psiconauta: Utop\u00eda y Ebriedad (2023) &#8211; 14 clases Di\u00e1logos sobre chamanismo, psicof\u00e1rmacos, psicon\u00e1utica y \u00e9xtasis. Exponentes: Jonathan Ott, Giuliana Furci, Constantino Manuel Torres, Dale Millard, Donna Torres, Glenn Shepard, Dennis McKenna, Claudia M\u00fcller-Ebeling, Luis Eduardo Luna, Ver\u00f3nica Lema, Claudio Mercado, Stacy Schaefer, M\u00f3nica Gagliano, Carlo Brescia, Elisa Guerra Doce, Javier Echeverr\u00eda. ARCHIVO LIBERADO [&hellip;]\" \/>\n<meta property=\"og:url\" content=\"https:\/\/fundacionlobeliana.org\/en\/seminarios\/\" \/>\n<meta property=\"og:site_name\" content=\"Fundacion Lobeliana\" \/>\n<meta property=\"article:modified_time\" content=\"2026-02-04T20:19:24+00:00\" \/>\n<meta property=\"og:image\" content=\"https:\/\/fundacionlobeliana.org\/wp-content\/uploads\/2026\/01\/afiche_oficial_1er_simposio.jpeg\" \/>\n\t<meta property=\"og:image:width\" content=\"1280\" \/>\n\t<meta property=\"og:image:height\" content=\"1600\" \/>\n\t<meta property=\"og:image:type\" content=\"image\/jpeg\" \/>\n<meta name=\"twitter:card\" content=\"summary_large_image\" \/>\n<meta name=\"twitter:label1\" content=\"Estimated reading time\" \/>\n\t<meta name=\"twitter:data1\" content=\"1 minute\" \/>\n<script type=\"application\/ld+json\" class=\"yoast-schema-graph\">{\"@context\":\"https:\/\/schema.org\",\"@graph\":[{\"@type\":\"WebPage\",\"@id\":\"https:\/\/fundacionlobeliana.org\/seminarios\/\",\"url\":\"https:\/\/fundacionlobeliana.org\/seminarios\/\",\"name\":\"Seminarios - Fundacion Lobeliana\",\"isPartOf\":{\"@id\":\"https:\/\/fundacionlobeliana.org\/#website\"},\"primaryImageOfPage\":{\"@id\":\"https:\/\/fundacionlobeliana.org\/seminarios\/#primaryimage\"},\"image\":{\"@id\":\"https:\/\/fundacionlobeliana.org\/seminarios\/#primaryimage\"},\"thumbnailUrl\":\"https:\/\/fundacionlobeliana.org\/wp-content\/uploads\/2026\/01\/afiche_oficial_1er_simposio-819x1024.jpeg\",\"datePublished\":\"2026-01-27T19:09:14+00:00\",\"dateModified\":\"2026-02-04T20:19:24+00:00\",\"breadcrumb\":{\"@id\":\"https:\/\/fundacionlobeliana.org\/seminarios\/#breadcrumb\"},\"inLanguage\":\"en-GB\",\"potentialAction\":[{\"@type\":\"ReadAction\",\"target\":[\"https:\/\/fundacionlobeliana.org\/seminarios\/\"]}]},{\"@type\":\"ImageObject\",\"inLanguage\":\"en-GB\",\"@id\":\"https:\/\/fundacionlobeliana.org\/seminarios\/#primaryimage\",\"url\":\"https:\/\/fundacionlobeliana.org\/wp-content\/uploads\/2026\/01\/afiche_oficial_1er_simposio-819x1024.jpeg\",\"contentUrl\":\"https:\/\/fundacionlobeliana.org\/wp-content\/uploads\/2026\/01\/afiche_oficial_1er_simposio-819x1024.jpeg\"},{\"@type\":\"BreadcrumbList\",\"@id\":\"https:\/\/fundacionlobeliana.org\/seminarios\/#breadcrumb\",\"itemListElement\":[{\"@type\":\"ListItem\",\"position\":1,\"name\":\"Portada\",\"item\":\"https:\/\/fundacionlobeliana.org\/\"},{\"@type\":\"ListItem\",\"position\":2,\"name\":\"Seminarios\"}]},{\"@type\":\"WebSite\",\"@id\":\"https:\/\/fundacionlobeliana.org\/#website\",\"url\":\"https:\/\/fundacionlobeliana.org\/\",\"name\":\"Fundacion Lobeliana\",\"description\":\"Organizaci\u00f3n sin fines de lucro que tiene como misi\u00f3n el rescatar, actualizar, visibilizar y hacer disponible el conocimiento acumulado hasta hoy sobre f\u00e1rmacos naturales y psicoactivos\",\"publisher\":{\"@id\":\"https:\/\/fundacionlobeliana.org\/#organization\"},\"potentialAction\":[{\"@type\":\"SearchAction\",\"target\":{\"@type\":\"EntryPoint\",\"urlTemplate\":\"https:\/\/fundacionlobeliana.org\/?s={search_term_string}\"},\"query-input\":{\"@type\":\"PropertyValueSpecification\",\"valueRequired\":true,\"valueName\":\"search_term_string\"}}],\"inLanguage\":\"en-GB\"},{\"@type\":\"Organization\",\"@id\":\"https:\/\/fundacionlobeliana.org\/#organization\",\"name\":\"Fundacion Lobeliana\",\"url\":\"https:\/\/fundacionlobeliana.org\/\",\"logo\":{\"@type\":\"ImageObject\",\"inLanguage\":\"en-GB\",\"@id\":\"https:\/\/fundacionlobeliana.org\/#\/schema\/logo\/image\/\",\"url\":\"https:\/\/fundacionlobeliana.org\/wp-content\/uploads\/2025\/09\/logo_fundacion_lobeliana-02.png\",\"contentUrl\":\"https:\/\/fundacionlobeliana.org\/wp-content\/uploads\/2025\/09\/logo_fundacion_lobeliana-02.png\",\"width\":571,\"height\":718,\"caption\":\"Fundacion Lobeliana\"},\"image\":{\"@id\":\"https:\/\/fundacionlobeliana.org\/#\/schema\/logo\/image\/\"}}]}<\/script>\n<!-- \/ Yoast SEO plugin. -->","yoast_head_json":{"title":"Seminarios - Fundacion Lobeliana","robots":{"index":"index","follow":"follow","max-snippet":"max-snippet:-1","max-image-preview":"max-image-preview:large","max-video-preview":"max-video-preview:-1"},"canonical":"https:\/\/fundacionlobeliana.org\/en\/seminarios\/","og_locale":"en_GB","og_type":"article","og_title":"Seminarios - Fundacion Lobeliana","og_description":"Primer Simposio Psiconauta: Utop\u00eda y Ebriedad (2023) &#8211; 14 clases Di\u00e1logos sobre chamanismo, psicof\u00e1rmacos, psicon\u00e1utica y \u00e9xtasis. Exponentes: Jonathan Ott, Giuliana Furci, Constantino Manuel Torres, Dale Millard, Donna Torres, Glenn Shepard, Dennis McKenna, Claudia M\u00fcller-Ebeling, Luis Eduardo Luna, Ver\u00f3nica Lema, Claudio Mercado, Stacy Schaefer, M\u00f3nica Gagliano, Carlo Brescia, Elisa Guerra Doce, Javier Echeverr\u00eda. ARCHIVO LIBERADO [&hellip;]","og_url":"https:\/\/fundacionlobeliana.org\/en\/seminarios\/","og_site_name":"Fundacion Lobeliana","article_modified_time":"2026-02-04T20:19:24+00:00","og_image":[{"width":1280,"height":1600,"url":"https:\/\/fundacionlobeliana.org\/wp-content\/uploads\/2026\/01\/afiche_oficial_1er_simposio.jpeg","type":"image\/jpeg"}],"twitter_card":"summary_large_image","twitter_misc":{"Estimated reading time":"1 minute"},"schema":{"@context":"https:\/\/schema.org","@graph":[{"@type":"WebPage","@id":"https:\/\/fundacionlobeliana.org\/seminarios\/","url":"https:\/\/fundacionlobeliana.org\/seminarios\/","name":"Seminarios - Fundacion Lobeliana","isPartOf":{"@id":"https:\/\/fundacionlobeliana.org\/#website"},"primaryImageOfPage":{"@id":"https:\/\/fundacionlobeliana.org\/seminarios\/#primaryimage"},"image":{"@id":"https:\/\/fundacionlobeliana.org\/seminarios\/#primaryimage"},"thumbnailUrl":"https:\/\/fundacionlobeliana.org\/wp-content\/uploads\/2026\/01\/afiche_oficial_1er_simposio-819x1024.jpeg","datePublished":"2026-01-27T19:09:14+00:00","dateModified":"2026-02-04T20:19:24+00:00","breadcrumb":{"@id":"https:\/\/fundacionlobeliana.org\/seminarios\/#breadcrumb"},"inLanguage":"en-GB","potentialAction":[{"@type":"ReadAction","target":["https:\/\/fundacionlobeliana.org\/seminarios\/"]}]},{"@type":"ImageObject","inLanguage":"en-GB","@id":"https:\/\/fundacionlobeliana.org\/seminarios\/#primaryimage","url":"https:\/\/fundacionlobeliana.org\/wp-content\/uploads\/2026\/01\/afiche_oficial_1er_simposio-819x1024.jpeg","contentUrl":"https:\/\/fundacionlobeliana.org\/wp-content\/uploads\/2026\/01\/afiche_oficial_1er_simposio-819x1024.jpeg"},{"@type":"BreadcrumbList","@id":"https:\/\/fundacionlobeliana.org\/seminarios\/#breadcrumb","itemListElement":[{"@type":"ListItem","position":1,"name":"Portada","item":"https:\/\/fundacionlobeliana.org\/"},{"@type":"ListItem","position":2,"name":"Seminarios"}]},{"@type":"WebSite","@id":"https:\/\/fundacionlobeliana.org\/#website","url":"https:\/\/fundacionlobeliana.org\/","name":"Fundacion Lobeliana","description":"Organizaci\u00f3n sin fines de lucro que tiene como misi\u00f3n el rescatar, actualizar, visibilizar y hacer disponible el conocimiento acumulado hasta hoy sobre f\u00e1rmacos naturales y psicoactivos","publisher":{"@id":"https:\/\/fundacionlobeliana.org\/#organization"},"potentialAction":[{"@type":"SearchAction","target":{"@type":"EntryPoint","urlTemplate":"https:\/\/fundacionlobeliana.org\/?s={search_term_string}"},"query-input":{"@type":"PropertyValueSpecification","valueRequired":true,"valueName":"search_term_string"}}],"inLanguage":"en-GB"},{"@type":"Organization","@id":"https:\/\/fundacionlobeliana.org\/#organization","name":"Fundacion Lobeliana","url":"https:\/\/fundacionlobeliana.org\/","logo":{"@type":"ImageObject","inLanguage":"en-GB","@id":"https:\/\/fundacionlobeliana.org\/#\/schema\/logo\/image\/","url":"https:\/\/fundacionlobeliana.org\/wp-content\/uploads\/2025\/09\/logo_fundacion_lobeliana-02.png","contentUrl":"https:\/\/fundacionlobeliana.org\/wp-content\/uploads\/2025\/09\/logo_fundacion_lobeliana-02.png","width":571,"height":718,"caption":"Fundacion Lobeliana"},"image":{"@id":"https:\/\/fundacionlobeliana.org\/#\/schema\/logo\/image\/"}}]}},"_links":{"self":[{"href":"https:\/\/fundacionlobeliana.org\/en\/wp-json\/wp\/v2\/pages\/1577","targetHints":{"allow":["GET"]}}],"collection":[{"href":"https:\/\/fundacionlobeliana.org\/en\/wp-json\/wp\/v2\/pages"}],"about":[{"href":"https:\/\/fundacionlobeliana.org\/en\/wp-json\/wp\/v2\/types\/page"}],"author":[{"embeddable":true,"href":"https:\/\/fundacionlobeliana.org\/en\/wp-json\/wp\/v2\/users\/1"}],"replies":[{"embeddable":true,"href":"https:\/\/fundacionlobeliana.org\/en\/wp-json\/wp\/v2\/comments?post=1577"}],"version-history":[{"count":18,"href":"https:\/\/fundacionlobeliana.org\/en\/wp-json\/wp\/v2\/pages\/1577\/revisions"}],"predecessor-version":[{"id":1927,"href":"https:\/\/fundacionlobeliana.org\/en\/wp-json\/wp\/v2\/pages\/1577\/revisions\/1927"}],"wp:attachment":[{"href":"https:\/\/fundacionlobeliana.org\/en\/wp-json\/wp\/v2\/media?parent=1577"}],"curies":[{"name":"wp","href":"https:\/\/api.w.org\/{rel}","templated":true}]}}