{"id":1819,"date":"2026-02-03T22:05:55","date_gmt":"2026-02-03T22:05:55","guid":{"rendered":"https:\/\/fundacionlobeliana.org\/?page_id=1819"},"modified":"2026-02-04T20:20:26","modified_gmt":"2026-02-04T20:20:26","slug":"archivos-liberados","status":"publish","type":"page","link":"https:\/\/fundacionlobeliana.org\/en\/archivos-liberados\/","title":{"rendered":"Archivos Liberados"},"content":{"rendered":"<div data-elementor-type=\"wp-page\" data-elementor-id=\"1819\" class=\"elementor elementor-1819\" data-elementor-post-type=\"page\">\n\t\t\t\t<div class=\"elementor-element elementor-element-e331f32 e-flex e-con-boxed e-con e-parent\" data-id=\"e331f32\" data-element_type=\"container\" data-e-type=\"container\">\n\t\t\t\t\t<div class=\"e-con-inner\">\n\t\t<div class=\"elementor-element elementor-element-70b4547 e-con-full e-flex e-con e-child\" data-id=\"70b4547\" data-element_type=\"container\" data-e-type=\"container\">\n\t\t\t\t<\/div>\n\t\t\t\t\t<\/div>\n\t\t\t\t<\/div>\n\t\t<div class=\"elementor-element elementor-element-0e4b7b2 e-flex e-con-boxed e-con e-parent\" data-id=\"0e4b7b2\" data-element_type=\"container\" data-e-type=\"container\" data-settings=\"{&quot;background_background&quot;:&quot;classic&quot;}\">\n\t\t\t\t\t<div class=\"e-con-inner\">\n\t\t<div class=\"elementor-element elementor-element-129355f e-con-full e-grid e-con e-child\" data-id=\"129355f\" data-element_type=\"container\" data-e-type=\"container\">\n\t\t<div class=\"elementor-element elementor-element-b506c57 e-con-full e-flex e-con e-child\" data-id=\"b506c57\" data-element_type=\"container\" data-e-type=\"container\" data-settings=\"{&quot;background_background&quot;:&quot;classic&quot;}\">\n\t\t\t\t<div class=\"elementor-element elementor-element-9f9d5d1 elementor-widget elementor-widget-image\" data-id=\"9f9d5d1\" data-element_type=\"widget\" data-e-type=\"widget\" data-widget_type=\"image.default\">\n\t\t\t\t\t\t\t\t\t\t\t\t\t\t\t<img fetchpriority=\"high\" decoding=\"async\" width=\"800\" height=\"1000\" src=\"https:\/\/fundacionlobeliana.org\/wp-content\/uploads\/2026\/01\/AFICHE-OFICIAL-MINGA-KOKA-819x1024.jpg\" class=\"attachment-large size-large wp-image-1579\" alt=\"\" srcset=\"https:\/\/fundacionlobeliana.org\/wp-content\/uploads\/2026\/01\/AFICHE-OFICIAL-MINGA-KOKA-819x1024.jpg 819w, https:\/\/fundacionlobeliana.org\/wp-content\/uploads\/2026\/01\/AFICHE-OFICIAL-MINGA-KOKA-240x300.jpg 240w, https:\/\/fundacionlobeliana.org\/wp-content\/uploads\/2026\/01\/AFICHE-OFICIAL-MINGA-KOKA-768x960.jpg 768w, https:\/\/fundacionlobeliana.org\/wp-content\/uploads\/2026\/01\/AFICHE-OFICIAL-MINGA-KOKA-10x12.jpg 10w, https:\/\/fundacionlobeliana.org\/wp-content\/uploads\/2026\/01\/AFICHE-OFICIAL-MINGA-KOKA-600x750.jpg 600w, https:\/\/fundacionlobeliana.org\/wp-content\/uploads\/2026\/01\/AFICHE-OFICIAL-MINGA-KOKA.jpg 1080w\" sizes=\"(max-width: 800px) 100vw, 800px\" \/>\t\t\t\t\t\t\t\t\t\t\t\t\t\t\t<\/div>\n\t\t\t\t<\/div>\n\t\t<div class=\"elementor-element elementor-element-b0365c4 e-con-full e-flex e-con e-child\" data-id=\"b0365c4\" data-element_type=\"container\" data-e-type=\"container\">\n\t\t\t\t<div class=\"elementor-element elementor-element-aa61942 elementor-widget elementor-widget-heading\" data-id=\"aa61942\" data-element_type=\"widget\" data-e-type=\"widget\" data-widget_type=\"heading.default\">\n\t\t\t\t\t<h2 class=\"elementor-heading-title elementor-size-default\">Minga Koka: Palabras-hoja\npara cuidar el Sur (2025)\n- 19 clases<\/h2>\t\t\t\t<\/div>\n\t\t\t\t<div class=\"elementor-element elementor-element-81e1dbd elementor-widget elementor-widget-text-editor\" data-id=\"81e1dbd\" data-element_type=\"widget\" data-e-type=\"widget\" data-widget_type=\"text-editor.default\">\n\t\t\t\t\t\t\t\t\t<p>Encuentro virtual multidisciplinario en torno a la koka.<\/p>\t\t\t\t\t\t\t\t<\/div>\n\t\t\t\t<div class=\"elementor-element elementor-element-bfdb60a elementor-widget elementor-widget-button\" data-id=\"bfdb60a\" data-element_type=\"widget\" data-e-type=\"widget\" data-widget_type=\"button.default\">\n\t\t\t\t\t\t\t\t\t\t<a class=\"elementor-button elementor-button-link elementor-size-sm\" href=\"https:\/\/fundacionlobeliana.org\/en\/minga-koka\/\">\n\t\t\t\t\t\t<span class=\"elementor-button-content-wrapper\">\n\t\t\t\t\t\t\t\t\t<span class=\"elementor-button-text\">ARCHIVO LIBERADO<\/span>\n\t\t\t\t\t<\/span>\n\t\t\t\t\t<\/a>\n\t\t\t\t\t\t\t\t<\/div>\n\t\t\t\t<\/div>\n\t\t\t\t<\/div>\n\t\t<div class=\"elementor-element elementor-element-659eceb e-con-full e-grid e-con e-child\" data-id=\"659eceb\" data-element_type=\"container\" data-e-type=\"container\">\n\t\t<div class=\"elementor-element elementor-element-31ff870 e-con-full e-flex e-con e-child\" data-id=\"31ff870\" data-element_type=\"container\" data-e-type=\"container\" data-settings=\"{&quot;background_background&quot;:&quot;classic&quot;}\">\n\t\t\t\t<div class=\"elementor-element elementor-element-092442f elementor-widget elementor-widget-image\" data-id=\"092442f\" data-element_type=\"widget\" data-e-type=\"widget\" data-widget_type=\"image.default\">\n\t\t\t\t\t\t\t\t\t\t\t\t\t\t\t<img decoding=\"async\" width=\"800\" height=\"1000\" src=\"https:\/\/fundacionlobeliana.org\/wp-content\/uploads\/2026\/01\/afiche_oficial_1er_simposio-819x1024.jpeg\" class=\"attachment-large size-large wp-image-1578\" alt=\"\" srcset=\"https:\/\/fundacionlobeliana.org\/wp-content\/uploads\/2026\/01\/afiche_oficial_1er_simposio-819x1024.jpeg 819w, https:\/\/fundacionlobeliana.org\/wp-content\/uploads\/2026\/01\/afiche_oficial_1er_simposio-240x300.jpeg 240w, https:\/\/fundacionlobeliana.org\/wp-content\/uploads\/2026\/01\/afiche_oficial_1er_simposio-768x960.jpeg 768w, https:\/\/fundacionlobeliana.org\/wp-content\/uploads\/2026\/01\/afiche_oficial_1er_simposio-1229x1536.jpeg 1229w, https:\/\/fundacionlobeliana.org\/wp-content\/uploads\/2026\/01\/afiche_oficial_1er_simposio-10x12.jpeg 10w, https:\/\/fundacionlobeliana.org\/wp-content\/uploads\/2026\/01\/afiche_oficial_1er_simposio-600x750.jpeg 600w, https:\/\/fundacionlobeliana.org\/wp-content\/uploads\/2026\/01\/afiche_oficial_1er_simposio.jpeg 1280w\" sizes=\"(max-width: 800px) 100vw, 800px\" \/>\t\t\t\t\t\t\t\t\t\t\t\t\t\t\t<\/div>\n\t\t\t\t<\/div>\n\t\t<div class=\"elementor-element elementor-element-364490a e-con-full e-flex e-con e-child\" data-id=\"364490a\" data-element_type=\"container\" data-e-type=\"container\">\n\t\t\t\t<div class=\"elementor-element elementor-element-4b5d834 elementor-widget elementor-widget-heading\" data-id=\"4b5d834\" data-element_type=\"widget\" data-e-type=\"widget\" data-widget_type=\"heading.default\">\n\t\t\t\t\t<h2 class=\"elementor-heading-title elementor-size-default\">Primer Simposio Psiconauta:\nUtop\u00eda y Ebriedad (2023)\n- 14 clases<\/h2>\t\t\t\t<\/div>\n\t\t\t\t<div class=\"elementor-element elementor-element-3d89ff2 elementor-widget elementor-widget-text-editor\" data-id=\"3d89ff2\" data-element_type=\"widget\" data-e-type=\"widget\" data-widget_type=\"text-editor.default\">\n\t\t\t\t\t\t\t\t\t<p>Di\u00e1logos sobre chamanismo, psicof\u00e1rmacos,<br \/>psicon\u00e1utica y \u00e9xtasis.<br \/><br \/>Exponentes: Jonathan Ott, Giuliana Furci,<br \/>Constantino Manuel Torres, Dale Millard,<br \/>Donna Torres, Glenn Shepard, Dennis<br \/>McKenna, Claudia M\u00fcller-Ebeling, Luis<br \/>Eduardo Luna, Ver\u00f3nica Lema, Claudio<br \/>Mercado, Stacy Schaefer, M\u00f3nica Gagliano,<br \/>Carlo Brescia, Elisa Guerra Doce, Javier<br \/>Echeverr\u00eda.<\/p>\t\t\t\t\t\t\t\t<\/div>\n\t\t\t\t<div class=\"elementor-element elementor-element-49ec974 elementor-widget elementor-widget-button\" data-id=\"49ec974\" data-element_type=\"widget\" data-e-type=\"widget\" data-widget_type=\"button.default\">\n\t\t\t\t\t\t\t\t\t\t<a class=\"elementor-button elementor-button-link elementor-size-sm\" href=\"https:\/\/fundacionlobeliana.org\/en\/simposio-psiconauta\/\">\n\t\t\t\t\t\t<span class=\"elementor-button-content-wrapper\">\n\t\t\t\t\t\t\t\t\t<span class=\"elementor-button-text\">ARCHIVO LIBERADO<\/span>\n\t\t\t\t\t<\/span>\n\t\t\t\t\t<\/a>\n\t\t\t\t\t\t\t\t<\/div>\n\t\t\t\t<\/div>\n\t\t\t\t<\/div>\n\t\t\t\t\t<\/div>\n\t\t\t\t<\/div>\n\t\t\t\t<\/div>","protected":false},"excerpt":{"rendered":"<p>Minga Koka: Palabras-hoja para cuidar el Sur (2025) &#8211; 19 clases Encuentro virtual multidisciplinario en torno a la koka. ARCHIVO LIBERADO Primer Simposio Psiconauta: Utop\u00eda y Ebriedad (2023) &#8211; 14 clases Di\u00e1logos sobre chamanismo, psicof\u00e1rmacos,psicon\u00e1utica y \u00e9xtasis. Exponentes: Jonathan Ott, Giuliana Furci,Constantino Manuel Torres, Dale Millard,Donna Torres, Glenn Shepard, DennisMcKenna, Claudia M\u00fcller-Ebeling, LuisEduardo Luna, Ver\u00f3nica [&hellip;]<\/p>","protected":false},"author":1,"featured_media":0,"parent":0,"menu_order":0,"comment_status":"closed","ping_status":"closed","template":"","meta":{"footnotes":""},"class_list":["post-1819","page","type-page","status-publish","hentry"],"yoast_head":"<!-- This site is optimized with the Yoast SEO plugin v27.2 - https:\/\/yoast.com\/product\/yoast-seo-wordpress\/ -->\n<title>Archivos Liberados - Fundacion Lobeliana<\/title>\n<meta name=\"robots\" content=\"index, follow, max-snippet:-1, max-image-preview:large, max-video-preview:-1\" \/>\n<link rel=\"canonical\" href=\"https:\/\/fundacionlobeliana.org\/en\/archivos-liberados\/\" \/>\n<meta property=\"og:locale\" content=\"en_GB\" \/>\n<meta property=\"og:type\" content=\"article\" \/>\n<meta property=\"og:title\" content=\"Archivos Liberados - Fundacion Lobeliana\" \/>\n<meta property=\"og:description\" content=\"Minga Koka: Palabras-hoja para cuidar el Sur (2025) &#8211; 19 clases Encuentro virtual multidisciplinario en torno a la koka. ARCHIVO LIBERADO Primer Simposio Psiconauta: Utop\u00eda y Ebriedad (2023) &#8211; 14 clases Di\u00e1logos sobre chamanismo, psicof\u00e1rmacos,psicon\u00e1utica y \u00e9xtasis. Exponentes: Jonathan Ott, Giuliana Furci,Constantino Manuel Torres, Dale Millard,Donna Torres, Glenn Shepard, DennisMcKenna, Claudia M\u00fcller-Ebeling, LuisEduardo Luna, Ver\u00f3nica [&hellip;]\" \/>\n<meta property=\"og:url\" content=\"https:\/\/fundacionlobeliana.org\/en\/archivos-liberados\/\" \/>\n<meta property=\"og:site_name\" content=\"Fundacion Lobeliana\" \/>\n<meta property=\"article:modified_time\" content=\"2026-02-04T20:20:26+00:00\" \/>\n<meta property=\"og:image\" content=\"https:\/\/fundacionlobeliana.org\/wp-content\/uploads\/2026\/01\/AFICHE-OFICIAL-MINGA-KOKA.jpg\" \/>\n\t<meta property=\"og:image:width\" content=\"1080\" \/>\n\t<meta property=\"og:image:height\" content=\"1350\" \/>\n\t<meta property=\"og:image:type\" content=\"image\/jpeg\" \/>\n<meta name=\"twitter:card\" content=\"summary_large_image\" \/>\n<meta name=\"twitter:label1\" content=\"Estimated reading time\" \/>\n\t<meta name=\"twitter:data1\" content=\"1 minute\" \/>\n<script type=\"application\/ld+json\" class=\"yoast-schema-graph\">{\"@context\":\"https:\/\/schema.org\",\"@graph\":[{\"@type\":\"WebPage\",\"@id\":\"https:\/\/fundacionlobeliana.org\/archivos-liberados\/\",\"url\":\"https:\/\/fundacionlobeliana.org\/archivos-liberados\/\",\"name\":\"Archivos Liberados - Fundacion Lobeliana\",\"isPartOf\":{\"@id\":\"https:\/\/fundacionlobeliana.org\/#website\"},\"primaryImageOfPage\":{\"@id\":\"https:\/\/fundacionlobeliana.org\/archivos-liberados\/#primaryimage\"},\"image\":{\"@id\":\"https:\/\/fundacionlobeliana.org\/archivos-liberados\/#primaryimage\"},\"thumbnailUrl\":\"https:\/\/fundacionlobeliana.org\/wp-content\/uploads\/2026\/01\/AFICHE-OFICIAL-MINGA-KOKA-819x1024.jpg\",\"datePublished\":\"2026-02-03T22:05:55+00:00\",\"dateModified\":\"2026-02-04T20:20:26+00:00\",\"breadcrumb\":{\"@id\":\"https:\/\/fundacionlobeliana.org\/archivos-liberados\/#breadcrumb\"},\"inLanguage\":\"en-GB\",\"potentialAction\":[{\"@type\":\"ReadAction\",\"target\":[\"https:\/\/fundacionlobeliana.org\/archivos-liberados\/\"]}]},{\"@type\":\"ImageObject\",\"inLanguage\":\"en-GB\",\"@id\":\"https:\/\/fundacionlobeliana.org\/archivos-liberados\/#primaryimage\",\"url\":\"https:\/\/fundacionlobeliana.org\/wp-content\/uploads\/2026\/01\/AFICHE-OFICIAL-MINGA-KOKA-819x1024.jpg\",\"contentUrl\":\"https:\/\/fundacionlobeliana.org\/wp-content\/uploads\/2026\/01\/AFICHE-OFICIAL-MINGA-KOKA-819x1024.jpg\"},{\"@type\":\"BreadcrumbList\",\"@id\":\"https:\/\/fundacionlobeliana.org\/archivos-liberados\/#breadcrumb\",\"itemListElement\":[{\"@type\":\"ListItem\",\"position\":1,\"name\":\"Portada\",\"item\":\"https:\/\/fundacionlobeliana.org\/\"},{\"@type\":\"ListItem\",\"position\":2,\"name\":\"Archivos Liberados\"}]},{\"@type\":\"WebSite\",\"@id\":\"https:\/\/fundacionlobeliana.org\/#website\",\"url\":\"https:\/\/fundacionlobeliana.org\/\",\"name\":\"Fundacion Lobeliana\",\"description\":\"Organizaci\u00f3n sin fines de lucro que tiene como misi\u00f3n el rescatar, actualizar, visibilizar y hacer disponible el conocimiento acumulado hasta hoy sobre f\u00e1rmacos naturales y psicoactivos\",\"publisher\":{\"@id\":\"https:\/\/fundacionlobeliana.org\/#organization\"},\"potentialAction\":[{\"@type\":\"SearchAction\",\"target\":{\"@type\":\"EntryPoint\",\"urlTemplate\":\"https:\/\/fundacionlobeliana.org\/?s={search_term_string}\"},\"query-input\":{\"@type\":\"PropertyValueSpecification\",\"valueRequired\":true,\"valueName\":\"search_term_string\"}}],\"inLanguage\":\"en-GB\"},{\"@type\":\"Organization\",\"@id\":\"https:\/\/fundacionlobeliana.org\/#organization\",\"name\":\"Fundacion Lobeliana\",\"url\":\"https:\/\/fundacionlobeliana.org\/\",\"logo\":{\"@type\":\"ImageObject\",\"inLanguage\":\"en-GB\",\"@id\":\"https:\/\/fundacionlobeliana.org\/#\/schema\/logo\/image\/\",\"url\":\"https:\/\/fundacionlobeliana.org\/wp-content\/uploads\/2025\/09\/logo_fundacion_lobeliana-02.png\",\"contentUrl\":\"https:\/\/fundacionlobeliana.org\/wp-content\/uploads\/2025\/09\/logo_fundacion_lobeliana-02.png\",\"width\":571,\"height\":718,\"caption\":\"Fundacion Lobeliana\"},\"image\":{\"@id\":\"https:\/\/fundacionlobeliana.org\/#\/schema\/logo\/image\/\"}}]}<\/script>\n<!-- \/ Yoast SEO plugin. -->","yoast_head_json":{"title":"Archivos Liberados - Fundacion Lobeliana","robots":{"index":"index","follow":"follow","max-snippet":"max-snippet:-1","max-image-preview":"max-image-preview:large","max-video-preview":"max-video-preview:-1"},"canonical":"https:\/\/fundacionlobeliana.org\/en\/archivos-liberados\/","og_locale":"en_GB","og_type":"article","og_title":"Archivos Liberados - Fundacion Lobeliana","og_description":"Minga Koka: Palabras-hoja para cuidar el Sur (2025) &#8211; 19 clases Encuentro virtual multidisciplinario en torno a la koka. ARCHIVO LIBERADO Primer Simposio Psiconauta: Utop\u00eda y Ebriedad (2023) &#8211; 14 clases Di\u00e1logos sobre chamanismo, psicof\u00e1rmacos,psicon\u00e1utica y \u00e9xtasis. Exponentes: Jonathan Ott, Giuliana Furci,Constantino Manuel Torres, Dale Millard,Donna Torres, Glenn Shepard, DennisMcKenna, Claudia M\u00fcller-Ebeling, LuisEduardo Luna, Ver\u00f3nica [&hellip;]","og_url":"https:\/\/fundacionlobeliana.org\/en\/archivos-liberados\/","og_site_name":"Fundacion Lobeliana","article_modified_time":"2026-02-04T20:20:26+00:00","og_image":[{"width":1080,"height":1350,"url":"https:\/\/fundacionlobeliana.org\/wp-content\/uploads\/2026\/01\/AFICHE-OFICIAL-MINGA-KOKA.jpg","type":"image\/jpeg"}],"twitter_card":"summary_large_image","twitter_misc":{"Estimated reading time":"1 minute"},"schema":{"@context":"https:\/\/schema.org","@graph":[{"@type":"WebPage","@id":"https:\/\/fundacionlobeliana.org\/archivos-liberados\/","url":"https:\/\/fundacionlobeliana.org\/archivos-liberados\/","name":"Archivos Liberados - Fundacion Lobeliana","isPartOf":{"@id":"https:\/\/fundacionlobeliana.org\/#website"},"primaryImageOfPage":{"@id":"https:\/\/fundacionlobeliana.org\/archivos-liberados\/#primaryimage"},"image":{"@id":"https:\/\/fundacionlobeliana.org\/archivos-liberados\/#primaryimage"},"thumbnailUrl":"https:\/\/fundacionlobeliana.org\/wp-content\/uploads\/2026\/01\/AFICHE-OFICIAL-MINGA-KOKA-819x1024.jpg","datePublished":"2026-02-03T22:05:55+00:00","dateModified":"2026-02-04T20:20:26+00:00","breadcrumb":{"@id":"https:\/\/fundacionlobeliana.org\/archivos-liberados\/#breadcrumb"},"inLanguage":"en-GB","potentialAction":[{"@type":"ReadAction","target":["https:\/\/fundacionlobeliana.org\/archivos-liberados\/"]}]},{"@type":"ImageObject","inLanguage":"en-GB","@id":"https:\/\/fundacionlobeliana.org\/archivos-liberados\/#primaryimage","url":"https:\/\/fundacionlobeliana.org\/wp-content\/uploads\/2026\/01\/AFICHE-OFICIAL-MINGA-KOKA-819x1024.jpg","contentUrl":"https:\/\/fundacionlobeliana.org\/wp-content\/uploads\/2026\/01\/AFICHE-OFICIAL-MINGA-KOKA-819x1024.jpg"},{"@type":"BreadcrumbList","@id":"https:\/\/fundacionlobeliana.org\/archivos-liberados\/#breadcrumb","itemListElement":[{"@type":"ListItem","position":1,"name":"Portada","item":"https:\/\/fundacionlobeliana.org\/"},{"@type":"ListItem","position":2,"name":"Archivos Liberados"}]},{"@type":"WebSite","@id":"https:\/\/fundacionlobeliana.org\/#website","url":"https:\/\/fundacionlobeliana.org\/","name":"Fundacion Lobeliana","description":"Organizaci\u00f3n sin fines de lucro que tiene como misi\u00f3n el rescatar, actualizar, visibilizar y hacer disponible el conocimiento acumulado hasta hoy sobre f\u00e1rmacos naturales y psicoactivos","publisher":{"@id":"https:\/\/fundacionlobeliana.org\/#organization"},"potentialAction":[{"@type":"SearchAction","target":{"@type":"EntryPoint","urlTemplate":"https:\/\/fundacionlobeliana.org\/?s={search_term_string}"},"query-input":{"@type":"PropertyValueSpecification","valueRequired":true,"valueName":"search_term_string"}}],"inLanguage":"en-GB"},{"@type":"Organization","@id":"https:\/\/fundacionlobeliana.org\/#organization","name":"Fundacion Lobeliana","url":"https:\/\/fundacionlobeliana.org\/","logo":{"@type":"ImageObject","inLanguage":"en-GB","@id":"https:\/\/fundacionlobeliana.org\/#\/schema\/logo\/image\/","url":"https:\/\/fundacionlobeliana.org\/wp-content\/uploads\/2025\/09\/logo_fundacion_lobeliana-02.png","contentUrl":"https:\/\/fundacionlobeliana.org\/wp-content\/uploads\/2025\/09\/logo_fundacion_lobeliana-02.png","width":571,"height":718,"caption":"Fundacion Lobeliana"},"image":{"@id":"https:\/\/fundacionlobeliana.org\/#\/schema\/logo\/image\/"}}]}},"_links":{"self":[{"href":"https:\/\/fundacionlobeliana.org\/en\/wp-json\/wp\/v2\/pages\/1819","targetHints":{"allow":["GET"]}}],"collection":[{"href":"https:\/\/fundacionlobeliana.org\/en\/wp-json\/wp\/v2\/pages"}],"about":[{"href":"https:\/\/fundacionlobeliana.org\/en\/wp-json\/wp\/v2\/types\/page"}],"author":[{"embeddable":true,"href":"https:\/\/fundacionlobeliana.org\/en\/wp-json\/wp\/v2\/users\/1"}],"replies":[{"embeddable":true,"href":"https:\/\/fundacionlobeliana.org\/en\/wp-json\/wp\/v2\/comments?post=1819"}],"version-history":[{"count":8,"href":"https:\/\/fundacionlobeliana.org\/en\/wp-json\/wp\/v2\/pages\/1819\/revisions"}],"predecessor-version":[{"id":1930,"href":"https:\/\/fundacionlobeliana.org\/en\/wp-json\/wp\/v2\/pages\/1819\/revisions\/1930"}],"wp:attachment":[{"href":"https:\/\/fundacionlobeliana.org\/en\/wp-json\/wp\/v2\/media?parent=1819"}],"curies":[{"name":"wp","href":"https:\/\/api.w.org\/{rel}","templated":true}]}}