{"id":411,"date":"2025-09-09T00:18:36","date_gmt":"2025-09-09T00:18:36","guid":{"rendered":"https:\/\/fundacionlobeliana.org\/?page_id=411"},"modified":"2026-02-03T18:44:47","modified_gmt":"2026-02-03T18:44:47","slug":"tupa-archivo","status":"publish","type":"page","link":"https:\/\/fundacionlobeliana.org\/en\/tupa-archivo\/","title":{"rendered":"Tupa Archive"},"content":{"rendered":"<div data-elementor-type=\"wp-page\" data-elementor-id=\"411\" class=\"elementor elementor-411\" data-elementor-post-type=\"page\">\n\t\t\t\t<div class=\"elementor-element elementor-element-97b3209 e-flex e-con-boxed e-con e-parent\" data-id=\"97b3209\" data-element_type=\"container\" data-e-type=\"container\">\n\t\t\t\t\t<div class=\"e-con-inner\">\n\t\t<div class=\"elementor-element elementor-element-c2db012 e-con-full e-flex e-con e-child\" data-id=\"c2db012\" data-element_type=\"container\" data-e-type=\"container\">\n\t\t\t\t<div class=\"elementor-element elementor-element-5693694 elementor-widget elementor-widget-heading\" data-id=\"5693694\" data-element_type=\"widget\" data-e-type=\"widget\" data-widget_type=\"heading.default\">\n\t\t\t\t\t<h1 class=\"elementor-heading-title elementor-size-default\">Tupa Archive<\/h1>\t\t\t\t<\/div>\n\t\t\t\t<\/div>\n\t\t\t\t\t<\/div>\n\t\t\t\t<\/div>\n\t\t<div class=\"elementor-element elementor-element-6d8fdd7 e-flex e-con-boxed e-con e-parent\" data-id=\"6d8fdd7\" data-element_type=\"container\" data-e-type=\"container\" data-settings=\"{&quot;background_background&quot;:&quot;classic&quot;}\">\n\t\t\t\t\t<div class=\"e-con-inner\">\n\t\t\t\t<div class=\"elementor-element elementor-element-a63200b elementor-widget elementor-widget-text-editor\" data-id=\"a63200b\" data-element_type=\"widget\" data-e-type=\"widget\" data-widget_type=\"text-editor.default\">\n\t\t\t\t\t\t\t\t\t<p>Archivo Tupa organizes and safeguards the materials of the Lobeliana Foundation, integrating audiovisual, written, and sound records, along with its own publications and creations. It brings together seminars, essays, articles, reading recommendations, audiovisual archives, and podcasts, forming a compendium that reflects the diversity of our lines of work.<\/p><p>Their approach is not limited to accumulating materials, but rather articulates them according to criteria that allow for a deeper understanding of the relationship between plants, fungi, and human beings. Each piece is integrated into a framework of knowledge that engages with science, traditional wisdom, and contemporary research.<\/p><p>Our archive offers organized and rigorous access, facilitating consultation for researchers, students, and interested communities. Its purpose is to preserve memory, disseminate information, and open a field of critical reflection on how these relationships have shaped our histories and continue to mold our way of inhabiting the world.<\/p>\t\t\t\t\t\t\t\t<\/div>\n\t\t\t\t\t<\/div>\n\t\t\t\t<\/div>\n\t\t<div class=\"elementor-element elementor-element-0efe018 e-flex e-con-boxed e-con e-parent\" data-id=\"0efe018\" data-element_type=\"container\" data-e-type=\"container\">\n\t\t\t\t\t<div class=\"e-con-inner\">\n\t\t\t\t\t<\/div>\n\t\t\t\t<\/div>\n\t\t\t\t<\/div>","protected":false},"excerpt":{"rendered":"<p>Archivo Tupa organiza y resguarda los materiales de Fundaci\u00f3n Lobeliana, integrando registros audiovisuales, escritos y sonoros, junto con publicaciones y creaciones propias. Re\u00fane en un mismo lugar seminarios, ensayos, art\u00edculos, recomendaciones de lectura, archivos audiovisuales y podcasts, configurando un compendio que refleja la diversidad de nuestras l\u00edneas de trabajo. Su enfoque no se limita a [&hellip;]<\/p>","protected":false},"author":1,"featured_media":0,"parent":0,"menu_order":0,"comment_status":"closed","ping_status":"closed","template":"","meta":{"footnotes":""},"class_list":["post-411","page","type-page","status-publish","hentry"],"yoast_head":"<!-- This site is optimized with the Yoast SEO plugin v27.2 - https:\/\/yoast.com\/product\/yoast-seo-wordpress\/ -->\n<title>Archivo Tupa - Fundacion Lobeliana<\/title>\n<meta name=\"robots\" content=\"index, follow, max-snippet:-1, max-image-preview:large, max-video-preview:-1\" \/>\n<link rel=\"canonical\" href=\"https:\/\/fundacionlobeliana.org\/en\/tupa-archivo\/\" \/>\n<meta property=\"og:locale\" content=\"en_GB\" \/>\n<meta property=\"og:type\" content=\"article\" \/>\n<meta property=\"og:title\" content=\"Archivo Tupa - Fundacion Lobeliana\" \/>\n<meta property=\"og:description\" content=\"Archivo Tupa organiza y resguarda los materiales de Fundaci\u00f3n Lobeliana, integrando registros audiovisuales, escritos y sonoros, junto con publicaciones y creaciones propias. Re\u00fane en un mismo lugar seminarios, ensayos, art\u00edculos, recomendaciones de lectura, archivos audiovisuales y podcasts, configurando un compendio que refleja la diversidad de nuestras l\u00edneas de trabajo. Su enfoque no se limita a [&hellip;]\" \/>\n<meta property=\"og:url\" content=\"https:\/\/fundacionlobeliana.org\/en\/tupa-archivo\/\" \/>\n<meta property=\"og:site_name\" content=\"Fundacion Lobeliana\" \/>\n<meta property=\"article:modified_time\" content=\"2026-02-03T18:44:47+00:00\" \/>\n<meta name=\"twitter:card\" content=\"summary_large_image\" \/>\n<meta name=\"twitter:label1\" content=\"Estimated reading time\" \/>\n\t<meta name=\"twitter:data1\" content=\"1 minute\" \/>\n<script type=\"application\/ld+json\" class=\"yoast-schema-graph\">{\"@context\":\"https:\/\/schema.org\",\"@graph\":[{\"@type\":\"WebPage\",\"@id\":\"https:\/\/fundacionlobeliana.org\/tupa-archivo\/\",\"url\":\"https:\/\/fundacionlobeliana.org\/tupa-archivo\/\",\"name\":\"Archivo Tupa - Fundacion Lobeliana\",\"isPartOf\":{\"@id\":\"https:\/\/fundacionlobeliana.org\/#website\"},\"datePublished\":\"2025-09-09T00:18:36+00:00\",\"dateModified\":\"2026-02-03T18:44:47+00:00\",\"breadcrumb\":{\"@id\":\"https:\/\/fundacionlobeliana.org\/tupa-archivo\/#breadcrumb\"},\"inLanguage\":\"en-GB\",\"potentialAction\":[{\"@type\":\"ReadAction\",\"target\":[\"https:\/\/fundacionlobeliana.org\/tupa-archivo\/\"]}]},{\"@type\":\"BreadcrumbList\",\"@id\":\"https:\/\/fundacionlobeliana.org\/tupa-archivo\/#breadcrumb\",\"itemListElement\":[{\"@type\":\"ListItem\",\"position\":1,\"name\":\"Portada\",\"item\":\"https:\/\/fundacionlobeliana.org\/\"},{\"@type\":\"ListItem\",\"position\":2,\"name\":\"Archivo Tupa\"}]},{\"@type\":\"WebSite\",\"@id\":\"https:\/\/fundacionlobeliana.org\/#website\",\"url\":\"https:\/\/fundacionlobeliana.org\/\",\"name\":\"Fundacion Lobeliana\",\"description\":\"Organizaci\u00f3n sin fines de lucro que tiene como misi\u00f3n el rescatar, actualizar, visibilizar y hacer disponible el conocimiento acumulado hasta hoy sobre f\u00e1rmacos naturales y psicoactivos\",\"publisher\":{\"@id\":\"https:\/\/fundacionlobeliana.org\/#organization\"},\"potentialAction\":[{\"@type\":\"SearchAction\",\"target\":{\"@type\":\"EntryPoint\",\"urlTemplate\":\"https:\/\/fundacionlobeliana.org\/?s={search_term_string}\"},\"query-input\":{\"@type\":\"PropertyValueSpecification\",\"valueRequired\":true,\"valueName\":\"search_term_string\"}}],\"inLanguage\":\"en-GB\"},{\"@type\":\"Organization\",\"@id\":\"https:\/\/fundacionlobeliana.org\/#organization\",\"name\":\"Fundacion Lobeliana\",\"url\":\"https:\/\/fundacionlobeliana.org\/\",\"logo\":{\"@type\":\"ImageObject\",\"inLanguage\":\"en-GB\",\"@id\":\"https:\/\/fundacionlobeliana.org\/#\/schema\/logo\/image\/\",\"url\":\"https:\/\/fundacionlobeliana.org\/wp-content\/uploads\/2025\/09\/logo_fundacion_lobeliana-02.png\",\"contentUrl\":\"https:\/\/fundacionlobeliana.org\/wp-content\/uploads\/2025\/09\/logo_fundacion_lobeliana-02.png\",\"width\":571,\"height\":718,\"caption\":\"Fundacion Lobeliana\"},\"image\":{\"@id\":\"https:\/\/fundacionlobeliana.org\/#\/schema\/logo\/image\/\"}}]}<\/script>\n<!-- \/ Yoast SEO plugin. -->","yoast_head_json":{"title":"Archivo Tupa - Fundacion Lobeliana","robots":{"index":"index","follow":"follow","max-snippet":"max-snippet:-1","max-image-preview":"max-image-preview:large","max-video-preview":"max-video-preview:-1"},"canonical":"https:\/\/fundacionlobeliana.org\/en\/tupa-archivo\/","og_locale":"en_GB","og_type":"article","og_title":"Archivo Tupa - Fundacion Lobeliana","og_description":"Archivo Tupa organiza y resguarda los materiales de Fundaci\u00f3n Lobeliana, integrando registros audiovisuales, escritos y sonoros, junto con publicaciones y creaciones propias. Re\u00fane en un mismo lugar seminarios, ensayos, art\u00edculos, recomendaciones de lectura, archivos audiovisuales y podcasts, configurando un compendio que refleja la diversidad de nuestras l\u00edneas de trabajo. Su enfoque no se limita a [&hellip;]","og_url":"https:\/\/fundacionlobeliana.org\/en\/tupa-archivo\/","og_site_name":"Fundacion Lobeliana","article_modified_time":"2026-02-03T18:44:47+00:00","twitter_card":"summary_large_image","twitter_misc":{"Estimated reading time":"1 minute"},"schema":{"@context":"https:\/\/schema.org","@graph":[{"@type":"WebPage","@id":"https:\/\/fundacionlobeliana.org\/tupa-archivo\/","url":"https:\/\/fundacionlobeliana.org\/tupa-archivo\/","name":"Archivo Tupa - Fundacion Lobeliana","isPartOf":{"@id":"https:\/\/fundacionlobeliana.org\/#website"},"datePublished":"2025-09-09T00:18:36+00:00","dateModified":"2026-02-03T18:44:47+00:00","breadcrumb":{"@id":"https:\/\/fundacionlobeliana.org\/tupa-archivo\/#breadcrumb"},"inLanguage":"en-GB","potentialAction":[{"@type":"ReadAction","target":["https:\/\/fundacionlobeliana.org\/tupa-archivo\/"]}]},{"@type":"BreadcrumbList","@id":"https:\/\/fundacionlobeliana.org\/tupa-archivo\/#breadcrumb","itemListElement":[{"@type":"ListItem","position":1,"name":"Portada","item":"https:\/\/fundacionlobeliana.org\/"},{"@type":"ListItem","position":2,"name":"Archivo Tupa"}]},{"@type":"WebSite","@id":"https:\/\/fundacionlobeliana.org\/#website","url":"https:\/\/fundacionlobeliana.org\/","name":"Fundacion Lobeliana","description":"Organizaci\u00f3n sin fines de lucro que tiene como misi\u00f3n el rescatar, actualizar, visibilizar y hacer disponible el conocimiento acumulado hasta hoy sobre f\u00e1rmacos naturales y psicoactivos","publisher":{"@id":"https:\/\/fundacionlobeliana.org\/#organization"},"potentialAction":[{"@type":"SearchAction","target":{"@type":"EntryPoint","urlTemplate":"https:\/\/fundacionlobeliana.org\/?s={search_term_string}"},"query-input":{"@type":"PropertyValueSpecification","valueRequired":true,"valueName":"search_term_string"}}],"inLanguage":"en-GB"},{"@type":"Organization","@id":"https:\/\/fundacionlobeliana.org\/#organization","name":"Fundacion Lobeliana","url":"https:\/\/fundacionlobeliana.org\/","logo":{"@type":"ImageObject","inLanguage":"en-GB","@id":"https:\/\/fundacionlobeliana.org\/#\/schema\/logo\/image\/","url":"https:\/\/fundacionlobeliana.org\/wp-content\/uploads\/2025\/09\/logo_fundacion_lobeliana-02.png","contentUrl":"https:\/\/fundacionlobeliana.org\/wp-content\/uploads\/2025\/09\/logo_fundacion_lobeliana-02.png","width":571,"height":718,"caption":"Fundacion Lobeliana"},"image":{"@id":"https:\/\/fundacionlobeliana.org\/#\/schema\/logo\/image\/"}}]}},"_links":{"self":[{"href":"https:\/\/fundacionlobeliana.org\/en\/wp-json\/wp\/v2\/pages\/411","targetHints":{"allow":["GET"]}}],"collection":[{"href":"https:\/\/fundacionlobeliana.org\/en\/wp-json\/wp\/v2\/pages"}],"about":[{"href":"https:\/\/fundacionlobeliana.org\/en\/wp-json\/wp\/v2\/types\/page"}],"author":[{"embeddable":true,"href":"https:\/\/fundacionlobeliana.org\/en\/wp-json\/wp\/v2\/users\/1"}],"replies":[{"embeddable":true,"href":"https:\/\/fundacionlobeliana.org\/en\/wp-json\/wp\/v2\/comments?post=411"}],"version-history":[{"count":34,"href":"https:\/\/fundacionlobeliana.org\/en\/wp-json\/wp\/v2\/pages\/411\/revisions"}],"predecessor-version":[{"id":2143,"href":"https:\/\/fundacionlobeliana.org\/en\/wp-json\/wp\/v2\/pages\/411\/revisions\/2143"}],"wp:attachment":[{"href":"https:\/\/fundacionlobeliana.org\/en\/wp-json\/wp\/v2\/media?parent=411"}],"curies":[{"name":"wp","href":"https:\/\/api.w.org\/{rel}","templated":true}]}}