{"id":21,"date":"2025-09-04T22:41:32","date_gmt":"2025-09-04T22:41:32","guid":{"rendered":"https:\/\/fundacionlobeliana.org\/?post_type=product&#038;p=21"},"modified":"2026-01-28T01:49:30","modified_gmt":"2026-01-28T01:49:30","slug":"1-simposio-psiconauta-utopia-y-ebriedad-abriendo-mundos-rajando-cielos-claudio-mercado-en-esp","status":"publish","type":"product","link":"https:\/\/fundacionlobeliana.org\/en\/product\/1-simposio-psiconauta-utopia-y-ebriedad-abriendo-mundos-rajando-cielos-claudio-mercado-en-esp\/","title":{"rendered":"1.- Simposio Psicon\u00e1uta: Utop\u00eda y Ebriedad: Abriendo mundos, rajando cielos \u2013 Claudio Mercado (EN\/ESP)"},"content":{"rendered":"<h3><b>CLAUDIO MERCADO<\/b><\/h3>\n<p>&nbsp;<\/p>\n<p><b>CHARLA: \u201cAbriendo Mundos, Rajando Cielos. Flautas y Estados de Conciencia en Chile Central\u201d<\/b><\/p>\n<p><span style=\"font-weight: 400;\">(Espa\u00f1ol con posibilidad de doblaje en ingl\u00e9s)<\/span><\/p>\n<p><span style=\"font-weight: 400;\">En Chile central, en localidades campesinas y pescadoras en torno a la Regi\u00f3n de Valpara\u00edso, existe una realidad sonora potente que es curiosamente poco conocida incluso para quienes visitan frecuentemente dichos territorios. Estos son los bailes chinos del Aconcagua, que representan una expresi\u00f3n sincr\u00e9tica (con lo cat\u00f3lico) de una tradici\u00f3n mucho m\u00e1s antigua que la llegada de los espa\u00f1oles al continente americano. Claudio Mercado explica y muestra material audiovisual de d\u00e9cadas de estudio personal, mostr\u00e1ndonos su amor por el chinear, el goce est\u00e9tico y ritual de esta particular tradici\u00f3n.<\/span><\/p>\n<p><b>BIOGRAF\u00cdA<\/b><\/p>\n<p><span style=\"font-weight: 400;\">Nacido en Vi\u00f1a del Mar en 1962. Licenciado en Antropolog\u00eda con menci\u00f3n en Arqueolog\u00eda, y mag\u00edster en Musicolog\u00eda, ambos obtenidos en la Universidad de Chile. Ha participado en numerosos proyectos de arqueolog\u00eda, antropolog\u00eda y etnomusicolog\u00eda, centrando sus investigaciones en la zona central de Chile y en las comunidades ind\u00edgenas del alto Loa, norte de Chile. Es autor de libros y videos documentales, todos ellos relacionados a la investigaci\u00f3n etnomusicol\u00f3gica. Es creador y gestor del Archivo Audiovisual del Museo Chileno de Arte Precolombino, donde trabaja como jefe del \u00c1rea de Patrimonio Inmaterial. Es fundador y director, junto a Jos\u00e9 P\u00e9rez de Arce, del grupo de m\u00fasica experimental La Chimuchina.<\/span><\/p>","protected":false},"excerpt":{"rendered":"<p>CLAUDIO MERCADO &nbsp; CHARLA: \u201cAbriendo Mundos, Rajando Cielos. Flautas y Estados de Conciencia en Chile Central\u201d (Espa\u00f1ol con posibilidad de doblaje en ingl\u00e9s) En Chile central, en localidades campesinas y pescadoras en torno a la Regi\u00f3n de Valpara\u00edso, existe una realidad sonora potente que es curiosamente poco conocida incluso para quienes visitan frecuentemente dichos territorios. [&hellip;]<\/p>","protected":false},"featured_media":51,"comment_status":"closed","ping_status":"closed","template":"","meta":[],"product_brand":[],"product_cat":[16,27],"product_tag":[],"class_list":{"0":"post-21","1":"product","2":"type-product","3":"status-publish","4":"has-post-thumbnail","6":"product_cat-on-demand","7":"product_cat-simposios","9":"first","10":"instock","11":"sale","12":"virtual","13":"sold-individually","14":"purchasable","15":"product-type-simple"},"yoast_head":"<!-- This site is optimized with the Yoast SEO plugin v27.2 - https:\/\/yoast.com\/product\/yoast-seo-wordpress\/ -->\n<title>1.- Simposio Psicon\u00e1uta: Utop\u00eda y Ebriedad: Abriendo mundos, rajando cielos \u2013 Claudio Mercado (EN\/ESP) - Fundacion Lobeliana<\/title>\n<meta name=\"robots\" content=\"index, follow, max-snippet:-1, max-image-preview:large, max-video-preview:-1\" \/>\n<link rel=\"canonical\" href=\"https:\/\/fundacionlobeliana.org\/en\/product\/1-simposio-psiconauta-utopia-y-ebriedad-abriendo-mundos-rajando-cielos-claudio-mercado-en-esp\/\" \/>\n<meta property=\"og:locale\" content=\"en_GB\" \/>\n<meta property=\"og:type\" content=\"article\" \/>\n<meta property=\"og:title\" content=\"1.- Simposio Psicon\u00e1uta: Utop\u00eda y Ebriedad: Abriendo mundos, rajando cielos \u2013 Claudio Mercado (EN\/ESP) - Fundacion Lobeliana\" \/>\n<meta property=\"og:description\" content=\"CLAUDIO MERCADO &nbsp; CHARLA: \u201cAbriendo Mundos, Rajando Cielos. Flautas y Estados de Conciencia en Chile Central\u201d (Espa\u00f1ol con posibilidad de doblaje en ingl\u00e9s) En Chile central, en localidades campesinas y pescadoras en torno a la Regi\u00f3n de Valpara\u00edso, existe una realidad sonora potente que es curiosamente poco conocida incluso para quienes visitan frecuentemente dichos territorios. [&hellip;]\" \/>\n<meta property=\"og:url\" content=\"https:\/\/fundacionlobeliana.org\/en\/product\/1-simposio-psiconauta-utopia-y-ebriedad-abriendo-mundos-rajando-cielos-claudio-mercado-en-esp\/\" \/>\n<meta property=\"og:site_name\" content=\"Fundacion Lobeliana\" \/>\n<meta property=\"article:modified_time\" content=\"2026-01-28T01:49:30+00:00\" \/>\n<meta property=\"og:image\" content=\"https:\/\/fundacionlobeliana.org\/wp-content\/uploads\/2025\/09\/2.jpg\" \/>\n\t<meta property=\"og:image:width\" content=\"1080\" \/>\n\t<meta property=\"og:image:height\" content=\"1080\" \/>\n\t<meta property=\"og:image:type\" content=\"image\/jpeg\" \/>\n<meta name=\"twitter:card\" content=\"summary_large_image\" \/>\n<meta name=\"twitter:label1\" content=\"Estimated reading time\" \/>\n\t<meta name=\"twitter:data1\" content=\"1 minute\" \/>\n<script type=\"application\/ld+json\" class=\"yoast-schema-graph\">{\"@context\":\"https:\/\/schema.org\",\"@graph\":[{\"@type\":\"WebPage\",\"@id\":\"https:\/\/fundacionlobeliana.org\/producto\/1-simposio-psiconauta-utopia-y-ebriedad-abriendo-mundos-rajando-cielos-claudio-mercado-en-esp\/\",\"url\":\"https:\/\/fundacionlobeliana.org\/producto\/1-simposio-psiconauta-utopia-y-ebriedad-abriendo-mundos-rajando-cielos-claudio-mercado-en-esp\/\",\"name\":\"1.- Simposio Psicon\u00e1uta: Utop\u00eda y Ebriedad: Abriendo mundos, rajando cielos \u2013 Claudio Mercado (EN\/ESP) - Fundacion Lobeliana\",\"isPartOf\":{\"@id\":\"https:\/\/fundacionlobeliana.org\/#website\"},\"primaryImageOfPage\":{\"@id\":\"https:\/\/fundacionlobeliana.org\/producto\/1-simposio-psiconauta-utopia-y-ebriedad-abriendo-mundos-rajando-cielos-claudio-mercado-en-esp\/#primaryimage\"},\"image\":{\"@id\":\"https:\/\/fundacionlobeliana.org\/producto\/1-simposio-psiconauta-utopia-y-ebriedad-abriendo-mundos-rajando-cielos-claudio-mercado-en-esp\/#primaryimage\"},\"thumbnailUrl\":\"https:\/\/fundacionlobeliana.org\/wp-content\/uploads\/2025\/09\/2.jpg\",\"datePublished\":\"2025-09-04T22:41:32+00:00\",\"dateModified\":\"2026-01-28T01:49:30+00:00\",\"breadcrumb\":{\"@id\":\"https:\/\/fundacionlobeliana.org\/producto\/1-simposio-psiconauta-utopia-y-ebriedad-abriendo-mundos-rajando-cielos-claudio-mercado-en-esp\/#breadcrumb\"},\"inLanguage\":\"en-GB\",\"potentialAction\":[{\"@type\":\"ReadAction\",\"target\":[\"https:\/\/fundacionlobeliana.org\/producto\/1-simposio-psiconauta-utopia-y-ebriedad-abriendo-mundos-rajando-cielos-claudio-mercado-en-esp\/\"]}]},{\"@type\":\"ImageObject\",\"inLanguage\":\"en-GB\",\"@id\":\"https:\/\/fundacionlobeliana.org\/producto\/1-simposio-psiconauta-utopia-y-ebriedad-abriendo-mundos-rajando-cielos-claudio-mercado-en-esp\/#primaryimage\",\"url\":\"https:\/\/fundacionlobeliana.org\/wp-content\/uploads\/2025\/09\/2.jpg\",\"contentUrl\":\"https:\/\/fundacionlobeliana.org\/wp-content\/uploads\/2025\/09\/2.jpg\",\"width\":1080,\"height\":1080},{\"@type\":\"BreadcrumbList\",\"@id\":\"https:\/\/fundacionlobeliana.org\/producto\/1-simposio-psiconauta-utopia-y-ebriedad-abriendo-mundos-rajando-cielos-claudio-mercado-en-esp\/#breadcrumb\",\"itemListElement\":[{\"@type\":\"ListItem\",\"position\":1,\"name\":\"Portada\",\"item\":\"https:\/\/fundacionlobeliana.org\/\"},{\"@type\":\"ListItem\",\"position\":2,\"name\":\"Tienda\",\"item\":\"https:\/\/fundacionlobeliana.org\/tienda\/\"},{\"@type\":\"ListItem\",\"position\":3,\"name\":\"1.- Simposio Psicon\u00e1uta: Utop\u00eda y Ebriedad: Abriendo mundos, rajando cielos \u2013 Claudio Mercado (EN\/ESP)\"}]},{\"@type\":\"WebSite\",\"@id\":\"https:\/\/fundacionlobeliana.org\/#website\",\"url\":\"https:\/\/fundacionlobeliana.org\/\",\"name\":\"Fundacion Lobeliana\",\"description\":\"Organizaci\u00f3n sin fines de lucro que tiene como misi\u00f3n el rescatar, actualizar, visibilizar y hacer disponible el conocimiento acumulado hasta hoy sobre f\u00e1rmacos naturales y psicoactivos\",\"publisher\":{\"@id\":\"https:\/\/fundacionlobeliana.org\/#organization\"},\"potentialAction\":[{\"@type\":\"SearchAction\",\"target\":{\"@type\":\"EntryPoint\",\"urlTemplate\":\"https:\/\/fundacionlobeliana.org\/?s={search_term_string}\"},\"query-input\":{\"@type\":\"PropertyValueSpecification\",\"valueRequired\":true,\"valueName\":\"search_term_string\"}}],\"inLanguage\":\"en-GB\"},{\"@type\":\"Organization\",\"@id\":\"https:\/\/fundacionlobeliana.org\/#organization\",\"name\":\"Fundacion Lobeliana\",\"url\":\"https:\/\/fundacionlobeliana.org\/\",\"logo\":{\"@type\":\"ImageObject\",\"inLanguage\":\"en-GB\",\"@id\":\"https:\/\/fundacionlobeliana.org\/#\/schema\/logo\/image\/\",\"url\":\"https:\/\/fundacionlobeliana.org\/wp-content\/uploads\/2025\/09\/logo_fundacion_lobeliana-02.png\",\"contentUrl\":\"https:\/\/fundacionlobeliana.org\/wp-content\/uploads\/2025\/09\/logo_fundacion_lobeliana-02.png\",\"width\":571,\"height\":718,\"caption\":\"Fundacion Lobeliana\"},\"image\":{\"@id\":\"https:\/\/fundacionlobeliana.org\/#\/schema\/logo\/image\/\"}}]}<\/script>\n<!-- \/ Yoast SEO plugin. -->","yoast_head_json":{"title":"1.- Simposio Psicon\u00e1uta: Utop\u00eda y Ebriedad: Abriendo mundos, rajando cielos \u2013 Claudio Mercado (EN\/ESP) - Fundacion Lobeliana","robots":{"index":"index","follow":"follow","max-snippet":"max-snippet:-1","max-image-preview":"max-image-preview:large","max-video-preview":"max-video-preview:-1"},"canonical":"https:\/\/fundacionlobeliana.org\/en\/product\/1-simposio-psiconauta-utopia-y-ebriedad-abriendo-mundos-rajando-cielos-claudio-mercado-en-esp\/","og_locale":"en_GB","og_type":"article","og_title":"1.- Simposio Psicon\u00e1uta: Utop\u00eda y Ebriedad: Abriendo mundos, rajando cielos \u2013 Claudio Mercado (EN\/ESP) - Fundacion Lobeliana","og_description":"CLAUDIO MERCADO &nbsp; CHARLA: \u201cAbriendo Mundos, Rajando Cielos. Flautas y Estados de Conciencia en Chile Central\u201d (Espa\u00f1ol con posibilidad de doblaje en ingl\u00e9s) En Chile central, en localidades campesinas y pescadoras en torno a la Regi\u00f3n de Valpara\u00edso, existe una realidad sonora potente que es curiosamente poco conocida incluso para quienes visitan frecuentemente dichos territorios. [&hellip;]","og_url":"https:\/\/fundacionlobeliana.org\/en\/product\/1-simposio-psiconauta-utopia-y-ebriedad-abriendo-mundos-rajando-cielos-claudio-mercado-en-esp\/","og_site_name":"Fundacion Lobeliana","article_modified_time":"2026-01-28T01:49:30+00:00","og_image":[{"width":1080,"height":1080,"url":"https:\/\/fundacionlobeliana.org\/wp-content\/uploads\/2025\/09\/2.jpg","type":"image\/jpeg"}],"twitter_card":"summary_large_image","twitter_misc":{"Estimated reading time":"1 minute"},"schema":{"@context":"https:\/\/schema.org","@graph":[{"@type":"WebPage","@id":"https:\/\/fundacionlobeliana.org\/producto\/1-simposio-psiconauta-utopia-y-ebriedad-abriendo-mundos-rajando-cielos-claudio-mercado-en-esp\/","url":"https:\/\/fundacionlobeliana.org\/producto\/1-simposio-psiconauta-utopia-y-ebriedad-abriendo-mundos-rajando-cielos-claudio-mercado-en-esp\/","name":"1.- Simposio Psicon\u00e1uta: Utop\u00eda y Ebriedad: Abriendo mundos, rajando cielos \u2013 Claudio Mercado (EN\/ESP) - Fundacion Lobeliana","isPartOf":{"@id":"https:\/\/fundacionlobeliana.org\/#website"},"primaryImageOfPage":{"@id":"https:\/\/fundacionlobeliana.org\/producto\/1-simposio-psiconauta-utopia-y-ebriedad-abriendo-mundos-rajando-cielos-claudio-mercado-en-esp\/#primaryimage"},"image":{"@id":"https:\/\/fundacionlobeliana.org\/producto\/1-simposio-psiconauta-utopia-y-ebriedad-abriendo-mundos-rajando-cielos-claudio-mercado-en-esp\/#primaryimage"},"thumbnailUrl":"https:\/\/fundacionlobeliana.org\/wp-content\/uploads\/2025\/09\/2.jpg","datePublished":"2025-09-04T22:41:32+00:00","dateModified":"2026-01-28T01:49:30+00:00","breadcrumb":{"@id":"https:\/\/fundacionlobeliana.org\/producto\/1-simposio-psiconauta-utopia-y-ebriedad-abriendo-mundos-rajando-cielos-claudio-mercado-en-esp\/#breadcrumb"},"inLanguage":"en-GB","potentialAction":[{"@type":"ReadAction","target":["https:\/\/fundacionlobeliana.org\/producto\/1-simposio-psiconauta-utopia-y-ebriedad-abriendo-mundos-rajando-cielos-claudio-mercado-en-esp\/"]}]},{"@type":"ImageObject","inLanguage":"en-GB","@id":"https:\/\/fundacionlobeliana.org\/producto\/1-simposio-psiconauta-utopia-y-ebriedad-abriendo-mundos-rajando-cielos-claudio-mercado-en-esp\/#primaryimage","url":"https:\/\/fundacionlobeliana.org\/wp-content\/uploads\/2025\/09\/2.jpg","contentUrl":"https:\/\/fundacionlobeliana.org\/wp-content\/uploads\/2025\/09\/2.jpg","width":1080,"height":1080},{"@type":"BreadcrumbList","@id":"https:\/\/fundacionlobeliana.org\/producto\/1-simposio-psiconauta-utopia-y-ebriedad-abriendo-mundos-rajando-cielos-claudio-mercado-en-esp\/#breadcrumb","itemListElement":[{"@type":"ListItem","position":1,"name":"Portada","item":"https:\/\/fundacionlobeliana.org\/"},{"@type":"ListItem","position":2,"name":"Tienda","item":"https:\/\/fundacionlobeliana.org\/tienda\/"},{"@type":"ListItem","position":3,"name":"1.- Simposio Psicon\u00e1uta: Utop\u00eda y Ebriedad: Abriendo mundos, rajando cielos \u2013 Claudio Mercado (EN\/ESP)"}]},{"@type":"WebSite","@id":"https:\/\/fundacionlobeliana.org\/#website","url":"https:\/\/fundacionlobeliana.org\/","name":"Fundacion Lobeliana","description":"Organizaci\u00f3n sin fines de lucro que tiene como misi\u00f3n el rescatar, actualizar, visibilizar y hacer disponible el conocimiento acumulado hasta hoy sobre f\u00e1rmacos naturales y psicoactivos","publisher":{"@id":"https:\/\/fundacionlobeliana.org\/#organization"},"potentialAction":[{"@type":"SearchAction","target":{"@type":"EntryPoint","urlTemplate":"https:\/\/fundacionlobeliana.org\/?s={search_term_string}"},"query-input":{"@type":"PropertyValueSpecification","valueRequired":true,"valueName":"search_term_string"}}],"inLanguage":"en-GB"},{"@type":"Organization","@id":"https:\/\/fundacionlobeliana.org\/#organization","name":"Fundacion Lobeliana","url":"https:\/\/fundacionlobeliana.org\/","logo":{"@type":"ImageObject","inLanguage":"en-GB","@id":"https:\/\/fundacionlobeliana.org\/#\/schema\/logo\/image\/","url":"https:\/\/fundacionlobeliana.org\/wp-content\/uploads\/2025\/09\/logo_fundacion_lobeliana-02.png","contentUrl":"https:\/\/fundacionlobeliana.org\/wp-content\/uploads\/2025\/09\/logo_fundacion_lobeliana-02.png","width":571,"height":718,"caption":"Fundacion Lobeliana"},"image":{"@id":"https:\/\/fundacionlobeliana.org\/#\/schema\/logo\/image\/"}}]}},"_links":{"self":[{"href":"https:\/\/fundacionlobeliana.org\/en\/wp-json\/wp\/v2\/product\/21","targetHints":{"allow":["GET"]}}],"collection":[{"href":"https:\/\/fundacionlobeliana.org\/en\/wp-json\/wp\/v2\/product"}],"about":[{"href":"https:\/\/fundacionlobeliana.org\/en\/wp-json\/wp\/v2\/types\/product"}],"replies":[{"embeddable":true,"href":"https:\/\/fundacionlobeliana.org\/en\/wp-json\/wp\/v2\/comments?post=21"}],"wp:featuredmedia":[{"embeddable":true,"href":"https:\/\/fundacionlobeliana.org\/en\/wp-json\/wp\/v2\/media\/51"}],"wp:attachment":[{"href":"https:\/\/fundacionlobeliana.org\/en\/wp-json\/wp\/v2\/media?parent=21"}],"wp:term":[{"taxonomy":"product_brand","embeddable":true,"href":"https:\/\/fundacionlobeliana.org\/en\/wp-json\/wp\/v2\/product_brand?post=21"},{"taxonomy":"product_cat","embeddable":true,"href":"https:\/\/fundacionlobeliana.org\/en\/wp-json\/wp\/v2\/product_cat?post=21"},{"taxonomy":"product_tag","embeddable":true,"href":"https:\/\/fundacionlobeliana.org\/en\/wp-json\/wp\/v2\/product_tag?post=21"}],"curies":[{"name":"wp","href":"https:\/\/api.w.org\/{rel}","templated":true}]}}