{"id":22,"date":"2025-09-04T22:41:32","date_gmt":"2025-09-04T22:41:32","guid":{"rendered":"https:\/\/fundacionlobeliana.org\/?post_type=product&#038;p=22"},"modified":"2026-01-28T01:49:30","modified_gmt":"2026-01-28T01:49:30","slug":"2-simposio-psiconauta-utopia-y-ebriedad-la-coca-dice-que-el-cerro-se-cayo-por-celo-carlo-brescia-en-esp","status":"publish","type":"product","link":"https:\/\/fundacionlobeliana.org\/en\/product\/2-simposio-psiconauta-utopia-y-ebriedad-la-coca-dice-que-el-cerro-se-cayo-por-celo-carlo-brescia-en-esp\/","title":{"rendered":"2.- Simposio Psicon\u00e1uta: Utop\u00eda y Ebriedad:  La coca dice que el cerro se cay\u00f3 por celo \u2013 Carlo Brescia (EN\/ESP)"},"content":{"rendered":"<h3><b>CARLO BRESCIA<\/b><\/h3>\n<p><b>CHARLA: \u201cLa Coca dice que el cerro se cay\u00f3 por celo\u201d:\u00a0Testimonios sobre una Pr\u00e1ctica y una Epistemolog\u00eda Amenazadas\u201d<\/b><\/p>\n<p><span style=\"font-weight: 400;\">(Espa\u00f1ol con posibilidad de doblaje en ingl\u00e9s)<\/span><\/p>\n<p><span style=\"font-weight: 400;\">Se explican las especies y variedades cultivadas de coca. La presentaci\u00f3n profundiza en los distintos usos de la coca, desde lo alimenticio y medicinal hasta lo adivinatorio. Mediante un recorrido por algunas de sus iconograf\u00edas, se explica la relevancia del templo Chav\u00edn de Hu\u00e1ntar, el uso de plantas y las actividades que ah\u00ed se realizaban. En junio 2022 se derrumba parte del cerro pr\u00f3ximo al templo mencionado, y la gente se preguntaba: \u00bfPor qu\u00e9 pas\u00f3 esto? Frente a estas preguntas, se consulta con la hoja de coca para indagar la raz\u00f3n del derrumbe, resolvi\u00e9ndose adivinatoriamente que la raz\u00f3n era por celo (intervenci\u00f3n arqueol\u00f3gica de un equipo de investigaci\u00f3n universitario en el templo un mes antes del incidente). En base a esta historia, se exponen distintos aspectos de la cosmovisi\u00f3n andina junto con los conflictos actuales entre distintas |comunidades que se encuentran en la zona.<\/span><\/p>\n<p><b>BIOGRAF\u00cdA<\/b><\/p>\n<p><span style=\"font-weight: 400;\">Naci\u00f3 en Lima en 1973 y vive en la ciudad de Huaraz desde hace m\u00e1s de 20 a\u00f1os. Es cineasta, escritor, investigador, docente, comunicador y consultor independiente. Con estudios interdisciplinarios en Ingenier\u00eda (Universidad de Lima 1999, t\u00edtulo 2006), maestr\u00eda en Planeaci\u00f3n y Direcci\u00f3n de Proyectos (Universidad Bradford\/Inglaterra 2003), pasant\u00eda en Gesti\u00f3n para el Desarrollo Cultural (Centro para la Superaci\u00f3n de la Cultura\/Cuba 2005), maestr\u00eda en Antropolog\u00eda Cultural y Estudios Culturales (Universidad Cat\u00f3lica de Lovaina\/B\u00e9lgica 2009) y diplomado en Documental de Creaci\u00f3n (Universidad Aut\u00f3noma del Estado de Morelos\/M\u00e9xico 2010). Dirige y es miembro fundador la asociaci\u00f3n cultural sin fines de lucro Vasos Comunicantes desde junio del 2004, instituci\u00f3n que se dedica al dise\u00f1o e implementaci\u00f3n de proyectos interculturales y educativos para la sustentabilidad. Asimismo, investiga de manera inter y transdisciplinaria el centro ceremonial de Chav\u00edn de Hu\u00e1ntar.<\/span><\/p>\n<p><span style=\"font-weight: 400;\">Fue coordinador del Primer Simposio Internacional de Anadenanthera en la ciudad del Cusco el 2013, del Festival Andino de Arte Visionario y Sustentabilidad en Huaraz el 2014 y co-organizador del Festival de Cultura, Consciencia y Sustentabilidad en Huaraz el 2016. Dirigi\u00f3 la revista biling\u00fce Culturas Sustentables desde la Peripheria desde el 2005 habi\u00e9ndose publicado 15 ediciones. Ha realizado m\u00e1s de 15 proyectos audiovisuales que exploran el mundo andino, la consciencia corporal y el cambio de paradigma. Estos han sido proyectados en las Am\u00e9ricas, Europa, Ocean\u00eda y Asia, y forman parte de los archivos multimedia de UNESCO. El 2015 present\u00f3 una conferencia sobre la etnobot\u00e1nica de la cultura Chav\u00edn de Hu\u00e1ntar en el VIII Congreso Colombiano de Bot\u00e1nica en Manizales y el 2016 en el XIX Congreso Nacional de Arqueolog\u00eda Argentina en Tucum\u00e1n. Ha escrito y publicado en 2017 un libro de cuentos sobre la cosmovisi\u00f3n Chav\u00edn de Hu\u00e1ntar. Ha participado y co-organizado eventos relacionados a la cultura andina de \u00c1ncash en Argentina, Colombia, Chile, B\u00e9lgica, Brasil, Espa\u00f1a, M\u00e9xico y Panam\u00e1.<\/span><\/p>\n<p><span style=\"font-weight: 400;\">En febrero de 2020 public\u00f3 un libro sobre las Plantas Medicinales de la Cordillera Blanca. Adem\u00e1s de su labor en Vasos Comunicantes, es co-l\u00edder del proyecto WikiAcci\u00f3n Per\u00fa que busca cerrar las brechas de contenidos enciclop\u00e9dicos en las plataformas de la Fundaci\u00f3n Wikimedia relacionados a los derechos humanos relacionados a la ecolog\u00eda, g\u00e9nero y cultura.<\/span><\/p>\n<p>&nbsp;<\/p>","protected":false},"excerpt":{"rendered":"<p>CARLO BRESCIA CHARLA: \u201cLa Coca dice que el cerro se cay\u00f3 por celo\u201d:\u00a0Testimonios sobre una Pr\u00e1ctica y una Epistemolog\u00eda Amenazadas\u201d (Espa\u00f1ol con posibilidad de doblaje en ingl\u00e9s) Se explican las especies y variedades cultivadas de coca. La presentaci\u00f3n profundiza en los distintos usos de la coca, desde lo alimenticio y medicinal hasta lo adivinatorio. Mediante [&hellip;]<\/p>","protected":false},"featured_media":52,"comment_status":"closed","ping_status":"closed","template":"","meta":[],"product_brand":[],"product_cat":[16,27],"product_tag":[],"class_list":{"0":"post-22","1":"product","2":"type-product","3":"status-publish","4":"has-post-thumbnail","6":"product_cat-on-demand","7":"product_cat-simposios","9":"first","10":"instock","11":"sale","12":"virtual","13":"sold-individually","14":"purchasable","15":"product-type-simple"},"yoast_head":"<!-- This site is optimized with the Yoast SEO plugin v27.2 - https:\/\/yoast.com\/product\/yoast-seo-wordpress\/ -->\n<title>2.- Simposio Psicon\u00e1uta: Utop\u00eda y Ebriedad: La coca dice que el cerro se cay\u00f3 por celo \u2013 Carlo Brescia (EN\/ESP) - Fundacion Lobeliana<\/title>\n<meta name=\"robots\" content=\"index, follow, max-snippet:-1, max-image-preview:large, max-video-preview:-1\" \/>\n<link rel=\"canonical\" href=\"https:\/\/fundacionlobeliana.org\/en\/product\/2-simposio-psiconauta-utopia-y-ebriedad-la-coca-dice-que-el-cerro-se-cayo-por-celo-carlo-brescia-en-esp\/\" \/>\n<meta property=\"og:locale\" content=\"en_GB\" \/>\n<meta property=\"og:type\" content=\"article\" \/>\n<meta property=\"og:title\" content=\"2.- Simposio Psicon\u00e1uta: Utop\u00eda y Ebriedad: La coca dice que el cerro se cay\u00f3 por celo \u2013 Carlo Brescia (EN\/ESP) - Fundacion Lobeliana\" \/>\n<meta property=\"og:description\" content=\"CARLO BRESCIA CHARLA: \u201cLa Coca dice que el cerro se cay\u00f3 por celo\u201d:\u00a0Testimonios sobre una Pr\u00e1ctica y una Epistemolog\u00eda Amenazadas\u201d (Espa\u00f1ol con posibilidad de doblaje en ingl\u00e9s) Se explican las especies y variedades cultivadas de coca. La presentaci\u00f3n profundiza en los distintos usos de la coca, desde lo alimenticio y medicinal hasta lo adivinatorio. Mediante [&hellip;]\" \/>\n<meta property=\"og:url\" content=\"https:\/\/fundacionlobeliana.org\/en\/product\/2-simposio-psiconauta-utopia-y-ebriedad-la-coca-dice-que-el-cerro-se-cayo-por-celo-carlo-brescia-en-esp\/\" \/>\n<meta property=\"og:site_name\" content=\"Fundacion Lobeliana\" \/>\n<meta property=\"article:modified_time\" content=\"2026-01-28T01:49:30+00:00\" \/>\n<meta property=\"og:image\" content=\"https:\/\/fundacionlobeliana.org\/wp-content\/uploads\/2025\/09\/1.jpg\" \/>\n\t<meta property=\"og:image:width\" content=\"1080\" \/>\n\t<meta property=\"og:image:height\" content=\"1080\" \/>\n\t<meta property=\"og:image:type\" content=\"image\/jpeg\" \/>\n<meta name=\"twitter:card\" content=\"summary_large_image\" \/>\n<meta name=\"twitter:label1\" content=\"Estimated reading time\" \/>\n\t<meta name=\"twitter:data1\" content=\"3 minutes\" \/>\n<script type=\"application\/ld+json\" class=\"yoast-schema-graph\">{\"@context\":\"https:\/\/schema.org\",\"@graph\":[{\"@type\":\"WebPage\",\"@id\":\"https:\/\/fundacionlobeliana.org\/producto\/2-simposio-psiconauta-utopia-y-ebriedad-la-coca-dice-que-el-cerro-se-cayo-por-celo-carlo-brescia-en-esp\/\",\"url\":\"https:\/\/fundacionlobeliana.org\/producto\/2-simposio-psiconauta-utopia-y-ebriedad-la-coca-dice-que-el-cerro-se-cayo-por-celo-carlo-brescia-en-esp\/\",\"name\":\"2.- Simposio Psicon\u00e1uta: Utop\u00eda y Ebriedad: La coca dice que el cerro se cay\u00f3 por celo \u2013 Carlo Brescia (EN\/ESP) - Fundacion Lobeliana\",\"isPartOf\":{\"@id\":\"https:\/\/fundacionlobeliana.org\/#website\"},\"primaryImageOfPage\":{\"@id\":\"https:\/\/fundacionlobeliana.org\/producto\/2-simposio-psiconauta-utopia-y-ebriedad-la-coca-dice-que-el-cerro-se-cayo-por-celo-carlo-brescia-en-esp\/#primaryimage\"},\"image\":{\"@id\":\"https:\/\/fundacionlobeliana.org\/producto\/2-simposio-psiconauta-utopia-y-ebriedad-la-coca-dice-que-el-cerro-se-cayo-por-celo-carlo-brescia-en-esp\/#primaryimage\"},\"thumbnailUrl\":\"https:\/\/fundacionlobeliana.org\/wp-content\/uploads\/2025\/09\/1.jpg\",\"datePublished\":\"2025-09-04T22:41:32+00:00\",\"dateModified\":\"2026-01-28T01:49:30+00:00\",\"breadcrumb\":{\"@id\":\"https:\/\/fundacionlobeliana.org\/producto\/2-simposio-psiconauta-utopia-y-ebriedad-la-coca-dice-que-el-cerro-se-cayo-por-celo-carlo-brescia-en-esp\/#breadcrumb\"},\"inLanguage\":\"en-GB\",\"potentialAction\":[{\"@type\":\"ReadAction\",\"target\":[\"https:\/\/fundacionlobeliana.org\/producto\/2-simposio-psiconauta-utopia-y-ebriedad-la-coca-dice-que-el-cerro-se-cayo-por-celo-carlo-brescia-en-esp\/\"]}]},{\"@type\":\"ImageObject\",\"inLanguage\":\"en-GB\",\"@id\":\"https:\/\/fundacionlobeliana.org\/producto\/2-simposio-psiconauta-utopia-y-ebriedad-la-coca-dice-que-el-cerro-se-cayo-por-celo-carlo-brescia-en-esp\/#primaryimage\",\"url\":\"https:\/\/fundacionlobeliana.org\/wp-content\/uploads\/2025\/09\/1.jpg\",\"contentUrl\":\"https:\/\/fundacionlobeliana.org\/wp-content\/uploads\/2025\/09\/1.jpg\",\"width\":1080,\"height\":1080},{\"@type\":\"BreadcrumbList\",\"@id\":\"https:\/\/fundacionlobeliana.org\/producto\/2-simposio-psiconauta-utopia-y-ebriedad-la-coca-dice-que-el-cerro-se-cayo-por-celo-carlo-brescia-en-esp\/#breadcrumb\",\"itemListElement\":[{\"@type\":\"ListItem\",\"position\":1,\"name\":\"Portada\",\"item\":\"https:\/\/fundacionlobeliana.org\/\"},{\"@type\":\"ListItem\",\"position\":2,\"name\":\"Tienda\",\"item\":\"https:\/\/fundacionlobeliana.org\/tienda\/\"},{\"@type\":\"ListItem\",\"position\":3,\"name\":\"2.- Simposio Psicon\u00e1uta: Utop\u00eda y Ebriedad: La coca dice que el cerro se cay\u00f3 por celo \u2013 Carlo Brescia (EN\/ESP)\"}]},{\"@type\":\"WebSite\",\"@id\":\"https:\/\/fundacionlobeliana.org\/#website\",\"url\":\"https:\/\/fundacionlobeliana.org\/\",\"name\":\"Fundacion Lobeliana\",\"description\":\"Organizaci\u00f3n sin fines de lucro que tiene como misi\u00f3n el rescatar, actualizar, visibilizar y hacer disponible el conocimiento acumulado hasta hoy sobre f\u00e1rmacos naturales y psicoactivos\",\"publisher\":{\"@id\":\"https:\/\/fundacionlobeliana.org\/#organization\"},\"potentialAction\":[{\"@type\":\"SearchAction\",\"target\":{\"@type\":\"EntryPoint\",\"urlTemplate\":\"https:\/\/fundacionlobeliana.org\/?s={search_term_string}\"},\"query-input\":{\"@type\":\"PropertyValueSpecification\",\"valueRequired\":true,\"valueName\":\"search_term_string\"}}],\"inLanguage\":\"en-GB\"},{\"@type\":\"Organization\",\"@id\":\"https:\/\/fundacionlobeliana.org\/#organization\",\"name\":\"Fundacion Lobeliana\",\"url\":\"https:\/\/fundacionlobeliana.org\/\",\"logo\":{\"@type\":\"ImageObject\",\"inLanguage\":\"en-GB\",\"@id\":\"https:\/\/fundacionlobeliana.org\/#\/schema\/logo\/image\/\",\"url\":\"https:\/\/fundacionlobeliana.org\/wp-content\/uploads\/2025\/09\/logo_fundacion_lobeliana-02.png\",\"contentUrl\":\"https:\/\/fundacionlobeliana.org\/wp-content\/uploads\/2025\/09\/logo_fundacion_lobeliana-02.png\",\"width\":571,\"height\":718,\"caption\":\"Fundacion Lobeliana\"},\"image\":{\"@id\":\"https:\/\/fundacionlobeliana.org\/#\/schema\/logo\/image\/\"}}]}<\/script>\n<!-- \/ Yoast SEO plugin. -->","yoast_head_json":{"title":"2.- Simposio Psicon\u00e1uta: Utop\u00eda y Ebriedad: La coca dice que el cerro se cay\u00f3 por celo \u2013 Carlo Brescia (EN\/ESP) - Fundacion Lobeliana","robots":{"index":"index","follow":"follow","max-snippet":"max-snippet:-1","max-image-preview":"max-image-preview:large","max-video-preview":"max-video-preview:-1"},"canonical":"https:\/\/fundacionlobeliana.org\/en\/product\/2-simposio-psiconauta-utopia-y-ebriedad-la-coca-dice-que-el-cerro-se-cayo-por-celo-carlo-brescia-en-esp\/","og_locale":"en_GB","og_type":"article","og_title":"2.- Simposio Psicon\u00e1uta: Utop\u00eda y Ebriedad: La coca dice que el cerro se cay\u00f3 por celo \u2013 Carlo Brescia (EN\/ESP) - Fundacion Lobeliana","og_description":"CARLO BRESCIA CHARLA: \u201cLa Coca dice que el cerro se cay\u00f3 por celo\u201d:\u00a0Testimonios sobre una Pr\u00e1ctica y una Epistemolog\u00eda Amenazadas\u201d (Espa\u00f1ol con posibilidad de doblaje en ingl\u00e9s) Se explican las especies y variedades cultivadas de coca. La presentaci\u00f3n profundiza en los distintos usos de la coca, desde lo alimenticio y medicinal hasta lo adivinatorio. Mediante [&hellip;]","og_url":"https:\/\/fundacionlobeliana.org\/en\/product\/2-simposio-psiconauta-utopia-y-ebriedad-la-coca-dice-que-el-cerro-se-cayo-por-celo-carlo-brescia-en-esp\/","og_site_name":"Fundacion Lobeliana","article_modified_time":"2026-01-28T01:49:30+00:00","og_image":[{"width":1080,"height":1080,"url":"https:\/\/fundacionlobeliana.org\/wp-content\/uploads\/2025\/09\/1.jpg","type":"image\/jpeg"}],"twitter_card":"summary_large_image","twitter_misc":{"Estimated reading time":"3 minutes"},"schema":{"@context":"https:\/\/schema.org","@graph":[{"@type":"WebPage","@id":"https:\/\/fundacionlobeliana.org\/producto\/2-simposio-psiconauta-utopia-y-ebriedad-la-coca-dice-que-el-cerro-se-cayo-por-celo-carlo-brescia-en-esp\/","url":"https:\/\/fundacionlobeliana.org\/producto\/2-simposio-psiconauta-utopia-y-ebriedad-la-coca-dice-que-el-cerro-se-cayo-por-celo-carlo-brescia-en-esp\/","name":"2.- Simposio Psicon\u00e1uta: Utop\u00eda y Ebriedad: La coca dice que el cerro se cay\u00f3 por celo \u2013 Carlo Brescia (EN\/ESP) - Fundacion Lobeliana","isPartOf":{"@id":"https:\/\/fundacionlobeliana.org\/#website"},"primaryImageOfPage":{"@id":"https:\/\/fundacionlobeliana.org\/producto\/2-simposio-psiconauta-utopia-y-ebriedad-la-coca-dice-que-el-cerro-se-cayo-por-celo-carlo-brescia-en-esp\/#primaryimage"},"image":{"@id":"https:\/\/fundacionlobeliana.org\/producto\/2-simposio-psiconauta-utopia-y-ebriedad-la-coca-dice-que-el-cerro-se-cayo-por-celo-carlo-brescia-en-esp\/#primaryimage"},"thumbnailUrl":"https:\/\/fundacionlobeliana.org\/wp-content\/uploads\/2025\/09\/1.jpg","datePublished":"2025-09-04T22:41:32+00:00","dateModified":"2026-01-28T01:49:30+00:00","breadcrumb":{"@id":"https:\/\/fundacionlobeliana.org\/producto\/2-simposio-psiconauta-utopia-y-ebriedad-la-coca-dice-que-el-cerro-se-cayo-por-celo-carlo-brescia-en-esp\/#breadcrumb"},"inLanguage":"en-GB","potentialAction":[{"@type":"ReadAction","target":["https:\/\/fundacionlobeliana.org\/producto\/2-simposio-psiconauta-utopia-y-ebriedad-la-coca-dice-que-el-cerro-se-cayo-por-celo-carlo-brescia-en-esp\/"]}]},{"@type":"ImageObject","inLanguage":"en-GB","@id":"https:\/\/fundacionlobeliana.org\/producto\/2-simposio-psiconauta-utopia-y-ebriedad-la-coca-dice-que-el-cerro-se-cayo-por-celo-carlo-brescia-en-esp\/#primaryimage","url":"https:\/\/fundacionlobeliana.org\/wp-content\/uploads\/2025\/09\/1.jpg","contentUrl":"https:\/\/fundacionlobeliana.org\/wp-content\/uploads\/2025\/09\/1.jpg","width":1080,"height":1080},{"@type":"BreadcrumbList","@id":"https:\/\/fundacionlobeliana.org\/producto\/2-simposio-psiconauta-utopia-y-ebriedad-la-coca-dice-que-el-cerro-se-cayo-por-celo-carlo-brescia-en-esp\/#breadcrumb","itemListElement":[{"@type":"ListItem","position":1,"name":"Portada","item":"https:\/\/fundacionlobeliana.org\/"},{"@type":"ListItem","position":2,"name":"Tienda","item":"https:\/\/fundacionlobeliana.org\/tienda\/"},{"@type":"ListItem","position":3,"name":"2.- Simposio Psicon\u00e1uta: Utop\u00eda y Ebriedad: La coca dice que el cerro se cay\u00f3 por celo \u2013 Carlo Brescia (EN\/ESP)"}]},{"@type":"WebSite","@id":"https:\/\/fundacionlobeliana.org\/#website","url":"https:\/\/fundacionlobeliana.org\/","name":"Fundacion Lobeliana","description":"Organizaci\u00f3n sin fines de lucro que tiene como misi\u00f3n el rescatar, actualizar, visibilizar y hacer disponible el conocimiento acumulado hasta hoy sobre f\u00e1rmacos naturales y psicoactivos","publisher":{"@id":"https:\/\/fundacionlobeliana.org\/#organization"},"potentialAction":[{"@type":"SearchAction","target":{"@type":"EntryPoint","urlTemplate":"https:\/\/fundacionlobeliana.org\/?s={search_term_string}"},"query-input":{"@type":"PropertyValueSpecification","valueRequired":true,"valueName":"search_term_string"}}],"inLanguage":"en-GB"},{"@type":"Organization","@id":"https:\/\/fundacionlobeliana.org\/#organization","name":"Fundacion Lobeliana","url":"https:\/\/fundacionlobeliana.org\/","logo":{"@type":"ImageObject","inLanguage":"en-GB","@id":"https:\/\/fundacionlobeliana.org\/#\/schema\/logo\/image\/","url":"https:\/\/fundacionlobeliana.org\/wp-content\/uploads\/2025\/09\/logo_fundacion_lobeliana-02.png","contentUrl":"https:\/\/fundacionlobeliana.org\/wp-content\/uploads\/2025\/09\/logo_fundacion_lobeliana-02.png","width":571,"height":718,"caption":"Fundacion Lobeliana"},"image":{"@id":"https:\/\/fundacionlobeliana.org\/#\/schema\/logo\/image\/"}}]}},"_links":{"self":[{"href":"https:\/\/fundacionlobeliana.org\/en\/wp-json\/wp\/v2\/product\/22","targetHints":{"allow":["GET"]}}],"collection":[{"href":"https:\/\/fundacionlobeliana.org\/en\/wp-json\/wp\/v2\/product"}],"about":[{"href":"https:\/\/fundacionlobeliana.org\/en\/wp-json\/wp\/v2\/types\/product"}],"replies":[{"embeddable":true,"href":"https:\/\/fundacionlobeliana.org\/en\/wp-json\/wp\/v2\/comments?post=22"}],"wp:featuredmedia":[{"embeddable":true,"href":"https:\/\/fundacionlobeliana.org\/en\/wp-json\/wp\/v2\/media\/52"}],"wp:attachment":[{"href":"https:\/\/fundacionlobeliana.org\/en\/wp-json\/wp\/v2\/media?parent=22"}],"wp:term":[{"taxonomy":"product_brand","embeddable":true,"href":"https:\/\/fundacionlobeliana.org\/en\/wp-json\/wp\/v2\/product_brand?post=22"},{"taxonomy":"product_cat","embeddable":true,"href":"https:\/\/fundacionlobeliana.org\/en\/wp-json\/wp\/v2\/product_cat?post=22"},{"taxonomy":"product_tag","embeddable":true,"href":"https:\/\/fundacionlobeliana.org\/en\/wp-json\/wp\/v2\/product_tag?post=22"}],"curies":[{"name":"wp","href":"https:\/\/api.w.org\/{rel}","templated":true}]}}