{"id":23,"date":"2025-09-04T22:41:32","date_gmt":"2025-09-04T22:41:32","guid":{"rendered":"https:\/\/fundacionlobeliana.org\/?post_type=product&#038;p=23"},"modified":"2026-01-28T01:49:31","modified_gmt":"2026-01-28T01:49:31","slug":"3-simposio-psiconauta-utopia-y-ebriedad-en-la-presencia-de-los-dioses-peyote-lophophora-williamsii-en-la-vida-de-los-wixaritari-huicholes-de-mexico-stacy-schaefer-en-esp","status":"publish","type":"product","link":"https:\/\/fundacionlobeliana.org\/en\/product\/3-simposio-psiconauta-utopia-y-ebriedad-en-la-presencia-de-los-dioses-peyote-lophophora-williamsii-en-la-vida-de-los-wixaritari-huicholes-de-mexico-stacy-schaefer-en-esp\/","title":{"rendered":"3.- Simposio Psicon\u00e1uta: Utop\u00eda y Ebriedad:  En la Presencia de los Dioses: Peyote (Lophophora williamsii) en la Vida de los Wix\u00e1ritari (Huicholes) de M\u00e9xico \u2013 Stacy Schaefer (EN\/ESP)"},"content":{"rendered":"<h3>STACY SCHAEFER<br \/>\nCHARLA: \u201cEn la Presencia de los Dioses:\u00a0 Peyote\u00a0(Lophophora williamsii)\u00a0\u00a0\u00a0en la<br \/>\nVida de los Wix\u00e1ritari (Huicholes) de M\u00e9xico\u201d<br \/>\n(Espa\u00f1ol con posibilidad de doblaje en ingl\u00e9s)<br \/>\nRESE\u00d1A<\/h3>\n<p>Los Wix\u00e1ritari (indios huicholes) en las monta\u00f1as de la Sierra Madre Occidental del<br \/>\noeste de M\u00e9xico contin\u00faan practicando las antiguas tradiciones del peyote que datan de<br \/>\nla \u00e9poca precolombina. Si bien los Wix\u00e1ritari han integrado elementos del mundo<br \/>\nexterior en sus vidas, el peyote permanece en primer plano, en el centro de sus creencias<br \/>\ny pr\u00e1cticas tradicionales. Esta presentaci\u00f3n proporciona informaci\u00f3n sobre la relaci\u00f3n<br \/>\nque tienen con el peyote a lo largo de sus vidas. La influencia del peyote puede<br \/>\ncomenzar en el \u00fatero a trav\u00e9s de la ingesti\u00f3n de peyote por parte de la madre, o durante<br \/>\nla infancia a trav\u00e9s de la leche materna. El peyote tambi\u00e9n se puede consumir en la<br \/>\nni\u00f1ez, en la adolescencia como rito de iniciaci\u00f3n y durante la edad adulta. Puede ser una<br \/>\nplanta aliada que ayude a los chamanes, maestros artesanos o m\u00fasicos a aprovechar las<br \/>\nvastas dimensiones del cosmos Wix\u00e1rika. Y el peyote est\u00e1 siempre presente en el m\u00e1s<br \/>\nall\u00e1, donde las almas de los difuntos viajan al cielo sobre Wirikuta, el desierto sagrado<br \/>\ndel peyote. Las experiencias con el peyote que han tenido los Wix\u00e1ritari, y las<br \/>\ninterpretaciones que han compartido con el autor, muestran c\u00f3mo se experimenta y se<br \/>\nintegra el peyote en la vida de las personas. La literatura biom\u00e9dica sobre el<br \/>\npeyote\/mescalina y c\u00f3mo interact\u00faa con el cuerpo tambi\u00e9n se incluir\u00e1 en la discusi\u00f3n<br \/>\npara brindar una perspectiva m\u00e1s amplia para comprender esta forma de vida<br \/>\ntradicional.<br \/>\nBIOGRAF\u00cdA<br \/>\nPh.D. Profesora Em\u00e9rita en el departamento de antropolog\u00eda en California State<br \/>\nUniversity, Chico (CSUC) y ex co-directora del Museum of Anthropology (CSUC), la<br \/>\nDra. Stacy B. Schaefer ha estado realizando una investigaci\u00f3n de campo etnogr\u00e1fica con<br \/>\nlos Wix\u00e1rika (indios huicholes) de M\u00e9xico desde 1977 y miembros de la Iglesia Nativa<br \/>\nAmericana en los Estados Unidos desde 1993-2015. Su investigaci\u00f3n se ha centrado en<br \/>\nlas creencias y pr\u00e1cticas tradicionales que giran en torno al uso del cactus peyote<br \/>\n(Lophophora williamsii) y sus capacidades de alterar la conciencia. Es coeditora con<br \/>\nPeter T. Furst y colaboradora del libro\u00a0\u201cPeople of the Peyote, Huichol Indian History,<br \/>\nReligion and Survival\u201d, 1996. La Dra. Schaefer tambi\u00e9n public\u00f3 el libro\u00a0\u201cTo Think<br \/>\nWith a Good Heart: Wix\u00e1rika Women, Weavers and Chamanes\u201d, 2002, con una<br \/>\nsegunda edici\u00f3n del libro en 2015 titulado\u00a0\u201cMujeres huicholes, tejedoras y chamanes\u201d.<br \/>\nDe 1991 a 1999 fue profesora asistente y asociada en la Universidad Panamericana de<br \/>\nTexas a lo largo de la frontera entre Texas y M\u00e9xico, tiempo durante el cual realiz\u00f3 una<br \/>\nextensa investigaci\u00f3n de campo entre comerciantes de peyote mexicano-<br \/>\nestadounidenses con licencia federal y miembros de la Iglesia Nativa Estadounidense<br \/>\n(NAC). Este trabajo culmin\u00f3 con\u00a0\u201cAmada\u2019s Blessings From the Peyote Gardens of<br \/>\nSouth Texas\u201d, publicado en 2015 por University of New Mexico Press, ganador de tres<br \/>\npremios literarios en 2016. Actualmente, la Dra. Schaefer ha estado entrevistando a<br \/>\ncultivadores y comerciantes de cannabis para su investigaci\u00f3n sobre la cultura del<br \/>\ncannabis del condado de Humboldt, CA. Ella vive all\u00ed en la costa del Oc\u00e9ano Pac\u00edfico<br \/>\nentre secuoyas, helechos y rododendros con su esposo bot\u00e1nico y dos gatos<br \/>\nmaravillosos.<\/p>","protected":false},"excerpt":{"rendered":"<p>STACY SCHAEFER CHARLA: \u201cEn la Presencia de los Dioses:\u00a0 Peyote\u00a0(Lophophora williamsii)\u00a0\u00a0\u00a0en la Vida de los Wix\u00e1ritari (Huicholes) de M\u00e9xico\u201d (Espa\u00f1ol con posibilidad de doblaje en ingl\u00e9s) RESE\u00d1A Los Wix\u00e1ritari (indios huicholes) en las monta\u00f1as de la Sierra Madre Occidental del oeste de M\u00e9xico contin\u00faan practicando las antiguas tradiciones del peyote que datan de la \u00e9poca [&hellip;]<\/p>","protected":false},"featured_media":53,"comment_status":"closed","ping_status":"closed","template":"","meta":[],"product_brand":[],"product_cat":[16,27],"product_tag":[],"class_list":{"0":"post-23","1":"product","2":"type-product","3":"status-publish","4":"has-post-thumbnail","6":"product_cat-on-demand","7":"product_cat-simposios","9":"first","10":"instock","11":"sale","12":"virtual","13":"sold-individually","14":"purchasable","15":"product-type-simple"},"yoast_head":"<!-- This site is optimized with the Yoast SEO plugin v27.2 - https:\/\/yoast.com\/product\/yoast-seo-wordpress\/ -->\n<title>3.- Simposio Psicon\u00e1uta: Utop\u00eda y Ebriedad: En la Presencia de los Dioses: Peyote (Lophophora williamsii) en la Vida de los Wix\u00e1ritari (Huicholes) de M\u00e9xico \u2013 Stacy Schaefer (EN\/ESP) - Fundacion Lobeliana<\/title>\n<meta name=\"robots\" content=\"index, follow, max-snippet:-1, max-image-preview:large, max-video-preview:-1\" \/>\n<link rel=\"canonical\" href=\"https:\/\/fundacionlobeliana.org\/en\/product\/3-simposio-psiconauta-utopia-y-ebriedad-en-la-presencia-de-los-dioses-peyote-lophophora-williamsii-en-la-vida-de-los-wixaritari-huicholes-de-mexico-stacy-schaefer-en-esp\/\" \/>\n<meta property=\"og:locale\" content=\"en_GB\" \/>\n<meta property=\"og:type\" content=\"article\" \/>\n<meta property=\"og:title\" content=\"3.- Simposio Psicon\u00e1uta: Utop\u00eda y Ebriedad: En la Presencia de los Dioses: Peyote (Lophophora williamsii) en la Vida de los Wix\u00e1ritari (Huicholes) de M\u00e9xico \u2013 Stacy Schaefer (EN\/ESP) - Fundacion Lobeliana\" \/>\n<meta property=\"og:description\" content=\"STACY SCHAEFER CHARLA: \u201cEn la Presencia de los Dioses:\u00a0 Peyote\u00a0(Lophophora williamsii)\u00a0\u00a0\u00a0en la Vida de los Wix\u00e1ritari (Huicholes) de M\u00e9xico\u201d (Espa\u00f1ol con posibilidad de doblaje en ingl\u00e9s) RESE\u00d1A Los Wix\u00e1ritari (indios huicholes) en las monta\u00f1as de la Sierra Madre Occidental del oeste de M\u00e9xico contin\u00faan practicando las antiguas tradiciones del peyote que datan de la \u00e9poca [&hellip;]\" \/>\n<meta property=\"og:url\" content=\"https:\/\/fundacionlobeliana.org\/en\/product\/3-simposio-psiconauta-utopia-y-ebriedad-en-la-presencia-de-los-dioses-peyote-lophophora-williamsii-en-la-vida-de-los-wixaritari-huicholes-de-mexico-stacy-schaefer-en-esp\/\" \/>\n<meta property=\"og:site_name\" content=\"Fundacion Lobeliana\" \/>\n<meta property=\"article:modified_time\" content=\"2026-01-28T01:49:31+00:00\" \/>\n<meta property=\"og:image\" content=\"https:\/\/fundacionlobeliana.org\/wp-content\/uploads\/2025\/09\/3.jpg\" \/>\n\t<meta property=\"og:image:width\" content=\"1080\" \/>\n\t<meta property=\"og:image:height\" content=\"1080\" \/>\n\t<meta property=\"og:image:type\" content=\"image\/jpeg\" \/>\n<meta name=\"twitter:card\" content=\"summary_large_image\" \/>\n<meta name=\"twitter:label1\" content=\"Estimated reading time\" \/>\n\t<meta name=\"twitter:data1\" content=\"3 minutes\" \/>\n<script type=\"application\/ld+json\" class=\"yoast-schema-graph\">{\"@context\":\"https:\/\/schema.org\",\"@graph\":[{\"@type\":\"WebPage\",\"@id\":\"https:\/\/fundacionlobeliana.org\/producto\/3-simposio-psiconauta-utopia-y-ebriedad-en-la-presencia-de-los-dioses-peyote-lophophora-williamsii-en-la-vida-de-los-wixaritari-huicholes-de-mexico-stacy-schaefer-en-esp\/\",\"url\":\"https:\/\/fundacionlobeliana.org\/producto\/3-simposio-psiconauta-utopia-y-ebriedad-en-la-presencia-de-los-dioses-peyote-lophophora-williamsii-en-la-vida-de-los-wixaritari-huicholes-de-mexico-stacy-schaefer-en-esp\/\",\"name\":\"3.- Simposio Psicon\u00e1uta: Utop\u00eda y Ebriedad: En la Presencia de los Dioses: Peyote (Lophophora williamsii) en la Vida de los Wix\u00e1ritari (Huicholes) de M\u00e9xico \u2013 Stacy Schaefer (EN\/ESP) - Fundacion Lobeliana\",\"isPartOf\":{\"@id\":\"https:\/\/fundacionlobeliana.org\/#website\"},\"primaryImageOfPage\":{\"@id\":\"https:\/\/fundacionlobeliana.org\/producto\/3-simposio-psiconauta-utopia-y-ebriedad-en-la-presencia-de-los-dioses-peyote-lophophora-williamsii-en-la-vida-de-los-wixaritari-huicholes-de-mexico-stacy-schaefer-en-esp\/#primaryimage\"},\"image\":{\"@id\":\"https:\/\/fundacionlobeliana.org\/producto\/3-simposio-psiconauta-utopia-y-ebriedad-en-la-presencia-de-los-dioses-peyote-lophophora-williamsii-en-la-vida-de-los-wixaritari-huicholes-de-mexico-stacy-schaefer-en-esp\/#primaryimage\"},\"thumbnailUrl\":\"https:\/\/fundacionlobeliana.org\/wp-content\/uploads\/2025\/09\/3.jpg\",\"datePublished\":\"2025-09-04T22:41:32+00:00\",\"dateModified\":\"2026-01-28T01:49:31+00:00\",\"breadcrumb\":{\"@id\":\"https:\/\/fundacionlobeliana.org\/producto\/3-simposio-psiconauta-utopia-y-ebriedad-en-la-presencia-de-los-dioses-peyote-lophophora-williamsii-en-la-vida-de-los-wixaritari-huicholes-de-mexico-stacy-schaefer-en-esp\/#breadcrumb\"},\"inLanguage\":\"en-GB\",\"potentialAction\":[{\"@type\":\"ReadAction\",\"target\":[\"https:\/\/fundacionlobeliana.org\/producto\/3-simposio-psiconauta-utopia-y-ebriedad-en-la-presencia-de-los-dioses-peyote-lophophora-williamsii-en-la-vida-de-los-wixaritari-huicholes-de-mexico-stacy-schaefer-en-esp\/\"]}]},{\"@type\":\"ImageObject\",\"inLanguage\":\"en-GB\",\"@id\":\"https:\/\/fundacionlobeliana.org\/producto\/3-simposio-psiconauta-utopia-y-ebriedad-en-la-presencia-de-los-dioses-peyote-lophophora-williamsii-en-la-vida-de-los-wixaritari-huicholes-de-mexico-stacy-schaefer-en-esp\/#primaryimage\",\"url\":\"https:\/\/fundacionlobeliana.org\/wp-content\/uploads\/2025\/09\/3.jpg\",\"contentUrl\":\"https:\/\/fundacionlobeliana.org\/wp-content\/uploads\/2025\/09\/3.jpg\",\"width\":1080,\"height\":1080},{\"@type\":\"BreadcrumbList\",\"@id\":\"https:\/\/fundacionlobeliana.org\/producto\/3-simposio-psiconauta-utopia-y-ebriedad-en-la-presencia-de-los-dioses-peyote-lophophora-williamsii-en-la-vida-de-los-wixaritari-huicholes-de-mexico-stacy-schaefer-en-esp\/#breadcrumb\",\"itemListElement\":[{\"@type\":\"ListItem\",\"position\":1,\"name\":\"Portada\",\"item\":\"https:\/\/fundacionlobeliana.org\/\"},{\"@type\":\"ListItem\",\"position\":2,\"name\":\"Tienda\",\"item\":\"https:\/\/fundacionlobeliana.org\/tienda\/\"},{\"@type\":\"ListItem\",\"position\":3,\"name\":\"3.- Simposio Psicon\u00e1uta: Utop\u00eda y Ebriedad: En la Presencia de los Dioses: Peyote (Lophophora williamsii) en la Vida de los Wix\u00e1ritari (Huicholes) de M\u00e9xico \u2013 Stacy Schaefer (EN\/ESP)\"}]},{\"@type\":\"WebSite\",\"@id\":\"https:\/\/fundacionlobeliana.org\/#website\",\"url\":\"https:\/\/fundacionlobeliana.org\/\",\"name\":\"Fundacion Lobeliana\",\"description\":\"Organizaci\u00f3n sin fines de lucro que tiene como misi\u00f3n el rescatar, actualizar, visibilizar y hacer disponible el conocimiento acumulado hasta hoy sobre f\u00e1rmacos naturales y psicoactivos\",\"publisher\":{\"@id\":\"https:\/\/fundacionlobeliana.org\/#organization\"},\"potentialAction\":[{\"@type\":\"SearchAction\",\"target\":{\"@type\":\"EntryPoint\",\"urlTemplate\":\"https:\/\/fundacionlobeliana.org\/?s={search_term_string}\"},\"query-input\":{\"@type\":\"PropertyValueSpecification\",\"valueRequired\":true,\"valueName\":\"search_term_string\"}}],\"inLanguage\":\"en-GB\"},{\"@type\":\"Organization\",\"@id\":\"https:\/\/fundacionlobeliana.org\/#organization\",\"name\":\"Fundacion Lobeliana\",\"url\":\"https:\/\/fundacionlobeliana.org\/\",\"logo\":{\"@type\":\"ImageObject\",\"inLanguage\":\"en-GB\",\"@id\":\"https:\/\/fundacionlobeliana.org\/#\/schema\/logo\/image\/\",\"url\":\"https:\/\/fundacionlobeliana.org\/wp-content\/uploads\/2025\/09\/logo_fundacion_lobeliana-02.png\",\"contentUrl\":\"https:\/\/fundacionlobeliana.org\/wp-content\/uploads\/2025\/09\/logo_fundacion_lobeliana-02.png\",\"width\":571,\"height\":718,\"caption\":\"Fundacion Lobeliana\"},\"image\":{\"@id\":\"https:\/\/fundacionlobeliana.org\/#\/schema\/logo\/image\/\"}}]}<\/script>\n<!-- \/ Yoast SEO plugin. -->","yoast_head_json":{"title":"3.- Simposio Psicon\u00e1uta: Utop\u00eda y Ebriedad: En la Presencia de los Dioses: Peyote (Lophophora williamsii) en la Vida de los Wix\u00e1ritari (Huicholes) de M\u00e9xico \u2013 Stacy Schaefer (EN\/ESP) - Fundacion Lobeliana","robots":{"index":"index","follow":"follow","max-snippet":"max-snippet:-1","max-image-preview":"max-image-preview:large","max-video-preview":"max-video-preview:-1"},"canonical":"https:\/\/fundacionlobeliana.org\/en\/product\/3-simposio-psiconauta-utopia-y-ebriedad-en-la-presencia-de-los-dioses-peyote-lophophora-williamsii-en-la-vida-de-los-wixaritari-huicholes-de-mexico-stacy-schaefer-en-esp\/","og_locale":"en_GB","og_type":"article","og_title":"3.- Simposio Psicon\u00e1uta: Utop\u00eda y Ebriedad: En la Presencia de los Dioses: Peyote (Lophophora williamsii) en la Vida de los Wix\u00e1ritari (Huicholes) de M\u00e9xico \u2013 Stacy Schaefer (EN\/ESP) - Fundacion Lobeliana","og_description":"STACY SCHAEFER CHARLA: \u201cEn la Presencia de los Dioses:\u00a0 Peyote\u00a0(Lophophora williamsii)\u00a0\u00a0\u00a0en la Vida de los Wix\u00e1ritari (Huicholes) de M\u00e9xico\u201d (Espa\u00f1ol con posibilidad de doblaje en ingl\u00e9s) RESE\u00d1A Los Wix\u00e1ritari (indios huicholes) en las monta\u00f1as de la Sierra Madre Occidental del oeste de M\u00e9xico contin\u00faan practicando las antiguas tradiciones del peyote que datan de la \u00e9poca [&hellip;]","og_url":"https:\/\/fundacionlobeliana.org\/en\/product\/3-simposio-psiconauta-utopia-y-ebriedad-en-la-presencia-de-los-dioses-peyote-lophophora-williamsii-en-la-vida-de-los-wixaritari-huicholes-de-mexico-stacy-schaefer-en-esp\/","og_site_name":"Fundacion Lobeliana","article_modified_time":"2026-01-28T01:49:31+00:00","og_image":[{"width":1080,"height":1080,"url":"https:\/\/fundacionlobeliana.org\/wp-content\/uploads\/2025\/09\/3.jpg","type":"image\/jpeg"}],"twitter_card":"summary_large_image","twitter_misc":{"Estimated reading time":"3 minutes"},"schema":{"@context":"https:\/\/schema.org","@graph":[{"@type":"WebPage","@id":"https:\/\/fundacionlobeliana.org\/producto\/3-simposio-psiconauta-utopia-y-ebriedad-en-la-presencia-de-los-dioses-peyote-lophophora-williamsii-en-la-vida-de-los-wixaritari-huicholes-de-mexico-stacy-schaefer-en-esp\/","url":"https:\/\/fundacionlobeliana.org\/producto\/3-simposio-psiconauta-utopia-y-ebriedad-en-la-presencia-de-los-dioses-peyote-lophophora-williamsii-en-la-vida-de-los-wixaritari-huicholes-de-mexico-stacy-schaefer-en-esp\/","name":"3.- Simposio Psicon\u00e1uta: Utop\u00eda y Ebriedad: En la Presencia de los Dioses: Peyote (Lophophora williamsii) en la Vida de los Wix\u00e1ritari (Huicholes) de M\u00e9xico \u2013 Stacy Schaefer (EN\/ESP) - Fundacion Lobeliana","isPartOf":{"@id":"https:\/\/fundacionlobeliana.org\/#website"},"primaryImageOfPage":{"@id":"https:\/\/fundacionlobeliana.org\/producto\/3-simposio-psiconauta-utopia-y-ebriedad-en-la-presencia-de-los-dioses-peyote-lophophora-williamsii-en-la-vida-de-los-wixaritari-huicholes-de-mexico-stacy-schaefer-en-esp\/#primaryimage"},"image":{"@id":"https:\/\/fundacionlobeliana.org\/producto\/3-simposio-psiconauta-utopia-y-ebriedad-en-la-presencia-de-los-dioses-peyote-lophophora-williamsii-en-la-vida-de-los-wixaritari-huicholes-de-mexico-stacy-schaefer-en-esp\/#primaryimage"},"thumbnailUrl":"https:\/\/fundacionlobeliana.org\/wp-content\/uploads\/2025\/09\/3.jpg","datePublished":"2025-09-04T22:41:32+00:00","dateModified":"2026-01-28T01:49:31+00:00","breadcrumb":{"@id":"https:\/\/fundacionlobeliana.org\/producto\/3-simposio-psiconauta-utopia-y-ebriedad-en-la-presencia-de-los-dioses-peyote-lophophora-williamsii-en-la-vida-de-los-wixaritari-huicholes-de-mexico-stacy-schaefer-en-esp\/#breadcrumb"},"inLanguage":"en-GB","potentialAction":[{"@type":"ReadAction","target":["https:\/\/fundacionlobeliana.org\/producto\/3-simposio-psiconauta-utopia-y-ebriedad-en-la-presencia-de-los-dioses-peyote-lophophora-williamsii-en-la-vida-de-los-wixaritari-huicholes-de-mexico-stacy-schaefer-en-esp\/"]}]},{"@type":"ImageObject","inLanguage":"en-GB","@id":"https:\/\/fundacionlobeliana.org\/producto\/3-simposio-psiconauta-utopia-y-ebriedad-en-la-presencia-de-los-dioses-peyote-lophophora-williamsii-en-la-vida-de-los-wixaritari-huicholes-de-mexico-stacy-schaefer-en-esp\/#primaryimage","url":"https:\/\/fundacionlobeliana.org\/wp-content\/uploads\/2025\/09\/3.jpg","contentUrl":"https:\/\/fundacionlobeliana.org\/wp-content\/uploads\/2025\/09\/3.jpg","width":1080,"height":1080},{"@type":"BreadcrumbList","@id":"https:\/\/fundacionlobeliana.org\/producto\/3-simposio-psiconauta-utopia-y-ebriedad-en-la-presencia-de-los-dioses-peyote-lophophora-williamsii-en-la-vida-de-los-wixaritari-huicholes-de-mexico-stacy-schaefer-en-esp\/#breadcrumb","itemListElement":[{"@type":"ListItem","position":1,"name":"Portada","item":"https:\/\/fundacionlobeliana.org\/"},{"@type":"ListItem","position":2,"name":"Tienda","item":"https:\/\/fundacionlobeliana.org\/tienda\/"},{"@type":"ListItem","position":3,"name":"3.- Simposio Psicon\u00e1uta: Utop\u00eda y Ebriedad: En la Presencia de los Dioses: Peyote (Lophophora williamsii) en la Vida de los Wix\u00e1ritari (Huicholes) de M\u00e9xico \u2013 Stacy Schaefer (EN\/ESP)"}]},{"@type":"WebSite","@id":"https:\/\/fundacionlobeliana.org\/#website","url":"https:\/\/fundacionlobeliana.org\/","name":"Fundacion Lobeliana","description":"Organizaci\u00f3n sin fines de lucro que tiene como misi\u00f3n el rescatar, actualizar, visibilizar y hacer disponible el conocimiento acumulado hasta hoy sobre f\u00e1rmacos naturales y psicoactivos","publisher":{"@id":"https:\/\/fundacionlobeliana.org\/#organization"},"potentialAction":[{"@type":"SearchAction","target":{"@type":"EntryPoint","urlTemplate":"https:\/\/fundacionlobeliana.org\/?s={search_term_string}"},"query-input":{"@type":"PropertyValueSpecification","valueRequired":true,"valueName":"search_term_string"}}],"inLanguage":"en-GB"},{"@type":"Organization","@id":"https:\/\/fundacionlobeliana.org\/#organization","name":"Fundacion Lobeliana","url":"https:\/\/fundacionlobeliana.org\/","logo":{"@type":"ImageObject","inLanguage":"en-GB","@id":"https:\/\/fundacionlobeliana.org\/#\/schema\/logo\/image\/","url":"https:\/\/fundacionlobeliana.org\/wp-content\/uploads\/2025\/09\/logo_fundacion_lobeliana-02.png","contentUrl":"https:\/\/fundacionlobeliana.org\/wp-content\/uploads\/2025\/09\/logo_fundacion_lobeliana-02.png","width":571,"height":718,"caption":"Fundacion Lobeliana"},"image":{"@id":"https:\/\/fundacionlobeliana.org\/#\/schema\/logo\/image\/"}}]}},"_links":{"self":[{"href":"https:\/\/fundacionlobeliana.org\/en\/wp-json\/wp\/v2\/product\/23","targetHints":{"allow":["GET"]}}],"collection":[{"href":"https:\/\/fundacionlobeliana.org\/en\/wp-json\/wp\/v2\/product"}],"about":[{"href":"https:\/\/fundacionlobeliana.org\/en\/wp-json\/wp\/v2\/types\/product"}],"replies":[{"embeddable":true,"href":"https:\/\/fundacionlobeliana.org\/en\/wp-json\/wp\/v2\/comments?post=23"}],"wp:featuredmedia":[{"embeddable":true,"href":"https:\/\/fundacionlobeliana.org\/en\/wp-json\/wp\/v2\/media\/53"}],"wp:attachment":[{"href":"https:\/\/fundacionlobeliana.org\/en\/wp-json\/wp\/v2\/media?parent=23"}],"wp:term":[{"taxonomy":"product_brand","embeddable":true,"href":"https:\/\/fundacionlobeliana.org\/en\/wp-json\/wp\/v2\/product_brand?post=23"},{"taxonomy":"product_cat","embeddable":true,"href":"https:\/\/fundacionlobeliana.org\/en\/wp-json\/wp\/v2\/product_cat?post=23"},{"taxonomy":"product_tag","embeddable":true,"href":"https:\/\/fundacionlobeliana.org\/en\/wp-json\/wp\/v2\/product_tag?post=23"}],"curies":[{"name":"wp","href":"https:\/\/api.w.org\/{rel}","templated":true}]}}