{"id":24,"date":"2025-09-04T22:41:32","date_gmt":"2025-09-04T22:41:32","guid":{"rendered":"https:\/\/fundacionlobeliana.org\/?post_type=product&#038;p=24"},"modified":"2026-01-28T01:49:31","modified_gmt":"2026-01-28T01:49:31","slug":"4-simposio-psiconauta-utopia-y-ebriedad-animismo-el-resurgir-de-un-paradigma-ancestral-en-el-mundo-contemporaneo-luis-eduardo-luna-en-esp","status":"publish","type":"product","link":"https:\/\/fundacionlobeliana.org\/en\/product\/4-simposio-psiconauta-utopia-y-ebriedad-animismo-el-resurgir-de-un-paradigma-ancestral-en-el-mundo-contemporaneo-luis-eduardo-luna-en-esp\/","title":{"rendered":"4.- Simposio Psicon\u00e1uta: Utop\u00eda y Ebriedad &#8211; Animismo: el Resurgir de un Paradigma Ancestral en el Mundo Contempor\u00e1neo \u2013 Luis Eduardo Luna (EN\/ESP)"},"content":{"rendered":"<h3><b>LUIS EDUARDO LUNA<\/b><\/h3>\n<h3><\/h3>\n<p><b>CHARLA: \u201cAnimismo: el Resurgir de un Paradigma Ancestral en el Mundo Contempor\u00e1neo.\u201d<\/b><\/p>\n<p><span style=\"font-weight: 400;\">(Espa\u00f1ol con posibilidad de doblaje en ingl\u00e9s)<\/span><\/p>\n<p><b>RESE\u00d1A<\/b><\/p>\n<p><span style=\"font-weight: 400;\">En esta charla, se analiza la necesidad de una b\u00fasqueda tanto hacia el pasado como hacia aquellas sociedades que han conservado cosmovisiones alternativas, como el animismo. En un momento de tanto desconcierto en nuestro mundo globalizado, con los m\u00faltiples problemas que nos aquejan, desde la r\u00e1pida desaparici\u00f3n de gran parte de las especies de plantas, animales y fungos de nuestro planeta, hasta la constante amenaza de una guerra nuclear, problemas todos quiz\u00e1s derivados de una visi\u00f3n del mundo marcadamente mecanicista, se hace necesaria una b\u00fasqueda tanto hacia el pasado como hacia aquellas sociedades que han conservado cosmovisiones alternativas, como el animismo. El animismo, que no es ni filosof\u00eda ni religi\u00f3n, est\u00e1 basado en la interrelaci\u00f3n directa con las diversas manifestaciones de lo que llamamos naturaleza. Reconoce la existencia de personas no-humanas, tanto entre los m\u00faltiples seres bi\u00f3ticos, como en fen\u00f3menos geol\u00f3gicos (volcanes, lagos, r\u00edos, glaciales) o meteorol\u00f3gicos (tormentas, rayos, vientos, inundaciones, sequ\u00edas). Por otro lado, cient\u00edficos especializados en el estudio de la inteligencia animal y vegetal, nos est\u00e1n asombrando con sus descubrimientos sobre la complejidad y variedad de la cognici\u00f3n de especies no humanas, de modo que es posible reconocer la existencia de una cierta convergencia entre estos dos acercamientos al mundo natural. Paralelamente algunos fil\u00f3sofos se preguntan si la \u00fanica manera de superar el dualismo cartesiano y llegar a un cierto entendimiento de lo que es la conciencia, no ser\u00eda la aceptaci\u00f3n de alg\u00fan tipo de pansiquismo, incluyendo la idea de la primac\u00eda de lo mental sobre lo material. Explicitar\u00e9 aqu\u00ed algunos ejemplos de animismo, especialmente relacionados con el uso de plantas sagradas como la yakoana (Virola elongata), el peyote o la ayahuasca, indicar\u00e9 algunos estudios sobre inteligencia animal y vegetal, y finalmente presentar\u00e9 las reflexiones de algunos fil\u00f3sofos que se han ocupado de la problem\u00e1tica de la conciencia.<\/span><\/p>\n<p><b>BIOGRAF\u00cdA<\/b><\/p>\n<p><span style=\"font-weight: 400;\">Naci\u00f3 en Florencia, en la regi\u00f3n amaz\u00f3nica colombiana (1947). Estudi\u00f3 Filosof\u00eda y Letras en la Universidad Complutense de Madrid, obtuvo una maestr\u00eda interdisciplinaria mientras ense\u00f1aba literatura espa\u00f1ola y latinoamericana en el Departamento de Lenguas Rom\u00e1nicas de la Universidad de Oslo. Es ex profesor titular de la Escuela Sueca de Econom\u00eda, Helsinki, Finlandia, de donde se jubil\u00f3 en 2011, y ex profesor de Antropolog\u00eda en la Universidad Federal de Santa Catarina, Brasil (1994-1998). Recibi\u00f3 un doctorado. del Instituto de Religi\u00f3n Comparada de la Universidad de Estocolmo (1989) y un doctorado honorario de la Universidad de St. Lawrence, Canton, Nueva York (2000). Actualmente es Investigador Honorario del Departamento de Filosof\u00eda, Antropolog\u00eda y Sociolog\u00eda de la Universidad de Exeter, Inglaterra.<\/span><\/p>\n<p><span style=\"font-weight: 400;\">Luna recibi\u00f3 una beca de la Fundaci\u00f3n Guggenheim para el estudio de la Amazon\u00eda de Per\u00fa, y es miembro de la Sociedad de Lineo de Londres. Es autor de\u00a0<\/span><i><span style=\"font-weight: 400;\">Vegetalismo: Shamanism Among the Mestizo Population of the Peruvian Amazon<\/span><\/i><span style=\"font-weight: 400;\">\u00a0(1986), y con Pablo Amaringo de\u00a0<\/span><i><span style=\"font-weight: 400;\">Ayahuasca Visions: The Religion Iconography of a Peruvian Shaman<\/span><\/i><span style=\"font-weight: 400;\">\u00a0(1991). Es coeditor con Steven F. White de\u00a0<\/span><i><span style=\"font-weight: 400;\">Ayahuasca Reader: Encounters with the Amazon\u2019s Sacred Vine<\/span><\/i><span style=\"font-weight: 400;\">\u00a0(2000, con una nueva edici\u00f3n revisada en 2016), y coautor con Rick Strassman, Slawek Wojtowicz y Ede Frecska de\u00a0<\/span><i><span style=\"font-weight: 400;\">Inner Paths to Outer Space: Journeys Through Psychedelics and Other Spiritual Technologies.\u00a0<\/span><\/i><span style=\"font-weight: 400;\">En 1986 fund\u00f3 con Pablo Amaringo la Escuela Amaz\u00f3nica de Pintura Usko-Ayar de Pucallpa, Per\u00fa, de la que fue Director de Exposiciones Internacionales hasta 1994. Ha dictado conferencias sobre chamanismo amaz\u00f3nico y estados modificados de conciencia en todo el mundo, y ha curado exposiciones de arte visionario en varios pa\u00edses. Luis Eduardo Luna es el Director de Wasiwaska <\/span><span style=\"font-weight: 400;\">Research Center, Centro de Pesquisa Sobre Plantas Psicointegradoras, Arte Visionario e Consciencia, Florian\u00f3polis, Brasil. Investigador en el Departamento de Sociolog\u00eda, Filosof\u00eda y Antropolog\u00eda de la Universidad de Exeter.<\/span><\/p>","protected":false},"excerpt":{"rendered":"<p>LUIS EDUARDO LUNA CHARLA: \u201cAnimismo: el Resurgir de un Paradigma Ancestral en el Mundo Contempor\u00e1neo.\u201d (Espa\u00f1ol con posibilidad de doblaje en ingl\u00e9s) RESE\u00d1A En esta charla, se analiza la necesidad de una b\u00fasqueda tanto hacia el pasado como hacia aquellas sociedades que han conservado cosmovisiones alternativas, como el animismo. En un momento de tanto desconcierto [&hellip;]<\/p>","protected":false},"featured_media":54,"comment_status":"closed","ping_status":"closed","template":"","meta":[],"product_brand":[],"product_cat":[16,27],"product_tag":[],"class_list":{"0":"post-24","1":"product","2":"type-product","3":"status-publish","4":"has-post-thumbnail","6":"product_cat-on-demand","7":"product_cat-simposios","9":"first","10":"instock","11":"sale","12":"virtual","13":"sold-individually","14":"purchasable","15":"product-type-simple"},"yoast_head":"<!-- This site is optimized with the Yoast SEO plugin v27.2 - https:\/\/yoast.com\/product\/yoast-seo-wordpress\/ -->\n<title>4.- Simposio Psicon\u00e1uta: Utop\u00eda y Ebriedad - Animismo: el Resurgir de un Paradigma Ancestral en el Mundo Contempor\u00e1neo \u2013 Luis Eduardo Luna (EN\/ESP) - Fundacion Lobeliana<\/title>\n<meta name=\"robots\" content=\"index, follow, max-snippet:-1, max-image-preview:large, max-video-preview:-1\" \/>\n<link rel=\"canonical\" href=\"https:\/\/fundacionlobeliana.org\/en\/product\/4-simposio-psiconauta-utopia-y-ebriedad-animismo-el-resurgir-de-un-paradigma-ancestral-en-el-mundo-contemporaneo-luis-eduardo-luna-en-esp\/\" \/>\n<meta property=\"og:locale\" content=\"en_GB\" \/>\n<meta property=\"og:type\" content=\"article\" \/>\n<meta property=\"og:title\" content=\"4.- Simposio Psicon\u00e1uta: Utop\u00eda y Ebriedad - Animismo: el Resurgir de un Paradigma Ancestral en el Mundo Contempor\u00e1neo \u2013 Luis Eduardo Luna (EN\/ESP) - Fundacion Lobeliana\" \/>\n<meta property=\"og:description\" content=\"LUIS EDUARDO LUNA CHARLA: \u201cAnimismo: el Resurgir de un Paradigma Ancestral en el Mundo Contempor\u00e1neo.\u201d (Espa\u00f1ol con posibilidad de doblaje en ingl\u00e9s) RESE\u00d1A En esta charla, se analiza la necesidad de una b\u00fasqueda tanto hacia el pasado como hacia aquellas sociedades que han conservado cosmovisiones alternativas, como el animismo. En un momento de tanto desconcierto [&hellip;]\" \/>\n<meta property=\"og:url\" content=\"https:\/\/fundacionlobeliana.org\/en\/product\/4-simposio-psiconauta-utopia-y-ebriedad-animismo-el-resurgir-de-un-paradigma-ancestral-en-el-mundo-contemporaneo-luis-eduardo-luna-en-esp\/\" \/>\n<meta property=\"og:site_name\" content=\"Fundacion Lobeliana\" \/>\n<meta property=\"article:modified_time\" content=\"2026-01-28T01:49:31+00:00\" \/>\n<meta property=\"og:image\" content=\"https:\/\/fundacionlobeliana.org\/wp-content\/uploads\/2025\/09\/4.jpg\" \/>\n\t<meta property=\"og:image:width\" content=\"1080\" \/>\n\t<meta property=\"og:image:height\" content=\"1080\" \/>\n\t<meta property=\"og:image:type\" content=\"image\/jpeg\" \/>\n<meta name=\"twitter:card\" content=\"summary_large_image\" \/>\n<meta name=\"twitter:label1\" content=\"Estimated reading time\" \/>\n\t<meta name=\"twitter:data1\" content=\"3 minutes\" \/>\n<script type=\"application\/ld+json\" class=\"yoast-schema-graph\">{\"@context\":\"https:\/\/schema.org\",\"@graph\":[{\"@type\":\"WebPage\",\"@id\":\"https:\/\/fundacionlobeliana.org\/producto\/4-simposio-psiconauta-utopia-y-ebriedad-animismo-el-resurgir-de-un-paradigma-ancestral-en-el-mundo-contemporaneo-luis-eduardo-luna-en-esp\/\",\"url\":\"https:\/\/fundacionlobeliana.org\/producto\/4-simposio-psiconauta-utopia-y-ebriedad-animismo-el-resurgir-de-un-paradigma-ancestral-en-el-mundo-contemporaneo-luis-eduardo-luna-en-esp\/\",\"name\":\"4.- Simposio Psicon\u00e1uta: Utop\u00eda y Ebriedad - Animismo: el Resurgir de un Paradigma Ancestral en el Mundo Contempor\u00e1neo \u2013 Luis Eduardo Luna (EN\/ESP) - Fundacion Lobeliana\",\"isPartOf\":{\"@id\":\"https:\/\/fundacionlobeliana.org\/#website\"},\"primaryImageOfPage\":{\"@id\":\"https:\/\/fundacionlobeliana.org\/producto\/4-simposio-psiconauta-utopia-y-ebriedad-animismo-el-resurgir-de-un-paradigma-ancestral-en-el-mundo-contemporaneo-luis-eduardo-luna-en-esp\/#primaryimage\"},\"image\":{\"@id\":\"https:\/\/fundacionlobeliana.org\/producto\/4-simposio-psiconauta-utopia-y-ebriedad-animismo-el-resurgir-de-un-paradigma-ancestral-en-el-mundo-contemporaneo-luis-eduardo-luna-en-esp\/#primaryimage\"},\"thumbnailUrl\":\"https:\/\/fundacionlobeliana.org\/wp-content\/uploads\/2025\/09\/4.jpg\",\"datePublished\":\"2025-09-04T22:41:32+00:00\",\"dateModified\":\"2026-01-28T01:49:31+00:00\",\"breadcrumb\":{\"@id\":\"https:\/\/fundacionlobeliana.org\/producto\/4-simposio-psiconauta-utopia-y-ebriedad-animismo-el-resurgir-de-un-paradigma-ancestral-en-el-mundo-contemporaneo-luis-eduardo-luna-en-esp\/#breadcrumb\"},\"inLanguage\":\"en-GB\",\"potentialAction\":[{\"@type\":\"ReadAction\",\"target\":[\"https:\/\/fundacionlobeliana.org\/producto\/4-simposio-psiconauta-utopia-y-ebriedad-animismo-el-resurgir-de-un-paradigma-ancestral-en-el-mundo-contemporaneo-luis-eduardo-luna-en-esp\/\"]}]},{\"@type\":\"ImageObject\",\"inLanguage\":\"en-GB\",\"@id\":\"https:\/\/fundacionlobeliana.org\/producto\/4-simposio-psiconauta-utopia-y-ebriedad-animismo-el-resurgir-de-un-paradigma-ancestral-en-el-mundo-contemporaneo-luis-eduardo-luna-en-esp\/#primaryimage\",\"url\":\"https:\/\/fundacionlobeliana.org\/wp-content\/uploads\/2025\/09\/4.jpg\",\"contentUrl\":\"https:\/\/fundacionlobeliana.org\/wp-content\/uploads\/2025\/09\/4.jpg\",\"width\":1080,\"height\":1080},{\"@type\":\"BreadcrumbList\",\"@id\":\"https:\/\/fundacionlobeliana.org\/producto\/4-simposio-psiconauta-utopia-y-ebriedad-animismo-el-resurgir-de-un-paradigma-ancestral-en-el-mundo-contemporaneo-luis-eduardo-luna-en-esp\/#breadcrumb\",\"itemListElement\":[{\"@type\":\"ListItem\",\"position\":1,\"name\":\"Portada\",\"item\":\"https:\/\/fundacionlobeliana.org\/\"},{\"@type\":\"ListItem\",\"position\":2,\"name\":\"Tienda\",\"item\":\"https:\/\/fundacionlobeliana.org\/tienda\/\"},{\"@type\":\"ListItem\",\"position\":3,\"name\":\"4.- Simposio Psicon\u00e1uta: Utop\u00eda y Ebriedad &#8211; Animismo: el Resurgir de un Paradigma Ancestral en el Mundo Contempor\u00e1neo \u2013 Luis Eduardo Luna (EN\/ESP)\"}]},{\"@type\":\"WebSite\",\"@id\":\"https:\/\/fundacionlobeliana.org\/#website\",\"url\":\"https:\/\/fundacionlobeliana.org\/\",\"name\":\"Fundacion Lobeliana\",\"description\":\"Organizaci\u00f3n sin fines de lucro que tiene como misi\u00f3n el rescatar, actualizar, visibilizar y hacer disponible el conocimiento acumulado hasta hoy sobre f\u00e1rmacos naturales y psicoactivos\",\"publisher\":{\"@id\":\"https:\/\/fundacionlobeliana.org\/#organization\"},\"potentialAction\":[{\"@type\":\"SearchAction\",\"target\":{\"@type\":\"EntryPoint\",\"urlTemplate\":\"https:\/\/fundacionlobeliana.org\/?s={search_term_string}\"},\"query-input\":{\"@type\":\"PropertyValueSpecification\",\"valueRequired\":true,\"valueName\":\"search_term_string\"}}],\"inLanguage\":\"en-GB\"},{\"@type\":\"Organization\",\"@id\":\"https:\/\/fundacionlobeliana.org\/#organization\",\"name\":\"Fundacion Lobeliana\",\"url\":\"https:\/\/fundacionlobeliana.org\/\",\"logo\":{\"@type\":\"ImageObject\",\"inLanguage\":\"en-GB\",\"@id\":\"https:\/\/fundacionlobeliana.org\/#\/schema\/logo\/image\/\",\"url\":\"https:\/\/fundacionlobeliana.org\/wp-content\/uploads\/2025\/09\/logo_fundacion_lobeliana-02.png\",\"contentUrl\":\"https:\/\/fundacionlobeliana.org\/wp-content\/uploads\/2025\/09\/logo_fundacion_lobeliana-02.png\",\"width\":571,\"height\":718,\"caption\":\"Fundacion Lobeliana\"},\"image\":{\"@id\":\"https:\/\/fundacionlobeliana.org\/#\/schema\/logo\/image\/\"}}]}<\/script>\n<!-- \/ Yoast SEO plugin. -->","yoast_head_json":{"title":"4.- Simposio Psicon\u00e1uta: Utop\u00eda y Ebriedad - Animismo: el Resurgir de un Paradigma Ancestral en el Mundo Contempor\u00e1neo \u2013 Luis Eduardo Luna (EN\/ESP) - Fundacion Lobeliana","robots":{"index":"index","follow":"follow","max-snippet":"max-snippet:-1","max-image-preview":"max-image-preview:large","max-video-preview":"max-video-preview:-1"},"canonical":"https:\/\/fundacionlobeliana.org\/en\/product\/4-simposio-psiconauta-utopia-y-ebriedad-animismo-el-resurgir-de-un-paradigma-ancestral-en-el-mundo-contemporaneo-luis-eduardo-luna-en-esp\/","og_locale":"en_GB","og_type":"article","og_title":"4.- Simposio Psicon\u00e1uta: Utop\u00eda y Ebriedad - Animismo: el Resurgir de un Paradigma Ancestral en el Mundo Contempor\u00e1neo \u2013 Luis Eduardo Luna (EN\/ESP) - Fundacion Lobeliana","og_description":"LUIS EDUARDO LUNA CHARLA: \u201cAnimismo: el Resurgir de un Paradigma Ancestral en el Mundo Contempor\u00e1neo.\u201d (Espa\u00f1ol con posibilidad de doblaje en ingl\u00e9s) RESE\u00d1A En esta charla, se analiza la necesidad de una b\u00fasqueda tanto hacia el pasado como hacia aquellas sociedades que han conservado cosmovisiones alternativas, como el animismo. En un momento de tanto desconcierto [&hellip;]","og_url":"https:\/\/fundacionlobeliana.org\/en\/product\/4-simposio-psiconauta-utopia-y-ebriedad-animismo-el-resurgir-de-un-paradigma-ancestral-en-el-mundo-contemporaneo-luis-eduardo-luna-en-esp\/","og_site_name":"Fundacion Lobeliana","article_modified_time":"2026-01-28T01:49:31+00:00","og_image":[{"width":1080,"height":1080,"url":"https:\/\/fundacionlobeliana.org\/wp-content\/uploads\/2025\/09\/4.jpg","type":"image\/jpeg"}],"twitter_card":"summary_large_image","twitter_misc":{"Estimated reading time":"3 minutes"},"schema":{"@context":"https:\/\/schema.org","@graph":[{"@type":"WebPage","@id":"https:\/\/fundacionlobeliana.org\/producto\/4-simposio-psiconauta-utopia-y-ebriedad-animismo-el-resurgir-de-un-paradigma-ancestral-en-el-mundo-contemporaneo-luis-eduardo-luna-en-esp\/","url":"https:\/\/fundacionlobeliana.org\/producto\/4-simposio-psiconauta-utopia-y-ebriedad-animismo-el-resurgir-de-un-paradigma-ancestral-en-el-mundo-contemporaneo-luis-eduardo-luna-en-esp\/","name":"4.- Simposio Psicon\u00e1uta: Utop\u00eda y Ebriedad - Animismo: el Resurgir de un Paradigma Ancestral en el Mundo Contempor\u00e1neo \u2013 Luis Eduardo Luna (EN\/ESP) - Fundacion Lobeliana","isPartOf":{"@id":"https:\/\/fundacionlobeliana.org\/#website"},"primaryImageOfPage":{"@id":"https:\/\/fundacionlobeliana.org\/producto\/4-simposio-psiconauta-utopia-y-ebriedad-animismo-el-resurgir-de-un-paradigma-ancestral-en-el-mundo-contemporaneo-luis-eduardo-luna-en-esp\/#primaryimage"},"image":{"@id":"https:\/\/fundacionlobeliana.org\/producto\/4-simposio-psiconauta-utopia-y-ebriedad-animismo-el-resurgir-de-un-paradigma-ancestral-en-el-mundo-contemporaneo-luis-eduardo-luna-en-esp\/#primaryimage"},"thumbnailUrl":"https:\/\/fundacionlobeliana.org\/wp-content\/uploads\/2025\/09\/4.jpg","datePublished":"2025-09-04T22:41:32+00:00","dateModified":"2026-01-28T01:49:31+00:00","breadcrumb":{"@id":"https:\/\/fundacionlobeliana.org\/producto\/4-simposio-psiconauta-utopia-y-ebriedad-animismo-el-resurgir-de-un-paradigma-ancestral-en-el-mundo-contemporaneo-luis-eduardo-luna-en-esp\/#breadcrumb"},"inLanguage":"en-GB","potentialAction":[{"@type":"ReadAction","target":["https:\/\/fundacionlobeliana.org\/producto\/4-simposio-psiconauta-utopia-y-ebriedad-animismo-el-resurgir-de-un-paradigma-ancestral-en-el-mundo-contemporaneo-luis-eduardo-luna-en-esp\/"]}]},{"@type":"ImageObject","inLanguage":"en-GB","@id":"https:\/\/fundacionlobeliana.org\/producto\/4-simposio-psiconauta-utopia-y-ebriedad-animismo-el-resurgir-de-un-paradigma-ancestral-en-el-mundo-contemporaneo-luis-eduardo-luna-en-esp\/#primaryimage","url":"https:\/\/fundacionlobeliana.org\/wp-content\/uploads\/2025\/09\/4.jpg","contentUrl":"https:\/\/fundacionlobeliana.org\/wp-content\/uploads\/2025\/09\/4.jpg","width":1080,"height":1080},{"@type":"BreadcrumbList","@id":"https:\/\/fundacionlobeliana.org\/producto\/4-simposio-psiconauta-utopia-y-ebriedad-animismo-el-resurgir-de-un-paradigma-ancestral-en-el-mundo-contemporaneo-luis-eduardo-luna-en-esp\/#breadcrumb","itemListElement":[{"@type":"ListItem","position":1,"name":"Portada","item":"https:\/\/fundacionlobeliana.org\/"},{"@type":"ListItem","position":2,"name":"Tienda","item":"https:\/\/fundacionlobeliana.org\/tienda\/"},{"@type":"ListItem","position":3,"name":"4.- Simposio Psicon\u00e1uta: Utop\u00eda y Ebriedad &#8211; Animismo: el Resurgir de un Paradigma Ancestral en el Mundo Contempor\u00e1neo \u2013 Luis Eduardo Luna (EN\/ESP)"}]},{"@type":"WebSite","@id":"https:\/\/fundacionlobeliana.org\/#website","url":"https:\/\/fundacionlobeliana.org\/","name":"Fundacion Lobeliana","description":"Organizaci\u00f3n sin fines de lucro que tiene como misi\u00f3n el rescatar, actualizar, visibilizar y hacer disponible el conocimiento acumulado hasta hoy sobre f\u00e1rmacos naturales y psicoactivos","publisher":{"@id":"https:\/\/fundacionlobeliana.org\/#organization"},"potentialAction":[{"@type":"SearchAction","target":{"@type":"EntryPoint","urlTemplate":"https:\/\/fundacionlobeliana.org\/?s={search_term_string}"},"query-input":{"@type":"PropertyValueSpecification","valueRequired":true,"valueName":"search_term_string"}}],"inLanguage":"en-GB"},{"@type":"Organization","@id":"https:\/\/fundacionlobeliana.org\/#organization","name":"Fundacion Lobeliana","url":"https:\/\/fundacionlobeliana.org\/","logo":{"@type":"ImageObject","inLanguage":"en-GB","@id":"https:\/\/fundacionlobeliana.org\/#\/schema\/logo\/image\/","url":"https:\/\/fundacionlobeliana.org\/wp-content\/uploads\/2025\/09\/logo_fundacion_lobeliana-02.png","contentUrl":"https:\/\/fundacionlobeliana.org\/wp-content\/uploads\/2025\/09\/logo_fundacion_lobeliana-02.png","width":571,"height":718,"caption":"Fundacion Lobeliana"},"image":{"@id":"https:\/\/fundacionlobeliana.org\/#\/schema\/logo\/image\/"}}]}},"_links":{"self":[{"href":"https:\/\/fundacionlobeliana.org\/en\/wp-json\/wp\/v2\/product\/24","targetHints":{"allow":["GET"]}}],"collection":[{"href":"https:\/\/fundacionlobeliana.org\/en\/wp-json\/wp\/v2\/product"}],"about":[{"href":"https:\/\/fundacionlobeliana.org\/en\/wp-json\/wp\/v2\/types\/product"}],"replies":[{"embeddable":true,"href":"https:\/\/fundacionlobeliana.org\/en\/wp-json\/wp\/v2\/comments?post=24"}],"wp:featuredmedia":[{"embeddable":true,"href":"https:\/\/fundacionlobeliana.org\/en\/wp-json\/wp\/v2\/media\/54"}],"wp:attachment":[{"href":"https:\/\/fundacionlobeliana.org\/en\/wp-json\/wp\/v2\/media?parent=24"}],"wp:term":[{"taxonomy":"product_brand","embeddable":true,"href":"https:\/\/fundacionlobeliana.org\/en\/wp-json\/wp\/v2\/product_brand?post=24"},{"taxonomy":"product_cat","embeddable":true,"href":"https:\/\/fundacionlobeliana.org\/en\/wp-json\/wp\/v2\/product_cat?post=24"},{"taxonomy":"product_tag","embeddable":true,"href":"https:\/\/fundacionlobeliana.org\/en\/wp-json\/wp\/v2\/product_tag?post=24"}],"curies":[{"name":"wp","href":"https:\/\/api.w.org\/{rel}","templated":true}]}}