{"id":25,"date":"2025-09-04T22:41:32","date_gmt":"2025-09-04T22:41:32","guid":{"rendered":"https:\/\/fundacionlobeliana.org\/?post_type=product&#038;p=25"},"modified":"2026-01-28T01:49:31","modified_gmt":"2026-01-28T01:49:31","slug":"5-simposio-psiconauta-utopia-y-ebriedad-animismo-y-reconocimiento-de-patrones-dale-millard-en-esp","status":"publish","type":"product","link":"https:\/\/fundacionlobeliana.org\/en\/product\/5-simposio-psiconauta-utopia-y-ebriedad-animismo-y-reconocimiento-de-patrones-dale-millard-en-esp\/","title":{"rendered":"5.- Simposio Psicon\u00e1uta: Utop\u00eda y Ebriedad &#8211; Animismo y Reconocimiento de Patrones \u2013 Dale Millard (EN\/ESP)"},"content":{"rendered":"<h3><b>DALE MILLARD<\/b><\/h3>\n<p><b>CHARLA:\u00a0\u201cAnimismo y Reconocimiento de Patrones\u201d<\/b><\/p>\n<p><span style=\"font-weight: 400;\">(Ingl\u00e9s con posibilidad de doblaje en espa\u00f1ol)\u00a0<\/span><\/p>\n<p><span style=\"font-weight: 400;\">La visi\u00f3n animista se ve representada en casi todos los continentes, y muchas de sus pr\u00e1cticas son parecidas.\u00a0 Para un animista que vive en la naturaleza, toda su visi\u00f3n del mundo est\u00e1 compuesta de patrones. Los patrones los vemos sobre las escamas de serpientes y el crecimiento de las plantas como tambi\u00e9n en los quipus incas y bordados zulu, y textiles indonesios. Si bien el animismo puede verse esencialmente como un set de t\u00e9cnicas, la mayor parte de esto es aprendizaje experiencial. Se exponen algunas de las experiencias vividas por Dale Millard con comunidades animistas, desde <\/span><i><span style=\"font-weight: 400;\">sangomas <\/span><\/i><span style=\"font-weight: 400;\">zulu usando <\/span><i><span style=\"font-weight: 400;\">Boophone disticha<\/span><\/i><span style=\"font-weight: 400;\"> para diagnosticar dolencias y enfermedades, hasta el masticado de la nuez de betel en Borneo para poder hablar con la familia real.\u00a0<\/span><\/p>\n<p><b>BIOGRAF\u00cdA<\/b><\/p>\n<p><span style=\"font-weight: 400;\">\u00a0Dale Millard es un naturalista y explorador de la biodiversidad, con diversos intereses y experiencia en campos que van desde la herpetolog\u00eda hasta la etnobot\u00e1nica. Su inter\u00e9s en el estudio de los venenos de serpiente para el desarrollo de f\u00e1rmacos lo llev\u00f3 m\u00e1s tarde a estudio de la qu\u00edmica y uso de plantas medicinales. Dale ha vivido y viajado en Indonesia, Brasil y pa\u00edses africanos y ha trabajado con curanderos tradicionales en estas \u00e1reas, documentando su uso de plantas medicinales. Ha mantenido un inter\u00e9s de por vida en el papel curativo de los ente\u00f3genos y contin\u00faa documentando su uso en regiones poco exploradas del mundo.\u00a0 Dale tiene un inter\u00e9s especial en el cultivo de plantas medicinales y setas y ha impartido numerosos talleres relacionados con la agrosilvicultura y Atenci\u00f3n primaria de salud basada en plantas. Es autor colaborador de los libros B\u00fasqueda etnobot\u00e1nica de drogas psicoactivas: ESPD 50 y ESPD55 publicados a trav\u00e9s de Synergetic Press. Actualmente trabaja como etnobot\u00e1nico y asesor de Neuromindbiopharma, una empresa de biotecnolog\u00eda que investiga nuevos psicoactivos y plantas compuestos para desarrollar nuevos medicamentos.<\/span><\/p>","protected":false},"excerpt":{"rendered":"<p>DALE MILLARD CHARLA:\u00a0\u201cAnimismo y Reconocimiento de Patrones\u201d (Ingl\u00e9s con posibilidad de doblaje en espa\u00f1ol)\u00a0 La visi\u00f3n animista se ve representada en casi todos los continentes, y muchas de sus pr\u00e1cticas son parecidas.\u00a0 Para un animista que vive en la naturaleza, toda su visi\u00f3n del mundo est\u00e1 compuesta de patrones. Los patrones los vemos sobre las [&hellip;]<\/p>","protected":false},"featured_media":55,"comment_status":"closed","ping_status":"closed","template":"","meta":[],"product_brand":[],"product_cat":[16,27],"product_tag":[],"class_list":{"0":"post-25","1":"product","2":"type-product","3":"status-publish","4":"has-post-thumbnail","6":"product_cat-on-demand","7":"product_cat-simposios","9":"first","10":"instock","11":"sale","12":"virtual","13":"sold-individually","14":"purchasable","15":"product-type-simple"},"yoast_head":"<!-- This site is optimized with the Yoast SEO plugin v27.2 - https:\/\/yoast.com\/product\/yoast-seo-wordpress\/ -->\n<title>5.- Simposio Psicon\u00e1uta: Utop\u00eda y Ebriedad - Animismo y Reconocimiento de Patrones \u2013 Dale Millard (EN\/ESP) - Fundacion Lobeliana<\/title>\n<meta name=\"robots\" content=\"index, follow, max-snippet:-1, max-image-preview:large, max-video-preview:-1\" \/>\n<link rel=\"canonical\" href=\"https:\/\/fundacionlobeliana.org\/en\/product\/5-simposio-psiconauta-utopia-y-ebriedad-animismo-y-reconocimiento-de-patrones-dale-millard-en-esp\/\" \/>\n<meta property=\"og:locale\" content=\"en_GB\" \/>\n<meta property=\"og:type\" content=\"article\" \/>\n<meta property=\"og:title\" content=\"5.- Simposio Psicon\u00e1uta: Utop\u00eda y Ebriedad - Animismo y Reconocimiento de Patrones \u2013 Dale Millard (EN\/ESP) - Fundacion Lobeliana\" \/>\n<meta property=\"og:description\" content=\"DALE MILLARD CHARLA:\u00a0\u201cAnimismo y Reconocimiento de Patrones\u201d (Ingl\u00e9s con posibilidad de doblaje en espa\u00f1ol)\u00a0 La visi\u00f3n animista se ve representada en casi todos los continentes, y muchas de sus pr\u00e1cticas son parecidas.\u00a0 Para un animista que vive en la naturaleza, toda su visi\u00f3n del mundo est\u00e1 compuesta de patrones. Los patrones los vemos sobre las [&hellip;]\" \/>\n<meta property=\"og:url\" content=\"https:\/\/fundacionlobeliana.org\/en\/product\/5-simposio-psiconauta-utopia-y-ebriedad-animismo-y-reconocimiento-de-patrones-dale-millard-en-esp\/\" \/>\n<meta property=\"og:site_name\" content=\"Fundacion Lobeliana\" \/>\n<meta property=\"article:modified_time\" content=\"2026-01-28T01:49:31+00:00\" \/>\n<meta property=\"og:image\" content=\"https:\/\/fundacionlobeliana.org\/wp-content\/uploads\/2025\/09\/6.jpg\" \/>\n\t<meta property=\"og:image:width\" content=\"1080\" \/>\n\t<meta property=\"og:image:height\" content=\"1080\" \/>\n\t<meta property=\"og:image:type\" content=\"image\/jpeg\" \/>\n<meta name=\"twitter:card\" content=\"summary_large_image\" \/>\n<meta name=\"twitter:label1\" content=\"Estimated reading time\" \/>\n\t<meta name=\"twitter:data1\" content=\"2 minutes\" \/>\n<script type=\"application\/ld+json\" class=\"yoast-schema-graph\">{\"@context\":\"https:\/\/schema.org\",\"@graph\":[{\"@type\":\"WebPage\",\"@id\":\"https:\/\/fundacionlobeliana.org\/producto\/5-simposio-psiconauta-utopia-y-ebriedad-animismo-y-reconocimiento-de-patrones-dale-millard-en-esp\/\",\"url\":\"https:\/\/fundacionlobeliana.org\/producto\/5-simposio-psiconauta-utopia-y-ebriedad-animismo-y-reconocimiento-de-patrones-dale-millard-en-esp\/\",\"name\":\"5.- Simposio Psicon\u00e1uta: Utop\u00eda y Ebriedad - Animismo y Reconocimiento de Patrones \u2013 Dale Millard (EN\/ESP) - Fundacion Lobeliana\",\"isPartOf\":{\"@id\":\"https:\/\/fundacionlobeliana.org\/#website\"},\"primaryImageOfPage\":{\"@id\":\"https:\/\/fundacionlobeliana.org\/producto\/5-simposio-psiconauta-utopia-y-ebriedad-animismo-y-reconocimiento-de-patrones-dale-millard-en-esp\/#primaryimage\"},\"image\":{\"@id\":\"https:\/\/fundacionlobeliana.org\/producto\/5-simposio-psiconauta-utopia-y-ebriedad-animismo-y-reconocimiento-de-patrones-dale-millard-en-esp\/#primaryimage\"},\"thumbnailUrl\":\"https:\/\/fundacionlobeliana.org\/wp-content\/uploads\/2025\/09\/6.jpg\",\"datePublished\":\"2025-09-04T22:41:32+00:00\",\"dateModified\":\"2026-01-28T01:49:31+00:00\",\"breadcrumb\":{\"@id\":\"https:\/\/fundacionlobeliana.org\/producto\/5-simposio-psiconauta-utopia-y-ebriedad-animismo-y-reconocimiento-de-patrones-dale-millard-en-esp\/#breadcrumb\"},\"inLanguage\":\"en-GB\",\"potentialAction\":[{\"@type\":\"ReadAction\",\"target\":[\"https:\/\/fundacionlobeliana.org\/producto\/5-simposio-psiconauta-utopia-y-ebriedad-animismo-y-reconocimiento-de-patrones-dale-millard-en-esp\/\"]}]},{\"@type\":\"ImageObject\",\"inLanguage\":\"en-GB\",\"@id\":\"https:\/\/fundacionlobeliana.org\/producto\/5-simposio-psiconauta-utopia-y-ebriedad-animismo-y-reconocimiento-de-patrones-dale-millard-en-esp\/#primaryimage\",\"url\":\"https:\/\/fundacionlobeliana.org\/wp-content\/uploads\/2025\/09\/6.jpg\",\"contentUrl\":\"https:\/\/fundacionlobeliana.org\/wp-content\/uploads\/2025\/09\/6.jpg\",\"width\":1080,\"height\":1080},{\"@type\":\"BreadcrumbList\",\"@id\":\"https:\/\/fundacionlobeliana.org\/producto\/5-simposio-psiconauta-utopia-y-ebriedad-animismo-y-reconocimiento-de-patrones-dale-millard-en-esp\/#breadcrumb\",\"itemListElement\":[{\"@type\":\"ListItem\",\"position\":1,\"name\":\"Portada\",\"item\":\"https:\/\/fundacionlobeliana.org\/\"},{\"@type\":\"ListItem\",\"position\":2,\"name\":\"Tienda\",\"item\":\"https:\/\/fundacionlobeliana.org\/tienda\/\"},{\"@type\":\"ListItem\",\"position\":3,\"name\":\"5.- Simposio Psicon\u00e1uta: Utop\u00eda y Ebriedad &#8211; Animismo y Reconocimiento de Patrones \u2013 Dale Millard (EN\/ESP)\"}]},{\"@type\":\"WebSite\",\"@id\":\"https:\/\/fundacionlobeliana.org\/#website\",\"url\":\"https:\/\/fundacionlobeliana.org\/\",\"name\":\"Fundacion Lobeliana\",\"description\":\"Organizaci\u00f3n sin fines de lucro que tiene como misi\u00f3n el rescatar, actualizar, visibilizar y hacer disponible el conocimiento acumulado hasta hoy sobre f\u00e1rmacos naturales y psicoactivos\",\"publisher\":{\"@id\":\"https:\/\/fundacionlobeliana.org\/#organization\"},\"potentialAction\":[{\"@type\":\"SearchAction\",\"target\":{\"@type\":\"EntryPoint\",\"urlTemplate\":\"https:\/\/fundacionlobeliana.org\/?s={search_term_string}\"},\"query-input\":{\"@type\":\"PropertyValueSpecification\",\"valueRequired\":true,\"valueName\":\"search_term_string\"}}],\"inLanguage\":\"en-GB\"},{\"@type\":\"Organization\",\"@id\":\"https:\/\/fundacionlobeliana.org\/#organization\",\"name\":\"Fundacion Lobeliana\",\"url\":\"https:\/\/fundacionlobeliana.org\/\",\"logo\":{\"@type\":\"ImageObject\",\"inLanguage\":\"en-GB\",\"@id\":\"https:\/\/fundacionlobeliana.org\/#\/schema\/logo\/image\/\",\"url\":\"https:\/\/fundacionlobeliana.org\/wp-content\/uploads\/2025\/09\/logo_fundacion_lobeliana-02.png\",\"contentUrl\":\"https:\/\/fundacionlobeliana.org\/wp-content\/uploads\/2025\/09\/logo_fundacion_lobeliana-02.png\",\"width\":571,\"height\":718,\"caption\":\"Fundacion Lobeliana\"},\"image\":{\"@id\":\"https:\/\/fundacionlobeliana.org\/#\/schema\/logo\/image\/\"}}]}<\/script>\n<!-- \/ Yoast SEO plugin. -->","yoast_head_json":{"title":"5.- Simposio Psicon\u00e1uta: Utop\u00eda y Ebriedad - Animismo y Reconocimiento de Patrones \u2013 Dale Millard (EN\/ESP) - Fundacion Lobeliana","robots":{"index":"index","follow":"follow","max-snippet":"max-snippet:-1","max-image-preview":"max-image-preview:large","max-video-preview":"max-video-preview:-1"},"canonical":"https:\/\/fundacionlobeliana.org\/en\/product\/5-simposio-psiconauta-utopia-y-ebriedad-animismo-y-reconocimiento-de-patrones-dale-millard-en-esp\/","og_locale":"en_GB","og_type":"article","og_title":"5.- Simposio Psicon\u00e1uta: Utop\u00eda y Ebriedad - Animismo y Reconocimiento de Patrones \u2013 Dale Millard (EN\/ESP) - Fundacion Lobeliana","og_description":"DALE MILLARD CHARLA:\u00a0\u201cAnimismo y Reconocimiento de Patrones\u201d (Ingl\u00e9s con posibilidad de doblaje en espa\u00f1ol)\u00a0 La visi\u00f3n animista se ve representada en casi todos los continentes, y muchas de sus pr\u00e1cticas son parecidas.\u00a0 Para un animista que vive en la naturaleza, toda su visi\u00f3n del mundo est\u00e1 compuesta de patrones. Los patrones los vemos sobre las [&hellip;]","og_url":"https:\/\/fundacionlobeliana.org\/en\/product\/5-simposio-psiconauta-utopia-y-ebriedad-animismo-y-reconocimiento-de-patrones-dale-millard-en-esp\/","og_site_name":"Fundacion Lobeliana","article_modified_time":"2026-01-28T01:49:31+00:00","og_image":[{"width":1080,"height":1080,"url":"https:\/\/fundacionlobeliana.org\/wp-content\/uploads\/2025\/09\/6.jpg","type":"image\/jpeg"}],"twitter_card":"summary_large_image","twitter_misc":{"Estimated reading time":"2 minutes"},"schema":{"@context":"https:\/\/schema.org","@graph":[{"@type":"WebPage","@id":"https:\/\/fundacionlobeliana.org\/producto\/5-simposio-psiconauta-utopia-y-ebriedad-animismo-y-reconocimiento-de-patrones-dale-millard-en-esp\/","url":"https:\/\/fundacionlobeliana.org\/producto\/5-simposio-psiconauta-utopia-y-ebriedad-animismo-y-reconocimiento-de-patrones-dale-millard-en-esp\/","name":"5.- Simposio Psicon\u00e1uta: Utop\u00eda y Ebriedad - Animismo y Reconocimiento de Patrones \u2013 Dale Millard (EN\/ESP) - Fundacion Lobeliana","isPartOf":{"@id":"https:\/\/fundacionlobeliana.org\/#website"},"primaryImageOfPage":{"@id":"https:\/\/fundacionlobeliana.org\/producto\/5-simposio-psiconauta-utopia-y-ebriedad-animismo-y-reconocimiento-de-patrones-dale-millard-en-esp\/#primaryimage"},"image":{"@id":"https:\/\/fundacionlobeliana.org\/producto\/5-simposio-psiconauta-utopia-y-ebriedad-animismo-y-reconocimiento-de-patrones-dale-millard-en-esp\/#primaryimage"},"thumbnailUrl":"https:\/\/fundacionlobeliana.org\/wp-content\/uploads\/2025\/09\/6.jpg","datePublished":"2025-09-04T22:41:32+00:00","dateModified":"2026-01-28T01:49:31+00:00","breadcrumb":{"@id":"https:\/\/fundacionlobeliana.org\/producto\/5-simposio-psiconauta-utopia-y-ebriedad-animismo-y-reconocimiento-de-patrones-dale-millard-en-esp\/#breadcrumb"},"inLanguage":"en-GB","potentialAction":[{"@type":"ReadAction","target":["https:\/\/fundacionlobeliana.org\/producto\/5-simposio-psiconauta-utopia-y-ebriedad-animismo-y-reconocimiento-de-patrones-dale-millard-en-esp\/"]}]},{"@type":"ImageObject","inLanguage":"en-GB","@id":"https:\/\/fundacionlobeliana.org\/producto\/5-simposio-psiconauta-utopia-y-ebriedad-animismo-y-reconocimiento-de-patrones-dale-millard-en-esp\/#primaryimage","url":"https:\/\/fundacionlobeliana.org\/wp-content\/uploads\/2025\/09\/6.jpg","contentUrl":"https:\/\/fundacionlobeliana.org\/wp-content\/uploads\/2025\/09\/6.jpg","width":1080,"height":1080},{"@type":"BreadcrumbList","@id":"https:\/\/fundacionlobeliana.org\/producto\/5-simposio-psiconauta-utopia-y-ebriedad-animismo-y-reconocimiento-de-patrones-dale-millard-en-esp\/#breadcrumb","itemListElement":[{"@type":"ListItem","position":1,"name":"Portada","item":"https:\/\/fundacionlobeliana.org\/"},{"@type":"ListItem","position":2,"name":"Tienda","item":"https:\/\/fundacionlobeliana.org\/tienda\/"},{"@type":"ListItem","position":3,"name":"5.- Simposio Psicon\u00e1uta: Utop\u00eda y Ebriedad &#8211; Animismo y Reconocimiento de Patrones \u2013 Dale Millard (EN\/ESP)"}]},{"@type":"WebSite","@id":"https:\/\/fundacionlobeliana.org\/#website","url":"https:\/\/fundacionlobeliana.org\/","name":"Fundacion Lobeliana","description":"Organizaci\u00f3n sin fines de lucro que tiene como misi\u00f3n el rescatar, actualizar, visibilizar y hacer disponible el conocimiento acumulado hasta hoy sobre f\u00e1rmacos naturales y psicoactivos","publisher":{"@id":"https:\/\/fundacionlobeliana.org\/#organization"},"potentialAction":[{"@type":"SearchAction","target":{"@type":"EntryPoint","urlTemplate":"https:\/\/fundacionlobeliana.org\/?s={search_term_string}"},"query-input":{"@type":"PropertyValueSpecification","valueRequired":true,"valueName":"search_term_string"}}],"inLanguage":"en-GB"},{"@type":"Organization","@id":"https:\/\/fundacionlobeliana.org\/#organization","name":"Fundacion Lobeliana","url":"https:\/\/fundacionlobeliana.org\/","logo":{"@type":"ImageObject","inLanguage":"en-GB","@id":"https:\/\/fundacionlobeliana.org\/#\/schema\/logo\/image\/","url":"https:\/\/fundacionlobeliana.org\/wp-content\/uploads\/2025\/09\/logo_fundacion_lobeliana-02.png","contentUrl":"https:\/\/fundacionlobeliana.org\/wp-content\/uploads\/2025\/09\/logo_fundacion_lobeliana-02.png","width":571,"height":718,"caption":"Fundacion Lobeliana"},"image":{"@id":"https:\/\/fundacionlobeliana.org\/#\/schema\/logo\/image\/"}}]}},"_links":{"self":[{"href":"https:\/\/fundacionlobeliana.org\/en\/wp-json\/wp\/v2\/product\/25","targetHints":{"allow":["GET"]}}],"collection":[{"href":"https:\/\/fundacionlobeliana.org\/en\/wp-json\/wp\/v2\/product"}],"about":[{"href":"https:\/\/fundacionlobeliana.org\/en\/wp-json\/wp\/v2\/types\/product"}],"replies":[{"embeddable":true,"href":"https:\/\/fundacionlobeliana.org\/en\/wp-json\/wp\/v2\/comments?post=25"}],"wp:featuredmedia":[{"embeddable":true,"href":"https:\/\/fundacionlobeliana.org\/en\/wp-json\/wp\/v2\/media\/55"}],"wp:attachment":[{"href":"https:\/\/fundacionlobeliana.org\/en\/wp-json\/wp\/v2\/media?parent=25"}],"wp:term":[{"taxonomy":"product_brand","embeddable":true,"href":"https:\/\/fundacionlobeliana.org\/en\/wp-json\/wp\/v2\/product_brand?post=25"},{"taxonomy":"product_cat","embeddable":true,"href":"https:\/\/fundacionlobeliana.org\/en\/wp-json\/wp\/v2\/product_cat?post=25"},{"taxonomy":"product_tag","embeddable":true,"href":"https:\/\/fundacionlobeliana.org\/en\/wp-json\/wp\/v2\/product_tag?post=25"}],"curies":[{"name":"wp","href":"https:\/\/api.w.org\/{rel}","templated":true}]}}