{"id":26,"date":"2025-09-04T22:41:32","date_gmt":"2025-09-04T22:41:32","guid":{"rendered":"https:\/\/fundacionlobeliana.org\/?post_type=product&#038;p=26"},"modified":"2026-01-28T01:49:31","modified_gmt":"2026-01-28T01:49:31","slug":"6-simposio-psiconauta-utopia-y-ebriedad-sobre-la-terminologia-idiosincrasica-e-idiota-sincrasica-para-drogas-psicopticas-jonathan-ott-en-esp","status":"publish","type":"product","link":"https:\/\/fundacionlobeliana.org\/en\/product\/6-simposio-psiconauta-utopia-y-ebriedad-sobre-la-terminologia-idiosincrasica-e-idiota-sincrasica-para-drogas-psicopticas-jonathan-ott-en-esp\/","title":{"rendered":"6.- Simposio Psicon\u00e1uta: Utop\u00eda y Ebriedad &#8211; Sobre la Terminolog\u00eda Idiosincr\u00e1sica e \u00abIdiota\u2013sincr\u00e1sica\u00bb para Drogas Psic\u00f3pticas \u2013 Jonathan Ott (EN\/ESP)"},"content":{"rendered":"<h3><b>JONATHAN OTT<\/b><\/h3>\n<p><b>CHARLA: \u201cSobre la Terminolog\u00eda Idiosincr\u00e1sica e \u00abIdiota\u2013sincr\u00e1sica\u00bb para Drogas\u00a0Psic\u00f3pticas\u201d<\/b><\/p>\n<p><span style=\"font-weight: 400;\">(Espa\u00f1ol con posibilidad de doblaje en ingl\u00e9s)<\/span><\/p>\n<p><b>RESE\u00d1A<\/b><\/p>\n<p><span style=\"font-weight: 400;\">Revisaremos los\u00a0<\/span><b>or\u00edgenes<\/b><span style=\"font-weight: 400;\">\u00a0y las\u00a0<\/span><b>etimolog\u00edas<\/b><span style=\"font-weight: 400;\">\u00a0(y\u00a0<\/span><b>definiciones<\/b><span style=\"font-weight: 400;\">\u00a0lexicogr\u00e1ficas) de las palabras para describir drogas\u00a0<\/span><b>visionarias<\/b><span style=\"font-weight: 400;\">\u00a0o\u00a0<\/span><b>psic\u00f3pticas<\/b><span style=\"font-weight: 400;\">, con atenci\u00f3n especial a las\u00a0<\/span><b>peyorativas<\/b><span style=\"font-weight: 400;\">\u00a0como\u00a0<\/span><b>alucinog\u00e9nico<\/b><span style=\"font-weight: 400;\">\u00a0(mal construido como\u00a0<\/span><b>alucin\u00f3geno<\/b><span style=\"font-weight: 400;\">: ambos para el\u00a0<\/span><i><span style=\"font-weight: 400;\">sustantivo<\/span><\/i><span style=\"font-weight: 400;\">\u00a0y\u00a0<\/span><i><span style=\"font-weight: 400;\">adjetivo<\/span><\/i><span style=\"font-weight: 400;\">) y sus\u00a0<\/span><b><i>sin\u00f3nimos<\/i><\/b><span style=\"font-weight: 400;\">\u00a0<\/span><b>psicod\u00e9lico<\/b><span style=\"font-weight: 400;\">\u00a0y\u00a0<\/span><b>psicotomim\u00e9tico<\/b><span style=\"font-weight: 400;\">; y como\u00a0<\/span><b>no son aptas<\/b><span style=\"font-weight: 400;\">, para describir los embriagantes cham\u00e1nicos (por definici\u00f3n:\u00a0<\/span><b>ente\u00f3genos<\/b><span style=\"font-weight: 400;\">, o especies\u00a0<\/span><b>enteog\u00e9nicas<\/b><span style=\"font-weight: 400;\">); ni tampoco para caracterizar su empleo en la medicina contempor\u00e1nea (<\/span><i><span style=\"font-weight: 400;\">viz.<\/span><\/i><span style=\"font-weight: 400;\">: \u2018Medicina Psicod\u00e9lica\u2019; \u2018Renacimiento Psicod\u00e9lico\u2019). Terminaremos con una palabra m\u00e1s apropiada:\u00a0<\/span><b>Psic\u00f3ptico\/a<\/b><span style=\"font-weight: 400;\">\u00a0(\u201cde la visi\u00f3n de la mente o del alma\u201d; de acuerdo a\u00a0<\/span><i><span style=\"font-weight: 400;\">The Oxford English Dictionary<\/span><\/i><span style=\"font-weight: 400;\">). Tambi\u00e9n veremos mis sugerencias para ampliar los alfabetos, con fonemas obsoletos; y maneras de mitigar el\u00a0<\/span><b>sexismo<\/b><span style=\"font-weight: 400;\">\u00a0intr\u00ednseco a nuestros idiomas.<\/span><\/p>\n<p><b>BIOGRAF\u00cdA<\/b><\/p>\n<p><span style=\"font-weight: 400;\"><br \/>\n<\/span><b>Jonathan Ott<\/b><span style=\"font-weight: 400;\">\u00a0es escritor, fitoqu\u00edmico y etnofarmacognosista (palabra acu\u00f1ada para describir su propia profesi\u00f3n). Actualmente se dedica a la literatura; ha escrito trece libros, entre aquellos:\u00a0<\/span><i><span style=\"font-weight: 400;\">Pharmacotheon: Entheogenic Drugs, Their Botanical Sources and Their History<\/span><\/i><span style=\"font-weight: 400;\">\u00a0[1993, 1996];\u00a0<\/span><i><span style=\"font-weight: 400;\">An\u00e1logos de la ayahuasca: ente\u00f3genos pangeicos<\/span><\/i><span style=\"font-weight: 400;\">\u00a0[1994, 1995, 2006];\u00a0<\/span><i><span style=\"font-weight: 400;\">Pharmacophilia, o los para\u00edsos naturales<\/span><\/i><span style=\"font-weight: 400;\">\u00a0[1997, 1998];\u00a0<\/span><i><span style=\"font-weight: 400;\">Shamanic Snuffs or Entheogenic Errhines<\/span><\/i><span style=\"font-weight: 400;\">\u00a0[2001; with the forthcoming edition of a Spanish version]; and\u00a0<\/span><i><span style=\"font-weight: 400;\">Coca und Kokain<\/span><\/i><span style=\"font-weight: 400;\">\u00a0[in German, with Christian R\u00e4tsch, 2003; partial versions in Spanish and English forthcoming]. His most recent book (and second literary work) is\u00a0<\/span><i><span style=\"font-weight: 400;\">Mute Words. Silent Spectres of Speech\u00a0<\/span><\/i><span style=\"font-weight: 400;\">\/<\/span><i><span style=\"font-weight: 400;\">\u00a0Sigil\u2013Skeletons of Sound: The Ecstasy of Speech<\/span><\/i><span style=\"font-weight: 400;\">\u00a0(still unpublished: it will eventually be written in Spanish as well; soon to be published in both languages). He is working on (a second volume for\u00a0<\/span><i><span style=\"font-weight: 400;\">Pharmacophilia<\/span><\/i><span style=\"font-weight: 400;\">):\u00a0<\/span><i><span style=\"font-weight: 400;\">Pharmacomania, or Mr. Jekyll and Dr. Hyde: The literary creation of \"addicts\" and \"alcoholics\"<\/span><\/i><span style=\"font-weight: 400;\">\u00a0(which will be released soon in Spanish and English: the former as part of a series of his books in deluxe editions). He also plans to publish seven titles (both in Spanish and English) as ebooks.<\/span><\/p>","protected":false},"excerpt":{"rendered":"<p>JONATHAN OTT CHARLA: \u201cSobre la Terminolog\u00eda Idiosincr\u00e1sica e \u00abIdiota\u2013sincr\u00e1sica\u00bb para Drogas\u00a0Psic\u00f3pticas\u201d (Espa\u00f1ol con posibilidad de doblaje en ingl\u00e9s) RESE\u00d1A Revisaremos los\u00a0or\u00edgenes\u00a0y las\u00a0etimolog\u00edas\u00a0(y\u00a0definiciones\u00a0lexicogr\u00e1ficas) de las palabras para describir drogas\u00a0visionarias\u00a0o\u00a0psic\u00f3pticas, con atenci\u00f3n especial a las\u00a0peyorativas\u00a0como\u00a0alucinog\u00e9nico\u00a0(mal construido como\u00a0alucin\u00f3geno: ambos para el\u00a0sustantivo\u00a0y\u00a0adjetivo) y sus\u00a0sin\u00f3nimos\u00a0psicod\u00e9lico\u00a0y\u00a0psicotomim\u00e9tico; y como\u00a0no son aptas, para describir los embriagantes cham\u00e1nicos (por definici\u00f3n:\u00a0ente\u00f3genos, o especies\u00a0enteog\u00e9nicas); ni tampoco [&hellip;]<\/p>","protected":false},"featured_media":56,"comment_status":"closed","ping_status":"closed","template":"","meta":[],"product_brand":[],"product_cat":[16,27],"product_tag":[],"class_list":{"0":"post-26","1":"product","2":"type-product","3":"status-publish","4":"has-post-thumbnail","6":"product_cat-on-demand","7":"product_cat-simposios","9":"first","10":"instock","11":"sale","12":"virtual","13":"sold-individually","14":"purchasable","15":"product-type-simple"},"yoast_head":"<!-- This site is optimized with the Yoast SEO plugin v27.2 - https:\/\/yoast.com\/product\/yoast-seo-wordpress\/ -->\n<title>6.- Simposio Psicon\u00e1uta: Utop\u00eda y Ebriedad - Sobre la Terminolog\u00eda Idiosincr\u00e1sica e \u00abIdiota\u2013sincr\u00e1sica\u00bb para Drogas Psic\u00f3pticas \u2013 Jonathan Ott (EN\/ESP) - Fundacion Lobeliana<\/title>\n<meta name=\"robots\" content=\"index, follow, max-snippet:-1, max-image-preview:large, max-video-preview:-1\" \/>\n<link rel=\"canonical\" href=\"https:\/\/fundacionlobeliana.org\/en\/product\/6-simposio-psiconauta-utopia-y-ebriedad-sobre-la-terminologia-idiosincrasica-e-idiota-sincrasica-para-drogas-psicopticas-jonathan-ott-en-esp\/\" \/>\n<meta property=\"og:locale\" content=\"en_GB\" \/>\n<meta property=\"og:type\" content=\"article\" \/>\n<meta property=\"og:title\" content=\"6.- Simposio Psicon\u00e1uta: Utop\u00eda y Ebriedad - Sobre la Terminolog\u00eda Idiosincr\u00e1sica e \u00abIdiota\u2013sincr\u00e1sica\u00bb para Drogas Psic\u00f3pticas \u2013 Jonathan Ott (EN\/ESP) - Fundacion Lobeliana\" \/>\n<meta property=\"og:description\" content=\"JONATHAN OTT CHARLA: \u201cSobre la Terminolog\u00eda Idiosincr\u00e1sica e \u00abIdiota\u2013sincr\u00e1sica\u00bb para Drogas\u00a0Psic\u00f3pticas\u201d (Espa\u00f1ol con posibilidad de doblaje en ingl\u00e9s) RESE\u00d1A Revisaremos los\u00a0or\u00edgenes\u00a0y las\u00a0etimolog\u00edas\u00a0(y\u00a0definiciones\u00a0lexicogr\u00e1ficas) de las palabras para describir drogas\u00a0visionarias\u00a0o\u00a0psic\u00f3pticas, con atenci\u00f3n especial a las\u00a0peyorativas\u00a0como\u00a0alucinog\u00e9nico\u00a0(mal construido como\u00a0alucin\u00f3geno: ambos para el\u00a0sustantivo\u00a0y\u00a0adjetivo) y sus\u00a0sin\u00f3nimos\u00a0psicod\u00e9lico\u00a0y\u00a0psicotomim\u00e9tico; y como\u00a0no son aptas, para describir los embriagantes cham\u00e1nicos (por definici\u00f3n:\u00a0ente\u00f3genos, o especies\u00a0enteog\u00e9nicas); ni tampoco [&hellip;]\" \/>\n<meta property=\"og:url\" content=\"https:\/\/fundacionlobeliana.org\/en\/product\/6-simposio-psiconauta-utopia-y-ebriedad-sobre-la-terminologia-idiosincrasica-e-idiota-sincrasica-para-drogas-psicopticas-jonathan-ott-en-esp\/\" \/>\n<meta property=\"og:site_name\" content=\"Fundacion Lobeliana\" \/>\n<meta property=\"article:modified_time\" content=\"2026-01-28T01:49:31+00:00\" \/>\n<meta property=\"og:image\" content=\"https:\/\/fundacionlobeliana.org\/wp-content\/uploads\/2025\/09\/5.jpg\" \/>\n\t<meta property=\"og:image:width\" content=\"1080\" \/>\n\t<meta property=\"og:image:height\" content=\"1080\" \/>\n\t<meta property=\"og:image:type\" content=\"image\/jpeg\" \/>\n<meta name=\"twitter:card\" content=\"summary_large_image\" \/>\n<meta name=\"twitter:label1\" content=\"Estimated reading time\" \/>\n\t<meta name=\"twitter:data1\" content=\"2 minutes\" \/>\n<script type=\"application\/ld+json\" class=\"yoast-schema-graph\">{\"@context\":\"https:\/\/schema.org\",\"@graph\":[{\"@type\":\"WebPage\",\"@id\":\"https:\/\/fundacionlobeliana.org\/producto\/6-simposio-psiconauta-utopia-y-ebriedad-sobre-la-terminologia-idiosincrasica-e-idiota-sincrasica-para-drogas-psicopticas-jonathan-ott-en-esp\/\",\"url\":\"https:\/\/fundacionlobeliana.org\/producto\/6-simposio-psiconauta-utopia-y-ebriedad-sobre-la-terminologia-idiosincrasica-e-idiota-sincrasica-para-drogas-psicopticas-jonathan-ott-en-esp\/\",\"name\":\"6.- Simposio Psicon\u00e1uta: Utop\u00eda y Ebriedad - Sobre la Terminolog\u00eda Idiosincr\u00e1sica e \u00abIdiota\u2013sincr\u00e1sica\u00bb para Drogas Psic\u00f3pticas \u2013 Jonathan Ott (EN\/ESP) - Fundacion Lobeliana\",\"isPartOf\":{\"@id\":\"https:\/\/fundacionlobeliana.org\/#website\"},\"primaryImageOfPage\":{\"@id\":\"https:\/\/fundacionlobeliana.org\/producto\/6-simposio-psiconauta-utopia-y-ebriedad-sobre-la-terminologia-idiosincrasica-e-idiota-sincrasica-para-drogas-psicopticas-jonathan-ott-en-esp\/#primaryimage\"},\"image\":{\"@id\":\"https:\/\/fundacionlobeliana.org\/producto\/6-simposio-psiconauta-utopia-y-ebriedad-sobre-la-terminologia-idiosincrasica-e-idiota-sincrasica-para-drogas-psicopticas-jonathan-ott-en-esp\/#primaryimage\"},\"thumbnailUrl\":\"https:\/\/fundacionlobeliana.org\/wp-content\/uploads\/2025\/09\/5.jpg\",\"datePublished\":\"2025-09-04T22:41:32+00:00\",\"dateModified\":\"2026-01-28T01:49:31+00:00\",\"breadcrumb\":{\"@id\":\"https:\/\/fundacionlobeliana.org\/producto\/6-simposio-psiconauta-utopia-y-ebriedad-sobre-la-terminologia-idiosincrasica-e-idiota-sincrasica-para-drogas-psicopticas-jonathan-ott-en-esp\/#breadcrumb\"},\"inLanguage\":\"en-GB\",\"potentialAction\":[{\"@type\":\"ReadAction\",\"target\":[\"https:\/\/fundacionlobeliana.org\/producto\/6-simposio-psiconauta-utopia-y-ebriedad-sobre-la-terminologia-idiosincrasica-e-idiota-sincrasica-para-drogas-psicopticas-jonathan-ott-en-esp\/\"]}]},{\"@type\":\"ImageObject\",\"inLanguage\":\"en-GB\",\"@id\":\"https:\/\/fundacionlobeliana.org\/producto\/6-simposio-psiconauta-utopia-y-ebriedad-sobre-la-terminologia-idiosincrasica-e-idiota-sincrasica-para-drogas-psicopticas-jonathan-ott-en-esp\/#primaryimage\",\"url\":\"https:\/\/fundacionlobeliana.org\/wp-content\/uploads\/2025\/09\/5.jpg\",\"contentUrl\":\"https:\/\/fundacionlobeliana.org\/wp-content\/uploads\/2025\/09\/5.jpg\",\"width\":1080,\"height\":1080},{\"@type\":\"BreadcrumbList\",\"@id\":\"https:\/\/fundacionlobeliana.org\/producto\/6-simposio-psiconauta-utopia-y-ebriedad-sobre-la-terminologia-idiosincrasica-e-idiota-sincrasica-para-drogas-psicopticas-jonathan-ott-en-esp\/#breadcrumb\",\"itemListElement\":[{\"@type\":\"ListItem\",\"position\":1,\"name\":\"Portada\",\"item\":\"https:\/\/fundacionlobeliana.org\/\"},{\"@type\":\"ListItem\",\"position\":2,\"name\":\"Tienda\",\"item\":\"https:\/\/fundacionlobeliana.org\/tienda\/\"},{\"@type\":\"ListItem\",\"position\":3,\"name\":\"6.- Simposio Psicon\u00e1uta: Utop\u00eda y Ebriedad &#8211; Sobre la Terminolog\u00eda Idiosincr\u00e1sica e \u00abIdiota\u2013sincr\u00e1sica\u00bb para Drogas Psic\u00f3pticas \u2013 Jonathan Ott (EN\/ESP)\"}]},{\"@type\":\"WebSite\",\"@id\":\"https:\/\/fundacionlobeliana.org\/#website\",\"url\":\"https:\/\/fundacionlobeliana.org\/\",\"name\":\"Fundacion Lobeliana\",\"description\":\"Organizaci\u00f3n sin fines de lucro que tiene como misi\u00f3n el rescatar, actualizar, visibilizar y hacer disponible el conocimiento acumulado hasta hoy sobre f\u00e1rmacos naturales y psicoactivos\",\"publisher\":{\"@id\":\"https:\/\/fundacionlobeliana.org\/#organization\"},\"potentialAction\":[{\"@type\":\"SearchAction\",\"target\":{\"@type\":\"EntryPoint\",\"urlTemplate\":\"https:\/\/fundacionlobeliana.org\/?s={search_term_string}\"},\"query-input\":{\"@type\":\"PropertyValueSpecification\",\"valueRequired\":true,\"valueName\":\"search_term_string\"}}],\"inLanguage\":\"en-GB\"},{\"@type\":\"Organization\",\"@id\":\"https:\/\/fundacionlobeliana.org\/#organization\",\"name\":\"Fundacion Lobeliana\",\"url\":\"https:\/\/fundacionlobeliana.org\/\",\"logo\":{\"@type\":\"ImageObject\",\"inLanguage\":\"en-GB\",\"@id\":\"https:\/\/fundacionlobeliana.org\/#\/schema\/logo\/image\/\",\"url\":\"https:\/\/fundacionlobeliana.org\/wp-content\/uploads\/2025\/09\/logo_fundacion_lobeliana-02.png\",\"contentUrl\":\"https:\/\/fundacionlobeliana.org\/wp-content\/uploads\/2025\/09\/logo_fundacion_lobeliana-02.png\",\"width\":571,\"height\":718,\"caption\":\"Fundacion Lobeliana\"},\"image\":{\"@id\":\"https:\/\/fundacionlobeliana.org\/#\/schema\/logo\/image\/\"}}]}<\/script>\n<!-- \/ Yoast SEO plugin. -->","yoast_head_json":{"title":"6.- Simposio Psicon\u00e1uta: Utop\u00eda y Ebriedad - Sobre la Terminolog\u00eda Idiosincr\u00e1sica e \u00abIdiota\u2013sincr\u00e1sica\u00bb para Drogas Psic\u00f3pticas \u2013 Jonathan Ott (EN\/ESP) - Fundacion Lobeliana","robots":{"index":"index","follow":"follow","max-snippet":"max-snippet:-1","max-image-preview":"max-image-preview:large","max-video-preview":"max-video-preview:-1"},"canonical":"https:\/\/fundacionlobeliana.org\/en\/product\/6-simposio-psiconauta-utopia-y-ebriedad-sobre-la-terminologia-idiosincrasica-e-idiota-sincrasica-para-drogas-psicopticas-jonathan-ott-en-esp\/","og_locale":"en_GB","og_type":"article","og_title":"6.- Simposio Psicon\u00e1uta: Utop\u00eda y Ebriedad - Sobre la Terminolog\u00eda Idiosincr\u00e1sica e \u00abIdiota\u2013sincr\u00e1sica\u00bb para Drogas Psic\u00f3pticas \u2013 Jonathan Ott (EN\/ESP) - Fundacion Lobeliana","og_description":"JONATHAN OTT CHARLA: \u201cSobre la Terminolog\u00eda Idiosincr\u00e1sica e \u00abIdiota\u2013sincr\u00e1sica\u00bb para Drogas\u00a0Psic\u00f3pticas\u201d (Espa\u00f1ol con posibilidad de doblaje en ingl\u00e9s) RESE\u00d1A Revisaremos los\u00a0or\u00edgenes\u00a0y las\u00a0etimolog\u00edas\u00a0(y\u00a0definiciones\u00a0lexicogr\u00e1ficas) de las palabras para describir drogas\u00a0visionarias\u00a0o\u00a0psic\u00f3pticas, con atenci\u00f3n especial a las\u00a0peyorativas\u00a0como\u00a0alucinog\u00e9nico\u00a0(mal construido como\u00a0alucin\u00f3geno: ambos para el\u00a0sustantivo\u00a0y\u00a0adjetivo) y sus\u00a0sin\u00f3nimos\u00a0psicod\u00e9lico\u00a0y\u00a0psicotomim\u00e9tico; y como\u00a0no son aptas, para describir los embriagantes cham\u00e1nicos (por definici\u00f3n:\u00a0ente\u00f3genos, o especies\u00a0enteog\u00e9nicas); ni tampoco [&hellip;]","og_url":"https:\/\/fundacionlobeliana.org\/en\/product\/6-simposio-psiconauta-utopia-y-ebriedad-sobre-la-terminologia-idiosincrasica-e-idiota-sincrasica-para-drogas-psicopticas-jonathan-ott-en-esp\/","og_site_name":"Fundacion Lobeliana","article_modified_time":"2026-01-28T01:49:31+00:00","og_image":[{"width":1080,"height":1080,"url":"https:\/\/fundacionlobeliana.org\/wp-content\/uploads\/2025\/09\/5.jpg","type":"image\/jpeg"}],"twitter_card":"summary_large_image","twitter_misc":{"Estimated reading time":"2 minutes"},"schema":{"@context":"https:\/\/schema.org","@graph":[{"@type":"WebPage","@id":"https:\/\/fundacionlobeliana.org\/producto\/6-simposio-psiconauta-utopia-y-ebriedad-sobre-la-terminologia-idiosincrasica-e-idiota-sincrasica-para-drogas-psicopticas-jonathan-ott-en-esp\/","url":"https:\/\/fundacionlobeliana.org\/producto\/6-simposio-psiconauta-utopia-y-ebriedad-sobre-la-terminologia-idiosincrasica-e-idiota-sincrasica-para-drogas-psicopticas-jonathan-ott-en-esp\/","name":"6.- Simposio Psicon\u00e1uta: Utop\u00eda y Ebriedad - Sobre la Terminolog\u00eda Idiosincr\u00e1sica e \u00abIdiota\u2013sincr\u00e1sica\u00bb para Drogas Psic\u00f3pticas \u2013 Jonathan Ott (EN\/ESP) - Fundacion Lobeliana","isPartOf":{"@id":"https:\/\/fundacionlobeliana.org\/#website"},"primaryImageOfPage":{"@id":"https:\/\/fundacionlobeliana.org\/producto\/6-simposio-psiconauta-utopia-y-ebriedad-sobre-la-terminologia-idiosincrasica-e-idiota-sincrasica-para-drogas-psicopticas-jonathan-ott-en-esp\/#primaryimage"},"image":{"@id":"https:\/\/fundacionlobeliana.org\/producto\/6-simposio-psiconauta-utopia-y-ebriedad-sobre-la-terminologia-idiosincrasica-e-idiota-sincrasica-para-drogas-psicopticas-jonathan-ott-en-esp\/#primaryimage"},"thumbnailUrl":"https:\/\/fundacionlobeliana.org\/wp-content\/uploads\/2025\/09\/5.jpg","datePublished":"2025-09-04T22:41:32+00:00","dateModified":"2026-01-28T01:49:31+00:00","breadcrumb":{"@id":"https:\/\/fundacionlobeliana.org\/producto\/6-simposio-psiconauta-utopia-y-ebriedad-sobre-la-terminologia-idiosincrasica-e-idiota-sincrasica-para-drogas-psicopticas-jonathan-ott-en-esp\/#breadcrumb"},"inLanguage":"en-GB","potentialAction":[{"@type":"ReadAction","target":["https:\/\/fundacionlobeliana.org\/producto\/6-simposio-psiconauta-utopia-y-ebriedad-sobre-la-terminologia-idiosincrasica-e-idiota-sincrasica-para-drogas-psicopticas-jonathan-ott-en-esp\/"]}]},{"@type":"ImageObject","inLanguage":"en-GB","@id":"https:\/\/fundacionlobeliana.org\/producto\/6-simposio-psiconauta-utopia-y-ebriedad-sobre-la-terminologia-idiosincrasica-e-idiota-sincrasica-para-drogas-psicopticas-jonathan-ott-en-esp\/#primaryimage","url":"https:\/\/fundacionlobeliana.org\/wp-content\/uploads\/2025\/09\/5.jpg","contentUrl":"https:\/\/fundacionlobeliana.org\/wp-content\/uploads\/2025\/09\/5.jpg","width":1080,"height":1080},{"@type":"BreadcrumbList","@id":"https:\/\/fundacionlobeliana.org\/producto\/6-simposio-psiconauta-utopia-y-ebriedad-sobre-la-terminologia-idiosincrasica-e-idiota-sincrasica-para-drogas-psicopticas-jonathan-ott-en-esp\/#breadcrumb","itemListElement":[{"@type":"ListItem","position":1,"name":"Portada","item":"https:\/\/fundacionlobeliana.org\/"},{"@type":"ListItem","position":2,"name":"Tienda","item":"https:\/\/fundacionlobeliana.org\/tienda\/"},{"@type":"ListItem","position":3,"name":"6.- Simposio Psicon\u00e1uta: Utop\u00eda y Ebriedad &#8211; Sobre la Terminolog\u00eda Idiosincr\u00e1sica e \u00abIdiota\u2013sincr\u00e1sica\u00bb para Drogas Psic\u00f3pticas \u2013 Jonathan Ott (EN\/ESP)"}]},{"@type":"WebSite","@id":"https:\/\/fundacionlobeliana.org\/#website","url":"https:\/\/fundacionlobeliana.org\/","name":"Fundacion Lobeliana","description":"Organizaci\u00f3n sin fines de lucro que tiene como misi\u00f3n el rescatar, actualizar, visibilizar y hacer disponible el conocimiento acumulado hasta hoy sobre f\u00e1rmacos naturales y psicoactivos","publisher":{"@id":"https:\/\/fundacionlobeliana.org\/#organization"},"potentialAction":[{"@type":"SearchAction","target":{"@type":"EntryPoint","urlTemplate":"https:\/\/fundacionlobeliana.org\/?s={search_term_string}"},"query-input":{"@type":"PropertyValueSpecification","valueRequired":true,"valueName":"search_term_string"}}],"inLanguage":"en-GB"},{"@type":"Organization","@id":"https:\/\/fundacionlobeliana.org\/#organization","name":"Fundacion Lobeliana","url":"https:\/\/fundacionlobeliana.org\/","logo":{"@type":"ImageObject","inLanguage":"en-GB","@id":"https:\/\/fundacionlobeliana.org\/#\/schema\/logo\/image\/","url":"https:\/\/fundacionlobeliana.org\/wp-content\/uploads\/2025\/09\/logo_fundacion_lobeliana-02.png","contentUrl":"https:\/\/fundacionlobeliana.org\/wp-content\/uploads\/2025\/09\/logo_fundacion_lobeliana-02.png","width":571,"height":718,"caption":"Fundacion Lobeliana"},"image":{"@id":"https:\/\/fundacionlobeliana.org\/#\/schema\/logo\/image\/"}}]}},"_links":{"self":[{"href":"https:\/\/fundacionlobeliana.org\/en\/wp-json\/wp\/v2\/product\/26","targetHints":{"allow":["GET"]}}],"collection":[{"href":"https:\/\/fundacionlobeliana.org\/en\/wp-json\/wp\/v2\/product"}],"about":[{"href":"https:\/\/fundacionlobeliana.org\/en\/wp-json\/wp\/v2\/types\/product"}],"replies":[{"embeddable":true,"href":"https:\/\/fundacionlobeliana.org\/en\/wp-json\/wp\/v2\/comments?post=26"}],"wp:featuredmedia":[{"embeddable":true,"href":"https:\/\/fundacionlobeliana.org\/en\/wp-json\/wp\/v2\/media\/56"}],"wp:attachment":[{"href":"https:\/\/fundacionlobeliana.org\/en\/wp-json\/wp\/v2\/media?parent=26"}],"wp:term":[{"taxonomy":"product_brand","embeddable":true,"href":"https:\/\/fundacionlobeliana.org\/en\/wp-json\/wp\/v2\/product_brand?post=26"},{"taxonomy":"product_cat","embeddable":true,"href":"https:\/\/fundacionlobeliana.org\/en\/wp-json\/wp\/v2\/product_cat?post=26"},{"taxonomy":"product_tag","embeddable":true,"href":"https:\/\/fundacionlobeliana.org\/en\/wp-json\/wp\/v2\/product_tag?post=26"}],"curies":[{"name":"wp","href":"https:\/\/api.w.org\/{rel}","templated":true}]}}