{"id":27,"date":"2025-09-04T22:41:32","date_gmt":"2025-09-04T22:41:32","guid":{"rendered":"https:\/\/fundacionlobeliana.org\/?post_type=product&#038;p=27"},"modified":"2026-01-28T01:49:31","modified_gmt":"2026-01-28T01:49:31","slug":"7-simposio-psiconauta-utopia-y-ebriedad-la-demonizacion-de-las-drogas-vegetales-en-europa-durante-la-antiguedad-cronica-de-un-proceso-desde-la-perspectiva-arqueologica-elisa-guerra-doc","status":"publish","type":"product","link":"https:\/\/fundacionlobeliana.org\/en\/product\/7-simposio-psiconauta-utopia-y-ebriedad-la-demonizacion-de-las-drogas-vegetales-en-europa-durante-la-antiguedad-cronica-de-un-proceso-desde-la-perspectiva-arqueologica-elisa-guerra-doc\/","title":{"rendered":"7.- Simposio Psicon\u00e1uta: Utop\u00eda y Ebriedad &#8211; La Demonizaci\u00f3n de las Drogas Vegetales en Europa durante la Antig\u00fcedad: Cr\u00f3nica de un Proceso desde la Perspectiva Arqueol\u00f3gica \u2013 Elisa Guerra Doce (EN\/ESP)"},"content":{"rendered":"<h3><b>ELISA GUERRA DOCE<\/b><\/h3>\n<p><b>CHARLA: \u201cLa Demonizaci\u00f3n de las Drogas Vegetales en Europa durante la Antig\u00fcedad: Cr\u00f3nica de un Proceso desde la Perspectiva Arqueol\u00f3gica\u201d<\/b><\/p>\n<p><span style=\"font-weight: 400;\">(Espa\u00f1ol con posibilidad de doblaje en ingl\u00e9s)<\/span><\/p>\n<p><b>RESE\u00d1A<\/b><\/p>\n<p><span style=\"font-weight: 400;\">A lo largo y ancho del planeta, la Antropolog\u00eda ofrece multitud de ejemplos sobre el papel que desde hace milenios han desempe\u00f1ado las sustancias psicoactivas en muchas culturas. En el caso de Europa, se asume de manera generalizada la antig\u00fcedad de ciertas bebidas fermentadas, no en vano el vino es una de las se\u00f1as de identidad del mundo grecolatino. Sin embargo, no ocurre lo mismo con respecto a las drogas vegetales a pesar de que la documentaci\u00f3n arqueol\u00f3gica ofrezca buenos testimonios en ese sentido, los cuales al menos se remontan al Neol\u00edtico. Si bien ya en el siglo V a.C. Herodoto se refiri\u00f3 al consumo de Cannabis entre los escitas, y en los textos de los autores cl\u00e1sicos existen menciones a diversas especies vegetales con propiedades psicoactivas, todav\u00eda causa sorpresa dentro y fuera del mundo acad\u00e9mico constatar el uso de este tipo de plantas por parte de las comunidades prehist\u00f3ricas del Viejo Mundo. En esta charla se pretende reflexionar sobre esta circunstancia, buscando en el registro arqueol\u00f3gico indicios de una supuesta demonizaci\u00f3n de las drogas vegetales o, al menos de ciertas especies psicoactivas.<\/span><\/p>\n<p><span style=\"font-weight: 400;\">\u00a0<\/span><\/p>\n<p><b>BIOGRAF\u00cdA<\/b><\/p>\n<p><span style=\"font-weight: 400;\">Elisa Guerra Doce es Profesora Titular de Prehistoria en la Universidad de Valladolid (Espa\u00f1a) desde 2013. Ha sido Profesora Visitante en la Universidad de Cambridge (Reino Unido) entre 2022 y 2023, desarrollando un proyecto sobre estados alterados de consciencia y diferenciaci\u00f3n en la Pen\u00ednsula Ib\u00e9rica durante la Edad del Cobre. Una de sus l\u00edneas de investigaci\u00f3n est\u00e1 centrada en el papel que las sustancias psicoactivas (drogas vegetales y bebidas fermentadas) desempe\u00f1aron en las din\u00e1micas sociales de las comunidades prehist\u00f3ricas de Europa durante el Neol\u00edtico y la Edad del Bronce, un tema muy poco explorado a\u00fan en la Arqueolog\u00eda Prehist\u00f3rica europea. En su investigaci\u00f3n Elisa se plantea como objetivo enmarcar culturalmente el uso de estas sustancias y para ello aborda el an\u00e1lisis contextual de los espacios de producci\u00f3n y consumo desde un enfoque multidisciplinar en el que se integran diversas fuentes de informaci\u00f3n (cultura material, restos arqueobot\u00e1nicos, manifestaciones art\u00edsticas, referencias escritas, paralelos antropol\u00f3gicos, etnobot\u00e1nica y an\u00e1lisis qu\u00edmicos). Uno de sus logros en este campo ha sido la detecci\u00f3n del policonsumo de drogas vegetales en un yacimiento espa\u00f1ol del Bronce Final fechado hacia el 1000 BC a partir del an\u00e1lisis qu\u00edmico de cabellos, un estudio que ha recibido gran atenci\u00f3n medi\u00e1tica por tratarse de la primera prueba directa del uso de drogas en la Europa prehist\u00f3rica.<\/span><\/p>","protected":false},"excerpt":{"rendered":"<p>ELISA GUERRA DOCE CHARLA: \u201cLa Demonizaci\u00f3n de las Drogas Vegetales en Europa durante la Antig\u00fcedad: Cr\u00f3nica de un Proceso desde la Perspectiva Arqueol\u00f3gica\u201d (Espa\u00f1ol con posibilidad de doblaje en ingl\u00e9s) RESE\u00d1A A lo largo y ancho del planeta, la Antropolog\u00eda ofrece multitud de ejemplos sobre el papel que desde hace milenios han desempe\u00f1ado las sustancias [&hellip;]<\/p>","protected":false},"featured_media":57,"comment_status":"closed","ping_status":"closed","template":"","meta":[],"product_brand":[],"product_cat":[16,27],"product_tag":[],"class_list":{"0":"post-27","1":"product","2":"type-product","3":"status-publish","4":"has-post-thumbnail","6":"product_cat-on-demand","7":"product_cat-simposios","9":"first","10":"instock","11":"sale","12":"virtual","13":"sold-individually","14":"purchasable","15":"product-type-simple"},"yoast_head":"<!-- This site is optimized with the Yoast SEO plugin v27.2 - https:\/\/yoast.com\/product\/yoast-seo-wordpress\/ -->\n<title>7.- Simposio Psicon\u00e1uta: Utop\u00eda y Ebriedad - La Demonizaci\u00f3n de las Drogas Vegetales en Europa durante la Antig\u00fcedad: Cr\u00f3nica de un Proceso desde la Perspectiva Arqueol\u00f3gica \u2013 Elisa Guerra Doce (EN\/ESP) - Fundacion Lobeliana<\/title>\n<meta name=\"robots\" content=\"index, follow, max-snippet:-1, max-image-preview:large, max-video-preview:-1\" \/>\n<link rel=\"canonical\" href=\"https:\/\/fundacionlobeliana.org\/en\/product\/7-simposio-psiconauta-utopia-y-ebriedad-la-demonizacion-de-las-drogas-vegetales-en-europa-durante-la-antiguedad-cronica-de-un-proceso-desde-la-perspectiva-arqueologica-elisa-guerra-doc\/\" \/>\n<meta property=\"og:locale\" content=\"en_GB\" \/>\n<meta property=\"og:type\" content=\"article\" \/>\n<meta property=\"og:title\" content=\"7.- Simposio Psicon\u00e1uta: Utop\u00eda y Ebriedad - La Demonizaci\u00f3n de las Drogas Vegetales en Europa durante la Antig\u00fcedad: Cr\u00f3nica de un Proceso desde la Perspectiva Arqueol\u00f3gica \u2013 Elisa Guerra Doce (EN\/ESP) - Fundacion Lobeliana\" \/>\n<meta property=\"og:description\" content=\"ELISA GUERRA DOCE CHARLA: \u201cLa Demonizaci\u00f3n de las Drogas Vegetales en Europa durante la Antig\u00fcedad: Cr\u00f3nica de un Proceso desde la Perspectiva Arqueol\u00f3gica\u201d (Espa\u00f1ol con posibilidad de doblaje en ingl\u00e9s) RESE\u00d1A A lo largo y ancho del planeta, la Antropolog\u00eda ofrece multitud de ejemplos sobre el papel que desde hace milenios han desempe\u00f1ado las sustancias [&hellip;]\" \/>\n<meta property=\"og:url\" content=\"https:\/\/fundacionlobeliana.org\/en\/product\/7-simposio-psiconauta-utopia-y-ebriedad-la-demonizacion-de-las-drogas-vegetales-en-europa-durante-la-antiguedad-cronica-de-un-proceso-desde-la-perspectiva-arqueologica-elisa-guerra-doc\/\" \/>\n<meta property=\"og:site_name\" content=\"Fundacion Lobeliana\" \/>\n<meta property=\"article:modified_time\" content=\"2026-01-28T01:49:31+00:00\" \/>\n<meta property=\"og:image\" content=\"https:\/\/fundacionlobeliana.org\/wp-content\/uploads\/2025\/09\/7.jpg\" \/>\n\t<meta property=\"og:image:width\" content=\"1080\" \/>\n\t<meta property=\"og:image:height\" content=\"1080\" \/>\n\t<meta property=\"og:image:type\" content=\"image\/jpeg\" \/>\n<meta name=\"twitter:card\" content=\"summary_large_image\" \/>\n<meta name=\"twitter:label1\" content=\"Estimated reading time\" \/>\n\t<meta name=\"twitter:data1\" content=\"2 minutes\" \/>\n<script type=\"application\/ld+json\" class=\"yoast-schema-graph\">{\"@context\":\"https:\/\/schema.org\",\"@graph\":[{\"@type\":\"WebPage\",\"@id\":\"https:\/\/fundacionlobeliana.org\/producto\/7-simposio-psiconauta-utopia-y-ebriedad-la-demonizacion-de-las-drogas-vegetales-en-europa-durante-la-antiguedad-cronica-de-un-proceso-desde-la-perspectiva-arqueologica-elisa-guerra-doc\/\",\"url\":\"https:\/\/fundacionlobeliana.org\/producto\/7-simposio-psiconauta-utopia-y-ebriedad-la-demonizacion-de-las-drogas-vegetales-en-europa-durante-la-antiguedad-cronica-de-un-proceso-desde-la-perspectiva-arqueologica-elisa-guerra-doc\/\",\"name\":\"7.- Simposio Psicon\u00e1uta: Utop\u00eda y Ebriedad - La Demonizaci\u00f3n de las Drogas Vegetales en Europa durante la Antig\u00fcedad: Cr\u00f3nica de un Proceso desde la Perspectiva Arqueol\u00f3gica \u2013 Elisa Guerra Doce (EN\/ESP) - Fundacion Lobeliana\",\"isPartOf\":{\"@id\":\"https:\/\/fundacionlobeliana.org\/#website\"},\"primaryImageOfPage\":{\"@id\":\"https:\/\/fundacionlobeliana.org\/producto\/7-simposio-psiconauta-utopia-y-ebriedad-la-demonizacion-de-las-drogas-vegetales-en-europa-durante-la-antiguedad-cronica-de-un-proceso-desde-la-perspectiva-arqueologica-elisa-guerra-doc\/#primaryimage\"},\"image\":{\"@id\":\"https:\/\/fundacionlobeliana.org\/producto\/7-simposio-psiconauta-utopia-y-ebriedad-la-demonizacion-de-las-drogas-vegetales-en-europa-durante-la-antiguedad-cronica-de-un-proceso-desde-la-perspectiva-arqueologica-elisa-guerra-doc\/#primaryimage\"},\"thumbnailUrl\":\"https:\/\/fundacionlobeliana.org\/wp-content\/uploads\/2025\/09\/7.jpg\",\"datePublished\":\"2025-09-04T22:41:32+00:00\",\"dateModified\":\"2026-01-28T01:49:31+00:00\",\"breadcrumb\":{\"@id\":\"https:\/\/fundacionlobeliana.org\/producto\/7-simposio-psiconauta-utopia-y-ebriedad-la-demonizacion-de-las-drogas-vegetales-en-europa-durante-la-antiguedad-cronica-de-un-proceso-desde-la-perspectiva-arqueologica-elisa-guerra-doc\/#breadcrumb\"},\"inLanguage\":\"en-GB\",\"potentialAction\":[{\"@type\":\"ReadAction\",\"target\":[\"https:\/\/fundacionlobeliana.org\/producto\/7-simposio-psiconauta-utopia-y-ebriedad-la-demonizacion-de-las-drogas-vegetales-en-europa-durante-la-antiguedad-cronica-de-un-proceso-desde-la-perspectiva-arqueologica-elisa-guerra-doc\/\"]}]},{\"@type\":\"ImageObject\",\"inLanguage\":\"en-GB\",\"@id\":\"https:\/\/fundacionlobeliana.org\/producto\/7-simposio-psiconauta-utopia-y-ebriedad-la-demonizacion-de-las-drogas-vegetales-en-europa-durante-la-antiguedad-cronica-de-un-proceso-desde-la-perspectiva-arqueologica-elisa-guerra-doc\/#primaryimage\",\"url\":\"https:\/\/fundacionlobeliana.org\/wp-content\/uploads\/2025\/09\/7.jpg\",\"contentUrl\":\"https:\/\/fundacionlobeliana.org\/wp-content\/uploads\/2025\/09\/7.jpg\",\"width\":1080,\"height\":1080},{\"@type\":\"BreadcrumbList\",\"@id\":\"https:\/\/fundacionlobeliana.org\/producto\/7-simposio-psiconauta-utopia-y-ebriedad-la-demonizacion-de-las-drogas-vegetales-en-europa-durante-la-antiguedad-cronica-de-un-proceso-desde-la-perspectiva-arqueologica-elisa-guerra-doc\/#breadcrumb\",\"itemListElement\":[{\"@type\":\"ListItem\",\"position\":1,\"name\":\"Portada\",\"item\":\"https:\/\/fundacionlobeliana.org\/\"},{\"@type\":\"ListItem\",\"position\":2,\"name\":\"Tienda\",\"item\":\"https:\/\/fundacionlobeliana.org\/tienda\/\"},{\"@type\":\"ListItem\",\"position\":3,\"name\":\"7.- Simposio Psicon\u00e1uta: Utop\u00eda y Ebriedad &#8211; La Demonizaci\u00f3n de las Drogas Vegetales en Europa durante la Antig\u00fcedad: Cr\u00f3nica de un Proceso desde la Perspectiva Arqueol\u00f3gica \u2013 Elisa Guerra Doce (EN\/ESP)\"}]},{\"@type\":\"WebSite\",\"@id\":\"https:\/\/fundacionlobeliana.org\/#website\",\"url\":\"https:\/\/fundacionlobeliana.org\/\",\"name\":\"Fundacion Lobeliana\",\"description\":\"Organizaci\u00f3n sin fines de lucro que tiene como misi\u00f3n el rescatar, actualizar, visibilizar y hacer disponible el conocimiento acumulado hasta hoy sobre f\u00e1rmacos naturales y psicoactivos\",\"publisher\":{\"@id\":\"https:\/\/fundacionlobeliana.org\/#organization\"},\"potentialAction\":[{\"@type\":\"SearchAction\",\"target\":{\"@type\":\"EntryPoint\",\"urlTemplate\":\"https:\/\/fundacionlobeliana.org\/?s={search_term_string}\"},\"query-input\":{\"@type\":\"PropertyValueSpecification\",\"valueRequired\":true,\"valueName\":\"search_term_string\"}}],\"inLanguage\":\"en-GB\"},{\"@type\":\"Organization\",\"@id\":\"https:\/\/fundacionlobeliana.org\/#organization\",\"name\":\"Fundacion Lobeliana\",\"url\":\"https:\/\/fundacionlobeliana.org\/\",\"logo\":{\"@type\":\"ImageObject\",\"inLanguage\":\"en-GB\",\"@id\":\"https:\/\/fundacionlobeliana.org\/#\/schema\/logo\/image\/\",\"url\":\"https:\/\/fundacionlobeliana.org\/wp-content\/uploads\/2025\/09\/logo_fundacion_lobeliana-02.png\",\"contentUrl\":\"https:\/\/fundacionlobeliana.org\/wp-content\/uploads\/2025\/09\/logo_fundacion_lobeliana-02.png\",\"width\":571,\"height\":718,\"caption\":\"Fundacion Lobeliana\"},\"image\":{\"@id\":\"https:\/\/fundacionlobeliana.org\/#\/schema\/logo\/image\/\"}}]}<\/script>\n<!-- \/ Yoast SEO plugin. -->","yoast_head_json":{"title":"7.- Simposio Psicon\u00e1uta: Utop\u00eda y Ebriedad - La Demonizaci\u00f3n de las Drogas Vegetales en Europa durante la Antig\u00fcedad: Cr\u00f3nica de un Proceso desde la Perspectiva Arqueol\u00f3gica \u2013 Elisa Guerra Doce (EN\/ESP) - Fundacion Lobeliana","robots":{"index":"index","follow":"follow","max-snippet":"max-snippet:-1","max-image-preview":"max-image-preview:large","max-video-preview":"max-video-preview:-1"},"canonical":"https:\/\/fundacionlobeliana.org\/en\/product\/7-simposio-psiconauta-utopia-y-ebriedad-la-demonizacion-de-las-drogas-vegetales-en-europa-durante-la-antiguedad-cronica-de-un-proceso-desde-la-perspectiva-arqueologica-elisa-guerra-doc\/","og_locale":"en_GB","og_type":"article","og_title":"7.- Simposio Psicon\u00e1uta: Utop\u00eda y Ebriedad - La Demonizaci\u00f3n de las Drogas Vegetales en Europa durante la Antig\u00fcedad: Cr\u00f3nica de un Proceso desde la Perspectiva Arqueol\u00f3gica \u2013 Elisa Guerra Doce (EN\/ESP) - Fundacion Lobeliana","og_description":"ELISA GUERRA DOCE CHARLA: \u201cLa Demonizaci\u00f3n de las Drogas Vegetales en Europa durante la Antig\u00fcedad: Cr\u00f3nica de un Proceso desde la Perspectiva Arqueol\u00f3gica\u201d (Espa\u00f1ol con posibilidad de doblaje en ingl\u00e9s) RESE\u00d1A A lo largo y ancho del planeta, la Antropolog\u00eda ofrece multitud de ejemplos sobre el papel que desde hace milenios han desempe\u00f1ado las sustancias [&hellip;]","og_url":"https:\/\/fundacionlobeliana.org\/en\/product\/7-simposio-psiconauta-utopia-y-ebriedad-la-demonizacion-de-las-drogas-vegetales-en-europa-durante-la-antiguedad-cronica-de-un-proceso-desde-la-perspectiva-arqueologica-elisa-guerra-doc\/","og_site_name":"Fundacion Lobeliana","article_modified_time":"2026-01-28T01:49:31+00:00","og_image":[{"width":1080,"height":1080,"url":"https:\/\/fundacionlobeliana.org\/wp-content\/uploads\/2025\/09\/7.jpg","type":"image\/jpeg"}],"twitter_card":"summary_large_image","twitter_misc":{"Estimated reading time":"2 minutes"},"schema":{"@context":"https:\/\/schema.org","@graph":[{"@type":"WebPage","@id":"https:\/\/fundacionlobeliana.org\/producto\/7-simposio-psiconauta-utopia-y-ebriedad-la-demonizacion-de-las-drogas-vegetales-en-europa-durante-la-antiguedad-cronica-de-un-proceso-desde-la-perspectiva-arqueologica-elisa-guerra-doc\/","url":"https:\/\/fundacionlobeliana.org\/producto\/7-simposio-psiconauta-utopia-y-ebriedad-la-demonizacion-de-las-drogas-vegetales-en-europa-durante-la-antiguedad-cronica-de-un-proceso-desde-la-perspectiva-arqueologica-elisa-guerra-doc\/","name":"7.- Simposio Psicon\u00e1uta: Utop\u00eda y Ebriedad - La Demonizaci\u00f3n de las Drogas Vegetales en Europa durante la Antig\u00fcedad: Cr\u00f3nica de un Proceso desde la Perspectiva Arqueol\u00f3gica \u2013 Elisa Guerra Doce (EN\/ESP) - Fundacion Lobeliana","isPartOf":{"@id":"https:\/\/fundacionlobeliana.org\/#website"},"primaryImageOfPage":{"@id":"https:\/\/fundacionlobeliana.org\/producto\/7-simposio-psiconauta-utopia-y-ebriedad-la-demonizacion-de-las-drogas-vegetales-en-europa-durante-la-antiguedad-cronica-de-un-proceso-desde-la-perspectiva-arqueologica-elisa-guerra-doc\/#primaryimage"},"image":{"@id":"https:\/\/fundacionlobeliana.org\/producto\/7-simposio-psiconauta-utopia-y-ebriedad-la-demonizacion-de-las-drogas-vegetales-en-europa-durante-la-antiguedad-cronica-de-un-proceso-desde-la-perspectiva-arqueologica-elisa-guerra-doc\/#primaryimage"},"thumbnailUrl":"https:\/\/fundacionlobeliana.org\/wp-content\/uploads\/2025\/09\/7.jpg","datePublished":"2025-09-04T22:41:32+00:00","dateModified":"2026-01-28T01:49:31+00:00","breadcrumb":{"@id":"https:\/\/fundacionlobeliana.org\/producto\/7-simposio-psiconauta-utopia-y-ebriedad-la-demonizacion-de-las-drogas-vegetales-en-europa-durante-la-antiguedad-cronica-de-un-proceso-desde-la-perspectiva-arqueologica-elisa-guerra-doc\/#breadcrumb"},"inLanguage":"en-GB","potentialAction":[{"@type":"ReadAction","target":["https:\/\/fundacionlobeliana.org\/producto\/7-simposio-psiconauta-utopia-y-ebriedad-la-demonizacion-de-las-drogas-vegetales-en-europa-durante-la-antiguedad-cronica-de-un-proceso-desde-la-perspectiva-arqueologica-elisa-guerra-doc\/"]}]},{"@type":"ImageObject","inLanguage":"en-GB","@id":"https:\/\/fundacionlobeliana.org\/producto\/7-simposio-psiconauta-utopia-y-ebriedad-la-demonizacion-de-las-drogas-vegetales-en-europa-durante-la-antiguedad-cronica-de-un-proceso-desde-la-perspectiva-arqueologica-elisa-guerra-doc\/#primaryimage","url":"https:\/\/fundacionlobeliana.org\/wp-content\/uploads\/2025\/09\/7.jpg","contentUrl":"https:\/\/fundacionlobeliana.org\/wp-content\/uploads\/2025\/09\/7.jpg","width":1080,"height":1080},{"@type":"BreadcrumbList","@id":"https:\/\/fundacionlobeliana.org\/producto\/7-simposio-psiconauta-utopia-y-ebriedad-la-demonizacion-de-las-drogas-vegetales-en-europa-durante-la-antiguedad-cronica-de-un-proceso-desde-la-perspectiva-arqueologica-elisa-guerra-doc\/#breadcrumb","itemListElement":[{"@type":"ListItem","position":1,"name":"Portada","item":"https:\/\/fundacionlobeliana.org\/"},{"@type":"ListItem","position":2,"name":"Tienda","item":"https:\/\/fundacionlobeliana.org\/tienda\/"},{"@type":"ListItem","position":3,"name":"7.- Simposio Psicon\u00e1uta: Utop\u00eda y Ebriedad &#8211; La Demonizaci\u00f3n de las Drogas Vegetales en Europa durante la Antig\u00fcedad: Cr\u00f3nica de un Proceso desde la Perspectiva Arqueol\u00f3gica \u2013 Elisa Guerra Doce (EN\/ESP)"}]},{"@type":"WebSite","@id":"https:\/\/fundacionlobeliana.org\/#website","url":"https:\/\/fundacionlobeliana.org\/","name":"Fundacion Lobeliana","description":"Organizaci\u00f3n sin fines de lucro que tiene como misi\u00f3n el rescatar, actualizar, visibilizar y hacer disponible el conocimiento acumulado hasta hoy sobre f\u00e1rmacos naturales y psicoactivos","publisher":{"@id":"https:\/\/fundacionlobeliana.org\/#organization"},"potentialAction":[{"@type":"SearchAction","target":{"@type":"EntryPoint","urlTemplate":"https:\/\/fundacionlobeliana.org\/?s={search_term_string}"},"query-input":{"@type":"PropertyValueSpecification","valueRequired":true,"valueName":"search_term_string"}}],"inLanguage":"en-GB"},{"@type":"Organization","@id":"https:\/\/fundacionlobeliana.org\/#organization","name":"Fundacion Lobeliana","url":"https:\/\/fundacionlobeliana.org\/","logo":{"@type":"ImageObject","inLanguage":"en-GB","@id":"https:\/\/fundacionlobeliana.org\/#\/schema\/logo\/image\/","url":"https:\/\/fundacionlobeliana.org\/wp-content\/uploads\/2025\/09\/logo_fundacion_lobeliana-02.png","contentUrl":"https:\/\/fundacionlobeliana.org\/wp-content\/uploads\/2025\/09\/logo_fundacion_lobeliana-02.png","width":571,"height":718,"caption":"Fundacion Lobeliana"},"image":{"@id":"https:\/\/fundacionlobeliana.org\/#\/schema\/logo\/image\/"}}]}},"_links":{"self":[{"href":"https:\/\/fundacionlobeliana.org\/en\/wp-json\/wp\/v2\/product\/27","targetHints":{"allow":["GET"]}}],"collection":[{"href":"https:\/\/fundacionlobeliana.org\/en\/wp-json\/wp\/v2\/product"}],"about":[{"href":"https:\/\/fundacionlobeliana.org\/en\/wp-json\/wp\/v2\/types\/product"}],"replies":[{"embeddable":true,"href":"https:\/\/fundacionlobeliana.org\/en\/wp-json\/wp\/v2\/comments?post=27"}],"wp:featuredmedia":[{"embeddable":true,"href":"https:\/\/fundacionlobeliana.org\/en\/wp-json\/wp\/v2\/media\/57"}],"wp:attachment":[{"href":"https:\/\/fundacionlobeliana.org\/en\/wp-json\/wp\/v2\/media?parent=27"}],"wp:term":[{"taxonomy":"product_brand","embeddable":true,"href":"https:\/\/fundacionlobeliana.org\/en\/wp-json\/wp\/v2\/product_brand?post=27"},{"taxonomy":"product_cat","embeddable":true,"href":"https:\/\/fundacionlobeliana.org\/en\/wp-json\/wp\/v2\/product_cat?post=27"},{"taxonomy":"product_tag","embeddable":true,"href":"https:\/\/fundacionlobeliana.org\/en\/wp-json\/wp\/v2\/product_tag?post=27"}],"curies":[{"name":"wp","href":"https:\/\/api.w.org\/{rel}","templated":true}]}}