{"id":28,"date":"2025-09-04T22:41:32","date_gmt":"2025-09-04T22:41:32","guid":{"rendered":"https:\/\/fundacionlobeliana.org\/?post_type=product&#038;p=28"},"modified":"2026-01-28T01:49:31","modified_gmt":"2026-01-28T01:49:31","slug":"8-simposio-psiconauta-utopia-y-ebriedad-plantas-psicoactivas-y-artefactos-somatonauticos-hacia-una-perspectiva-cinetica-desde-la-arqueologia-del-noroeste-argentino-veronica-lema-en-es","status":"publish","type":"product","link":"https:\/\/fundacionlobeliana.org\/en\/product\/8-simposio-psiconauta-utopia-y-ebriedad-plantas-psicoactivas-y-artefactos-somatonauticos-hacia-una-perspectiva-cinetica-desde-la-arqueologia-del-noroeste-argentino-veronica-lema-en-es\/","title":{"rendered":"8.- Simposio Psicon\u00e1uta: Utop\u00eda y Ebriedad &#8211; Plantas Psicoactivas y Artefactos Somaton\u00e1uticos: Hacia una Perspectiva Cin\u00e9tica desde la Arqueolog\u00eda del Noroeste Argentino \u2013 Ver\u00f3nica Lema (EN\/ESP)"},"content":{"rendered":"<h3><b>VER\u00d3NICA LEMA<\/b><\/h3>\n<p><b>CHARLA: \u201cPlantas Psicoactivas y Artefactos Somaton\u00e1uticos: Hacia una Perspectiva Cin\u00e9tica desde la Arqueolog\u00eda del Noroeste Argentino\u201d<\/b><\/p>\n<p><span style=\"font-weight: 400;\">(Espa\u00f1ol con posibilidad de doblaje en ingl\u00e9s)<\/span><\/p>\n<p><span style=\"font-weight: 400;\">Se exponen las primeras evidencias en el noroeste de Argentina sobre la relaci\u00f3n entre humanos y plantas psicoactivas a trav\u00e9s de los artefactos arqueol\u00f3gicos como son las tabletas y pipas. La idea es recorrer la narrativa cl\u00e1sica (los nuevos hallazgos y descubrimientos que hemos hecho) y repensar esa historia de relaciones no a trav\u00e9s de una teor\u00eda externa que uno baja al registro arqueol\u00f3gico, si no a partir de lo que los artefactos mismos tienen que decir, no s\u00f3lo a trav\u00e9s de lo que son, si no preguntando qu\u00e9 es lo que hacen.\u00a0<\/span><\/p>\n<p><b>BIOGRAF\u00cdA<\/b><\/p>\n<p><span style=\"font-weight: 400;\">Ver\u00f3nica Lema es antrop\u00f3loga y arque\u00f3loga con experiencia en etnobot\u00e1nica. Es investigadora del CONICET en Argentina y trabaja y ense\u00f1a en la Universidad Nacional de C\u00f3rdoba. Investiga desde hace m\u00e1s de veinte a\u00f1os en el Noroeste argentino (con experiencias de campo tambi\u00e9n en Bolivia y Per\u00fa) interesada por las relaciones entre personas y plantas a partir de registros arqueol\u00f3gicos y etnogr\u00e1ficos.<\/span><\/p>\n<h3><\/h3>","protected":false},"excerpt":{"rendered":"<p>VER\u00d3NICA LEMA CHARLA: \u201cPlantas Psicoactivas y Artefactos Somaton\u00e1uticos: Hacia una Perspectiva Cin\u00e9tica desde la Arqueolog\u00eda del Noroeste Argentino\u201d (Espa\u00f1ol con posibilidad de doblaje en ingl\u00e9s) Se exponen las primeras evidencias en el noroeste de Argentina sobre la relaci\u00f3n entre humanos y plantas psicoactivas a trav\u00e9s de los artefactos arqueol\u00f3gicos como son las tabletas y pipas. [&hellip;]<\/p>","protected":false},"featured_media":58,"comment_status":"closed","ping_status":"closed","template":"","meta":[],"product_brand":[],"product_cat":[16,27],"product_tag":[],"class_list":{"0":"post-28","1":"product","2":"type-product","3":"status-publish","4":"has-post-thumbnail","6":"product_cat-on-demand","7":"product_cat-simposios","9":"first","10":"instock","11":"sale","12":"virtual","13":"sold-individually","14":"purchasable","15":"product-type-simple"},"yoast_head":"<!-- This site is optimized with the Yoast SEO plugin v27.2 - https:\/\/yoast.com\/product\/yoast-seo-wordpress\/ -->\n<title>8.- Simposio Psicon\u00e1uta: Utop\u00eda y Ebriedad - Plantas Psicoactivas y Artefactos Somaton\u00e1uticos: Hacia una Perspectiva Cin\u00e9tica desde la Arqueolog\u00eda del Noroeste Argentino \u2013 Ver\u00f3nica Lema (EN\/ESP) - Fundacion Lobeliana<\/title>\n<meta name=\"robots\" content=\"index, follow, max-snippet:-1, max-image-preview:large, max-video-preview:-1\" \/>\n<link rel=\"canonical\" href=\"https:\/\/fundacionlobeliana.org\/en\/product\/8-simposio-psiconauta-utopia-y-ebriedad-plantas-psicoactivas-y-artefactos-somatonauticos-hacia-una-perspectiva-cinetica-desde-la-arqueologia-del-noroeste-argentino-veronica-lema-en-es\/\" \/>\n<meta property=\"og:locale\" content=\"en_GB\" \/>\n<meta property=\"og:type\" content=\"article\" \/>\n<meta property=\"og:title\" content=\"8.- Simposio Psicon\u00e1uta: Utop\u00eda y Ebriedad - Plantas Psicoactivas y Artefactos Somaton\u00e1uticos: Hacia una Perspectiva Cin\u00e9tica desde la Arqueolog\u00eda del Noroeste Argentino \u2013 Ver\u00f3nica Lema (EN\/ESP) - Fundacion Lobeliana\" \/>\n<meta property=\"og:description\" content=\"VER\u00d3NICA LEMA CHARLA: \u201cPlantas Psicoactivas y Artefactos Somaton\u00e1uticos: Hacia una Perspectiva Cin\u00e9tica desde la Arqueolog\u00eda del Noroeste Argentino\u201d (Espa\u00f1ol con posibilidad de doblaje en ingl\u00e9s) Se exponen las primeras evidencias en el noroeste de Argentina sobre la relaci\u00f3n entre humanos y plantas psicoactivas a trav\u00e9s de los artefactos arqueol\u00f3gicos como son las tabletas y pipas. [&hellip;]\" \/>\n<meta property=\"og:url\" content=\"https:\/\/fundacionlobeliana.org\/en\/product\/8-simposio-psiconauta-utopia-y-ebriedad-plantas-psicoactivas-y-artefactos-somatonauticos-hacia-una-perspectiva-cinetica-desde-la-arqueologia-del-noroeste-argentino-veronica-lema-en-es\/\" \/>\n<meta property=\"og:site_name\" content=\"Fundacion Lobeliana\" \/>\n<meta property=\"article:modified_time\" content=\"2026-01-28T01:49:31+00:00\" \/>\n<meta property=\"og:image\" content=\"https:\/\/fundacionlobeliana.org\/wp-content\/uploads\/2025\/09\/8.jpg\" \/>\n\t<meta property=\"og:image:width\" content=\"1080\" \/>\n\t<meta property=\"og:image:height\" content=\"1080\" \/>\n\t<meta property=\"og:image:type\" content=\"image\/jpeg\" \/>\n<meta name=\"twitter:card\" content=\"summary_large_image\" \/>\n<meta name=\"twitter:label1\" content=\"Estimated reading time\" \/>\n\t<meta name=\"twitter:data1\" content=\"1 minute\" \/>\n<script type=\"application\/ld+json\" class=\"yoast-schema-graph\">{\"@context\":\"https:\/\/schema.org\",\"@graph\":[{\"@type\":\"WebPage\",\"@id\":\"https:\/\/fundacionlobeliana.org\/producto\/8-simposio-psiconauta-utopia-y-ebriedad-plantas-psicoactivas-y-artefactos-somatonauticos-hacia-una-perspectiva-cinetica-desde-la-arqueologia-del-noroeste-argentino-veronica-lema-en-es\/\",\"url\":\"https:\/\/fundacionlobeliana.org\/producto\/8-simposio-psiconauta-utopia-y-ebriedad-plantas-psicoactivas-y-artefactos-somatonauticos-hacia-una-perspectiva-cinetica-desde-la-arqueologia-del-noroeste-argentino-veronica-lema-en-es\/\",\"name\":\"8.- Simposio Psicon\u00e1uta: Utop\u00eda y Ebriedad - Plantas Psicoactivas y Artefactos Somaton\u00e1uticos: Hacia una Perspectiva Cin\u00e9tica desde la Arqueolog\u00eda del Noroeste Argentino \u2013 Ver\u00f3nica Lema (EN\/ESP) - Fundacion Lobeliana\",\"isPartOf\":{\"@id\":\"https:\/\/fundacionlobeliana.org\/#website\"},\"primaryImageOfPage\":{\"@id\":\"https:\/\/fundacionlobeliana.org\/producto\/8-simposio-psiconauta-utopia-y-ebriedad-plantas-psicoactivas-y-artefactos-somatonauticos-hacia-una-perspectiva-cinetica-desde-la-arqueologia-del-noroeste-argentino-veronica-lema-en-es\/#primaryimage\"},\"image\":{\"@id\":\"https:\/\/fundacionlobeliana.org\/producto\/8-simposio-psiconauta-utopia-y-ebriedad-plantas-psicoactivas-y-artefactos-somatonauticos-hacia-una-perspectiva-cinetica-desde-la-arqueologia-del-noroeste-argentino-veronica-lema-en-es\/#primaryimage\"},\"thumbnailUrl\":\"https:\/\/fundacionlobeliana.org\/wp-content\/uploads\/2025\/09\/8.jpg\",\"datePublished\":\"2025-09-04T22:41:32+00:00\",\"dateModified\":\"2026-01-28T01:49:31+00:00\",\"breadcrumb\":{\"@id\":\"https:\/\/fundacionlobeliana.org\/producto\/8-simposio-psiconauta-utopia-y-ebriedad-plantas-psicoactivas-y-artefactos-somatonauticos-hacia-una-perspectiva-cinetica-desde-la-arqueologia-del-noroeste-argentino-veronica-lema-en-es\/#breadcrumb\"},\"inLanguage\":\"en-GB\",\"potentialAction\":[{\"@type\":\"ReadAction\",\"target\":[\"https:\/\/fundacionlobeliana.org\/producto\/8-simposio-psiconauta-utopia-y-ebriedad-plantas-psicoactivas-y-artefactos-somatonauticos-hacia-una-perspectiva-cinetica-desde-la-arqueologia-del-noroeste-argentino-veronica-lema-en-es\/\"]}]},{\"@type\":\"ImageObject\",\"inLanguage\":\"en-GB\",\"@id\":\"https:\/\/fundacionlobeliana.org\/producto\/8-simposio-psiconauta-utopia-y-ebriedad-plantas-psicoactivas-y-artefactos-somatonauticos-hacia-una-perspectiva-cinetica-desde-la-arqueologia-del-noroeste-argentino-veronica-lema-en-es\/#primaryimage\",\"url\":\"https:\/\/fundacionlobeliana.org\/wp-content\/uploads\/2025\/09\/8.jpg\",\"contentUrl\":\"https:\/\/fundacionlobeliana.org\/wp-content\/uploads\/2025\/09\/8.jpg\",\"width\":1080,\"height\":1080},{\"@type\":\"BreadcrumbList\",\"@id\":\"https:\/\/fundacionlobeliana.org\/producto\/8-simposio-psiconauta-utopia-y-ebriedad-plantas-psicoactivas-y-artefactos-somatonauticos-hacia-una-perspectiva-cinetica-desde-la-arqueologia-del-noroeste-argentino-veronica-lema-en-es\/#breadcrumb\",\"itemListElement\":[{\"@type\":\"ListItem\",\"position\":1,\"name\":\"Portada\",\"item\":\"https:\/\/fundacionlobeliana.org\/\"},{\"@type\":\"ListItem\",\"position\":2,\"name\":\"Tienda\",\"item\":\"https:\/\/fundacionlobeliana.org\/tienda\/\"},{\"@type\":\"ListItem\",\"position\":3,\"name\":\"8.- Simposio Psicon\u00e1uta: Utop\u00eda y Ebriedad &#8211; Plantas Psicoactivas y Artefactos Somaton\u00e1uticos: Hacia una Perspectiva Cin\u00e9tica desde la Arqueolog\u00eda del Noroeste Argentino \u2013 Ver\u00f3nica Lema (EN\/ESP)\"}]},{\"@type\":\"WebSite\",\"@id\":\"https:\/\/fundacionlobeliana.org\/#website\",\"url\":\"https:\/\/fundacionlobeliana.org\/\",\"name\":\"Fundacion Lobeliana\",\"description\":\"Organizaci\u00f3n sin fines de lucro que tiene como misi\u00f3n el rescatar, actualizar, visibilizar y hacer disponible el conocimiento acumulado hasta hoy sobre f\u00e1rmacos naturales y psicoactivos\",\"publisher\":{\"@id\":\"https:\/\/fundacionlobeliana.org\/#organization\"},\"potentialAction\":[{\"@type\":\"SearchAction\",\"target\":{\"@type\":\"EntryPoint\",\"urlTemplate\":\"https:\/\/fundacionlobeliana.org\/?s={search_term_string}\"},\"query-input\":{\"@type\":\"PropertyValueSpecification\",\"valueRequired\":true,\"valueName\":\"search_term_string\"}}],\"inLanguage\":\"en-GB\"},{\"@type\":\"Organization\",\"@id\":\"https:\/\/fundacionlobeliana.org\/#organization\",\"name\":\"Fundacion Lobeliana\",\"url\":\"https:\/\/fundacionlobeliana.org\/\",\"logo\":{\"@type\":\"ImageObject\",\"inLanguage\":\"en-GB\",\"@id\":\"https:\/\/fundacionlobeliana.org\/#\/schema\/logo\/image\/\",\"url\":\"https:\/\/fundacionlobeliana.org\/wp-content\/uploads\/2025\/09\/logo_fundacion_lobeliana-02.png\",\"contentUrl\":\"https:\/\/fundacionlobeliana.org\/wp-content\/uploads\/2025\/09\/logo_fundacion_lobeliana-02.png\",\"width\":571,\"height\":718,\"caption\":\"Fundacion Lobeliana\"},\"image\":{\"@id\":\"https:\/\/fundacionlobeliana.org\/#\/schema\/logo\/image\/\"}}]}<\/script>\n<!-- \/ Yoast SEO plugin. -->","yoast_head_json":{"title":"8.- Simposio Psicon\u00e1uta: Utop\u00eda y Ebriedad - Plantas Psicoactivas y Artefactos Somaton\u00e1uticos: Hacia una Perspectiva Cin\u00e9tica desde la Arqueolog\u00eda del Noroeste Argentino \u2013 Ver\u00f3nica Lema (EN\/ESP) - Fundacion Lobeliana","robots":{"index":"index","follow":"follow","max-snippet":"max-snippet:-1","max-image-preview":"max-image-preview:large","max-video-preview":"max-video-preview:-1"},"canonical":"https:\/\/fundacionlobeliana.org\/en\/product\/8-simposio-psiconauta-utopia-y-ebriedad-plantas-psicoactivas-y-artefactos-somatonauticos-hacia-una-perspectiva-cinetica-desde-la-arqueologia-del-noroeste-argentino-veronica-lema-en-es\/","og_locale":"en_GB","og_type":"article","og_title":"8.- Simposio Psicon\u00e1uta: Utop\u00eda y Ebriedad - Plantas Psicoactivas y Artefactos Somaton\u00e1uticos: Hacia una Perspectiva Cin\u00e9tica desde la Arqueolog\u00eda del Noroeste Argentino \u2013 Ver\u00f3nica Lema (EN\/ESP) - Fundacion Lobeliana","og_description":"VER\u00d3NICA LEMA CHARLA: \u201cPlantas Psicoactivas y Artefactos Somaton\u00e1uticos: Hacia una Perspectiva Cin\u00e9tica desde la Arqueolog\u00eda del Noroeste Argentino\u201d (Espa\u00f1ol con posibilidad de doblaje en ingl\u00e9s) Se exponen las primeras evidencias en el noroeste de Argentina sobre la relaci\u00f3n entre humanos y plantas psicoactivas a trav\u00e9s de los artefactos arqueol\u00f3gicos como son las tabletas y pipas. [&hellip;]","og_url":"https:\/\/fundacionlobeliana.org\/en\/product\/8-simposio-psiconauta-utopia-y-ebriedad-plantas-psicoactivas-y-artefactos-somatonauticos-hacia-una-perspectiva-cinetica-desde-la-arqueologia-del-noroeste-argentino-veronica-lema-en-es\/","og_site_name":"Fundacion Lobeliana","article_modified_time":"2026-01-28T01:49:31+00:00","og_image":[{"width":1080,"height":1080,"url":"https:\/\/fundacionlobeliana.org\/wp-content\/uploads\/2025\/09\/8.jpg","type":"image\/jpeg"}],"twitter_card":"summary_large_image","twitter_misc":{"Estimated reading time":"1 minute"},"schema":{"@context":"https:\/\/schema.org","@graph":[{"@type":"WebPage","@id":"https:\/\/fundacionlobeliana.org\/producto\/8-simposio-psiconauta-utopia-y-ebriedad-plantas-psicoactivas-y-artefactos-somatonauticos-hacia-una-perspectiva-cinetica-desde-la-arqueologia-del-noroeste-argentino-veronica-lema-en-es\/","url":"https:\/\/fundacionlobeliana.org\/producto\/8-simposio-psiconauta-utopia-y-ebriedad-plantas-psicoactivas-y-artefactos-somatonauticos-hacia-una-perspectiva-cinetica-desde-la-arqueologia-del-noroeste-argentino-veronica-lema-en-es\/","name":"8.- Simposio Psicon\u00e1uta: Utop\u00eda y Ebriedad - Plantas Psicoactivas y Artefactos Somaton\u00e1uticos: Hacia una Perspectiva Cin\u00e9tica desde la Arqueolog\u00eda del Noroeste Argentino \u2013 Ver\u00f3nica Lema (EN\/ESP) - Fundacion Lobeliana","isPartOf":{"@id":"https:\/\/fundacionlobeliana.org\/#website"},"primaryImageOfPage":{"@id":"https:\/\/fundacionlobeliana.org\/producto\/8-simposio-psiconauta-utopia-y-ebriedad-plantas-psicoactivas-y-artefactos-somatonauticos-hacia-una-perspectiva-cinetica-desde-la-arqueologia-del-noroeste-argentino-veronica-lema-en-es\/#primaryimage"},"image":{"@id":"https:\/\/fundacionlobeliana.org\/producto\/8-simposio-psiconauta-utopia-y-ebriedad-plantas-psicoactivas-y-artefactos-somatonauticos-hacia-una-perspectiva-cinetica-desde-la-arqueologia-del-noroeste-argentino-veronica-lema-en-es\/#primaryimage"},"thumbnailUrl":"https:\/\/fundacionlobeliana.org\/wp-content\/uploads\/2025\/09\/8.jpg","datePublished":"2025-09-04T22:41:32+00:00","dateModified":"2026-01-28T01:49:31+00:00","breadcrumb":{"@id":"https:\/\/fundacionlobeliana.org\/producto\/8-simposio-psiconauta-utopia-y-ebriedad-plantas-psicoactivas-y-artefactos-somatonauticos-hacia-una-perspectiva-cinetica-desde-la-arqueologia-del-noroeste-argentino-veronica-lema-en-es\/#breadcrumb"},"inLanguage":"en-GB","potentialAction":[{"@type":"ReadAction","target":["https:\/\/fundacionlobeliana.org\/producto\/8-simposio-psiconauta-utopia-y-ebriedad-plantas-psicoactivas-y-artefactos-somatonauticos-hacia-una-perspectiva-cinetica-desde-la-arqueologia-del-noroeste-argentino-veronica-lema-en-es\/"]}]},{"@type":"ImageObject","inLanguage":"en-GB","@id":"https:\/\/fundacionlobeliana.org\/producto\/8-simposio-psiconauta-utopia-y-ebriedad-plantas-psicoactivas-y-artefactos-somatonauticos-hacia-una-perspectiva-cinetica-desde-la-arqueologia-del-noroeste-argentino-veronica-lema-en-es\/#primaryimage","url":"https:\/\/fundacionlobeliana.org\/wp-content\/uploads\/2025\/09\/8.jpg","contentUrl":"https:\/\/fundacionlobeliana.org\/wp-content\/uploads\/2025\/09\/8.jpg","width":1080,"height":1080},{"@type":"BreadcrumbList","@id":"https:\/\/fundacionlobeliana.org\/producto\/8-simposio-psiconauta-utopia-y-ebriedad-plantas-psicoactivas-y-artefactos-somatonauticos-hacia-una-perspectiva-cinetica-desde-la-arqueologia-del-noroeste-argentino-veronica-lema-en-es\/#breadcrumb","itemListElement":[{"@type":"ListItem","position":1,"name":"Portada","item":"https:\/\/fundacionlobeliana.org\/"},{"@type":"ListItem","position":2,"name":"Tienda","item":"https:\/\/fundacionlobeliana.org\/tienda\/"},{"@type":"ListItem","position":3,"name":"8.- Simposio Psicon\u00e1uta: Utop\u00eda y Ebriedad &#8211; Plantas Psicoactivas y Artefactos Somaton\u00e1uticos: Hacia una Perspectiva Cin\u00e9tica desde la Arqueolog\u00eda del Noroeste Argentino \u2013 Ver\u00f3nica Lema (EN\/ESP)"}]},{"@type":"WebSite","@id":"https:\/\/fundacionlobeliana.org\/#website","url":"https:\/\/fundacionlobeliana.org\/","name":"Fundacion Lobeliana","description":"Organizaci\u00f3n sin fines de lucro que tiene como misi\u00f3n el rescatar, actualizar, visibilizar y hacer disponible el conocimiento acumulado hasta hoy sobre f\u00e1rmacos naturales y psicoactivos","publisher":{"@id":"https:\/\/fundacionlobeliana.org\/#organization"},"potentialAction":[{"@type":"SearchAction","target":{"@type":"EntryPoint","urlTemplate":"https:\/\/fundacionlobeliana.org\/?s={search_term_string}"},"query-input":{"@type":"PropertyValueSpecification","valueRequired":true,"valueName":"search_term_string"}}],"inLanguage":"en-GB"},{"@type":"Organization","@id":"https:\/\/fundacionlobeliana.org\/#organization","name":"Fundacion Lobeliana","url":"https:\/\/fundacionlobeliana.org\/","logo":{"@type":"ImageObject","inLanguage":"en-GB","@id":"https:\/\/fundacionlobeliana.org\/#\/schema\/logo\/image\/","url":"https:\/\/fundacionlobeliana.org\/wp-content\/uploads\/2025\/09\/logo_fundacion_lobeliana-02.png","contentUrl":"https:\/\/fundacionlobeliana.org\/wp-content\/uploads\/2025\/09\/logo_fundacion_lobeliana-02.png","width":571,"height":718,"caption":"Fundacion Lobeliana"},"image":{"@id":"https:\/\/fundacionlobeliana.org\/#\/schema\/logo\/image\/"}}]}},"_links":{"self":[{"href":"https:\/\/fundacionlobeliana.org\/en\/wp-json\/wp\/v2\/product\/28","targetHints":{"allow":["GET"]}}],"collection":[{"href":"https:\/\/fundacionlobeliana.org\/en\/wp-json\/wp\/v2\/product"}],"about":[{"href":"https:\/\/fundacionlobeliana.org\/en\/wp-json\/wp\/v2\/types\/product"}],"replies":[{"embeddable":true,"href":"https:\/\/fundacionlobeliana.org\/en\/wp-json\/wp\/v2\/comments?post=28"}],"wp:featuredmedia":[{"embeddable":true,"href":"https:\/\/fundacionlobeliana.org\/en\/wp-json\/wp\/v2\/media\/58"}],"wp:attachment":[{"href":"https:\/\/fundacionlobeliana.org\/en\/wp-json\/wp\/v2\/media?parent=28"}],"wp:term":[{"taxonomy":"product_brand","embeddable":true,"href":"https:\/\/fundacionlobeliana.org\/en\/wp-json\/wp\/v2\/product_brand?post=28"},{"taxonomy":"product_cat","embeddable":true,"href":"https:\/\/fundacionlobeliana.org\/en\/wp-json\/wp\/v2\/product_cat?post=28"},{"taxonomy":"product_tag","embeddable":true,"href":"https:\/\/fundacionlobeliana.org\/en\/wp-json\/wp\/v2\/product_tag?post=28"}],"curies":[{"name":"wp","href":"https:\/\/api.w.org\/{rel}","templated":true}]}}