{"id":29,"date":"2025-09-04T22:41:32","date_gmt":"2025-09-04T22:41:32","guid":{"rendered":"https:\/\/fundacionlobeliana.org\/?post_type=product&#038;p=29"},"modified":"2026-01-28T01:49:31","modified_gmt":"2026-01-28T01:49:31","slug":"9-simposio-psiconauta-utopia-y-ebriedad-la-quimica-al-servicio-de-arqueologia-de-plantas-psicoactivas-una-vision-sudamericana-javier-echeverria-en-esp","status":"publish","type":"product","link":"https:\/\/fundacionlobeliana.org\/en\/product\/9-simposio-psiconauta-utopia-y-ebriedad-la-quimica-al-servicio-de-arqueologia-de-plantas-psicoactivas-una-vision-sudamericana-javier-echeverria-en-esp\/","title":{"rendered":"9.- Simposio Psicon\u00e1uta: Utop\u00eda y Ebriedad &#8211;  La Qu\u00edmica al Servicio de Arqueolog\u00eda de Plantas Psicoactivas: una Visi\u00f3n Sudamericana \u2013 Javier Echeverria (EN\/ESP)"},"content":{"rendered":"<h3><b>JAVIER ECHEVERR\u00cdA<\/b><\/h3>\n<p><b>CHARLA: \u201cLa Qu\u00edmica al Servicio de Arqueolog\u00eda de Plantas Psicoactivas: una Visi\u00f3n Sudamericana\u201d<\/b><\/p>\n<p><span style=\"font-weight: 400;\">(Espa\u00f1ol con posibilidad de doblaje en ingl\u00e9s)<\/span><\/p>\n<p><span style=\"font-weight: 400;\">La qu\u00edmica como herramienta, no como respuesta.\u00a0<\/span><\/p>\n<p><span style=\"font-weight: 400;\">\u00bfC\u00f3mo se analizan y caracterizan cient\u00edficamente los alcaloides de una muestra arqueol\u00f3gica? \u00bfQu\u00e9 metodolog\u00eda usar para preparar una muestra y luego analizarla con el objetivo de entender finalmente su composici\u00f3n? \u00bfC\u00f3mo cambia una muestra a trav\u00e9s de siglos por los distintos proceso f\u00edsicos, qu\u00edmicos y biol\u00f3gicos? Javier Echeverr\u00eda nos muestra c\u00f3mo se relaciona la qu\u00edmica con la arqueolog\u00eda para estudiar paleodietas, tecnolog\u00edas de color y pr\u00e1cticas rituales. En este viaje a trav\u00e9s de distintas disciplinas que se entrelazan, se puede entrever c\u00f3mo la qu\u00edmica no es una respuesta en s\u00ed, sino m\u00e1s bien una valiosa herramienta para reconstruir el pasado.\u00a0<\/span><\/p>\n<p><b>BIOGRAF\u00cdA<\/b><\/p>\n<p><span style=\"font-weight: 400;\">Dr. Javier Echeverr\u00eda es profesor asociado, director del Mag\u00edster en Qu\u00edmica y director del Laboratorio de Productos Naturales Bioactivos de la Universidad de Santiago de Chile. Sus intereses de investigaci\u00f3n se centran en la qu\u00edmica de productos naturales orientado a la Qu\u00edmica Arqueol\u00f3gica (aplicaci\u00f3n de la espectrometr\u00eda de masas al estudio de la prehistoria humana), Etnofarmacolog\u00eda (estudio fitoqu\u00edmico y de las propiedades farmacol\u00f3gicas de plantas utilizadas como alimentos y\/o medicinas por grupos \u00e9tnicos sudamericanos) y Qu\u00edmica M\u00e9dica (dise\u00f1o, desarrollo y s\u00edntesis de nuevas mol\u00e9culas con propiedades farmacol\u00f3gicas para el estudio de sus mecanismos de acci\u00f3n y posibles aplicaciones en la salud humana). Es autor de m\u00e1s de 200 art\u00edculos cient\u00edficos y cap\u00edtulos de libros publicados en las revistas y editoriales m\u00e1s prestigiosas y relevantes del \u00e1rea. Actualmente se desempe\u00f1a como editor jefe de la secci\u00f3n de Etnofarmacolog\u00eda de la Revista cient\u00edfica\u00a0<\/span><i><span style=\"font-weight: 400;\">Frontiers in Pharmacology<\/span><\/i><span style=\"font-weight: 400;\">\u00a0y miembro del directorio de la\u00a0<\/span><i><span style=\"font-weight: 400;\">Sociedad Internacional de Etnofarmacolog\u00eda<\/span><\/i><span style=\"font-weight: 400;\">\u00a0(ISE), as\u00ed como tambi\u00e9n miembro del comit\u00e9 editorial de diversas revistas cient\u00edficas.<\/span><\/p>\n<h3><\/h3>","protected":false},"excerpt":{"rendered":"<p>JAVIER ECHEVERR\u00cdA CHARLA: \u201cLa Qu\u00edmica al Servicio de Arqueolog\u00eda de Plantas Psicoactivas: una Visi\u00f3n Sudamericana\u201d (Espa\u00f1ol con posibilidad de doblaje en ingl\u00e9s) La qu\u00edmica como herramienta, no como respuesta.\u00a0 \u00bfC\u00f3mo se analizan y caracterizan cient\u00edficamente los alcaloides de una muestra arqueol\u00f3gica? \u00bfQu\u00e9 metodolog\u00eda usar para preparar una muestra y luego analizarla con el objetivo de [&hellip;]<\/p>","protected":false},"featured_media":59,"comment_status":"closed","ping_status":"closed","template":"","meta":[],"product_brand":[],"product_cat":[16,27],"product_tag":[],"class_list":{"0":"post-29","1":"product","2":"type-product","3":"status-publish","4":"has-post-thumbnail","6":"product_cat-on-demand","7":"product_cat-simposios","9":"first","10":"instock","11":"sale","12":"virtual","13":"sold-individually","14":"purchasable","15":"product-type-simple"},"yoast_head":"<!-- This site is optimized with the Yoast SEO plugin v27.2 - https:\/\/yoast.com\/product\/yoast-seo-wordpress\/ -->\n<title>9.- Simposio Psicon\u00e1uta: Utop\u00eda y Ebriedad - La Qu\u00edmica al Servicio de Arqueolog\u00eda de Plantas Psicoactivas: una Visi\u00f3n Sudamericana \u2013 Javier Echeverria (EN\/ESP) - Fundacion Lobeliana<\/title>\n<meta name=\"robots\" content=\"index, follow, max-snippet:-1, max-image-preview:large, max-video-preview:-1\" \/>\n<link rel=\"canonical\" href=\"https:\/\/fundacionlobeliana.org\/en\/product\/9-simposio-psiconauta-utopia-y-ebriedad-la-quimica-al-servicio-de-arqueologia-de-plantas-psicoactivas-una-vision-sudamericana-javier-echeverria-en-esp\/\" \/>\n<meta property=\"og:locale\" content=\"en_GB\" \/>\n<meta property=\"og:type\" content=\"article\" \/>\n<meta property=\"og:title\" content=\"9.- Simposio Psicon\u00e1uta: Utop\u00eda y Ebriedad - La Qu\u00edmica al Servicio de Arqueolog\u00eda de Plantas Psicoactivas: una Visi\u00f3n Sudamericana \u2013 Javier Echeverria (EN\/ESP) - Fundacion Lobeliana\" \/>\n<meta property=\"og:description\" content=\"JAVIER ECHEVERR\u00cdA CHARLA: \u201cLa Qu\u00edmica al Servicio de Arqueolog\u00eda de Plantas Psicoactivas: una Visi\u00f3n Sudamericana\u201d (Espa\u00f1ol con posibilidad de doblaje en ingl\u00e9s) La qu\u00edmica como herramienta, no como respuesta.\u00a0 \u00bfC\u00f3mo se analizan y caracterizan cient\u00edficamente los alcaloides de una muestra arqueol\u00f3gica? \u00bfQu\u00e9 metodolog\u00eda usar para preparar una muestra y luego analizarla con el objetivo de [&hellip;]\" \/>\n<meta property=\"og:url\" content=\"https:\/\/fundacionlobeliana.org\/en\/product\/9-simposio-psiconauta-utopia-y-ebriedad-la-quimica-al-servicio-de-arqueologia-de-plantas-psicoactivas-una-vision-sudamericana-javier-echeverria-en-esp\/\" \/>\n<meta property=\"og:site_name\" content=\"Fundacion Lobeliana\" \/>\n<meta property=\"article:modified_time\" content=\"2026-01-28T01:49:31+00:00\" \/>\n<meta property=\"og:image\" content=\"https:\/\/fundacionlobeliana.org\/wp-content\/uploads\/2025\/09\/9.jpg\" \/>\n\t<meta property=\"og:image:width\" content=\"1080\" \/>\n\t<meta property=\"og:image:height\" content=\"1080\" \/>\n\t<meta property=\"og:image:type\" content=\"image\/jpeg\" \/>\n<meta name=\"twitter:card\" content=\"summary_large_image\" \/>\n<meta name=\"twitter:label1\" content=\"Estimated reading time\" \/>\n\t<meta name=\"twitter:data1\" content=\"2 minutes\" \/>\n<script type=\"application\/ld+json\" class=\"yoast-schema-graph\">{\"@context\":\"https:\/\/schema.org\",\"@graph\":[{\"@type\":\"WebPage\",\"@id\":\"https:\/\/fundacionlobeliana.org\/producto\/9-simposio-psiconauta-utopia-y-ebriedad-la-quimica-al-servicio-de-arqueologia-de-plantas-psicoactivas-una-vision-sudamericana-javier-echeverria-en-esp\/\",\"url\":\"https:\/\/fundacionlobeliana.org\/producto\/9-simposio-psiconauta-utopia-y-ebriedad-la-quimica-al-servicio-de-arqueologia-de-plantas-psicoactivas-una-vision-sudamericana-javier-echeverria-en-esp\/\",\"name\":\"9.- Simposio Psicon\u00e1uta: Utop\u00eda y Ebriedad - La Qu\u00edmica al Servicio de Arqueolog\u00eda de Plantas Psicoactivas: una Visi\u00f3n Sudamericana \u2013 Javier Echeverria (EN\/ESP) - Fundacion Lobeliana\",\"isPartOf\":{\"@id\":\"https:\/\/fundacionlobeliana.org\/#website\"},\"primaryImageOfPage\":{\"@id\":\"https:\/\/fundacionlobeliana.org\/producto\/9-simposio-psiconauta-utopia-y-ebriedad-la-quimica-al-servicio-de-arqueologia-de-plantas-psicoactivas-una-vision-sudamericana-javier-echeverria-en-esp\/#primaryimage\"},\"image\":{\"@id\":\"https:\/\/fundacionlobeliana.org\/producto\/9-simposio-psiconauta-utopia-y-ebriedad-la-quimica-al-servicio-de-arqueologia-de-plantas-psicoactivas-una-vision-sudamericana-javier-echeverria-en-esp\/#primaryimage\"},\"thumbnailUrl\":\"https:\/\/fundacionlobeliana.org\/wp-content\/uploads\/2025\/09\/9.jpg\",\"datePublished\":\"2025-09-04T22:41:32+00:00\",\"dateModified\":\"2026-01-28T01:49:31+00:00\",\"breadcrumb\":{\"@id\":\"https:\/\/fundacionlobeliana.org\/producto\/9-simposio-psiconauta-utopia-y-ebriedad-la-quimica-al-servicio-de-arqueologia-de-plantas-psicoactivas-una-vision-sudamericana-javier-echeverria-en-esp\/#breadcrumb\"},\"inLanguage\":\"en-GB\",\"potentialAction\":[{\"@type\":\"ReadAction\",\"target\":[\"https:\/\/fundacionlobeliana.org\/producto\/9-simposio-psiconauta-utopia-y-ebriedad-la-quimica-al-servicio-de-arqueologia-de-plantas-psicoactivas-una-vision-sudamericana-javier-echeverria-en-esp\/\"]}]},{\"@type\":\"ImageObject\",\"inLanguage\":\"en-GB\",\"@id\":\"https:\/\/fundacionlobeliana.org\/producto\/9-simposio-psiconauta-utopia-y-ebriedad-la-quimica-al-servicio-de-arqueologia-de-plantas-psicoactivas-una-vision-sudamericana-javier-echeverria-en-esp\/#primaryimage\",\"url\":\"https:\/\/fundacionlobeliana.org\/wp-content\/uploads\/2025\/09\/9.jpg\",\"contentUrl\":\"https:\/\/fundacionlobeliana.org\/wp-content\/uploads\/2025\/09\/9.jpg\",\"width\":1080,\"height\":1080},{\"@type\":\"BreadcrumbList\",\"@id\":\"https:\/\/fundacionlobeliana.org\/producto\/9-simposio-psiconauta-utopia-y-ebriedad-la-quimica-al-servicio-de-arqueologia-de-plantas-psicoactivas-una-vision-sudamericana-javier-echeverria-en-esp\/#breadcrumb\",\"itemListElement\":[{\"@type\":\"ListItem\",\"position\":1,\"name\":\"Portada\",\"item\":\"https:\/\/fundacionlobeliana.org\/\"},{\"@type\":\"ListItem\",\"position\":2,\"name\":\"Tienda\",\"item\":\"https:\/\/fundacionlobeliana.org\/tienda\/\"},{\"@type\":\"ListItem\",\"position\":3,\"name\":\"9.- Simposio Psicon\u00e1uta: Utop\u00eda y Ebriedad &#8211; La Qu\u00edmica al Servicio de Arqueolog\u00eda de Plantas Psicoactivas: una Visi\u00f3n Sudamericana \u2013 Javier Echeverria (EN\/ESP)\"}]},{\"@type\":\"WebSite\",\"@id\":\"https:\/\/fundacionlobeliana.org\/#website\",\"url\":\"https:\/\/fundacionlobeliana.org\/\",\"name\":\"Fundacion Lobeliana\",\"description\":\"Organizaci\u00f3n sin fines de lucro que tiene como misi\u00f3n el rescatar, actualizar, visibilizar y hacer disponible el conocimiento acumulado hasta hoy sobre f\u00e1rmacos naturales y psicoactivos\",\"publisher\":{\"@id\":\"https:\/\/fundacionlobeliana.org\/#organization\"},\"potentialAction\":[{\"@type\":\"SearchAction\",\"target\":{\"@type\":\"EntryPoint\",\"urlTemplate\":\"https:\/\/fundacionlobeliana.org\/?s={search_term_string}\"},\"query-input\":{\"@type\":\"PropertyValueSpecification\",\"valueRequired\":true,\"valueName\":\"search_term_string\"}}],\"inLanguage\":\"en-GB\"},{\"@type\":\"Organization\",\"@id\":\"https:\/\/fundacionlobeliana.org\/#organization\",\"name\":\"Fundacion Lobeliana\",\"url\":\"https:\/\/fundacionlobeliana.org\/\",\"logo\":{\"@type\":\"ImageObject\",\"inLanguage\":\"en-GB\",\"@id\":\"https:\/\/fundacionlobeliana.org\/#\/schema\/logo\/image\/\",\"url\":\"https:\/\/fundacionlobeliana.org\/wp-content\/uploads\/2025\/09\/logo_fundacion_lobeliana-02.png\",\"contentUrl\":\"https:\/\/fundacionlobeliana.org\/wp-content\/uploads\/2025\/09\/logo_fundacion_lobeliana-02.png\",\"width\":571,\"height\":718,\"caption\":\"Fundacion Lobeliana\"},\"image\":{\"@id\":\"https:\/\/fundacionlobeliana.org\/#\/schema\/logo\/image\/\"}}]}<\/script>\n<!-- \/ Yoast SEO plugin. -->","yoast_head_json":{"title":"9.- Simposio Psicon\u00e1uta: Utop\u00eda y Ebriedad - La Qu\u00edmica al Servicio de Arqueolog\u00eda de Plantas Psicoactivas: una Visi\u00f3n Sudamericana \u2013 Javier Echeverria (EN\/ESP) - Fundacion Lobeliana","robots":{"index":"index","follow":"follow","max-snippet":"max-snippet:-1","max-image-preview":"max-image-preview:large","max-video-preview":"max-video-preview:-1"},"canonical":"https:\/\/fundacionlobeliana.org\/en\/product\/9-simposio-psiconauta-utopia-y-ebriedad-la-quimica-al-servicio-de-arqueologia-de-plantas-psicoactivas-una-vision-sudamericana-javier-echeverria-en-esp\/","og_locale":"en_GB","og_type":"article","og_title":"9.- Simposio Psicon\u00e1uta: Utop\u00eda y Ebriedad - La Qu\u00edmica al Servicio de Arqueolog\u00eda de Plantas Psicoactivas: una Visi\u00f3n Sudamericana \u2013 Javier Echeverria (EN\/ESP) - Fundacion Lobeliana","og_description":"JAVIER ECHEVERR\u00cdA CHARLA: \u201cLa Qu\u00edmica al Servicio de Arqueolog\u00eda de Plantas Psicoactivas: una Visi\u00f3n Sudamericana\u201d (Espa\u00f1ol con posibilidad de doblaje en ingl\u00e9s) La qu\u00edmica como herramienta, no como respuesta.\u00a0 \u00bfC\u00f3mo se analizan y caracterizan cient\u00edficamente los alcaloides de una muestra arqueol\u00f3gica? \u00bfQu\u00e9 metodolog\u00eda usar para preparar una muestra y luego analizarla con el objetivo de [&hellip;]","og_url":"https:\/\/fundacionlobeliana.org\/en\/product\/9-simposio-psiconauta-utopia-y-ebriedad-la-quimica-al-servicio-de-arqueologia-de-plantas-psicoactivas-una-vision-sudamericana-javier-echeverria-en-esp\/","og_site_name":"Fundacion Lobeliana","article_modified_time":"2026-01-28T01:49:31+00:00","og_image":[{"width":1080,"height":1080,"url":"https:\/\/fundacionlobeliana.org\/wp-content\/uploads\/2025\/09\/9.jpg","type":"image\/jpeg"}],"twitter_card":"summary_large_image","twitter_misc":{"Estimated reading time":"2 minutes"},"schema":{"@context":"https:\/\/schema.org","@graph":[{"@type":"WebPage","@id":"https:\/\/fundacionlobeliana.org\/producto\/9-simposio-psiconauta-utopia-y-ebriedad-la-quimica-al-servicio-de-arqueologia-de-plantas-psicoactivas-una-vision-sudamericana-javier-echeverria-en-esp\/","url":"https:\/\/fundacionlobeliana.org\/producto\/9-simposio-psiconauta-utopia-y-ebriedad-la-quimica-al-servicio-de-arqueologia-de-plantas-psicoactivas-una-vision-sudamericana-javier-echeverria-en-esp\/","name":"9.- Simposio Psicon\u00e1uta: Utop\u00eda y Ebriedad - La Qu\u00edmica al Servicio de Arqueolog\u00eda de Plantas Psicoactivas: una Visi\u00f3n Sudamericana \u2013 Javier Echeverria (EN\/ESP) - Fundacion Lobeliana","isPartOf":{"@id":"https:\/\/fundacionlobeliana.org\/#website"},"primaryImageOfPage":{"@id":"https:\/\/fundacionlobeliana.org\/producto\/9-simposio-psiconauta-utopia-y-ebriedad-la-quimica-al-servicio-de-arqueologia-de-plantas-psicoactivas-una-vision-sudamericana-javier-echeverria-en-esp\/#primaryimage"},"image":{"@id":"https:\/\/fundacionlobeliana.org\/producto\/9-simposio-psiconauta-utopia-y-ebriedad-la-quimica-al-servicio-de-arqueologia-de-plantas-psicoactivas-una-vision-sudamericana-javier-echeverria-en-esp\/#primaryimage"},"thumbnailUrl":"https:\/\/fundacionlobeliana.org\/wp-content\/uploads\/2025\/09\/9.jpg","datePublished":"2025-09-04T22:41:32+00:00","dateModified":"2026-01-28T01:49:31+00:00","breadcrumb":{"@id":"https:\/\/fundacionlobeliana.org\/producto\/9-simposio-psiconauta-utopia-y-ebriedad-la-quimica-al-servicio-de-arqueologia-de-plantas-psicoactivas-una-vision-sudamericana-javier-echeverria-en-esp\/#breadcrumb"},"inLanguage":"en-GB","potentialAction":[{"@type":"ReadAction","target":["https:\/\/fundacionlobeliana.org\/producto\/9-simposio-psiconauta-utopia-y-ebriedad-la-quimica-al-servicio-de-arqueologia-de-plantas-psicoactivas-una-vision-sudamericana-javier-echeverria-en-esp\/"]}]},{"@type":"ImageObject","inLanguage":"en-GB","@id":"https:\/\/fundacionlobeliana.org\/producto\/9-simposio-psiconauta-utopia-y-ebriedad-la-quimica-al-servicio-de-arqueologia-de-plantas-psicoactivas-una-vision-sudamericana-javier-echeverria-en-esp\/#primaryimage","url":"https:\/\/fundacionlobeliana.org\/wp-content\/uploads\/2025\/09\/9.jpg","contentUrl":"https:\/\/fundacionlobeliana.org\/wp-content\/uploads\/2025\/09\/9.jpg","width":1080,"height":1080},{"@type":"BreadcrumbList","@id":"https:\/\/fundacionlobeliana.org\/producto\/9-simposio-psiconauta-utopia-y-ebriedad-la-quimica-al-servicio-de-arqueologia-de-plantas-psicoactivas-una-vision-sudamericana-javier-echeverria-en-esp\/#breadcrumb","itemListElement":[{"@type":"ListItem","position":1,"name":"Portada","item":"https:\/\/fundacionlobeliana.org\/"},{"@type":"ListItem","position":2,"name":"Tienda","item":"https:\/\/fundacionlobeliana.org\/tienda\/"},{"@type":"ListItem","position":3,"name":"9.- Simposio Psicon\u00e1uta: Utop\u00eda y Ebriedad &#8211; La Qu\u00edmica al Servicio de Arqueolog\u00eda de Plantas Psicoactivas: una Visi\u00f3n Sudamericana \u2013 Javier Echeverria (EN\/ESP)"}]},{"@type":"WebSite","@id":"https:\/\/fundacionlobeliana.org\/#website","url":"https:\/\/fundacionlobeliana.org\/","name":"Fundacion Lobeliana","description":"Organizaci\u00f3n sin fines de lucro que tiene como misi\u00f3n el rescatar, actualizar, visibilizar y hacer disponible el conocimiento acumulado hasta hoy sobre f\u00e1rmacos naturales y psicoactivos","publisher":{"@id":"https:\/\/fundacionlobeliana.org\/#organization"},"potentialAction":[{"@type":"SearchAction","target":{"@type":"EntryPoint","urlTemplate":"https:\/\/fundacionlobeliana.org\/?s={search_term_string}"},"query-input":{"@type":"PropertyValueSpecification","valueRequired":true,"valueName":"search_term_string"}}],"inLanguage":"en-GB"},{"@type":"Organization","@id":"https:\/\/fundacionlobeliana.org\/#organization","name":"Fundacion Lobeliana","url":"https:\/\/fundacionlobeliana.org\/","logo":{"@type":"ImageObject","inLanguage":"en-GB","@id":"https:\/\/fundacionlobeliana.org\/#\/schema\/logo\/image\/","url":"https:\/\/fundacionlobeliana.org\/wp-content\/uploads\/2025\/09\/logo_fundacion_lobeliana-02.png","contentUrl":"https:\/\/fundacionlobeliana.org\/wp-content\/uploads\/2025\/09\/logo_fundacion_lobeliana-02.png","width":571,"height":718,"caption":"Fundacion Lobeliana"},"image":{"@id":"https:\/\/fundacionlobeliana.org\/#\/schema\/logo\/image\/"}}]}},"_links":{"self":[{"href":"https:\/\/fundacionlobeliana.org\/en\/wp-json\/wp\/v2\/product\/29","targetHints":{"allow":["GET"]}}],"collection":[{"href":"https:\/\/fundacionlobeliana.org\/en\/wp-json\/wp\/v2\/product"}],"about":[{"href":"https:\/\/fundacionlobeliana.org\/en\/wp-json\/wp\/v2\/types\/product"}],"replies":[{"embeddable":true,"href":"https:\/\/fundacionlobeliana.org\/en\/wp-json\/wp\/v2\/comments?post=29"}],"wp:featuredmedia":[{"embeddable":true,"href":"https:\/\/fundacionlobeliana.org\/en\/wp-json\/wp\/v2\/media\/59"}],"wp:attachment":[{"href":"https:\/\/fundacionlobeliana.org\/en\/wp-json\/wp\/v2\/media?parent=29"}],"wp:term":[{"taxonomy":"product_brand","embeddable":true,"href":"https:\/\/fundacionlobeliana.org\/en\/wp-json\/wp\/v2\/product_brand?post=29"},{"taxonomy":"product_cat","embeddable":true,"href":"https:\/\/fundacionlobeliana.org\/en\/wp-json\/wp\/v2\/product_cat?post=29"},{"taxonomy":"product_tag","embeddable":true,"href":"https:\/\/fundacionlobeliana.org\/en\/wp-json\/wp\/v2\/product_tag?post=29"}],"curies":[{"name":"wp","href":"https:\/\/api.w.org\/{rel}","templated":true}]}}