{"id":30,"date":"2025-09-04T22:41:32","date_gmt":"2025-09-04T22:41:32","guid":{"rendered":"https:\/\/fundacionlobeliana.org\/?post_type=product&#038;p=30"},"modified":"2026-01-28T01:49:32","modified_gmt":"2026-01-28T01:49:32","slug":"10-simposio-psiconauta-utopia-y-ebriedad-taino-antillas-mayores-encuentro-del-chamanismo-americano-con-los-europeos-ca-1300-1550-ad-constantino-torres-en-esp","status":"publish","type":"product","link":"https:\/\/fundacionlobeliana.org\/en\/product\/10-simposio-psiconauta-utopia-y-ebriedad-taino-antillas-mayores-encuentro-del-chamanismo-americano-con-los-europeos-ca-1300-1550-ad-constantino-torres-en-esp\/","title":{"rendered":"10.- Simposio Psicon\u00e1uta: Utop\u00eda y Ebriedad &#8211;  Taino, Antillas Mayores Encuentro del chamanismo americano con los europeos ca. 1300 \u2013 1550 AD \u2013 Constantino Torres (EN\/ESP)"},"content":{"rendered":"<h3><b>CONSTANTINO MANUEL TORRES<\/b><\/h3>\n<p><b>CHARLA: \u201cTaino, Antillas Mayores<\/b><b><br \/>\n<\/b><b>Encuentro del chamanismo americano con los europeos<\/b><b><br \/>\n<\/b><b>ca. 1300 \u2013 1550 AD\u201d<\/b><\/p>\n<p><span style=\"font-weight: 400;\">(Espa\u00f1ol con posibilidad de doblaje en ingl\u00e9s)<\/span><\/p>\n<p><b>RESE\u00d1A<\/b><\/p>\n<p><span style=\"font-weight: 400;\">Las primeras descripciones del uso de plantas visionarias en Am\u00e9rica se refieren al consumo de tabaco y a la inhalaci\u00f3n de semillas en polvo de\u00a0<\/span><i><span style=\"font-weight: 400;\">Anadenanthera peregrina<\/span><\/i><span style=\"font-weight: 400;\">\u00a0por parte de los ta\u00ednos de las Antillas Mayores (Col\u00f3n 1992; Las Casas 1909; Oviedo 1959; Pan\u00e9 1974).\u00a0 Ta\u00edno es el apelativo dado a los hablantes de arawako que ocupaban las Bahamas, la mayor parte de las Antillas Mayores y las Islas V\u00edrgenes en la \u00e9poca del primer contacto con los europeos (1492). La inhalaci\u00f3n de cohoba, las semillas pulverizadas de\u00a0<\/span><i><span style=\"font-weight: 400;\">Anadenanthera peregrina<\/span><\/i><span style=\"font-weight: 400;\">, era de tal importancia para ellos que los acompa\u00f1\u00f3 en sus viajes desde el nordeste de Sud Am\u00e9rica hasta las Antillas Mayores 3000 a\u00f1os atr\u00e1s. Este trabajo presenta una breve descripci\u00f3n de la bot\u00e1nica y el uso de esta planta por culturas ind\u00edgenas de los Andes y la amazon\u00eda. Seguido por una b\u00fasqueda en la literatura colonial temprana (Pan\u00e9 [1974], Las Casas [1909]), y, adem\u00e1s en la informaci\u00f3n iconogr\u00e1fica representada en la parafernalia inhalatoria<\/span><\/p>\n<p><b>\u00a0<\/b><\/p>\n<p><b>BIOGRAF\u00cdA<\/b><\/p>\n<p><span style=\"font-weight: 400;\">Constantino Manuel Torres has conducted research on ancient cultures of the South-Central Andes since 1982. His work has focused on the oases of San Pedro de Atacama. Torres is also involved in the study of Tiwanaku art, the most important pre-Incan Andean civilization.<\/span><\/p>\n<p><span style=\"font-weight: 400;\">His books include\u00a0<\/span><i><span style=\"font-weight: 400;\">Anadenanthera: Visionary Plant of Ancient South America<\/span><\/i><span style=\"font-weight: 400;\">\u00a0(2006), a comprehensive and detailed study of this sacred plant, whose ritual use has been well documented for at least 4,000 years. She has published numerous articles on the ancestral cultures of Atacama and Bolivia in journals in Chile, the United States, and Europe. Torres has received three Fulbright Scholarships for the study of pre-Columbian art.<\/span><\/p>\n<p><span style=\"font-weight: 400;\">Dr. Torres is professor emeritus of art history at Florida International University in Miami. He teaches courses on Pre-Columbian Andean Art, Art and Shamanism, Pre-Columbian Mesoamerican Art, and Art and Identity Issues, among others.<\/span><\/p>","protected":false},"excerpt":{"rendered":"<p>CONSTANTINO MANUEL TORRES CHARLA: \u201cTaino, Antillas Mayores Encuentro del chamanismo americano con los europeos ca. 1300 \u2013 1550 AD\u201d (Espa\u00f1ol con posibilidad de doblaje en ingl\u00e9s) RESE\u00d1A Las primeras descripciones del uso de plantas visionarias en Am\u00e9rica se refieren al consumo de tabaco y a la inhalaci\u00f3n de semillas en polvo de\u00a0Anadenanthera peregrina\u00a0por parte de [&hellip;]<\/p>","protected":false},"featured_media":60,"comment_status":"closed","ping_status":"closed","template":"","meta":[],"product_brand":[],"product_cat":[16,27],"product_tag":[],"class_list":{"0":"post-30","1":"product","2":"type-product","3":"status-publish","4":"has-post-thumbnail","6":"product_cat-on-demand","7":"product_cat-simposios","9":"first","10":"instock","11":"sale","12":"virtual","13":"sold-individually","14":"purchasable","15":"product-type-simple"},"yoast_head":"<!-- This site is optimized with the Yoast SEO plugin v27.2 - https:\/\/yoast.com\/product\/yoast-seo-wordpress\/ -->\n<title>10.- Simposio Psicon\u00e1uta: Utop\u00eda y Ebriedad - Taino, Antillas Mayores Encuentro del chamanismo americano con los europeos ca. 1300 \u2013 1550 AD \u2013 Constantino Torres (EN\/ESP) - Fundacion Lobeliana<\/title>\n<meta name=\"robots\" content=\"index, follow, max-snippet:-1, max-image-preview:large, max-video-preview:-1\" \/>\n<link rel=\"canonical\" href=\"https:\/\/fundacionlobeliana.org\/en\/product\/10-simposio-psiconauta-utopia-y-ebriedad-taino-antillas-mayores-encuentro-del-chamanismo-americano-con-los-europeos-ca-1300-1550-ad-constantino-torres-en-esp\/\" \/>\n<meta property=\"og:locale\" content=\"en_GB\" \/>\n<meta property=\"og:type\" content=\"article\" \/>\n<meta property=\"og:title\" content=\"10.- Simposio Psicon\u00e1uta: Utop\u00eda y Ebriedad - Taino, Antillas Mayores Encuentro del chamanismo americano con los europeos ca. 1300 \u2013 1550 AD \u2013 Constantino Torres (EN\/ESP) - Fundacion Lobeliana\" \/>\n<meta property=\"og:description\" content=\"CONSTANTINO MANUEL TORRES CHARLA: \u201cTaino, Antillas Mayores Encuentro del chamanismo americano con los europeos ca. 1300 \u2013 1550 AD\u201d (Espa\u00f1ol con posibilidad de doblaje en ingl\u00e9s) RESE\u00d1A Las primeras descripciones del uso de plantas visionarias en Am\u00e9rica se refieren al consumo de tabaco y a la inhalaci\u00f3n de semillas en polvo de\u00a0Anadenanthera peregrina\u00a0por parte de [&hellip;]\" \/>\n<meta property=\"og:url\" content=\"https:\/\/fundacionlobeliana.org\/en\/product\/10-simposio-psiconauta-utopia-y-ebriedad-taino-antillas-mayores-encuentro-del-chamanismo-americano-con-los-europeos-ca-1300-1550-ad-constantino-torres-en-esp\/\" \/>\n<meta property=\"og:site_name\" content=\"Fundacion Lobeliana\" \/>\n<meta property=\"article:modified_time\" content=\"2026-01-28T01:49:32+00:00\" \/>\n<meta property=\"og:image\" content=\"https:\/\/fundacionlobeliana.org\/wp-content\/uploads\/2025\/09\/10.jpg\" \/>\n\t<meta property=\"og:image:width\" content=\"1080\" \/>\n\t<meta property=\"og:image:height\" content=\"1080\" \/>\n\t<meta property=\"og:image:type\" content=\"image\/jpeg\" \/>\n<meta name=\"twitter:card\" content=\"summary_large_image\" \/>\n<meta name=\"twitter:label1\" content=\"Estimated reading time\" \/>\n\t<meta name=\"twitter:data1\" content=\"2 minutes\" \/>\n<script type=\"application\/ld+json\" class=\"yoast-schema-graph\">{\"@context\":\"https:\/\/schema.org\",\"@graph\":[{\"@type\":\"WebPage\",\"@id\":\"https:\/\/fundacionlobeliana.org\/producto\/10-simposio-psiconauta-utopia-y-ebriedad-taino-antillas-mayores-encuentro-del-chamanismo-americano-con-los-europeos-ca-1300-1550-ad-constantino-torres-en-esp\/\",\"url\":\"https:\/\/fundacionlobeliana.org\/producto\/10-simposio-psiconauta-utopia-y-ebriedad-taino-antillas-mayores-encuentro-del-chamanismo-americano-con-los-europeos-ca-1300-1550-ad-constantino-torres-en-esp\/\",\"name\":\"10.- Simposio Psicon\u00e1uta: Utop\u00eda y Ebriedad - Taino, Antillas Mayores Encuentro del chamanismo americano con los europeos ca. 1300 \u2013 1550 AD \u2013 Constantino Torres (EN\/ESP) - Fundacion Lobeliana\",\"isPartOf\":{\"@id\":\"https:\/\/fundacionlobeliana.org\/#website\"},\"primaryImageOfPage\":{\"@id\":\"https:\/\/fundacionlobeliana.org\/producto\/10-simposio-psiconauta-utopia-y-ebriedad-taino-antillas-mayores-encuentro-del-chamanismo-americano-con-los-europeos-ca-1300-1550-ad-constantino-torres-en-esp\/#primaryimage\"},\"image\":{\"@id\":\"https:\/\/fundacionlobeliana.org\/producto\/10-simposio-psiconauta-utopia-y-ebriedad-taino-antillas-mayores-encuentro-del-chamanismo-americano-con-los-europeos-ca-1300-1550-ad-constantino-torres-en-esp\/#primaryimage\"},\"thumbnailUrl\":\"https:\/\/fundacionlobeliana.org\/wp-content\/uploads\/2025\/09\/10.jpg\",\"datePublished\":\"2025-09-04T22:41:32+00:00\",\"dateModified\":\"2026-01-28T01:49:32+00:00\",\"breadcrumb\":{\"@id\":\"https:\/\/fundacionlobeliana.org\/producto\/10-simposio-psiconauta-utopia-y-ebriedad-taino-antillas-mayores-encuentro-del-chamanismo-americano-con-los-europeos-ca-1300-1550-ad-constantino-torres-en-esp\/#breadcrumb\"},\"inLanguage\":\"en-GB\",\"potentialAction\":[{\"@type\":\"ReadAction\",\"target\":[\"https:\/\/fundacionlobeliana.org\/producto\/10-simposio-psiconauta-utopia-y-ebriedad-taino-antillas-mayores-encuentro-del-chamanismo-americano-con-los-europeos-ca-1300-1550-ad-constantino-torres-en-esp\/\"]}]},{\"@type\":\"ImageObject\",\"inLanguage\":\"en-GB\",\"@id\":\"https:\/\/fundacionlobeliana.org\/producto\/10-simposio-psiconauta-utopia-y-ebriedad-taino-antillas-mayores-encuentro-del-chamanismo-americano-con-los-europeos-ca-1300-1550-ad-constantino-torres-en-esp\/#primaryimage\",\"url\":\"https:\/\/fundacionlobeliana.org\/wp-content\/uploads\/2025\/09\/10.jpg\",\"contentUrl\":\"https:\/\/fundacionlobeliana.org\/wp-content\/uploads\/2025\/09\/10.jpg\",\"width\":1080,\"height\":1080},{\"@type\":\"BreadcrumbList\",\"@id\":\"https:\/\/fundacionlobeliana.org\/producto\/10-simposio-psiconauta-utopia-y-ebriedad-taino-antillas-mayores-encuentro-del-chamanismo-americano-con-los-europeos-ca-1300-1550-ad-constantino-torres-en-esp\/#breadcrumb\",\"itemListElement\":[{\"@type\":\"ListItem\",\"position\":1,\"name\":\"Portada\",\"item\":\"https:\/\/fundacionlobeliana.org\/\"},{\"@type\":\"ListItem\",\"position\":2,\"name\":\"Tienda\",\"item\":\"https:\/\/fundacionlobeliana.org\/tienda\/\"},{\"@type\":\"ListItem\",\"position\":3,\"name\":\"10.- Simposio Psicon\u00e1uta: Utop\u00eda y Ebriedad &#8211; Taino, Antillas Mayores Encuentro del chamanismo americano con los europeos ca. 1300 \u2013 1550 AD \u2013 Constantino Torres (EN\/ESP)\"}]},{\"@type\":\"WebSite\",\"@id\":\"https:\/\/fundacionlobeliana.org\/#website\",\"url\":\"https:\/\/fundacionlobeliana.org\/\",\"name\":\"Fundacion Lobeliana\",\"description\":\"Organizaci\u00f3n sin fines de lucro que tiene como misi\u00f3n el rescatar, actualizar, visibilizar y hacer disponible el conocimiento acumulado hasta hoy sobre f\u00e1rmacos naturales y psicoactivos\",\"publisher\":{\"@id\":\"https:\/\/fundacionlobeliana.org\/#organization\"},\"potentialAction\":[{\"@type\":\"SearchAction\",\"target\":{\"@type\":\"EntryPoint\",\"urlTemplate\":\"https:\/\/fundacionlobeliana.org\/?s={search_term_string}\"},\"query-input\":{\"@type\":\"PropertyValueSpecification\",\"valueRequired\":true,\"valueName\":\"search_term_string\"}}],\"inLanguage\":\"en-GB\"},{\"@type\":\"Organization\",\"@id\":\"https:\/\/fundacionlobeliana.org\/#organization\",\"name\":\"Fundacion Lobeliana\",\"url\":\"https:\/\/fundacionlobeliana.org\/\",\"logo\":{\"@type\":\"ImageObject\",\"inLanguage\":\"en-GB\",\"@id\":\"https:\/\/fundacionlobeliana.org\/#\/schema\/logo\/image\/\",\"url\":\"https:\/\/fundacionlobeliana.org\/wp-content\/uploads\/2025\/09\/logo_fundacion_lobeliana-02.png\",\"contentUrl\":\"https:\/\/fundacionlobeliana.org\/wp-content\/uploads\/2025\/09\/logo_fundacion_lobeliana-02.png\",\"width\":571,\"height\":718,\"caption\":\"Fundacion Lobeliana\"},\"image\":{\"@id\":\"https:\/\/fundacionlobeliana.org\/#\/schema\/logo\/image\/\"}}]}<\/script>\n<!-- \/ Yoast SEO plugin. -->","yoast_head_json":{"title":"10.- Simposio Psicon\u00e1uta: Utop\u00eda y Ebriedad - Taino, Antillas Mayores Encuentro del chamanismo americano con los europeos ca. 1300 \u2013 1550 AD \u2013 Constantino Torres (EN\/ESP) - Fundacion Lobeliana","robots":{"index":"index","follow":"follow","max-snippet":"max-snippet:-1","max-image-preview":"max-image-preview:large","max-video-preview":"max-video-preview:-1"},"canonical":"https:\/\/fundacionlobeliana.org\/en\/product\/10-simposio-psiconauta-utopia-y-ebriedad-taino-antillas-mayores-encuentro-del-chamanismo-americano-con-los-europeos-ca-1300-1550-ad-constantino-torres-en-esp\/","og_locale":"en_GB","og_type":"article","og_title":"10.- Simposio Psicon\u00e1uta: Utop\u00eda y Ebriedad - Taino, Antillas Mayores Encuentro del chamanismo americano con los europeos ca. 1300 \u2013 1550 AD \u2013 Constantino Torres (EN\/ESP) - Fundacion Lobeliana","og_description":"CONSTANTINO MANUEL TORRES CHARLA: \u201cTaino, Antillas Mayores Encuentro del chamanismo americano con los europeos ca. 1300 \u2013 1550 AD\u201d (Espa\u00f1ol con posibilidad de doblaje en ingl\u00e9s) RESE\u00d1A Las primeras descripciones del uso de plantas visionarias en Am\u00e9rica se refieren al consumo de tabaco y a la inhalaci\u00f3n de semillas en polvo de\u00a0Anadenanthera peregrina\u00a0por parte de [&hellip;]","og_url":"https:\/\/fundacionlobeliana.org\/en\/product\/10-simposio-psiconauta-utopia-y-ebriedad-taino-antillas-mayores-encuentro-del-chamanismo-americano-con-los-europeos-ca-1300-1550-ad-constantino-torres-en-esp\/","og_site_name":"Fundacion Lobeliana","article_modified_time":"2026-01-28T01:49:32+00:00","og_image":[{"width":1080,"height":1080,"url":"https:\/\/fundacionlobeliana.org\/wp-content\/uploads\/2025\/09\/10.jpg","type":"image\/jpeg"}],"twitter_card":"summary_large_image","twitter_misc":{"Estimated reading time":"2 minutes"},"schema":{"@context":"https:\/\/schema.org","@graph":[{"@type":"WebPage","@id":"https:\/\/fundacionlobeliana.org\/producto\/10-simposio-psiconauta-utopia-y-ebriedad-taino-antillas-mayores-encuentro-del-chamanismo-americano-con-los-europeos-ca-1300-1550-ad-constantino-torres-en-esp\/","url":"https:\/\/fundacionlobeliana.org\/producto\/10-simposio-psiconauta-utopia-y-ebriedad-taino-antillas-mayores-encuentro-del-chamanismo-americano-con-los-europeos-ca-1300-1550-ad-constantino-torres-en-esp\/","name":"10.- Simposio Psicon\u00e1uta: Utop\u00eda y Ebriedad - Taino, Antillas Mayores Encuentro del chamanismo americano con los europeos ca. 1300 \u2013 1550 AD \u2013 Constantino Torres (EN\/ESP) - Fundacion Lobeliana","isPartOf":{"@id":"https:\/\/fundacionlobeliana.org\/#website"},"primaryImageOfPage":{"@id":"https:\/\/fundacionlobeliana.org\/producto\/10-simposio-psiconauta-utopia-y-ebriedad-taino-antillas-mayores-encuentro-del-chamanismo-americano-con-los-europeos-ca-1300-1550-ad-constantino-torres-en-esp\/#primaryimage"},"image":{"@id":"https:\/\/fundacionlobeliana.org\/producto\/10-simposio-psiconauta-utopia-y-ebriedad-taino-antillas-mayores-encuentro-del-chamanismo-americano-con-los-europeos-ca-1300-1550-ad-constantino-torres-en-esp\/#primaryimage"},"thumbnailUrl":"https:\/\/fundacionlobeliana.org\/wp-content\/uploads\/2025\/09\/10.jpg","datePublished":"2025-09-04T22:41:32+00:00","dateModified":"2026-01-28T01:49:32+00:00","breadcrumb":{"@id":"https:\/\/fundacionlobeliana.org\/producto\/10-simposio-psiconauta-utopia-y-ebriedad-taino-antillas-mayores-encuentro-del-chamanismo-americano-con-los-europeos-ca-1300-1550-ad-constantino-torres-en-esp\/#breadcrumb"},"inLanguage":"en-GB","potentialAction":[{"@type":"ReadAction","target":["https:\/\/fundacionlobeliana.org\/producto\/10-simposio-psiconauta-utopia-y-ebriedad-taino-antillas-mayores-encuentro-del-chamanismo-americano-con-los-europeos-ca-1300-1550-ad-constantino-torres-en-esp\/"]}]},{"@type":"ImageObject","inLanguage":"en-GB","@id":"https:\/\/fundacionlobeliana.org\/producto\/10-simposio-psiconauta-utopia-y-ebriedad-taino-antillas-mayores-encuentro-del-chamanismo-americano-con-los-europeos-ca-1300-1550-ad-constantino-torres-en-esp\/#primaryimage","url":"https:\/\/fundacionlobeliana.org\/wp-content\/uploads\/2025\/09\/10.jpg","contentUrl":"https:\/\/fundacionlobeliana.org\/wp-content\/uploads\/2025\/09\/10.jpg","width":1080,"height":1080},{"@type":"BreadcrumbList","@id":"https:\/\/fundacionlobeliana.org\/producto\/10-simposio-psiconauta-utopia-y-ebriedad-taino-antillas-mayores-encuentro-del-chamanismo-americano-con-los-europeos-ca-1300-1550-ad-constantino-torres-en-esp\/#breadcrumb","itemListElement":[{"@type":"ListItem","position":1,"name":"Portada","item":"https:\/\/fundacionlobeliana.org\/"},{"@type":"ListItem","position":2,"name":"Tienda","item":"https:\/\/fundacionlobeliana.org\/tienda\/"},{"@type":"ListItem","position":3,"name":"10.- Simposio Psicon\u00e1uta: Utop\u00eda y Ebriedad &#8211; Taino, Antillas Mayores Encuentro del chamanismo americano con los europeos ca. 1300 \u2013 1550 AD \u2013 Constantino Torres (EN\/ESP)"}]},{"@type":"WebSite","@id":"https:\/\/fundacionlobeliana.org\/#website","url":"https:\/\/fundacionlobeliana.org\/","name":"Fundacion Lobeliana","description":"Organizaci\u00f3n sin fines de lucro que tiene como misi\u00f3n el rescatar, actualizar, visibilizar y hacer disponible el conocimiento acumulado hasta hoy sobre f\u00e1rmacos naturales y psicoactivos","publisher":{"@id":"https:\/\/fundacionlobeliana.org\/#organization"},"potentialAction":[{"@type":"SearchAction","target":{"@type":"EntryPoint","urlTemplate":"https:\/\/fundacionlobeliana.org\/?s={search_term_string}"},"query-input":{"@type":"PropertyValueSpecification","valueRequired":true,"valueName":"search_term_string"}}],"inLanguage":"en-GB"},{"@type":"Organization","@id":"https:\/\/fundacionlobeliana.org\/#organization","name":"Fundacion Lobeliana","url":"https:\/\/fundacionlobeliana.org\/","logo":{"@type":"ImageObject","inLanguage":"en-GB","@id":"https:\/\/fundacionlobeliana.org\/#\/schema\/logo\/image\/","url":"https:\/\/fundacionlobeliana.org\/wp-content\/uploads\/2025\/09\/logo_fundacion_lobeliana-02.png","contentUrl":"https:\/\/fundacionlobeliana.org\/wp-content\/uploads\/2025\/09\/logo_fundacion_lobeliana-02.png","width":571,"height":718,"caption":"Fundacion Lobeliana"},"image":{"@id":"https:\/\/fundacionlobeliana.org\/#\/schema\/logo\/image\/"}}]}},"_links":{"self":[{"href":"https:\/\/fundacionlobeliana.org\/en\/wp-json\/wp\/v2\/product\/30","targetHints":{"allow":["GET"]}}],"collection":[{"href":"https:\/\/fundacionlobeliana.org\/en\/wp-json\/wp\/v2\/product"}],"about":[{"href":"https:\/\/fundacionlobeliana.org\/en\/wp-json\/wp\/v2\/types\/product"}],"replies":[{"embeddable":true,"href":"https:\/\/fundacionlobeliana.org\/en\/wp-json\/wp\/v2\/comments?post=30"}],"wp:featuredmedia":[{"embeddable":true,"href":"https:\/\/fundacionlobeliana.org\/en\/wp-json\/wp\/v2\/media\/60"}],"wp:attachment":[{"href":"https:\/\/fundacionlobeliana.org\/en\/wp-json\/wp\/v2\/media?parent=30"}],"wp:term":[{"taxonomy":"product_brand","embeddable":true,"href":"https:\/\/fundacionlobeliana.org\/en\/wp-json\/wp\/v2\/product_brand?post=30"},{"taxonomy":"product_cat","embeddable":true,"href":"https:\/\/fundacionlobeliana.org\/en\/wp-json\/wp\/v2\/product_cat?post=30"},{"taxonomy":"product_tag","embeddable":true,"href":"https:\/\/fundacionlobeliana.org\/en\/wp-json\/wp\/v2\/product_tag?post=30"}],"curies":[{"name":"wp","href":"https:\/\/api.w.org\/{rel}","templated":true}]}}