{"id":31,"date":"2025-09-04T22:41:32","date_gmt":"2025-09-04T22:41:32","guid":{"rendered":"https:\/\/fundacionlobeliana.org\/?post_type=product&#038;p=31"},"modified":"2026-01-28T01:49:32","modified_gmt":"2026-01-28T01:49:32","slug":"11-simposio-psiconauta-utopia-y-ebriedad-especulaciones-sobre-la-antiguedad-de-la-conciencia-humana-dennis-mckenna-en-esp","status":"publish","type":"product","link":"https:\/\/fundacionlobeliana.org\/en\/product\/11-simposio-psiconauta-utopia-y-ebriedad-especulaciones-sobre-la-antiguedad-de-la-conciencia-humana-dennis-mckenna-en-esp\/","title":{"rendered":"11.- Simposio Psicon\u00e1uta: Utop\u00eda y Ebriedad &#8211; Especulaciones Sobre la Antig\u00fcedad de la Conciencia Humana \u2013 Dennis Mckenna (EN\/ESP)"},"content":{"rendered":"<h3><b>DENNIS MCKENNA<\/b><\/h3>\n<p><b>CHARLA: \u201cEspeculaciones Sobre la Antig\u00fcedad de la Conciencia Humana\u201d<\/b><\/p>\n<p><span style=\"font-weight: 400;\">(Ingl\u00e9s con posibilidad de doblaje en espa\u00f1ol)<\/span><\/p>\n<p><b>RESE\u00d1A<\/b><\/p>\n<p><span style=\"font-weight: 400;\">La conciencia es algo que la mayor\u00eda de la gente conoce por experiencia subjetiva, pero puede resultar dif\u00edcil de definir. Existe un consenso general de que ser consciente implica estar despierto y alerta, y tener un sentido subjetivo de individualidad. La introspecci\u00f3n, que implica un estado interno de conciencia, parece ser un elemento esencial de la conciencia, al igual que la capacidad de aprehender el mundo externo a trav\u00e9s de los receptores sensoriales e interpretar esa informaci\u00f3n en un manera que es significativa, y que encaja dentro de alg\u00fan tipo de marco conceptual de conciencia de s\u00ed mismo. Otra caracter\u00edstica de la conciencia (y quiz\u00e1s la m\u00e1s esencial) es la capacidad de generar y comprender abstracciones o s\u00edmbolos, y relacionarlos significativamente con lo que se experimenta a trav\u00e9s de los canales sensoriales, y encajarlos en nuestro marco conceptual del ser. La conciencia est\u00e1 al menos en todo lo anterior; y puede ser mucho m\u00e1s, pero esto servir\u00e1 como una primera definici\u00f3n para nuestro trabajo.<\/span><\/p>\n<p><span style=\"font-weight: 400;\">Si bien la definici\u00f3n de \u201cconciencia\u201d sigue siendo un concepto resbaladizo, parece no haber duda de que la expresi\u00f3n art\u00edstica \u2013 la capacidad de proyectar conceptos abstractos o est\u00e9ticos en el mundo real- depende cr\u00edticamente de la conciencia. Solo los seres conscientes crean arte. Entonces, cuando se trata de abordar la pregunta,\u00a0 \u00bfCu\u00e1ntos a\u00f1os tiene la conciencia? parece que la \u00fanica manera posible de responder esta pregunta es examinando la evidencia m\u00e1s antigua sobre la expresi\u00f3n art\u00edstica humana. Mi charla se centrar\u00e1 en algunos de los ejemplos m\u00e1s antiguos del arte humano encontrados en el registro arqueol\u00f3gico, y tratar\u00e1 de examinar esta evidencia para arrojar luz sobre la antig\u00fcedad de la conciencia humana.<\/span><\/p>\n<p><b>BIOGRAF\u00cdA<\/b><\/p>\n<p><span style=\"font-weight: 400;\">La investigaci\u00f3n de Dennis McKenna se ha centrado en la estudio interdisciplinario de la etnofarmacolog\u00eda amaz\u00f3nica y las plantas psicoactivas. Ha llevado a cabo un extenso trabajo de campo etnobot\u00e1nico en el amazonia peruana. Su investigaci\u00f3n doctoral (Universidad de British Columbia, 1984) centrado en la etnofarmacolog\u00eda de la ayahuasca y oo-koo-he, dos alucin\u00f3genos a base de triptamina utilizados por pueblos ind\u00edgenas del noroeste amaz\u00f3nico. Es miembro fundador de la junta del Instituto de Investigaci\u00f3n Heffter, y fue un organizador clave y participante en la Hoasca Project, la primera investigaci\u00f3n biom\u00e9dica de la ayahuasca. Es el hermano menor de Terence McKenna. Desde 2000 hasta 2017, imparti\u00f3 cursos de Etnofarmacolog\u00eda y Plantas en Asuntos Humanos en el Centro de Espiritualidad y Sanaci\u00f3n de la Universidad de Minnesota. En 2019, en colaboraci\u00f3n con algunos colegas, fund\u00f3 una nueva organizaci\u00f3n sin fines de lucro,\u00a0<\/span><i><span style=\"font-weight: 400;\">The McKenna Academy of Natural Philosophy<\/span><\/i><span style=\"font-weight: 400;\">. Emigr\u00f3 a Canad\u00e1 en la primavera de 2019 junto con su esposa Sheila, y ahora reside en Abbotsford, B.C.<\/span><\/p>","protected":false},"excerpt":{"rendered":"<p>DENNIS MCKENNA CHARLA: \u201cEspeculaciones Sobre la Antig\u00fcedad de la Conciencia Humana\u201d (Ingl\u00e9s con posibilidad de doblaje en espa\u00f1ol) RESE\u00d1A La conciencia es algo que la mayor\u00eda de la gente conoce por experiencia subjetiva, pero puede resultar dif\u00edcil de definir. Existe un consenso general de que ser consciente implica estar despierto y alerta, y tener un [&hellip;]<\/p>","protected":false},"featured_media":61,"comment_status":"closed","ping_status":"closed","template":"","meta":[],"product_brand":[],"product_cat":[16,27],"product_tag":[],"class_list":{"0":"post-31","1":"product","2":"type-product","3":"status-publish","4":"has-post-thumbnail","6":"product_cat-on-demand","7":"product_cat-simposios","9":"first","10":"instock","11":"sale","12":"virtual","13":"sold-individually","14":"purchasable","15":"product-type-simple"},"yoast_head":"<!-- This site is optimized with the Yoast SEO plugin v27.2 - https:\/\/yoast.com\/product\/yoast-seo-wordpress\/ -->\n<title>11.- Simposio Psicon\u00e1uta: Utop\u00eda y Ebriedad - Especulaciones Sobre la Antig\u00fcedad de la Conciencia Humana \u2013 Dennis Mckenna (EN\/ESP) - Fundacion Lobeliana<\/title>\n<meta name=\"robots\" content=\"index, follow, max-snippet:-1, max-image-preview:large, max-video-preview:-1\" \/>\n<link rel=\"canonical\" href=\"https:\/\/fundacionlobeliana.org\/en\/product\/11-simposio-psiconauta-utopia-y-ebriedad-especulaciones-sobre-la-antiguedad-de-la-conciencia-humana-dennis-mckenna-en-esp\/\" \/>\n<meta property=\"og:locale\" content=\"en_GB\" \/>\n<meta property=\"og:type\" content=\"article\" \/>\n<meta property=\"og:title\" content=\"11.- Simposio Psicon\u00e1uta: Utop\u00eda y Ebriedad - Especulaciones Sobre la Antig\u00fcedad de la Conciencia Humana \u2013 Dennis Mckenna (EN\/ESP) - Fundacion Lobeliana\" \/>\n<meta property=\"og:description\" content=\"DENNIS MCKENNA CHARLA: \u201cEspeculaciones Sobre la Antig\u00fcedad de la Conciencia Humana\u201d (Ingl\u00e9s con posibilidad de doblaje en espa\u00f1ol) RESE\u00d1A La conciencia es algo que la mayor\u00eda de la gente conoce por experiencia subjetiva, pero puede resultar dif\u00edcil de definir. Existe un consenso general de que ser consciente implica estar despierto y alerta, y tener un [&hellip;]\" \/>\n<meta property=\"og:url\" content=\"https:\/\/fundacionlobeliana.org\/en\/product\/11-simposio-psiconauta-utopia-y-ebriedad-especulaciones-sobre-la-antiguedad-de-la-conciencia-humana-dennis-mckenna-en-esp\/\" \/>\n<meta property=\"og:site_name\" content=\"Fundacion Lobeliana\" \/>\n<meta property=\"article:modified_time\" content=\"2026-01-28T01:49:32+00:00\" \/>\n<meta property=\"og:image\" content=\"https:\/\/fundacionlobeliana.org\/wp-content\/uploads\/2025\/09\/12.jpg\" \/>\n\t<meta property=\"og:image:width\" content=\"1080\" \/>\n\t<meta property=\"og:image:height\" content=\"1080\" \/>\n\t<meta property=\"og:image:type\" content=\"image\/jpeg\" \/>\n<meta name=\"twitter:card\" content=\"summary_large_image\" \/>\n<meta name=\"twitter:label1\" content=\"Estimated reading time\" \/>\n\t<meta name=\"twitter:data1\" content=\"3 minutes\" \/>\n<script type=\"application\/ld+json\" class=\"yoast-schema-graph\">{\"@context\":\"https:\/\/schema.org\",\"@graph\":[{\"@type\":\"WebPage\",\"@id\":\"https:\/\/fundacionlobeliana.org\/producto\/11-simposio-psiconauta-utopia-y-ebriedad-especulaciones-sobre-la-antiguedad-de-la-conciencia-humana-dennis-mckenna-en-esp\/\",\"url\":\"https:\/\/fundacionlobeliana.org\/producto\/11-simposio-psiconauta-utopia-y-ebriedad-especulaciones-sobre-la-antiguedad-de-la-conciencia-humana-dennis-mckenna-en-esp\/\",\"name\":\"11.- Simposio Psicon\u00e1uta: Utop\u00eda y Ebriedad - Especulaciones Sobre la Antig\u00fcedad de la Conciencia Humana \u2013 Dennis Mckenna (EN\/ESP) - Fundacion Lobeliana\",\"isPartOf\":{\"@id\":\"https:\/\/fundacionlobeliana.org\/#website\"},\"primaryImageOfPage\":{\"@id\":\"https:\/\/fundacionlobeliana.org\/producto\/11-simposio-psiconauta-utopia-y-ebriedad-especulaciones-sobre-la-antiguedad-de-la-conciencia-humana-dennis-mckenna-en-esp\/#primaryimage\"},\"image\":{\"@id\":\"https:\/\/fundacionlobeliana.org\/producto\/11-simposio-psiconauta-utopia-y-ebriedad-especulaciones-sobre-la-antiguedad-de-la-conciencia-humana-dennis-mckenna-en-esp\/#primaryimage\"},\"thumbnailUrl\":\"https:\/\/fundacionlobeliana.org\/wp-content\/uploads\/2025\/09\/12.jpg\",\"datePublished\":\"2025-09-04T22:41:32+00:00\",\"dateModified\":\"2026-01-28T01:49:32+00:00\",\"breadcrumb\":{\"@id\":\"https:\/\/fundacionlobeliana.org\/producto\/11-simposio-psiconauta-utopia-y-ebriedad-especulaciones-sobre-la-antiguedad-de-la-conciencia-humana-dennis-mckenna-en-esp\/#breadcrumb\"},\"inLanguage\":\"en-GB\",\"potentialAction\":[{\"@type\":\"ReadAction\",\"target\":[\"https:\/\/fundacionlobeliana.org\/producto\/11-simposio-psiconauta-utopia-y-ebriedad-especulaciones-sobre-la-antiguedad-de-la-conciencia-humana-dennis-mckenna-en-esp\/\"]}]},{\"@type\":\"ImageObject\",\"inLanguage\":\"en-GB\",\"@id\":\"https:\/\/fundacionlobeliana.org\/producto\/11-simposio-psiconauta-utopia-y-ebriedad-especulaciones-sobre-la-antiguedad-de-la-conciencia-humana-dennis-mckenna-en-esp\/#primaryimage\",\"url\":\"https:\/\/fundacionlobeliana.org\/wp-content\/uploads\/2025\/09\/12.jpg\",\"contentUrl\":\"https:\/\/fundacionlobeliana.org\/wp-content\/uploads\/2025\/09\/12.jpg\",\"width\":1080,\"height\":1080},{\"@type\":\"BreadcrumbList\",\"@id\":\"https:\/\/fundacionlobeliana.org\/producto\/11-simposio-psiconauta-utopia-y-ebriedad-especulaciones-sobre-la-antiguedad-de-la-conciencia-humana-dennis-mckenna-en-esp\/#breadcrumb\",\"itemListElement\":[{\"@type\":\"ListItem\",\"position\":1,\"name\":\"Portada\",\"item\":\"https:\/\/fundacionlobeliana.org\/\"},{\"@type\":\"ListItem\",\"position\":2,\"name\":\"Tienda\",\"item\":\"https:\/\/fundacionlobeliana.org\/tienda\/\"},{\"@type\":\"ListItem\",\"position\":3,\"name\":\"11.- Simposio Psicon\u00e1uta: Utop\u00eda y Ebriedad &#8211; Especulaciones Sobre la Antig\u00fcedad de la Conciencia Humana \u2013 Dennis Mckenna (EN\/ESP)\"}]},{\"@type\":\"WebSite\",\"@id\":\"https:\/\/fundacionlobeliana.org\/#website\",\"url\":\"https:\/\/fundacionlobeliana.org\/\",\"name\":\"Fundacion Lobeliana\",\"description\":\"Organizaci\u00f3n sin fines de lucro que tiene como misi\u00f3n el rescatar, actualizar, visibilizar y hacer disponible el conocimiento acumulado hasta hoy sobre f\u00e1rmacos naturales y psicoactivos\",\"publisher\":{\"@id\":\"https:\/\/fundacionlobeliana.org\/#organization\"},\"potentialAction\":[{\"@type\":\"SearchAction\",\"target\":{\"@type\":\"EntryPoint\",\"urlTemplate\":\"https:\/\/fundacionlobeliana.org\/?s={search_term_string}\"},\"query-input\":{\"@type\":\"PropertyValueSpecification\",\"valueRequired\":true,\"valueName\":\"search_term_string\"}}],\"inLanguage\":\"en-GB\"},{\"@type\":\"Organization\",\"@id\":\"https:\/\/fundacionlobeliana.org\/#organization\",\"name\":\"Fundacion Lobeliana\",\"url\":\"https:\/\/fundacionlobeliana.org\/\",\"logo\":{\"@type\":\"ImageObject\",\"inLanguage\":\"en-GB\",\"@id\":\"https:\/\/fundacionlobeliana.org\/#\/schema\/logo\/image\/\",\"url\":\"https:\/\/fundacionlobeliana.org\/wp-content\/uploads\/2025\/09\/logo_fundacion_lobeliana-02.png\",\"contentUrl\":\"https:\/\/fundacionlobeliana.org\/wp-content\/uploads\/2025\/09\/logo_fundacion_lobeliana-02.png\",\"width\":571,\"height\":718,\"caption\":\"Fundacion Lobeliana\"},\"image\":{\"@id\":\"https:\/\/fundacionlobeliana.org\/#\/schema\/logo\/image\/\"}}]}<\/script>\n<!-- \/ Yoast SEO plugin. -->","yoast_head_json":{"title":"11.- Simposio Psicon\u00e1uta: Utop\u00eda y Ebriedad - Especulaciones Sobre la Antig\u00fcedad de la Conciencia Humana \u2013 Dennis Mckenna (EN\/ESP) - Fundacion Lobeliana","robots":{"index":"index","follow":"follow","max-snippet":"max-snippet:-1","max-image-preview":"max-image-preview:large","max-video-preview":"max-video-preview:-1"},"canonical":"https:\/\/fundacionlobeliana.org\/en\/product\/11-simposio-psiconauta-utopia-y-ebriedad-especulaciones-sobre-la-antiguedad-de-la-conciencia-humana-dennis-mckenna-en-esp\/","og_locale":"en_GB","og_type":"article","og_title":"11.- Simposio Psicon\u00e1uta: Utop\u00eda y Ebriedad - Especulaciones Sobre la Antig\u00fcedad de la Conciencia Humana \u2013 Dennis Mckenna (EN\/ESP) - Fundacion Lobeliana","og_description":"DENNIS MCKENNA CHARLA: \u201cEspeculaciones Sobre la Antig\u00fcedad de la Conciencia Humana\u201d (Ingl\u00e9s con posibilidad de doblaje en espa\u00f1ol) RESE\u00d1A La conciencia es algo que la mayor\u00eda de la gente conoce por experiencia subjetiva, pero puede resultar dif\u00edcil de definir. Existe un consenso general de que ser consciente implica estar despierto y alerta, y tener un [&hellip;]","og_url":"https:\/\/fundacionlobeliana.org\/en\/product\/11-simposio-psiconauta-utopia-y-ebriedad-especulaciones-sobre-la-antiguedad-de-la-conciencia-humana-dennis-mckenna-en-esp\/","og_site_name":"Fundacion Lobeliana","article_modified_time":"2026-01-28T01:49:32+00:00","og_image":[{"width":1080,"height":1080,"url":"https:\/\/fundacionlobeliana.org\/wp-content\/uploads\/2025\/09\/12.jpg","type":"image\/jpeg"}],"twitter_card":"summary_large_image","twitter_misc":{"Estimated reading time":"3 minutes"},"schema":{"@context":"https:\/\/schema.org","@graph":[{"@type":"WebPage","@id":"https:\/\/fundacionlobeliana.org\/producto\/11-simposio-psiconauta-utopia-y-ebriedad-especulaciones-sobre-la-antiguedad-de-la-conciencia-humana-dennis-mckenna-en-esp\/","url":"https:\/\/fundacionlobeliana.org\/producto\/11-simposio-psiconauta-utopia-y-ebriedad-especulaciones-sobre-la-antiguedad-de-la-conciencia-humana-dennis-mckenna-en-esp\/","name":"11.- Simposio Psicon\u00e1uta: Utop\u00eda y Ebriedad - Especulaciones Sobre la Antig\u00fcedad de la Conciencia Humana \u2013 Dennis Mckenna (EN\/ESP) - Fundacion Lobeliana","isPartOf":{"@id":"https:\/\/fundacionlobeliana.org\/#website"},"primaryImageOfPage":{"@id":"https:\/\/fundacionlobeliana.org\/producto\/11-simposio-psiconauta-utopia-y-ebriedad-especulaciones-sobre-la-antiguedad-de-la-conciencia-humana-dennis-mckenna-en-esp\/#primaryimage"},"image":{"@id":"https:\/\/fundacionlobeliana.org\/producto\/11-simposio-psiconauta-utopia-y-ebriedad-especulaciones-sobre-la-antiguedad-de-la-conciencia-humana-dennis-mckenna-en-esp\/#primaryimage"},"thumbnailUrl":"https:\/\/fundacionlobeliana.org\/wp-content\/uploads\/2025\/09\/12.jpg","datePublished":"2025-09-04T22:41:32+00:00","dateModified":"2026-01-28T01:49:32+00:00","breadcrumb":{"@id":"https:\/\/fundacionlobeliana.org\/producto\/11-simposio-psiconauta-utopia-y-ebriedad-especulaciones-sobre-la-antiguedad-de-la-conciencia-humana-dennis-mckenna-en-esp\/#breadcrumb"},"inLanguage":"en-GB","potentialAction":[{"@type":"ReadAction","target":["https:\/\/fundacionlobeliana.org\/producto\/11-simposio-psiconauta-utopia-y-ebriedad-especulaciones-sobre-la-antiguedad-de-la-conciencia-humana-dennis-mckenna-en-esp\/"]}]},{"@type":"ImageObject","inLanguage":"en-GB","@id":"https:\/\/fundacionlobeliana.org\/producto\/11-simposio-psiconauta-utopia-y-ebriedad-especulaciones-sobre-la-antiguedad-de-la-conciencia-humana-dennis-mckenna-en-esp\/#primaryimage","url":"https:\/\/fundacionlobeliana.org\/wp-content\/uploads\/2025\/09\/12.jpg","contentUrl":"https:\/\/fundacionlobeliana.org\/wp-content\/uploads\/2025\/09\/12.jpg","width":1080,"height":1080},{"@type":"BreadcrumbList","@id":"https:\/\/fundacionlobeliana.org\/producto\/11-simposio-psiconauta-utopia-y-ebriedad-especulaciones-sobre-la-antiguedad-de-la-conciencia-humana-dennis-mckenna-en-esp\/#breadcrumb","itemListElement":[{"@type":"ListItem","position":1,"name":"Portada","item":"https:\/\/fundacionlobeliana.org\/"},{"@type":"ListItem","position":2,"name":"Tienda","item":"https:\/\/fundacionlobeliana.org\/tienda\/"},{"@type":"ListItem","position":3,"name":"11.- Simposio Psicon\u00e1uta: Utop\u00eda y Ebriedad &#8211; Especulaciones Sobre la Antig\u00fcedad de la Conciencia Humana \u2013 Dennis Mckenna (EN\/ESP)"}]},{"@type":"WebSite","@id":"https:\/\/fundacionlobeliana.org\/#website","url":"https:\/\/fundacionlobeliana.org\/","name":"Fundacion Lobeliana","description":"Organizaci\u00f3n sin fines de lucro que tiene como misi\u00f3n el rescatar, actualizar, visibilizar y hacer disponible el conocimiento acumulado hasta hoy sobre f\u00e1rmacos naturales y psicoactivos","publisher":{"@id":"https:\/\/fundacionlobeliana.org\/#organization"},"potentialAction":[{"@type":"SearchAction","target":{"@type":"EntryPoint","urlTemplate":"https:\/\/fundacionlobeliana.org\/?s={search_term_string}"},"query-input":{"@type":"PropertyValueSpecification","valueRequired":true,"valueName":"search_term_string"}}],"inLanguage":"en-GB"},{"@type":"Organization","@id":"https:\/\/fundacionlobeliana.org\/#organization","name":"Fundacion Lobeliana","url":"https:\/\/fundacionlobeliana.org\/","logo":{"@type":"ImageObject","inLanguage":"en-GB","@id":"https:\/\/fundacionlobeliana.org\/#\/schema\/logo\/image\/","url":"https:\/\/fundacionlobeliana.org\/wp-content\/uploads\/2025\/09\/logo_fundacion_lobeliana-02.png","contentUrl":"https:\/\/fundacionlobeliana.org\/wp-content\/uploads\/2025\/09\/logo_fundacion_lobeliana-02.png","width":571,"height":718,"caption":"Fundacion Lobeliana"},"image":{"@id":"https:\/\/fundacionlobeliana.org\/#\/schema\/logo\/image\/"}}]}},"_links":{"self":[{"href":"https:\/\/fundacionlobeliana.org\/en\/wp-json\/wp\/v2\/product\/31","targetHints":{"allow":["GET"]}}],"collection":[{"href":"https:\/\/fundacionlobeliana.org\/en\/wp-json\/wp\/v2\/product"}],"about":[{"href":"https:\/\/fundacionlobeliana.org\/en\/wp-json\/wp\/v2\/types\/product"}],"replies":[{"embeddable":true,"href":"https:\/\/fundacionlobeliana.org\/en\/wp-json\/wp\/v2\/comments?post=31"}],"wp:featuredmedia":[{"embeddable":true,"href":"https:\/\/fundacionlobeliana.org\/en\/wp-json\/wp\/v2\/media\/61"}],"wp:attachment":[{"href":"https:\/\/fundacionlobeliana.org\/en\/wp-json\/wp\/v2\/media?parent=31"}],"wp:term":[{"taxonomy":"product_brand","embeddable":true,"href":"https:\/\/fundacionlobeliana.org\/en\/wp-json\/wp\/v2\/product_brand?post=31"},{"taxonomy":"product_cat","embeddable":true,"href":"https:\/\/fundacionlobeliana.org\/en\/wp-json\/wp\/v2\/product_cat?post=31"},{"taxonomy":"product_tag","embeddable":true,"href":"https:\/\/fundacionlobeliana.org\/en\/wp-json\/wp\/v2\/product_tag?post=31"}],"curies":[{"name":"wp","href":"https:\/\/api.w.org\/{rel}","templated":true}]}}