{"id":32,"date":"2025-09-04T22:41:32","date_gmt":"2025-09-04T22:41:32","guid":{"rendered":"https:\/\/fundacionlobeliana.org\/?post_type=product&#038;p=32"},"modified":"2026-01-28T01:49:32","modified_gmt":"2026-01-28T01:49:32","slug":"12-simposio-psiconauta-utopia-y-ebriedad-brujeria-plantas-prohibidas-y-chamanismo-demonizado-en-europa-claudia-muller-ebeling-en-esp","status":"publish","type":"product","link":"https:\/\/fundacionlobeliana.org\/en\/product\/12-simposio-psiconauta-utopia-y-ebriedad-brujeria-plantas-prohibidas-y-chamanismo-demonizado-en-europa-claudia-muller-ebeling-en-esp\/","title":{"rendered":"12.- Simposio Psicon\u00e1uta: Utop\u00eda y Ebriedad &#8211; Brujer\u00eda, Plantas Prohibidas y Chamanismo Demonizado en Europa \u2013 Claudia M\u00fcller Ebeling (EN\/ESP)"},"content":{"rendered":"<h3><b>CLAUDIA M\u00dcLLER-EBELING<\/b><\/h3>\n<p><b>CHARLA: \u201cBrujer\u00eda, Plantas Prohibidas y Chamanismo Demonizado en Europa\u201d<\/b><\/p>\n<p><span style=\"font-weight: 400;\">(Ingl\u00e9s con posibilidad de doblaje en espa\u00f1ol)\u00a0<\/span><\/p>\n<p><b>RESE\u00d1A<\/b><\/p>\n<p><span style=\"font-weight: 400;\">Historiadora del arte y antrop\u00f3loga alemana ilustra el legado de diosas europeas como Hekate y Freya y por qu\u00e9 fueron demonizadas como brujas. En su charla, arrojar\u00e1 luz sobre la brujer\u00eda en pinturas y plantas (ej: por qu\u00e9 el bele\u00f1o y la mandr\u00e1gora se consideran \u201cpeligrosos\u201d). Como casi todas las plantas de los dioses as\u00ed prohibidas en todo el mundo. Ella mirar\u00e1 la historia del chamanismo, mal entendida, junto con los rituales de curaci\u00f3n y un ojo hacia c\u00f3mo las plantas sagradas y la brujer\u00eda podr\u00edan usarse sabiamente nuevamente.<\/span><\/p>\n<p><b>BIOGRAF\u00cdA<\/b><\/p>\n<p><span style=\"font-weight: 400;\">Estudi\u00f3 historia del arte, antropolog\u00eda cultural, literatura alemana e indolog\u00eda en Friburgo, Hamburgo (Alemania), Par\u00eds (Francia) y Florencia (Italia). Recibi\u00f3 su Ph.D. por una tesis doctoral sobre el arte visionario y el simbolista franc\u00e9s Odilon Redon.\u00a0 Su principal foco de inter\u00e9s es el arte visionario, los estados alterados de conciencia, el chamanismo y la etnobot\u00e1nica.\u00a0 Hizo trabajo de campo sobre el conocimiento de las plantas curativas en el Caribe (Guadalupe) y las Seychelles. As\u00ed como un estudio a largo plazo (18 a\u00f1os) sobre chamanismo en Nepal combinado con expediciones a Corea y la Amazon\u00eda peruana.\u00a0 Trabaj\u00f3 como historiadora de arte en el Museo de Artes y Oficios de Hamburgo, fue redactora jefe de DAO, una revista sobre filosof\u00edas y artes marciales del Lejano Oriente.\u00a0 Coautora, con Christian Ratsch y otros, de\u00a0<\/span><i><span style=\"font-weight: 400;\">\u201cWitches Medicine\u201d<\/span><\/i><span style=\"font-weight: 400;\">\u00a0(publicado en alem\u00e1n en 1998),\u00a0<\/span><i><span style=\"font-weight: 400;\">\u201cShamanism and Tantra in Nepal\u201d<\/span><\/i><span style=\"font-weight: 400;\">\u00a0y\u00a0<\/span><i><span style=\"font-weight: 400;\">\u201cLexicon on Aphrodisiacs\u201d<\/span><\/i><span style=\"font-weight: 400;\">\u00a0(que se publicar\u00e1 en alem\u00e1n en 2002).\u00a0 Es miembro del consejo de asesores del \u201cColega Europeo para el Estudio de la Conciencia\u201d (ECSC) y coorganizadora de las conferencias \u201cPsicoactividad\u201d sobre estados alterados de conciencia.\u00a0 Vive como cient\u00edfica independiente y autor en Hamburgo, Alemania.<\/span><\/p>","protected":false},"excerpt":{"rendered":"<p>CLAUDIA M\u00dcLLER-EBELING CHARLA: \u201cBrujer\u00eda, Plantas Prohibidas y Chamanismo Demonizado en Europa\u201d (Ingl\u00e9s con posibilidad de doblaje en espa\u00f1ol)\u00a0 RESE\u00d1A Historiadora del arte y antrop\u00f3loga alemana ilustra el legado de diosas europeas como Hekate y Freya y por qu\u00e9 fueron demonizadas como brujas. En su charla, arrojar\u00e1 luz sobre la brujer\u00eda en pinturas y plantas (ej: [&hellip;]<\/p>","protected":false},"featured_media":62,"comment_status":"closed","ping_status":"closed","template":"","meta":[],"product_brand":[],"product_cat":[16,27],"product_tag":[],"class_list":{"0":"post-32","1":"product","2":"type-product","3":"status-publish","4":"has-post-thumbnail","6":"product_cat-on-demand","7":"product_cat-simposios","9":"first","10":"instock","11":"sale","12":"virtual","13":"sold-individually","14":"purchasable","15":"product-type-simple"},"yoast_head":"<!-- This site is optimized with the Yoast SEO plugin v27.2 - https:\/\/yoast.com\/product\/yoast-seo-wordpress\/ -->\n<title>12.- Simposio Psicon\u00e1uta: Utop\u00eda y Ebriedad - Brujer\u00eda, Plantas Prohibidas y Chamanismo Demonizado en Europa \u2013 Claudia M\u00fcller Ebeling (EN\/ESP) - Fundacion Lobeliana<\/title>\n<meta name=\"robots\" content=\"index, follow, max-snippet:-1, max-image-preview:large, max-video-preview:-1\" \/>\n<link rel=\"canonical\" href=\"https:\/\/fundacionlobeliana.org\/en\/product\/12-simposio-psiconauta-utopia-y-ebriedad-brujeria-plantas-prohibidas-y-chamanismo-demonizado-en-europa-claudia-muller-ebeling-en-esp\/\" \/>\n<meta property=\"og:locale\" content=\"en_GB\" \/>\n<meta property=\"og:type\" content=\"article\" \/>\n<meta property=\"og:title\" content=\"12.- Simposio Psicon\u00e1uta: Utop\u00eda y Ebriedad - Brujer\u00eda, Plantas Prohibidas y Chamanismo Demonizado en Europa \u2013 Claudia M\u00fcller Ebeling (EN\/ESP) - Fundacion Lobeliana\" \/>\n<meta property=\"og:description\" content=\"CLAUDIA M\u00dcLLER-EBELING CHARLA: \u201cBrujer\u00eda, Plantas Prohibidas y Chamanismo Demonizado en Europa\u201d (Ingl\u00e9s con posibilidad de doblaje en espa\u00f1ol)\u00a0 RESE\u00d1A Historiadora del arte y antrop\u00f3loga alemana ilustra el legado de diosas europeas como Hekate y Freya y por qu\u00e9 fueron demonizadas como brujas. En su charla, arrojar\u00e1 luz sobre la brujer\u00eda en pinturas y plantas (ej: [&hellip;]\" \/>\n<meta property=\"og:url\" content=\"https:\/\/fundacionlobeliana.org\/en\/product\/12-simposio-psiconauta-utopia-y-ebriedad-brujeria-plantas-prohibidas-y-chamanismo-demonizado-en-europa-claudia-muller-ebeling-en-esp\/\" \/>\n<meta property=\"og:site_name\" content=\"Fundacion Lobeliana\" \/>\n<meta property=\"article:modified_time\" content=\"2026-01-28T01:49:32+00:00\" \/>\n<meta property=\"og:image\" content=\"https:\/\/fundacionlobeliana.org\/wp-content\/uploads\/2025\/09\/11.jpg\" \/>\n\t<meta property=\"og:image:width\" content=\"1080\" \/>\n\t<meta property=\"og:image:height\" content=\"1080\" \/>\n\t<meta property=\"og:image:type\" content=\"image\/jpeg\" \/>\n<meta name=\"twitter:card\" content=\"summary_large_image\" \/>\n<meta name=\"twitter:label1\" content=\"Estimated reading time\" \/>\n\t<meta name=\"twitter:data1\" content=\"2 minutes\" \/>\n<script type=\"application\/ld+json\" class=\"yoast-schema-graph\">{\"@context\":\"https:\/\/schema.org\",\"@graph\":[{\"@type\":\"WebPage\",\"@id\":\"https:\/\/fundacionlobeliana.org\/producto\/12-simposio-psiconauta-utopia-y-ebriedad-brujeria-plantas-prohibidas-y-chamanismo-demonizado-en-europa-claudia-muller-ebeling-en-esp\/\",\"url\":\"https:\/\/fundacionlobeliana.org\/producto\/12-simposio-psiconauta-utopia-y-ebriedad-brujeria-plantas-prohibidas-y-chamanismo-demonizado-en-europa-claudia-muller-ebeling-en-esp\/\",\"name\":\"12.- Simposio Psicon\u00e1uta: Utop\u00eda y Ebriedad - Brujer\u00eda, Plantas Prohibidas y Chamanismo Demonizado en Europa \u2013 Claudia M\u00fcller Ebeling (EN\/ESP) - Fundacion Lobeliana\",\"isPartOf\":{\"@id\":\"https:\/\/fundacionlobeliana.org\/#website\"},\"primaryImageOfPage\":{\"@id\":\"https:\/\/fundacionlobeliana.org\/producto\/12-simposio-psiconauta-utopia-y-ebriedad-brujeria-plantas-prohibidas-y-chamanismo-demonizado-en-europa-claudia-muller-ebeling-en-esp\/#primaryimage\"},\"image\":{\"@id\":\"https:\/\/fundacionlobeliana.org\/producto\/12-simposio-psiconauta-utopia-y-ebriedad-brujeria-plantas-prohibidas-y-chamanismo-demonizado-en-europa-claudia-muller-ebeling-en-esp\/#primaryimage\"},\"thumbnailUrl\":\"https:\/\/fundacionlobeliana.org\/wp-content\/uploads\/2025\/09\/11.jpg\",\"datePublished\":\"2025-09-04T22:41:32+00:00\",\"dateModified\":\"2026-01-28T01:49:32+00:00\",\"breadcrumb\":{\"@id\":\"https:\/\/fundacionlobeliana.org\/producto\/12-simposio-psiconauta-utopia-y-ebriedad-brujeria-plantas-prohibidas-y-chamanismo-demonizado-en-europa-claudia-muller-ebeling-en-esp\/#breadcrumb\"},\"inLanguage\":\"en-GB\",\"potentialAction\":[{\"@type\":\"ReadAction\",\"target\":[\"https:\/\/fundacionlobeliana.org\/producto\/12-simposio-psiconauta-utopia-y-ebriedad-brujeria-plantas-prohibidas-y-chamanismo-demonizado-en-europa-claudia-muller-ebeling-en-esp\/\"]}]},{\"@type\":\"ImageObject\",\"inLanguage\":\"en-GB\",\"@id\":\"https:\/\/fundacionlobeliana.org\/producto\/12-simposio-psiconauta-utopia-y-ebriedad-brujeria-plantas-prohibidas-y-chamanismo-demonizado-en-europa-claudia-muller-ebeling-en-esp\/#primaryimage\",\"url\":\"https:\/\/fundacionlobeliana.org\/wp-content\/uploads\/2025\/09\/11.jpg\",\"contentUrl\":\"https:\/\/fundacionlobeliana.org\/wp-content\/uploads\/2025\/09\/11.jpg\",\"width\":1080,\"height\":1080},{\"@type\":\"BreadcrumbList\",\"@id\":\"https:\/\/fundacionlobeliana.org\/producto\/12-simposio-psiconauta-utopia-y-ebriedad-brujeria-plantas-prohibidas-y-chamanismo-demonizado-en-europa-claudia-muller-ebeling-en-esp\/#breadcrumb\",\"itemListElement\":[{\"@type\":\"ListItem\",\"position\":1,\"name\":\"Portada\",\"item\":\"https:\/\/fundacionlobeliana.org\/\"},{\"@type\":\"ListItem\",\"position\":2,\"name\":\"Tienda\",\"item\":\"https:\/\/fundacionlobeliana.org\/tienda\/\"},{\"@type\":\"ListItem\",\"position\":3,\"name\":\"12.- Simposio Psicon\u00e1uta: Utop\u00eda y Ebriedad &#8211; Brujer\u00eda, Plantas Prohibidas y Chamanismo Demonizado en Europa \u2013 Claudia M\u00fcller Ebeling (EN\/ESP)\"}]},{\"@type\":\"WebSite\",\"@id\":\"https:\/\/fundacionlobeliana.org\/#website\",\"url\":\"https:\/\/fundacionlobeliana.org\/\",\"name\":\"Fundacion Lobeliana\",\"description\":\"Organizaci\u00f3n sin fines de lucro que tiene como misi\u00f3n el rescatar, actualizar, visibilizar y hacer disponible el conocimiento acumulado hasta hoy sobre f\u00e1rmacos naturales y psicoactivos\",\"publisher\":{\"@id\":\"https:\/\/fundacionlobeliana.org\/#organization\"},\"potentialAction\":[{\"@type\":\"SearchAction\",\"target\":{\"@type\":\"EntryPoint\",\"urlTemplate\":\"https:\/\/fundacionlobeliana.org\/?s={search_term_string}\"},\"query-input\":{\"@type\":\"PropertyValueSpecification\",\"valueRequired\":true,\"valueName\":\"search_term_string\"}}],\"inLanguage\":\"en-GB\"},{\"@type\":\"Organization\",\"@id\":\"https:\/\/fundacionlobeliana.org\/#organization\",\"name\":\"Fundacion Lobeliana\",\"url\":\"https:\/\/fundacionlobeliana.org\/\",\"logo\":{\"@type\":\"ImageObject\",\"inLanguage\":\"en-GB\",\"@id\":\"https:\/\/fundacionlobeliana.org\/#\/schema\/logo\/image\/\",\"url\":\"https:\/\/fundacionlobeliana.org\/wp-content\/uploads\/2025\/09\/logo_fundacion_lobeliana-02.png\",\"contentUrl\":\"https:\/\/fundacionlobeliana.org\/wp-content\/uploads\/2025\/09\/logo_fundacion_lobeliana-02.png\",\"width\":571,\"height\":718,\"caption\":\"Fundacion Lobeliana\"},\"image\":{\"@id\":\"https:\/\/fundacionlobeliana.org\/#\/schema\/logo\/image\/\"}}]}<\/script>\n<!-- \/ Yoast SEO plugin. -->","yoast_head_json":{"title":"12.- Simposio Psicon\u00e1uta: Utop\u00eda y Ebriedad - Brujer\u00eda, Plantas Prohibidas y Chamanismo Demonizado en Europa \u2013 Claudia M\u00fcller Ebeling (EN\/ESP) - Fundacion Lobeliana","robots":{"index":"index","follow":"follow","max-snippet":"max-snippet:-1","max-image-preview":"max-image-preview:large","max-video-preview":"max-video-preview:-1"},"canonical":"https:\/\/fundacionlobeliana.org\/en\/product\/12-simposio-psiconauta-utopia-y-ebriedad-brujeria-plantas-prohibidas-y-chamanismo-demonizado-en-europa-claudia-muller-ebeling-en-esp\/","og_locale":"en_GB","og_type":"article","og_title":"12.- Simposio Psicon\u00e1uta: Utop\u00eda y Ebriedad - Brujer\u00eda, Plantas Prohibidas y Chamanismo Demonizado en Europa \u2013 Claudia M\u00fcller Ebeling (EN\/ESP) - Fundacion Lobeliana","og_description":"CLAUDIA M\u00dcLLER-EBELING CHARLA: \u201cBrujer\u00eda, Plantas Prohibidas y Chamanismo Demonizado en Europa\u201d (Ingl\u00e9s con posibilidad de doblaje en espa\u00f1ol)\u00a0 RESE\u00d1A Historiadora del arte y antrop\u00f3loga alemana ilustra el legado de diosas europeas como Hekate y Freya y por qu\u00e9 fueron demonizadas como brujas. En su charla, arrojar\u00e1 luz sobre la brujer\u00eda en pinturas y plantas (ej: [&hellip;]","og_url":"https:\/\/fundacionlobeliana.org\/en\/product\/12-simposio-psiconauta-utopia-y-ebriedad-brujeria-plantas-prohibidas-y-chamanismo-demonizado-en-europa-claudia-muller-ebeling-en-esp\/","og_site_name":"Fundacion Lobeliana","article_modified_time":"2026-01-28T01:49:32+00:00","og_image":[{"width":1080,"height":1080,"url":"https:\/\/fundacionlobeliana.org\/wp-content\/uploads\/2025\/09\/11.jpg","type":"image\/jpeg"}],"twitter_card":"summary_large_image","twitter_misc":{"Estimated reading time":"2 minutes"},"schema":{"@context":"https:\/\/schema.org","@graph":[{"@type":"WebPage","@id":"https:\/\/fundacionlobeliana.org\/producto\/12-simposio-psiconauta-utopia-y-ebriedad-brujeria-plantas-prohibidas-y-chamanismo-demonizado-en-europa-claudia-muller-ebeling-en-esp\/","url":"https:\/\/fundacionlobeliana.org\/producto\/12-simposio-psiconauta-utopia-y-ebriedad-brujeria-plantas-prohibidas-y-chamanismo-demonizado-en-europa-claudia-muller-ebeling-en-esp\/","name":"12.- Simposio Psicon\u00e1uta: Utop\u00eda y Ebriedad - Brujer\u00eda, Plantas Prohibidas y Chamanismo Demonizado en Europa \u2013 Claudia M\u00fcller Ebeling (EN\/ESP) - Fundacion Lobeliana","isPartOf":{"@id":"https:\/\/fundacionlobeliana.org\/#website"},"primaryImageOfPage":{"@id":"https:\/\/fundacionlobeliana.org\/producto\/12-simposio-psiconauta-utopia-y-ebriedad-brujeria-plantas-prohibidas-y-chamanismo-demonizado-en-europa-claudia-muller-ebeling-en-esp\/#primaryimage"},"image":{"@id":"https:\/\/fundacionlobeliana.org\/producto\/12-simposio-psiconauta-utopia-y-ebriedad-brujeria-plantas-prohibidas-y-chamanismo-demonizado-en-europa-claudia-muller-ebeling-en-esp\/#primaryimage"},"thumbnailUrl":"https:\/\/fundacionlobeliana.org\/wp-content\/uploads\/2025\/09\/11.jpg","datePublished":"2025-09-04T22:41:32+00:00","dateModified":"2026-01-28T01:49:32+00:00","breadcrumb":{"@id":"https:\/\/fundacionlobeliana.org\/producto\/12-simposio-psiconauta-utopia-y-ebriedad-brujeria-plantas-prohibidas-y-chamanismo-demonizado-en-europa-claudia-muller-ebeling-en-esp\/#breadcrumb"},"inLanguage":"en-GB","potentialAction":[{"@type":"ReadAction","target":["https:\/\/fundacionlobeliana.org\/producto\/12-simposio-psiconauta-utopia-y-ebriedad-brujeria-plantas-prohibidas-y-chamanismo-demonizado-en-europa-claudia-muller-ebeling-en-esp\/"]}]},{"@type":"ImageObject","inLanguage":"en-GB","@id":"https:\/\/fundacionlobeliana.org\/producto\/12-simposio-psiconauta-utopia-y-ebriedad-brujeria-plantas-prohibidas-y-chamanismo-demonizado-en-europa-claudia-muller-ebeling-en-esp\/#primaryimage","url":"https:\/\/fundacionlobeliana.org\/wp-content\/uploads\/2025\/09\/11.jpg","contentUrl":"https:\/\/fundacionlobeliana.org\/wp-content\/uploads\/2025\/09\/11.jpg","width":1080,"height":1080},{"@type":"BreadcrumbList","@id":"https:\/\/fundacionlobeliana.org\/producto\/12-simposio-psiconauta-utopia-y-ebriedad-brujeria-plantas-prohibidas-y-chamanismo-demonizado-en-europa-claudia-muller-ebeling-en-esp\/#breadcrumb","itemListElement":[{"@type":"ListItem","position":1,"name":"Portada","item":"https:\/\/fundacionlobeliana.org\/"},{"@type":"ListItem","position":2,"name":"Tienda","item":"https:\/\/fundacionlobeliana.org\/tienda\/"},{"@type":"ListItem","position":3,"name":"12.- Simposio Psicon\u00e1uta: Utop\u00eda y Ebriedad &#8211; Brujer\u00eda, Plantas Prohibidas y Chamanismo Demonizado en Europa \u2013 Claudia M\u00fcller Ebeling (EN\/ESP)"}]},{"@type":"WebSite","@id":"https:\/\/fundacionlobeliana.org\/#website","url":"https:\/\/fundacionlobeliana.org\/","name":"Fundacion Lobeliana","description":"Organizaci\u00f3n sin fines de lucro que tiene como misi\u00f3n el rescatar, actualizar, visibilizar y hacer disponible el conocimiento acumulado hasta hoy sobre f\u00e1rmacos naturales y psicoactivos","publisher":{"@id":"https:\/\/fundacionlobeliana.org\/#organization"},"potentialAction":[{"@type":"SearchAction","target":{"@type":"EntryPoint","urlTemplate":"https:\/\/fundacionlobeliana.org\/?s={search_term_string}"},"query-input":{"@type":"PropertyValueSpecification","valueRequired":true,"valueName":"search_term_string"}}],"inLanguage":"en-GB"},{"@type":"Organization","@id":"https:\/\/fundacionlobeliana.org\/#organization","name":"Fundacion Lobeliana","url":"https:\/\/fundacionlobeliana.org\/","logo":{"@type":"ImageObject","inLanguage":"en-GB","@id":"https:\/\/fundacionlobeliana.org\/#\/schema\/logo\/image\/","url":"https:\/\/fundacionlobeliana.org\/wp-content\/uploads\/2025\/09\/logo_fundacion_lobeliana-02.png","contentUrl":"https:\/\/fundacionlobeliana.org\/wp-content\/uploads\/2025\/09\/logo_fundacion_lobeliana-02.png","width":571,"height":718,"caption":"Fundacion Lobeliana"},"image":{"@id":"https:\/\/fundacionlobeliana.org\/#\/schema\/logo\/image\/"}}]}},"_links":{"self":[{"href":"https:\/\/fundacionlobeliana.org\/en\/wp-json\/wp\/v2\/product\/32","targetHints":{"allow":["GET"]}}],"collection":[{"href":"https:\/\/fundacionlobeliana.org\/en\/wp-json\/wp\/v2\/product"}],"about":[{"href":"https:\/\/fundacionlobeliana.org\/en\/wp-json\/wp\/v2\/types\/product"}],"replies":[{"embeddable":true,"href":"https:\/\/fundacionlobeliana.org\/en\/wp-json\/wp\/v2\/comments?post=32"}],"wp:featuredmedia":[{"embeddable":true,"href":"https:\/\/fundacionlobeliana.org\/en\/wp-json\/wp\/v2\/media\/62"}],"wp:attachment":[{"href":"https:\/\/fundacionlobeliana.org\/en\/wp-json\/wp\/v2\/media?parent=32"}],"wp:term":[{"taxonomy":"product_brand","embeddable":true,"href":"https:\/\/fundacionlobeliana.org\/en\/wp-json\/wp\/v2\/product_brand?post=32"},{"taxonomy":"product_cat","embeddable":true,"href":"https:\/\/fundacionlobeliana.org\/en\/wp-json\/wp\/v2\/product_cat?post=32"},{"taxonomy":"product_tag","embeddable":true,"href":"https:\/\/fundacionlobeliana.org\/en\/wp-json\/wp\/v2\/product_tag?post=32"}],"curies":[{"name":"wp","href":"https:\/\/api.w.org\/{rel}","templated":true}]}}