{"id":33,"date":"2025-09-04T22:41:32","date_gmt":"2025-09-04T22:41:32","guid":{"rendered":"https:\/\/fundacionlobeliana.org\/?post_type=product&#038;p=33"},"modified":"2026-01-28T01:49:32","modified_gmt":"2026-01-28T01:49:32","slug":"13-simposio-psiconauta-utopia-y-ebriedad-herejia-como-eleccion-monica-gagliano-en-esp","status":"publish","type":"product","link":"https:\/\/fundacionlobeliana.org\/en\/product\/13-simposio-psiconauta-utopia-y-ebriedad-herejia-como-eleccion-monica-gagliano-en-esp\/","title":{"rendered":"13.- Simposio Psicon\u00e1uta: Utop\u00eda y Ebriedad &#8211; Herej\u00eda como elecci\u00f3n \u2013 Monica Gagliano (EN\/ESP)"},"content":{"rendered":"<h3><b>MONICA GAGLIANO<\/b><\/h3>\n<p><b>CHARLA: \u201cHerej\u00eda como elecci\u00f3n\u201d<\/b><\/p>\n<p><span style=\"font-weight: 400;\">Entendiendo como \u201cherej\u00eda\u201d aquellas salidas imperdonables del est\u00e1ndar dominante, la instituci\u00f3n de la ciencia hoy sigue quemando a quienes eligen cuestionarla o pensar fuera del paradigma actual. M\u00f3nica Gagliano cuenta sobre sus experimentos y experiencias que nos muestran nuevas luces en cuanto a la inteligencia de las plantas.<\/span><\/p>\n<p><b>BIOGRAF\u00cdA<\/b><\/p>\n<p><span style=\"font-weight: 400;\">Profesora asociada de investigaci\u00f3n en el campo de\u00a0<\/span><a href=\"https:\/\/es.wikipedia.org\/wiki\/Ecolog%C3%ADa_evolutiva\"><span style=\"font-weight: 400;\">la ecolog\u00eda evolutiva<\/span><\/a><span style=\"font-weight: 400;\">\u00a0en la\u00a0<\/span><a href=\"https:\/\/es.wikipedia.org\/w\/index.php?title=Universidad_Southern_Cross&amp;action=edit&amp;redlink=1\"><span style=\"font-weight: 400;\">Universidad Southern Cross<\/span><\/a><span style=\"font-weight: 400;\">\u00a0en Lismore,\u00a0<\/span><a href=\"https:\/\/es.wikipedia.org\/wiki\/Australia\"><span style=\"font-weight: 400;\">Australia<\/span><\/a><span style=\"font-weight: 400;\">, donde dirige el laboratorio de Inteligencia Biol\u00f3gica. Es exmiembro del Consejo Australiano de Investigaci\u00f3n. Actualmente trabaja en la Universidad de Sidney como filial de investigaci\u00f3n en el Sydney Evironment Institute y miembro investigadora principal en la Facultad de Ciencias de la Vida y el Medio Ambiente, donde ha establecido el nuevo Laboratorio de BI-Laboratorio de Inteligencia Biol\u00f3gica como parte de la Iniciativa de Inteligencias Diversas de la Templeton World Charity Foundation. A trav\u00e9s de su investigaci\u00f3n con plantas, \u00abha ampliado el concepto de cognici\u00f3n (incluida la percepci\u00f3n, los procesos de aprendizaje, la memoria) en las plantas\u00bb, abriendo el camino para un nuevo campo llamado bioac\u00fastica de plantas, que muestra que las plantas hacen sonidos, y demostrar experimentalmente que el aprendizaje no es un territorio exclusivo de los animales, avivando el discurso sobre la subjetividad de las plantas y su posici\u00f3n \u00e9tica y legal.\u00a0<\/span><\/p>","protected":false},"excerpt":{"rendered":"<p>MONICA GAGLIANO CHARLA: \u201cHerej\u00eda como elecci\u00f3n\u201d Entendiendo como \u201cherej\u00eda\u201d aquellas salidas imperdonables del est\u00e1ndar dominante, la instituci\u00f3n de la ciencia hoy sigue quemando a quienes eligen cuestionarla o pensar fuera del paradigma actual. M\u00f3nica Gagliano cuenta sobre sus experimentos y experiencias que nos muestran nuevas luces en cuanto a la inteligencia de las plantas. BIOGRAF\u00cdA [&hellip;]<\/p>","protected":false},"featured_media":63,"comment_status":"closed","ping_status":"closed","template":"","meta":[],"product_brand":[],"product_cat":[16,27],"product_tag":[],"class_list":{"0":"post-33","1":"product","2":"type-product","3":"status-publish","4":"has-post-thumbnail","6":"product_cat-on-demand","7":"product_cat-simposios","9":"first","10":"instock","11":"sale","12":"virtual","13":"sold-individually","14":"purchasable","15":"product-type-simple"},"yoast_head":"<!-- This site is optimized with the Yoast SEO plugin v27.2 - https:\/\/yoast.com\/product\/yoast-seo-wordpress\/ -->\n<title>13.- Simposio Psicon\u00e1uta: Utop\u00eda y Ebriedad - Herej\u00eda como elecci\u00f3n \u2013 Monica Gagliano (EN\/ESP) - Fundacion Lobeliana<\/title>\n<meta name=\"robots\" content=\"index, follow, max-snippet:-1, max-image-preview:large, max-video-preview:-1\" \/>\n<link rel=\"canonical\" href=\"https:\/\/fundacionlobeliana.org\/en\/product\/13-simposio-psiconauta-utopia-y-ebriedad-herejia-como-eleccion-monica-gagliano-en-esp\/\" \/>\n<meta property=\"og:locale\" content=\"en_GB\" \/>\n<meta property=\"og:type\" content=\"article\" \/>\n<meta property=\"og:title\" content=\"13.- Simposio Psicon\u00e1uta: Utop\u00eda y Ebriedad - Herej\u00eda como elecci\u00f3n \u2013 Monica Gagliano (EN\/ESP) - Fundacion Lobeliana\" \/>\n<meta property=\"og:description\" content=\"MONICA GAGLIANO CHARLA: \u201cHerej\u00eda como elecci\u00f3n\u201d Entendiendo como \u201cherej\u00eda\u201d aquellas salidas imperdonables del est\u00e1ndar dominante, la instituci\u00f3n de la ciencia hoy sigue quemando a quienes eligen cuestionarla o pensar fuera del paradigma actual. M\u00f3nica Gagliano cuenta sobre sus experimentos y experiencias que nos muestran nuevas luces en cuanto a la inteligencia de las plantas. BIOGRAF\u00cdA [&hellip;]\" \/>\n<meta property=\"og:url\" content=\"https:\/\/fundacionlobeliana.org\/en\/product\/13-simposio-psiconauta-utopia-y-ebriedad-herejia-como-eleccion-monica-gagliano-en-esp\/\" \/>\n<meta property=\"og:site_name\" content=\"Fundacion Lobeliana\" \/>\n<meta property=\"article:modified_time\" content=\"2026-01-28T01:49:32+00:00\" \/>\n<meta property=\"og:image\" content=\"https:\/\/fundacionlobeliana.org\/wp-content\/uploads\/2025\/09\/WhatsApp-Image-2025-05-28-at-16.19.13-1-1.jpeg\" \/>\n\t<meta property=\"og:image:width\" content=\"1080\" \/>\n\t<meta property=\"og:image:height\" content=\"1080\" \/>\n\t<meta property=\"og:image:type\" content=\"image\/jpeg\" \/>\n<meta name=\"twitter:card\" content=\"summary_large_image\" \/>\n<meta name=\"twitter:label1\" content=\"Estimated reading time\" \/>\n\t<meta name=\"twitter:data1\" content=\"1 minute\" \/>\n<script type=\"application\/ld+json\" class=\"yoast-schema-graph\">{\"@context\":\"https:\/\/schema.org\",\"@graph\":[{\"@type\":\"WebPage\",\"@id\":\"https:\/\/fundacionlobeliana.org\/producto\/13-simposio-psiconauta-utopia-y-ebriedad-herejia-como-eleccion-monica-gagliano-en-esp\/\",\"url\":\"https:\/\/fundacionlobeliana.org\/producto\/13-simposio-psiconauta-utopia-y-ebriedad-herejia-como-eleccion-monica-gagliano-en-esp\/\",\"name\":\"13.- Simposio Psicon\u00e1uta: Utop\u00eda y Ebriedad - Herej\u00eda como elecci\u00f3n \u2013 Monica Gagliano (EN\/ESP) - Fundacion Lobeliana\",\"isPartOf\":{\"@id\":\"https:\/\/fundacionlobeliana.org\/#website\"},\"primaryImageOfPage\":{\"@id\":\"https:\/\/fundacionlobeliana.org\/producto\/13-simposio-psiconauta-utopia-y-ebriedad-herejia-como-eleccion-monica-gagliano-en-esp\/#primaryimage\"},\"image\":{\"@id\":\"https:\/\/fundacionlobeliana.org\/producto\/13-simposio-psiconauta-utopia-y-ebriedad-herejia-como-eleccion-monica-gagliano-en-esp\/#primaryimage\"},\"thumbnailUrl\":\"https:\/\/fundacionlobeliana.org\/wp-content\/uploads\/2025\/09\/WhatsApp-Image-2025-05-28-at-16.19.13-1-1.jpeg\",\"datePublished\":\"2025-09-04T22:41:32+00:00\",\"dateModified\":\"2026-01-28T01:49:32+00:00\",\"breadcrumb\":{\"@id\":\"https:\/\/fundacionlobeliana.org\/producto\/13-simposio-psiconauta-utopia-y-ebriedad-herejia-como-eleccion-monica-gagliano-en-esp\/#breadcrumb\"},\"inLanguage\":\"en-GB\",\"potentialAction\":[{\"@type\":\"ReadAction\",\"target\":[\"https:\/\/fundacionlobeliana.org\/producto\/13-simposio-psiconauta-utopia-y-ebriedad-herejia-como-eleccion-monica-gagliano-en-esp\/\"]}]},{\"@type\":\"ImageObject\",\"inLanguage\":\"en-GB\",\"@id\":\"https:\/\/fundacionlobeliana.org\/producto\/13-simposio-psiconauta-utopia-y-ebriedad-herejia-como-eleccion-monica-gagliano-en-esp\/#primaryimage\",\"url\":\"https:\/\/fundacionlobeliana.org\/wp-content\/uploads\/2025\/09\/WhatsApp-Image-2025-05-28-at-16.19.13-1-1.jpeg\",\"contentUrl\":\"https:\/\/fundacionlobeliana.org\/wp-content\/uploads\/2025\/09\/WhatsApp-Image-2025-05-28-at-16.19.13-1-1.jpeg\",\"width\":1080,\"height\":1080},{\"@type\":\"BreadcrumbList\",\"@id\":\"https:\/\/fundacionlobeliana.org\/producto\/13-simposio-psiconauta-utopia-y-ebriedad-herejia-como-eleccion-monica-gagliano-en-esp\/#breadcrumb\",\"itemListElement\":[{\"@type\":\"ListItem\",\"position\":1,\"name\":\"Portada\",\"item\":\"https:\/\/fundacionlobeliana.org\/\"},{\"@type\":\"ListItem\",\"position\":2,\"name\":\"Tienda\",\"item\":\"https:\/\/fundacionlobeliana.org\/tienda\/\"},{\"@type\":\"ListItem\",\"position\":3,\"name\":\"13.- Simposio Psicon\u00e1uta: Utop\u00eda y Ebriedad &#8211; Herej\u00eda como elecci\u00f3n \u2013 Monica Gagliano (EN\/ESP)\"}]},{\"@type\":\"WebSite\",\"@id\":\"https:\/\/fundacionlobeliana.org\/#website\",\"url\":\"https:\/\/fundacionlobeliana.org\/\",\"name\":\"Fundacion Lobeliana\",\"description\":\"Organizaci\u00f3n sin fines de lucro que tiene como misi\u00f3n el rescatar, actualizar, visibilizar y hacer disponible el conocimiento acumulado hasta hoy sobre f\u00e1rmacos naturales y psicoactivos\",\"publisher\":{\"@id\":\"https:\/\/fundacionlobeliana.org\/#organization\"},\"potentialAction\":[{\"@type\":\"SearchAction\",\"target\":{\"@type\":\"EntryPoint\",\"urlTemplate\":\"https:\/\/fundacionlobeliana.org\/?s={search_term_string}\"},\"query-input\":{\"@type\":\"PropertyValueSpecification\",\"valueRequired\":true,\"valueName\":\"search_term_string\"}}],\"inLanguage\":\"en-GB\"},{\"@type\":\"Organization\",\"@id\":\"https:\/\/fundacionlobeliana.org\/#organization\",\"name\":\"Fundacion Lobeliana\",\"url\":\"https:\/\/fundacionlobeliana.org\/\",\"logo\":{\"@type\":\"ImageObject\",\"inLanguage\":\"en-GB\",\"@id\":\"https:\/\/fundacionlobeliana.org\/#\/schema\/logo\/image\/\",\"url\":\"https:\/\/fundacionlobeliana.org\/wp-content\/uploads\/2025\/09\/logo_fundacion_lobeliana-02.png\",\"contentUrl\":\"https:\/\/fundacionlobeliana.org\/wp-content\/uploads\/2025\/09\/logo_fundacion_lobeliana-02.png\",\"width\":571,\"height\":718,\"caption\":\"Fundacion Lobeliana\"},\"image\":{\"@id\":\"https:\/\/fundacionlobeliana.org\/#\/schema\/logo\/image\/\"}}]}<\/script>\n<!-- \/ Yoast SEO plugin. -->","yoast_head_json":{"title":"13.- Simposio Psicon\u00e1uta: Utop\u00eda y Ebriedad - Herej\u00eda como elecci\u00f3n \u2013 Monica Gagliano (EN\/ESP) - Fundacion Lobeliana","robots":{"index":"index","follow":"follow","max-snippet":"max-snippet:-1","max-image-preview":"max-image-preview:large","max-video-preview":"max-video-preview:-1"},"canonical":"https:\/\/fundacionlobeliana.org\/en\/product\/13-simposio-psiconauta-utopia-y-ebriedad-herejia-como-eleccion-monica-gagliano-en-esp\/","og_locale":"en_GB","og_type":"article","og_title":"13.- Simposio Psicon\u00e1uta: Utop\u00eda y Ebriedad - Herej\u00eda como elecci\u00f3n \u2013 Monica Gagliano (EN\/ESP) - Fundacion Lobeliana","og_description":"MONICA GAGLIANO CHARLA: \u201cHerej\u00eda como elecci\u00f3n\u201d Entendiendo como \u201cherej\u00eda\u201d aquellas salidas imperdonables del est\u00e1ndar dominante, la instituci\u00f3n de la ciencia hoy sigue quemando a quienes eligen cuestionarla o pensar fuera del paradigma actual. M\u00f3nica Gagliano cuenta sobre sus experimentos y experiencias que nos muestran nuevas luces en cuanto a la inteligencia de las plantas. BIOGRAF\u00cdA [&hellip;]","og_url":"https:\/\/fundacionlobeliana.org\/en\/product\/13-simposio-psiconauta-utopia-y-ebriedad-herejia-como-eleccion-monica-gagliano-en-esp\/","og_site_name":"Fundacion Lobeliana","article_modified_time":"2026-01-28T01:49:32+00:00","og_image":[{"width":1080,"height":1080,"url":"https:\/\/fundacionlobeliana.org\/wp-content\/uploads\/2025\/09\/WhatsApp-Image-2025-05-28-at-16.19.13-1-1.jpeg","type":"image\/jpeg"}],"twitter_card":"summary_large_image","twitter_misc":{"Estimated reading time":"1 minute"},"schema":{"@context":"https:\/\/schema.org","@graph":[{"@type":"WebPage","@id":"https:\/\/fundacionlobeliana.org\/producto\/13-simposio-psiconauta-utopia-y-ebriedad-herejia-como-eleccion-monica-gagliano-en-esp\/","url":"https:\/\/fundacionlobeliana.org\/producto\/13-simposio-psiconauta-utopia-y-ebriedad-herejia-como-eleccion-monica-gagliano-en-esp\/","name":"13.- Simposio Psicon\u00e1uta: Utop\u00eda y Ebriedad - Herej\u00eda como elecci\u00f3n \u2013 Monica Gagliano (EN\/ESP) - Fundacion Lobeliana","isPartOf":{"@id":"https:\/\/fundacionlobeliana.org\/#website"},"primaryImageOfPage":{"@id":"https:\/\/fundacionlobeliana.org\/producto\/13-simposio-psiconauta-utopia-y-ebriedad-herejia-como-eleccion-monica-gagliano-en-esp\/#primaryimage"},"image":{"@id":"https:\/\/fundacionlobeliana.org\/producto\/13-simposio-psiconauta-utopia-y-ebriedad-herejia-como-eleccion-monica-gagliano-en-esp\/#primaryimage"},"thumbnailUrl":"https:\/\/fundacionlobeliana.org\/wp-content\/uploads\/2025\/09\/WhatsApp-Image-2025-05-28-at-16.19.13-1-1.jpeg","datePublished":"2025-09-04T22:41:32+00:00","dateModified":"2026-01-28T01:49:32+00:00","breadcrumb":{"@id":"https:\/\/fundacionlobeliana.org\/producto\/13-simposio-psiconauta-utopia-y-ebriedad-herejia-como-eleccion-monica-gagliano-en-esp\/#breadcrumb"},"inLanguage":"en-GB","potentialAction":[{"@type":"ReadAction","target":["https:\/\/fundacionlobeliana.org\/producto\/13-simposio-psiconauta-utopia-y-ebriedad-herejia-como-eleccion-monica-gagliano-en-esp\/"]}]},{"@type":"ImageObject","inLanguage":"en-GB","@id":"https:\/\/fundacionlobeliana.org\/producto\/13-simposio-psiconauta-utopia-y-ebriedad-herejia-como-eleccion-monica-gagliano-en-esp\/#primaryimage","url":"https:\/\/fundacionlobeliana.org\/wp-content\/uploads\/2025\/09\/WhatsApp-Image-2025-05-28-at-16.19.13-1-1.jpeg","contentUrl":"https:\/\/fundacionlobeliana.org\/wp-content\/uploads\/2025\/09\/WhatsApp-Image-2025-05-28-at-16.19.13-1-1.jpeg","width":1080,"height":1080},{"@type":"BreadcrumbList","@id":"https:\/\/fundacionlobeliana.org\/producto\/13-simposio-psiconauta-utopia-y-ebriedad-herejia-como-eleccion-monica-gagliano-en-esp\/#breadcrumb","itemListElement":[{"@type":"ListItem","position":1,"name":"Portada","item":"https:\/\/fundacionlobeliana.org\/"},{"@type":"ListItem","position":2,"name":"Tienda","item":"https:\/\/fundacionlobeliana.org\/tienda\/"},{"@type":"ListItem","position":3,"name":"13.- Simposio Psicon\u00e1uta: Utop\u00eda y Ebriedad &#8211; Herej\u00eda como elecci\u00f3n \u2013 Monica Gagliano (EN\/ESP)"}]},{"@type":"WebSite","@id":"https:\/\/fundacionlobeliana.org\/#website","url":"https:\/\/fundacionlobeliana.org\/","name":"Fundacion Lobeliana","description":"Organizaci\u00f3n sin fines de lucro que tiene como misi\u00f3n el rescatar, actualizar, visibilizar y hacer disponible el conocimiento acumulado hasta hoy sobre f\u00e1rmacos naturales y psicoactivos","publisher":{"@id":"https:\/\/fundacionlobeliana.org\/#organization"},"potentialAction":[{"@type":"SearchAction","target":{"@type":"EntryPoint","urlTemplate":"https:\/\/fundacionlobeliana.org\/?s={search_term_string}"},"query-input":{"@type":"PropertyValueSpecification","valueRequired":true,"valueName":"search_term_string"}}],"inLanguage":"en-GB"},{"@type":"Organization","@id":"https:\/\/fundacionlobeliana.org\/#organization","name":"Fundacion Lobeliana","url":"https:\/\/fundacionlobeliana.org\/","logo":{"@type":"ImageObject","inLanguage":"en-GB","@id":"https:\/\/fundacionlobeliana.org\/#\/schema\/logo\/image\/","url":"https:\/\/fundacionlobeliana.org\/wp-content\/uploads\/2025\/09\/logo_fundacion_lobeliana-02.png","contentUrl":"https:\/\/fundacionlobeliana.org\/wp-content\/uploads\/2025\/09\/logo_fundacion_lobeliana-02.png","width":571,"height":718,"caption":"Fundacion Lobeliana"},"image":{"@id":"https:\/\/fundacionlobeliana.org\/#\/schema\/logo\/image\/"}}]}},"_links":{"self":[{"href":"https:\/\/fundacionlobeliana.org\/en\/wp-json\/wp\/v2\/product\/33","targetHints":{"allow":["GET"]}}],"collection":[{"href":"https:\/\/fundacionlobeliana.org\/en\/wp-json\/wp\/v2\/product"}],"about":[{"href":"https:\/\/fundacionlobeliana.org\/en\/wp-json\/wp\/v2\/types\/product"}],"replies":[{"embeddable":true,"href":"https:\/\/fundacionlobeliana.org\/en\/wp-json\/wp\/v2\/comments?post=33"}],"wp:featuredmedia":[{"embeddable":true,"href":"https:\/\/fundacionlobeliana.org\/en\/wp-json\/wp\/v2\/media\/63"}],"wp:attachment":[{"href":"https:\/\/fundacionlobeliana.org\/en\/wp-json\/wp\/v2\/media?parent=33"}],"wp:term":[{"taxonomy":"product_brand","embeddable":true,"href":"https:\/\/fundacionlobeliana.org\/en\/wp-json\/wp\/v2\/product_brand?post=33"},{"taxonomy":"product_cat","embeddable":true,"href":"https:\/\/fundacionlobeliana.org\/en\/wp-json\/wp\/v2\/product_cat?post=33"},{"taxonomy":"product_tag","embeddable":true,"href":"https:\/\/fundacionlobeliana.org\/en\/wp-json\/wp\/v2\/product_tag?post=33"}],"curies":[{"name":"wp","href":"https:\/\/api.w.org\/{rel}","templated":true}]}}