{"id":34,"date":"2025-09-04T22:41:32","date_gmt":"2025-09-04T22:41:32","guid":{"rendered":"https:\/\/fundacionlobeliana.org\/?post_type=product&#038;p=34"},"modified":"2026-01-28T01:49:32","modified_gmt":"2026-01-28T01:49:32","slug":"14-simposio-psiconauta-utopia-y-ebriedad-relaciones-ancestrales-entre-hongos-y-humanidad-develando-simbiosis-giuliana-furci-en-esp","status":"publish","type":"product","link":"https:\/\/fundacionlobeliana.org\/en\/product\/14-simposio-psiconauta-utopia-y-ebriedad-relaciones-ancestrales-entre-hongos-y-humanidad-develando-simbiosis-giuliana-furci-en-esp\/","title":{"rendered":"14.- Simposio Psicon\u00e1uta: Utop\u00eda y Ebriedad &#8211; Relaciones Ancestrales entre Hongos y Humanidad: Develando Simbiosis \u2013 Giuliana Furci (EN\/ESP)"},"content":{"rendered":"<p><b>GIULIANA FURCI<\/b><\/p>\n<p><b>CHARLA:\u00a0\u201c<\/b><b>Relaciones Ancestrales entre Hongos y Humanidad: Develando Simbiosis \u2013 Giuliana Furci<\/b><b>\u201d<\/b><\/p>\n<p><span style=\"font-weight: 400;\">(Espa\u00f1ol con posibilidad de doblaje en ingl\u00e9s)<\/span><\/p>\n<p><span style=\"font-weight: 400;\">Se exponen las particularidades biol\u00f3gicas del reino Fungi y su importancia ecol\u00f3gica y para los seres humanos. Se comentan los avances que se han realizado en cuanto a<\/span> <span style=\"font-weight: 400;\">conservaci\u00f3n de hongos, siendo Chile el primer pa\u00eds del mundo en incorporar los hongos en su ley ambiental al mayor nivel legislativo (obliga a que las evaluaci\u00f3n y declaraciones de impacto ambiental incluyan una l\u00ednea base de hongos). Se menciona tambi\u00e9n la motivaci\u00f3n de la nueva propuesta del t\u00e9rmino \u201cFunga\u201d. La relaci\u00f3n ancestral entre la humanidad y los hongos es antigua y ubicua: se mencionan especies de hongos de distintas partes del mundo y los usos que el ser humano les ha dado (bloqueadores solares, anestesiar abejas al cosechar la miel, curar heridas, etc.).\u00a0<\/span><\/p>\n<p><b>BIOGRAF\u00cdA\u00a0<\/b><\/p>\n<p><span style=\"font-weight: 400;\">Giuliana Furci is a field mycologist, founder, and executive director of Fundaci\u00f3n Fungi. She is an associate of Harvard University, a National Geographic Explorer, a Dame of the Order of the Star of Italy, vice-chair of the IUCN Committee on Fungal Conservation, and the author of several books, including a series of field guides on Chilean fungi. She is also a co-author of publications such as the first State of the World's Fungi report (Kew, 2018), the publication that defined the term \"funga,\" and the 3F Proposal: Fauna, Flora, and Funga. Giuliana has held consulting positions with philanthropic foundations in the United States, as well as full-time positions with international and Chilean non-profit organizations dedicated to marine conservation. She is a member of the Board of Directors of Fundaci\u00f3n Acci\u00f3n Fauna and the Advisory Council of the Society for the Protection of Underground Networks (SPUN), among other organizations. Giuliana has received several distinctions, including the Buffett\/National Geographic Latin America Conservation Leadership Award 2022, the Gordon and Tina Wasson Award from the Mycological Society of America 2022, and the International Society for Fungal Conservation's President's Award in 2013.<\/span><\/p>\n<h3><\/h3>","protected":false},"excerpt":{"rendered":"<p>GIULIANA FURCI CHARLA:\u00a0\u201cRelaciones Ancestrales entre Hongos y Humanidad: Develando Simbiosis \u2013 Giuliana Furci\u201d (Espa\u00f1ol con posibilidad de doblaje en ingl\u00e9s) Se exponen las particularidades biol\u00f3gicas del reino Fungi y su importancia ecol\u00f3gica y para los seres humanos. Se comentan los avances que se han realizado en cuanto a conservaci\u00f3n de hongos, siendo Chile el primer [&hellip;]<\/p>","protected":false},"featured_media":64,"comment_status":"closed","ping_status":"closed","template":"","meta":[],"product_brand":[],"product_cat":[16,27],"product_tag":[],"class_list":{"0":"post-34","1":"product","2":"type-product","3":"status-publish","4":"has-post-thumbnail","6":"product_cat-on-demand","7":"product_cat-simposios","9":"first","10":"instock","11":"sale","12":"virtual","13":"sold-individually","14":"purchasable","15":"product-type-simple"},"yoast_head":"<!-- This site is optimized with the Yoast SEO plugin v27.2 - https:\/\/yoast.com\/product\/yoast-seo-wordpress\/ -->\n<title>14.- Simposio Psicon\u00e1uta: Utop\u00eda y Ebriedad - Relaciones Ancestrales entre Hongos y Humanidad: Develando Simbiosis \u2013 Giuliana Furci (EN\/ESP) - Fundacion Lobeliana<\/title>\n<meta name=\"robots\" content=\"index, follow, max-snippet:-1, max-image-preview:large, max-video-preview:-1\" \/>\n<link rel=\"canonical\" href=\"https:\/\/fundacionlobeliana.org\/en\/product\/14-simposio-psiconauta-utopia-y-ebriedad-relaciones-ancestrales-entre-hongos-y-humanidad-develando-simbiosis-giuliana-furci-en-esp\/\" \/>\n<meta property=\"og:locale\" content=\"en_GB\" \/>\n<meta property=\"og:type\" content=\"article\" \/>\n<meta property=\"og:title\" content=\"14.- Simposio Psicon\u00e1uta: Utop\u00eda y Ebriedad - Relaciones Ancestrales entre Hongos y Humanidad: Develando Simbiosis \u2013 Giuliana Furci (EN\/ESP) - Fundacion Lobeliana\" \/>\n<meta property=\"og:description\" content=\"GIULIANA FURCI CHARLA:\u00a0\u201cRelaciones Ancestrales entre Hongos y Humanidad: Develando Simbiosis \u2013 Giuliana Furci\u201d (Espa\u00f1ol con posibilidad de doblaje en ingl\u00e9s) Se exponen las particularidades biol\u00f3gicas del reino Fungi y su importancia ecol\u00f3gica y para los seres humanos. Se comentan los avances que se han realizado en cuanto a conservaci\u00f3n de hongos, siendo Chile el primer [&hellip;]\" \/>\n<meta property=\"og:url\" content=\"https:\/\/fundacionlobeliana.org\/en\/product\/14-simposio-psiconauta-utopia-y-ebriedad-relaciones-ancestrales-entre-hongos-y-humanidad-develando-simbiosis-giuliana-furci-en-esp\/\" \/>\n<meta property=\"og:site_name\" content=\"Fundacion Lobeliana\" \/>\n<meta property=\"article:modified_time\" content=\"2026-01-28T01:49:32+00:00\" \/>\n<meta property=\"og:image\" content=\"https:\/\/fundacionlobeliana.org\/wp-content\/uploads\/2025\/09\/WhatsApp-Image-2025-05-28-at-16.19.13-1.jpeg\" \/>\n\t<meta property=\"og:image:width\" content=\"1080\" \/>\n\t<meta property=\"og:image:height\" content=\"1080\" \/>\n\t<meta property=\"og:image:type\" content=\"image\/jpeg\" \/>\n<meta name=\"twitter:card\" content=\"summary_large_image\" \/>\n<meta name=\"twitter:label1\" content=\"Estimated reading time\" \/>\n\t<meta name=\"twitter:data1\" content=\"2 minutes\" \/>\n<script type=\"application\/ld+json\" class=\"yoast-schema-graph\">{\"@context\":\"https:\/\/schema.org\",\"@graph\":[{\"@type\":\"WebPage\",\"@id\":\"https:\/\/fundacionlobeliana.org\/producto\/14-simposio-psiconauta-utopia-y-ebriedad-relaciones-ancestrales-entre-hongos-y-humanidad-develando-simbiosis-giuliana-furci-en-esp\/\",\"url\":\"https:\/\/fundacionlobeliana.org\/producto\/14-simposio-psiconauta-utopia-y-ebriedad-relaciones-ancestrales-entre-hongos-y-humanidad-develando-simbiosis-giuliana-furci-en-esp\/\",\"name\":\"14.- Simposio Psicon\u00e1uta: Utop\u00eda y Ebriedad - Relaciones Ancestrales entre Hongos y Humanidad: Develando Simbiosis \u2013 Giuliana Furci (EN\/ESP) - Fundacion Lobeliana\",\"isPartOf\":{\"@id\":\"https:\/\/fundacionlobeliana.org\/#website\"},\"primaryImageOfPage\":{\"@id\":\"https:\/\/fundacionlobeliana.org\/producto\/14-simposio-psiconauta-utopia-y-ebriedad-relaciones-ancestrales-entre-hongos-y-humanidad-develando-simbiosis-giuliana-furci-en-esp\/#primaryimage\"},\"image\":{\"@id\":\"https:\/\/fundacionlobeliana.org\/producto\/14-simposio-psiconauta-utopia-y-ebriedad-relaciones-ancestrales-entre-hongos-y-humanidad-develando-simbiosis-giuliana-furci-en-esp\/#primaryimage\"},\"thumbnailUrl\":\"https:\/\/fundacionlobeliana.org\/wp-content\/uploads\/2025\/09\/WhatsApp-Image-2025-05-28-at-16.19.13-1.jpeg\",\"datePublished\":\"2025-09-04T22:41:32+00:00\",\"dateModified\":\"2026-01-28T01:49:32+00:00\",\"breadcrumb\":{\"@id\":\"https:\/\/fundacionlobeliana.org\/producto\/14-simposio-psiconauta-utopia-y-ebriedad-relaciones-ancestrales-entre-hongos-y-humanidad-develando-simbiosis-giuliana-furci-en-esp\/#breadcrumb\"},\"inLanguage\":\"en-GB\",\"potentialAction\":[{\"@type\":\"ReadAction\",\"target\":[\"https:\/\/fundacionlobeliana.org\/producto\/14-simposio-psiconauta-utopia-y-ebriedad-relaciones-ancestrales-entre-hongos-y-humanidad-develando-simbiosis-giuliana-furci-en-esp\/\"]}]},{\"@type\":\"ImageObject\",\"inLanguage\":\"en-GB\",\"@id\":\"https:\/\/fundacionlobeliana.org\/producto\/14-simposio-psiconauta-utopia-y-ebriedad-relaciones-ancestrales-entre-hongos-y-humanidad-develando-simbiosis-giuliana-furci-en-esp\/#primaryimage\",\"url\":\"https:\/\/fundacionlobeliana.org\/wp-content\/uploads\/2025\/09\/WhatsApp-Image-2025-05-28-at-16.19.13-1.jpeg\",\"contentUrl\":\"https:\/\/fundacionlobeliana.org\/wp-content\/uploads\/2025\/09\/WhatsApp-Image-2025-05-28-at-16.19.13-1.jpeg\",\"width\":1080,\"height\":1080},{\"@type\":\"BreadcrumbList\",\"@id\":\"https:\/\/fundacionlobeliana.org\/producto\/14-simposio-psiconauta-utopia-y-ebriedad-relaciones-ancestrales-entre-hongos-y-humanidad-develando-simbiosis-giuliana-furci-en-esp\/#breadcrumb\",\"itemListElement\":[{\"@type\":\"ListItem\",\"position\":1,\"name\":\"Portada\",\"item\":\"https:\/\/fundacionlobeliana.org\/\"},{\"@type\":\"ListItem\",\"position\":2,\"name\":\"Tienda\",\"item\":\"https:\/\/fundacionlobeliana.org\/tienda\/\"},{\"@type\":\"ListItem\",\"position\":3,\"name\":\"14.- Simposio Psicon\u00e1uta: Utop\u00eda y Ebriedad &#8211; Relaciones Ancestrales entre Hongos y Humanidad: Develando Simbiosis \u2013 Giuliana Furci (EN\/ESP)\"}]},{\"@type\":\"WebSite\",\"@id\":\"https:\/\/fundacionlobeliana.org\/#website\",\"url\":\"https:\/\/fundacionlobeliana.org\/\",\"name\":\"Fundacion Lobeliana\",\"description\":\"Organizaci\u00f3n sin fines de lucro que tiene como misi\u00f3n el rescatar, actualizar, visibilizar y hacer disponible el conocimiento acumulado hasta hoy sobre f\u00e1rmacos naturales y psicoactivos\",\"publisher\":{\"@id\":\"https:\/\/fundacionlobeliana.org\/#organization\"},\"potentialAction\":[{\"@type\":\"SearchAction\",\"target\":{\"@type\":\"EntryPoint\",\"urlTemplate\":\"https:\/\/fundacionlobeliana.org\/?s={search_term_string}\"},\"query-input\":{\"@type\":\"PropertyValueSpecification\",\"valueRequired\":true,\"valueName\":\"search_term_string\"}}],\"inLanguage\":\"en-GB\"},{\"@type\":\"Organization\",\"@id\":\"https:\/\/fundacionlobeliana.org\/#organization\",\"name\":\"Fundacion Lobeliana\",\"url\":\"https:\/\/fundacionlobeliana.org\/\",\"logo\":{\"@type\":\"ImageObject\",\"inLanguage\":\"en-GB\",\"@id\":\"https:\/\/fundacionlobeliana.org\/#\/schema\/logo\/image\/\",\"url\":\"https:\/\/fundacionlobeliana.org\/wp-content\/uploads\/2025\/09\/logo_fundacion_lobeliana-02.png\",\"contentUrl\":\"https:\/\/fundacionlobeliana.org\/wp-content\/uploads\/2025\/09\/logo_fundacion_lobeliana-02.png\",\"width\":571,\"height\":718,\"caption\":\"Fundacion Lobeliana\"},\"image\":{\"@id\":\"https:\/\/fundacionlobeliana.org\/#\/schema\/logo\/image\/\"}}]}<\/script>\n<!-- \/ Yoast SEO plugin. -->","yoast_head_json":{"title":"14.- Simposio Psicon\u00e1uta: Utop\u00eda y Ebriedad - Relaciones Ancestrales entre Hongos y Humanidad: Develando Simbiosis \u2013 Giuliana Furci (EN\/ESP) - Fundacion Lobeliana","robots":{"index":"index","follow":"follow","max-snippet":"max-snippet:-1","max-image-preview":"max-image-preview:large","max-video-preview":"max-video-preview:-1"},"canonical":"https:\/\/fundacionlobeliana.org\/en\/product\/14-simposio-psiconauta-utopia-y-ebriedad-relaciones-ancestrales-entre-hongos-y-humanidad-develando-simbiosis-giuliana-furci-en-esp\/","og_locale":"en_GB","og_type":"article","og_title":"14.- Simposio Psicon\u00e1uta: Utop\u00eda y Ebriedad - Relaciones Ancestrales entre Hongos y Humanidad: Develando Simbiosis \u2013 Giuliana Furci (EN\/ESP) - Fundacion Lobeliana","og_description":"GIULIANA FURCI CHARLA:\u00a0\u201cRelaciones Ancestrales entre Hongos y Humanidad: Develando Simbiosis \u2013 Giuliana Furci\u201d (Espa\u00f1ol con posibilidad de doblaje en ingl\u00e9s) Se exponen las particularidades biol\u00f3gicas del reino Fungi y su importancia ecol\u00f3gica y para los seres humanos. Se comentan los avances que se han realizado en cuanto a conservaci\u00f3n de hongos, siendo Chile el primer [&hellip;]","og_url":"https:\/\/fundacionlobeliana.org\/en\/product\/14-simposio-psiconauta-utopia-y-ebriedad-relaciones-ancestrales-entre-hongos-y-humanidad-develando-simbiosis-giuliana-furci-en-esp\/","og_site_name":"Fundacion Lobeliana","article_modified_time":"2026-01-28T01:49:32+00:00","og_image":[{"width":1080,"height":1080,"url":"https:\/\/fundacionlobeliana.org\/wp-content\/uploads\/2025\/09\/WhatsApp-Image-2025-05-28-at-16.19.13-1.jpeg","type":"image\/jpeg"}],"twitter_card":"summary_large_image","twitter_misc":{"Estimated reading time":"2 minutes"},"schema":{"@context":"https:\/\/schema.org","@graph":[{"@type":"WebPage","@id":"https:\/\/fundacionlobeliana.org\/producto\/14-simposio-psiconauta-utopia-y-ebriedad-relaciones-ancestrales-entre-hongos-y-humanidad-develando-simbiosis-giuliana-furci-en-esp\/","url":"https:\/\/fundacionlobeliana.org\/producto\/14-simposio-psiconauta-utopia-y-ebriedad-relaciones-ancestrales-entre-hongos-y-humanidad-develando-simbiosis-giuliana-furci-en-esp\/","name":"14.- Simposio Psicon\u00e1uta: Utop\u00eda y Ebriedad - Relaciones Ancestrales entre Hongos y Humanidad: Develando Simbiosis \u2013 Giuliana Furci (EN\/ESP) - Fundacion Lobeliana","isPartOf":{"@id":"https:\/\/fundacionlobeliana.org\/#website"},"primaryImageOfPage":{"@id":"https:\/\/fundacionlobeliana.org\/producto\/14-simposio-psiconauta-utopia-y-ebriedad-relaciones-ancestrales-entre-hongos-y-humanidad-develando-simbiosis-giuliana-furci-en-esp\/#primaryimage"},"image":{"@id":"https:\/\/fundacionlobeliana.org\/producto\/14-simposio-psiconauta-utopia-y-ebriedad-relaciones-ancestrales-entre-hongos-y-humanidad-develando-simbiosis-giuliana-furci-en-esp\/#primaryimage"},"thumbnailUrl":"https:\/\/fundacionlobeliana.org\/wp-content\/uploads\/2025\/09\/WhatsApp-Image-2025-05-28-at-16.19.13-1.jpeg","datePublished":"2025-09-04T22:41:32+00:00","dateModified":"2026-01-28T01:49:32+00:00","breadcrumb":{"@id":"https:\/\/fundacionlobeliana.org\/producto\/14-simposio-psiconauta-utopia-y-ebriedad-relaciones-ancestrales-entre-hongos-y-humanidad-develando-simbiosis-giuliana-furci-en-esp\/#breadcrumb"},"inLanguage":"en-GB","potentialAction":[{"@type":"ReadAction","target":["https:\/\/fundacionlobeliana.org\/producto\/14-simposio-psiconauta-utopia-y-ebriedad-relaciones-ancestrales-entre-hongos-y-humanidad-develando-simbiosis-giuliana-furci-en-esp\/"]}]},{"@type":"ImageObject","inLanguage":"en-GB","@id":"https:\/\/fundacionlobeliana.org\/producto\/14-simposio-psiconauta-utopia-y-ebriedad-relaciones-ancestrales-entre-hongos-y-humanidad-develando-simbiosis-giuliana-furci-en-esp\/#primaryimage","url":"https:\/\/fundacionlobeliana.org\/wp-content\/uploads\/2025\/09\/WhatsApp-Image-2025-05-28-at-16.19.13-1.jpeg","contentUrl":"https:\/\/fundacionlobeliana.org\/wp-content\/uploads\/2025\/09\/WhatsApp-Image-2025-05-28-at-16.19.13-1.jpeg","width":1080,"height":1080},{"@type":"BreadcrumbList","@id":"https:\/\/fundacionlobeliana.org\/producto\/14-simposio-psiconauta-utopia-y-ebriedad-relaciones-ancestrales-entre-hongos-y-humanidad-develando-simbiosis-giuliana-furci-en-esp\/#breadcrumb","itemListElement":[{"@type":"ListItem","position":1,"name":"Portada","item":"https:\/\/fundacionlobeliana.org\/"},{"@type":"ListItem","position":2,"name":"Tienda","item":"https:\/\/fundacionlobeliana.org\/tienda\/"},{"@type":"ListItem","position":3,"name":"14.- Simposio Psicon\u00e1uta: Utop\u00eda y Ebriedad &#8211; Relaciones Ancestrales entre Hongos y Humanidad: Develando Simbiosis \u2013 Giuliana Furci (EN\/ESP)"}]},{"@type":"WebSite","@id":"https:\/\/fundacionlobeliana.org\/#website","url":"https:\/\/fundacionlobeliana.org\/","name":"Fundacion Lobeliana","description":"Organizaci\u00f3n sin fines de lucro que tiene como misi\u00f3n el rescatar, actualizar, visibilizar y hacer disponible el conocimiento acumulado hasta hoy sobre f\u00e1rmacos naturales y psicoactivos","publisher":{"@id":"https:\/\/fundacionlobeliana.org\/#organization"},"potentialAction":[{"@type":"SearchAction","target":{"@type":"EntryPoint","urlTemplate":"https:\/\/fundacionlobeliana.org\/?s={search_term_string}"},"query-input":{"@type":"PropertyValueSpecification","valueRequired":true,"valueName":"search_term_string"}}],"inLanguage":"en-GB"},{"@type":"Organization","@id":"https:\/\/fundacionlobeliana.org\/#organization","name":"Fundacion Lobeliana","url":"https:\/\/fundacionlobeliana.org\/","logo":{"@type":"ImageObject","inLanguage":"en-GB","@id":"https:\/\/fundacionlobeliana.org\/#\/schema\/logo\/image\/","url":"https:\/\/fundacionlobeliana.org\/wp-content\/uploads\/2025\/09\/logo_fundacion_lobeliana-02.png","contentUrl":"https:\/\/fundacionlobeliana.org\/wp-content\/uploads\/2025\/09\/logo_fundacion_lobeliana-02.png","width":571,"height":718,"caption":"Fundacion Lobeliana"},"image":{"@id":"https:\/\/fundacionlobeliana.org\/#\/schema\/logo\/image\/"}}]}},"_links":{"self":[{"href":"https:\/\/fundacionlobeliana.org\/en\/wp-json\/wp\/v2\/product\/34","targetHints":{"allow":["GET"]}}],"collection":[{"href":"https:\/\/fundacionlobeliana.org\/en\/wp-json\/wp\/v2\/product"}],"about":[{"href":"https:\/\/fundacionlobeliana.org\/en\/wp-json\/wp\/v2\/types\/product"}],"replies":[{"embeddable":true,"href":"https:\/\/fundacionlobeliana.org\/en\/wp-json\/wp\/v2\/comments?post=34"}],"wp:featuredmedia":[{"embeddable":true,"href":"https:\/\/fundacionlobeliana.org\/en\/wp-json\/wp\/v2\/media\/64"}],"wp:attachment":[{"href":"https:\/\/fundacionlobeliana.org\/en\/wp-json\/wp\/v2\/media?parent=34"}],"wp:term":[{"taxonomy":"product_brand","embeddable":true,"href":"https:\/\/fundacionlobeliana.org\/en\/wp-json\/wp\/v2\/product_brand?post=34"},{"taxonomy":"product_cat","embeddable":true,"href":"https:\/\/fundacionlobeliana.org\/en\/wp-json\/wp\/v2\/product_cat?post=34"},{"taxonomy":"product_tag","embeddable":true,"href":"https:\/\/fundacionlobeliana.org\/en\/wp-json\/wp\/v2\/product_tag?post=34"}],"curies":[{"name":"wp","href":"https:\/\/api.w.org\/{rel}","templated":true}]}}