{"id":35,"date":"2025-09-04T22:41:32","date_gmt":"2025-09-04T22:41:32","guid":{"rendered":"https:\/\/fundacionlobeliana.org\/?post_type=product&#038;p=35"},"modified":"2026-01-28T01:49:32","modified_gmt":"2026-01-28T01:49:32","slug":"simposio-psiconauta-2023-utopia-y-ebriedad-completo-1-14-en-esp","status":"publish","type":"product","link":"https:\/\/fundacionlobeliana.org\/en\/product\/simposio-psiconauta-2023-utopia-y-ebriedad-completo-1-14-en-esp\/","title":{"rendered":"Simposio Psicon\u00e1uta 2023: Utop\u00eda y Ebriedad &#8211; \u00abCompleto 1 &#8211; 14\u00bb (EN\/ESP)"},"content":{"rendered":"<p><b>PRIMER SIMPOSIO PSICONAUTA: UTOP\u00cdA Y EBRIEDAD<\/b><b><br \/>\n<\/b><\/p>\n<p><span style=\"font-weight: 400;\">El \u201cPrimer Simposio Psicon\u00e1uta: Utop\u00eda y Ebriedad\u201d fue un encuentro que se realiz\u00f3 del 11 al 16 de Diciembre del a\u00f1o 2023 en Conguill\u00edo, Chile. Surgi\u00f3 a partir de una iniciativa de Fundaci\u00f3n Lobeliana junto al investigador Manuel Constantino Torres, apoyado por los investigadores Giuliana Furci y Jonathan Ott, con el objetivo de reunir a investigadores de larga trayectoria, estudiosos contempor\u00e1neos y representantes locales del mundo cham\u00e1nico (pueblos originarios) dedicados el estudio, pr\u00e1ctica y comprensi\u00f3n de la psicon\u00e1utica, el chamanismo, los psicof\u00e1rmacos y el \u00e9xtasis, desde sus m\u00faltiples facetas. El prop\u00f3sito fue crear una atm\u00f3sfera de intercambio entre investigadores latinoamericanos y sus equivalentes en Europa, Estados Unidos, Reino Unido, \u00c1frica y Australia, y abordar tem\u00e1ticas que ayuden a comprender las posibilidades de aplicar las t\u00e9cnicas cham\u00e1nicas y el uso de psicof\u00e1rmacos a la vida contempor\u00e1nea en la sociedad occidental.\u00a0<\/span><\/p>\n<p><span style=\"font-weight: 400;\">Los invitados al simposio pertenecen a un ambiente multidisciplinario, procedentes de la antropolog\u00eda, arqueolog\u00eda, qu\u00edmica, etnobot\u00e1nica, arte e historia del arte, m\u00fasica, danza y otros. De este modo, pudimos investigar la psicon\u00e1utica y el chamanismo no como fen\u00f3menos separados y distintos, sino como fen\u00f3menos unificadores que se deben considerar en funci\u00f3n de las necesidades y circunstancias espec\u00edficas que dieron lugar a su formaci\u00f3n y desde el punto de vista contempor\u00e1neo, tal vez privilegiado, que nos hace posible contemplar la totalidad y diversidad de expresiones cham\u00e1nicas.<\/span><\/p>\n<p><span style=\"font-weight: 400;\">El conocimiento \u00edntimo de un individuo acerca de s\u00ed mismo, de su comunidad, de su\u00a0espacio vital, es probablemente la lecci\u00f3n m\u00e1s relevante que podemos extraer de una investigaci\u00f3n multidisciplinaria sobre este tema.<\/span><\/p>\n<p><span style=\"font-weight: 400;\">Desde el punto de vista de las ideolog\u00edas cham\u00e1nicas podemos aprender c\u00f3mo desarrollar un conocimiento \u00edntimo de nuestro entorno inmediato como una entidad llena de patrones con los que nos podemos familiarizar, y frente a la reapertura del trabajo con psicoactivos, incorporar pr\u00e1cticas conscientes de navegar lo desconocido que aparece al traspasar el\u00a0<\/span><i><span style=\"font-weight: 400;\">\u201cvelo\u201d<\/span><\/i><span style=\"font-weight: 400;\">\u00a0de lo comprendido como real mediante el umbral de lo ext\u00e1tico. Tales conocimientos traen consigo y demuestran la interconexi\u00f3n de todos los elementos que lo componen. Las culturas ind\u00edgenas de todo el mundo, a lo largo de los siglos han desarrollado inteligentemente conceptos de lo que es apropiado para ellos y su entorno en un momento dado.\u00a0<\/span><\/p>\n<p><span style=\"font-weight: 400;\">Este simposio nos permiti\u00f3 indagar en nuestras tradiciones globales, en qu\u00e9 estrategias seguir para determinar qu\u00e9 es apropiado para nuestro tiempo y lugar, y no la simple imitaci\u00f3n de culturas ind\u00edgenas. Tanto las tecnolog\u00edas cham\u00e1nicas como las manifestaciones occidentales pueden contribuir a responder estas preguntas sobre nuestra propia cultura, qu\u00e9 aspectos del chamanismo, la psicon\u00e1utica, los psicof\u00e1rmacos y el \u00e9xtasis podr\u00edan aplicarse a nuestra vida actual, con comunicaci\u00f3n inmediata, capaz de recuperar instant\u00e1neamente todo tipo de informaci\u00f3n y la oportunidad de moverse a trav\u00e9s del planeta en unas pocas horas.<\/span><\/p>","protected":false},"excerpt":{"rendered":"<p>PRIMER SIMPOSIO PSICONAUTA: UTOP\u00cdA Y EBRIEDAD El \u201cPrimer Simposio Psicon\u00e1uta: Utop\u00eda y Ebriedad\u201d fue un encuentro que se realiz\u00f3 del 11 al 16 de Diciembre del a\u00f1o 2023 en Conguill\u00edo, Chile. Surgi\u00f3 a partir de una iniciativa de Fundaci\u00f3n Lobeliana junto al investigador Manuel Constantino Torres, apoyado por los investigadores Giuliana Furci y Jonathan Ott, [&hellip;]<\/p>","protected":false},"featured_media":65,"comment_status":"closed","ping_status":"closed","template":"","meta":[],"product_brand":[],"product_cat":[16,27],"product_tag":[],"class_list":{"0":"post-35","1":"product","2":"type-product","3":"status-publish","4":"has-post-thumbnail","6":"product_cat-on-demand","7":"product_cat-simposios","9":"first","10":"instock","11":"sale","12":"virtual","13":"sold-individually","14":"purchasable","15":"product-type-simple"},"yoast_head":"<!-- This site is optimized with the Yoast SEO plugin v27.2 - https:\/\/yoast.com\/product\/yoast-seo-wordpress\/ -->\n<title>Simposio Psicon\u00e1uta 2023: Utop\u00eda y Ebriedad - &quot;Completo 1 - 14&quot; (EN\/ESP) - Fundacion Lobeliana<\/title>\n<meta name=\"robots\" content=\"index, follow, max-snippet:-1, max-image-preview:large, max-video-preview:-1\" \/>\n<link rel=\"canonical\" href=\"https:\/\/fundacionlobeliana.org\/en\/product\/simposio-psiconauta-2023-utopia-y-ebriedad-completo-1-14-en-esp\/\" \/>\n<meta property=\"og:locale\" content=\"en_GB\" \/>\n<meta property=\"og:type\" content=\"article\" \/>\n<meta property=\"og:title\" content=\"Simposio Psicon\u00e1uta 2023: Utop\u00eda y Ebriedad - &quot;Completo 1 - 14&quot; (EN\/ESP) - Fundacion Lobeliana\" \/>\n<meta property=\"og:description\" content=\"PRIMER SIMPOSIO PSICONAUTA: UTOP\u00cdA Y EBRIEDAD El \u201cPrimer Simposio Psicon\u00e1uta: Utop\u00eda y Ebriedad\u201d fue un encuentro que se realiz\u00f3 del 11 al 16 de Diciembre del a\u00f1o 2023 en Conguill\u00edo, Chile. Surgi\u00f3 a partir de una iniciativa de Fundaci\u00f3n Lobeliana junto al investigador Manuel Constantino Torres, apoyado por los investigadores Giuliana Furci y Jonathan Ott, [&hellip;]\" \/>\n<meta property=\"og:url\" content=\"https:\/\/fundacionlobeliana.org\/en\/product\/simposio-psiconauta-2023-utopia-y-ebriedad-completo-1-14-en-esp\/\" \/>\n<meta property=\"og:site_name\" content=\"Fundacion Lobeliana\" \/>\n<meta property=\"article:modified_time\" content=\"2026-01-28T01:49:32+00:00\" \/>\n<meta property=\"og:image\" content=\"https:\/\/fundacionlobeliana.org\/wp-content\/uploads\/2025\/09\/Portada-simposio-psiconauta-Post-de-Instagram.png\" \/>\n\t<meta property=\"og:image:width\" content=\"1080\" \/>\n\t<meta property=\"og:image:height\" content=\"1080\" \/>\n\t<meta property=\"og:image:type\" content=\"image\/png\" \/>\n<meta name=\"twitter:card\" content=\"summary_large_image\" \/>\n<meta name=\"twitter:label1\" content=\"Estimated reading time\" \/>\n\t<meta name=\"twitter:data1\" content=\"3 minutes\" \/>\n<script type=\"application\/ld+json\" class=\"yoast-schema-graph\">{\"@context\":\"https:\/\/schema.org\",\"@graph\":[{\"@type\":\"WebPage\",\"@id\":\"https:\/\/fundacionlobeliana.org\/producto\/simposio-psiconauta-2023-utopia-y-ebriedad-completo-1-14-en-esp\/\",\"url\":\"https:\/\/fundacionlobeliana.org\/producto\/simposio-psiconauta-2023-utopia-y-ebriedad-completo-1-14-en-esp\/\",\"name\":\"Simposio Psicon\u00e1uta 2023: Utop\u00eda y Ebriedad - \\\"Completo 1 - 14\\\" (EN\/ESP) - Fundacion Lobeliana\",\"isPartOf\":{\"@id\":\"https:\/\/fundacionlobeliana.org\/#website\"},\"primaryImageOfPage\":{\"@id\":\"https:\/\/fundacionlobeliana.org\/producto\/simposio-psiconauta-2023-utopia-y-ebriedad-completo-1-14-en-esp\/#primaryimage\"},\"image\":{\"@id\":\"https:\/\/fundacionlobeliana.org\/producto\/simposio-psiconauta-2023-utopia-y-ebriedad-completo-1-14-en-esp\/#primaryimage\"},\"thumbnailUrl\":\"https:\/\/fundacionlobeliana.org\/wp-content\/uploads\/2025\/09\/Portada-simposio-psiconauta-Post-de-Instagram.png\",\"datePublished\":\"2025-09-04T22:41:32+00:00\",\"dateModified\":\"2026-01-28T01:49:32+00:00\",\"breadcrumb\":{\"@id\":\"https:\/\/fundacionlobeliana.org\/producto\/simposio-psiconauta-2023-utopia-y-ebriedad-completo-1-14-en-esp\/#breadcrumb\"},\"inLanguage\":\"en-GB\",\"potentialAction\":[{\"@type\":\"ReadAction\",\"target\":[\"https:\/\/fundacionlobeliana.org\/producto\/simposio-psiconauta-2023-utopia-y-ebriedad-completo-1-14-en-esp\/\"]}]},{\"@type\":\"ImageObject\",\"inLanguage\":\"en-GB\",\"@id\":\"https:\/\/fundacionlobeliana.org\/producto\/simposio-psiconauta-2023-utopia-y-ebriedad-completo-1-14-en-esp\/#primaryimage\",\"url\":\"https:\/\/fundacionlobeliana.org\/wp-content\/uploads\/2025\/09\/Portada-simposio-psiconauta-Post-de-Instagram.png\",\"contentUrl\":\"https:\/\/fundacionlobeliana.org\/wp-content\/uploads\/2025\/09\/Portada-simposio-psiconauta-Post-de-Instagram.png\",\"width\":1080,\"height\":1080},{\"@type\":\"BreadcrumbList\",\"@id\":\"https:\/\/fundacionlobeliana.org\/producto\/simposio-psiconauta-2023-utopia-y-ebriedad-completo-1-14-en-esp\/#breadcrumb\",\"itemListElement\":[{\"@type\":\"ListItem\",\"position\":1,\"name\":\"Portada\",\"item\":\"https:\/\/fundacionlobeliana.org\/\"},{\"@type\":\"ListItem\",\"position\":2,\"name\":\"Tienda\",\"item\":\"https:\/\/fundacionlobeliana.org\/tienda\/\"},{\"@type\":\"ListItem\",\"position\":3,\"name\":\"Simposio Psicon\u00e1uta 2023: Utop\u00eda y Ebriedad &#8211; \u00abCompleto 1 &#8211; 14\u00bb (EN\/ESP)\"}]},{\"@type\":\"WebSite\",\"@id\":\"https:\/\/fundacionlobeliana.org\/#website\",\"url\":\"https:\/\/fundacionlobeliana.org\/\",\"name\":\"Fundacion Lobeliana\",\"description\":\"Organizaci\u00f3n sin fines de lucro que tiene como misi\u00f3n el rescatar, actualizar, visibilizar y hacer disponible el conocimiento acumulado hasta hoy sobre f\u00e1rmacos naturales y psicoactivos\",\"publisher\":{\"@id\":\"https:\/\/fundacionlobeliana.org\/#organization\"},\"potentialAction\":[{\"@type\":\"SearchAction\",\"target\":{\"@type\":\"EntryPoint\",\"urlTemplate\":\"https:\/\/fundacionlobeliana.org\/?s={search_term_string}\"},\"query-input\":{\"@type\":\"PropertyValueSpecification\",\"valueRequired\":true,\"valueName\":\"search_term_string\"}}],\"inLanguage\":\"en-GB\"},{\"@type\":\"Organization\",\"@id\":\"https:\/\/fundacionlobeliana.org\/#organization\",\"name\":\"Fundacion Lobeliana\",\"url\":\"https:\/\/fundacionlobeliana.org\/\",\"logo\":{\"@type\":\"ImageObject\",\"inLanguage\":\"en-GB\",\"@id\":\"https:\/\/fundacionlobeliana.org\/#\/schema\/logo\/image\/\",\"url\":\"https:\/\/fundacionlobeliana.org\/wp-content\/uploads\/2025\/09\/logo_fundacion_lobeliana-02.png\",\"contentUrl\":\"https:\/\/fundacionlobeliana.org\/wp-content\/uploads\/2025\/09\/logo_fundacion_lobeliana-02.png\",\"width\":571,\"height\":718,\"caption\":\"Fundacion Lobeliana\"},\"image\":{\"@id\":\"https:\/\/fundacionlobeliana.org\/#\/schema\/logo\/image\/\"}}]}<\/script>\n<!-- \/ Yoast SEO plugin. -->","yoast_head_json":{"title":"Simposio Psicon\u00e1uta 2023: Utop\u00eda y Ebriedad - \"Completo 1 - 14\" (EN\/ESP) - Fundacion Lobeliana","robots":{"index":"index","follow":"follow","max-snippet":"max-snippet:-1","max-image-preview":"max-image-preview:large","max-video-preview":"max-video-preview:-1"},"canonical":"https:\/\/fundacionlobeliana.org\/en\/product\/simposio-psiconauta-2023-utopia-y-ebriedad-completo-1-14-en-esp\/","og_locale":"en_GB","og_type":"article","og_title":"Simposio Psicon\u00e1uta 2023: Utop\u00eda y Ebriedad - \"Completo 1 - 14\" (EN\/ESP) - Fundacion Lobeliana","og_description":"PRIMER SIMPOSIO PSICONAUTA: UTOP\u00cdA Y EBRIEDAD El \u201cPrimer Simposio Psicon\u00e1uta: Utop\u00eda y Ebriedad\u201d fue un encuentro que se realiz\u00f3 del 11 al 16 de Diciembre del a\u00f1o 2023 en Conguill\u00edo, Chile. Surgi\u00f3 a partir de una iniciativa de Fundaci\u00f3n Lobeliana junto al investigador Manuel Constantino Torres, apoyado por los investigadores Giuliana Furci y Jonathan Ott, [&hellip;]","og_url":"https:\/\/fundacionlobeliana.org\/en\/product\/simposio-psiconauta-2023-utopia-y-ebriedad-completo-1-14-en-esp\/","og_site_name":"Fundacion Lobeliana","article_modified_time":"2026-01-28T01:49:32+00:00","og_image":[{"width":1080,"height":1080,"url":"https:\/\/fundacionlobeliana.org\/wp-content\/uploads\/2025\/09\/Portada-simposio-psiconauta-Post-de-Instagram.png","type":"image\/png"}],"twitter_card":"summary_large_image","twitter_misc":{"Estimated reading time":"3 minutes"},"schema":{"@context":"https:\/\/schema.org","@graph":[{"@type":"WebPage","@id":"https:\/\/fundacionlobeliana.org\/producto\/simposio-psiconauta-2023-utopia-y-ebriedad-completo-1-14-en-esp\/","url":"https:\/\/fundacionlobeliana.org\/producto\/simposio-psiconauta-2023-utopia-y-ebriedad-completo-1-14-en-esp\/","name":"Simposio Psicon\u00e1uta 2023: Utop\u00eda y Ebriedad - \"Completo 1 - 14\" (EN\/ESP) - Fundacion Lobeliana","isPartOf":{"@id":"https:\/\/fundacionlobeliana.org\/#website"},"primaryImageOfPage":{"@id":"https:\/\/fundacionlobeliana.org\/producto\/simposio-psiconauta-2023-utopia-y-ebriedad-completo-1-14-en-esp\/#primaryimage"},"image":{"@id":"https:\/\/fundacionlobeliana.org\/producto\/simposio-psiconauta-2023-utopia-y-ebriedad-completo-1-14-en-esp\/#primaryimage"},"thumbnailUrl":"https:\/\/fundacionlobeliana.org\/wp-content\/uploads\/2025\/09\/Portada-simposio-psiconauta-Post-de-Instagram.png","datePublished":"2025-09-04T22:41:32+00:00","dateModified":"2026-01-28T01:49:32+00:00","breadcrumb":{"@id":"https:\/\/fundacionlobeliana.org\/producto\/simposio-psiconauta-2023-utopia-y-ebriedad-completo-1-14-en-esp\/#breadcrumb"},"inLanguage":"en-GB","potentialAction":[{"@type":"ReadAction","target":["https:\/\/fundacionlobeliana.org\/producto\/simposio-psiconauta-2023-utopia-y-ebriedad-completo-1-14-en-esp\/"]}]},{"@type":"ImageObject","inLanguage":"en-GB","@id":"https:\/\/fundacionlobeliana.org\/producto\/simposio-psiconauta-2023-utopia-y-ebriedad-completo-1-14-en-esp\/#primaryimage","url":"https:\/\/fundacionlobeliana.org\/wp-content\/uploads\/2025\/09\/Portada-simposio-psiconauta-Post-de-Instagram.png","contentUrl":"https:\/\/fundacionlobeliana.org\/wp-content\/uploads\/2025\/09\/Portada-simposio-psiconauta-Post-de-Instagram.png","width":1080,"height":1080},{"@type":"BreadcrumbList","@id":"https:\/\/fundacionlobeliana.org\/producto\/simposio-psiconauta-2023-utopia-y-ebriedad-completo-1-14-en-esp\/#breadcrumb","itemListElement":[{"@type":"ListItem","position":1,"name":"Portada","item":"https:\/\/fundacionlobeliana.org\/"},{"@type":"ListItem","position":2,"name":"Tienda","item":"https:\/\/fundacionlobeliana.org\/tienda\/"},{"@type":"ListItem","position":3,"name":"Simposio Psicon\u00e1uta 2023: Utop\u00eda y Ebriedad &#8211; \u00abCompleto 1 &#8211; 14\u00bb (EN\/ESP)"}]},{"@type":"WebSite","@id":"https:\/\/fundacionlobeliana.org\/#website","url":"https:\/\/fundacionlobeliana.org\/","name":"Fundacion Lobeliana","description":"Organizaci\u00f3n sin fines de lucro que tiene como misi\u00f3n el rescatar, actualizar, visibilizar y hacer disponible el conocimiento acumulado hasta hoy sobre f\u00e1rmacos naturales y psicoactivos","publisher":{"@id":"https:\/\/fundacionlobeliana.org\/#organization"},"potentialAction":[{"@type":"SearchAction","target":{"@type":"EntryPoint","urlTemplate":"https:\/\/fundacionlobeliana.org\/?s={search_term_string}"},"query-input":{"@type":"PropertyValueSpecification","valueRequired":true,"valueName":"search_term_string"}}],"inLanguage":"en-GB"},{"@type":"Organization","@id":"https:\/\/fundacionlobeliana.org\/#organization","name":"Fundacion Lobeliana","url":"https:\/\/fundacionlobeliana.org\/","logo":{"@type":"ImageObject","inLanguage":"en-GB","@id":"https:\/\/fundacionlobeliana.org\/#\/schema\/logo\/image\/","url":"https:\/\/fundacionlobeliana.org\/wp-content\/uploads\/2025\/09\/logo_fundacion_lobeliana-02.png","contentUrl":"https:\/\/fundacionlobeliana.org\/wp-content\/uploads\/2025\/09\/logo_fundacion_lobeliana-02.png","width":571,"height":718,"caption":"Fundacion Lobeliana"},"image":{"@id":"https:\/\/fundacionlobeliana.org\/#\/schema\/logo\/image\/"}}]}},"_links":{"self":[{"href":"https:\/\/fundacionlobeliana.org\/en\/wp-json\/wp\/v2\/product\/35","targetHints":{"allow":["GET"]}}],"collection":[{"href":"https:\/\/fundacionlobeliana.org\/en\/wp-json\/wp\/v2\/product"}],"about":[{"href":"https:\/\/fundacionlobeliana.org\/en\/wp-json\/wp\/v2\/types\/product"}],"replies":[{"embeddable":true,"href":"https:\/\/fundacionlobeliana.org\/en\/wp-json\/wp\/v2\/comments?post=35"}],"wp:featuredmedia":[{"embeddable":true,"href":"https:\/\/fundacionlobeliana.org\/en\/wp-json\/wp\/v2\/media\/65"}],"wp:attachment":[{"href":"https:\/\/fundacionlobeliana.org\/en\/wp-json\/wp\/v2\/media?parent=35"}],"wp:term":[{"taxonomy":"product_brand","embeddable":true,"href":"https:\/\/fundacionlobeliana.org\/en\/wp-json\/wp\/v2\/product_brand?post=35"},{"taxonomy":"product_cat","embeddable":true,"href":"https:\/\/fundacionlobeliana.org\/en\/wp-json\/wp\/v2\/product_cat?post=35"},{"taxonomy":"product_tag","embeddable":true,"href":"https:\/\/fundacionlobeliana.org\/en\/wp-json\/wp\/v2\/product_tag?post=35"}],"curies":[{"name":"wp","href":"https:\/\/api.w.org\/{rel}","templated":true}]}}