{"id":38,"date":"2025-09-04T22:41:33","date_gmt":"2025-09-04T22:41:33","guid":{"rendered":"https:\/\/fundacionlobeliana.org\/?post_type=product&#038;p=38"},"modified":"2026-01-09T01:21:31","modified_gmt":"2026-01-09T01:21:31","slug":"clase-3-seminario-historia-de-las-drogas-historia-de-la-ayahuasca-luis-eduardo-luna","status":"publish","type":"product","link":"https:\/\/fundacionlobeliana.org\/en\/product\/clase-3-seminario-historia-de-las-drogas-historia-de-la-ayahuasca-luis-eduardo-luna\/","title":{"rendered":"Class 3.- Seminar \u201cHistory of Drugs\u201d: History of Ayahuasca \u2013 Luis Eduardo Luna"},"content":{"rendered":"<p>Luis Eduardo Luna.<\/p>\n<p class=\"translation-block\">He was born in Florencia, in the Colombian Amazon region (1947). He studied Philosophy and Letters at the Complutense University of Madrid, and obtained an interdisciplinary master's degree while teaching Spanish and Latin American literature in the Department of Romance Languages \u200b\u200bat the University of Oslo. He is a former full professor at the Swedish School of Economics, Helsinki, Finland, from which he retired in 2011, and a former professor of Anthropology at the Federal University of Santa Catarina, Brazil (1994-1998). He received a doctorate from the Institute of Comparative Religion at the University of Stockholm (1989) and an honorary doctorate from St. Lawrence University, Canton, New York (2000). Luna is a Guggenheim Fellow and a member of the Linnaean Society of London. He is the author of <br>\nVegetalismo: Shamanism among the Mestizo Population of the Peruvian Amazon (1986), and with <br>\nPablo Amaringo of Ayahuasca Visions: The Religion Iconography of a Peruvian Shaman (1991).<br>\nHe is co-editor with Steven F. White of <br>Ayahuasca Reader: Encounters with the Amazon's Sacred Vine<\/br> (2000, with a new revised edition in 2016), and co-author with Rick Strassman, Slawek Wojtowicz, and Ede Frecska of <br>\nInner Paths to Outer Space: Journeys Through Psychedelics and Other Spiritual Technologies.<\/p>\n<p class=\"translation-block\">In 1986, he co-founded the Usko-Ayar Amazonian School of Painting in Pucallpa, Peru, with Pablo Amaringo, where he served as Director of International Exhibitions until 1994. He has lectured on Amazonian shamanism and altered states of consciousness worldwide and has curated visionary art exhibitions in several countries. He is an honorary research fellow at the University of Exeter, UK. Luis Eduardo Luna is the Director of Wasiwaska.<\/p>","protected":false},"excerpt":{"rendered":"<p>Luis Eduardo Luna. Naci\u00f3 en Florencia, en la regi\u00f3n amaz\u00f3nica colombiana (1947). Estudi\u00f3 Filosof\u00eda y Letras en la Universidad Complutense de Madrid, obtuvo una maestr\u00eda interdisciplinaria mientras ense\u00f1aba literatura espa\u00f1ola y latinoamericana en el Departamento de Lenguas Rom\u00e1nicas de la Universidad de Oslo. Es ex profesor titular de la Escuela Sueca de Econom\u00eda, Helsinki, Finlandia, [&hellip;]<\/p>","protected":false},"featured_media":73,"comment_status":"closed","ping_status":"closed","template":"","meta":[],"product_brand":[],"product_cat":[16,26],"product_tag":[],"class_list":{"0":"post-38","1":"product","2":"type-product","3":"status-publish","4":"has-post-thumbnail","6":"product_cat-on-demand","7":"product_cat-seminarios","9":"first","10":"instock","11":"sale","12":"virtual","13":"sold-individually","14":"purchasable","15":"product-type-simple"},"yoast_head":"<!-- This site is optimized with the Yoast SEO plugin v27.2 - https:\/\/yoast.com\/product\/yoast-seo-wordpress\/ -->\n<title>Clase 3.- Seminario \u201cHistoria de las Drogas\u201d: Historia de la Ayahuasca \u2013 Luis Eduardo Luna - Fundacion Lobeliana<\/title>\n<meta name=\"robots\" content=\"index, follow, max-snippet:-1, max-image-preview:large, max-video-preview:-1\" \/>\n<link rel=\"canonical\" href=\"https:\/\/fundacionlobeliana.org\/en\/product\/clase-3-seminario-historia-de-las-drogas-historia-de-la-ayahuasca-luis-eduardo-luna\/\" \/>\n<meta property=\"og:locale\" content=\"en_GB\" \/>\n<meta property=\"og:type\" content=\"article\" \/>\n<meta property=\"og:title\" content=\"Clase 3.- Seminario \u201cHistoria de las Drogas\u201d: Historia de la Ayahuasca \u2013 Luis Eduardo Luna - Fundacion Lobeliana\" \/>\n<meta property=\"og:description\" content=\"Luis Eduardo Luna. Naci\u00f3 en Florencia, en la regi\u00f3n amaz\u00f3nica colombiana (1947). Estudi\u00f3 Filosof\u00eda y Letras en la Universidad Complutense de Madrid, obtuvo una maestr\u00eda interdisciplinaria mientras ense\u00f1aba literatura espa\u00f1ola y latinoamericana en el Departamento de Lenguas Rom\u00e1nicas de la Universidad de Oslo. Es ex profesor titular de la Escuela Sueca de Econom\u00eda, Helsinki, Finlandia, [&hellip;]\" \/>\n<meta property=\"og:url\" content=\"https:\/\/fundacionlobeliana.org\/en\/product\/clase-3-seminario-historia-de-las-drogas-historia-de-la-ayahuasca-luis-eduardo-luna\/\" \/>\n<meta property=\"og:site_name\" content=\"Fundacion Lobeliana\" \/>\n<meta property=\"article:modified_time\" content=\"2026-01-09T01:21:31+00:00\" \/>\n<meta property=\"og:image\" content=\"https:\/\/fundacionlobeliana.org\/wp-content\/uploads\/2025\/09\/n03-Ayahuasca.jpg\" \/>\n\t<meta property=\"og:image:width\" content=\"1920\" \/>\n\t<meta property=\"og:image:height\" content=\"1920\" \/>\n\t<meta property=\"og:image:type\" content=\"image\/jpeg\" \/>\n<meta name=\"twitter:card\" content=\"summary_large_image\" \/>\n<meta name=\"twitter:label1\" content=\"Estimated reading time\" \/>\n\t<meta name=\"twitter:data1\" content=\"1 minute\" \/>\n<script type=\"application\/ld+json\" class=\"yoast-schema-graph\">{\"@context\":\"https:\/\/schema.org\",\"@graph\":[{\"@type\":\"WebPage\",\"@id\":\"https:\/\/fundacionlobeliana.org\/producto\/clase-3-seminario-historia-de-las-drogas-historia-de-la-ayahuasca-luis-eduardo-luna\/\",\"url\":\"https:\/\/fundacionlobeliana.org\/producto\/clase-3-seminario-historia-de-las-drogas-historia-de-la-ayahuasca-luis-eduardo-luna\/\",\"name\":\"Clase 3.- Seminario \u201cHistoria de las Drogas\u201d: Historia de la Ayahuasca \u2013 Luis Eduardo Luna - Fundacion Lobeliana\",\"isPartOf\":{\"@id\":\"https:\/\/fundacionlobeliana.org\/#website\"},\"primaryImageOfPage\":{\"@id\":\"https:\/\/fundacionlobeliana.org\/producto\/clase-3-seminario-historia-de-las-drogas-historia-de-la-ayahuasca-luis-eduardo-luna\/#primaryimage\"},\"image\":{\"@id\":\"https:\/\/fundacionlobeliana.org\/producto\/clase-3-seminario-historia-de-las-drogas-historia-de-la-ayahuasca-luis-eduardo-luna\/#primaryimage\"},\"thumbnailUrl\":\"https:\/\/fundacionlobeliana.org\/wp-content\/uploads\/2025\/09\/n03-Ayahuasca.jpg\",\"datePublished\":\"2025-09-04T22:41:33+00:00\",\"dateModified\":\"2026-01-09T01:21:31+00:00\",\"breadcrumb\":{\"@id\":\"https:\/\/fundacionlobeliana.org\/producto\/clase-3-seminario-historia-de-las-drogas-historia-de-la-ayahuasca-luis-eduardo-luna\/#breadcrumb\"},\"inLanguage\":\"en-GB\",\"potentialAction\":[{\"@type\":\"ReadAction\",\"target\":[\"https:\/\/fundacionlobeliana.org\/producto\/clase-3-seminario-historia-de-las-drogas-historia-de-la-ayahuasca-luis-eduardo-luna\/\"]}]},{\"@type\":\"ImageObject\",\"inLanguage\":\"en-GB\",\"@id\":\"https:\/\/fundacionlobeliana.org\/producto\/clase-3-seminario-historia-de-las-drogas-historia-de-la-ayahuasca-luis-eduardo-luna\/#primaryimage\",\"url\":\"https:\/\/fundacionlobeliana.org\/wp-content\/uploads\/2025\/09\/n03-Ayahuasca.jpg\",\"contentUrl\":\"https:\/\/fundacionlobeliana.org\/wp-content\/uploads\/2025\/09\/n03-Ayahuasca.jpg\",\"width\":1920,\"height\":1920},{\"@type\":\"BreadcrumbList\",\"@id\":\"https:\/\/fundacionlobeliana.org\/producto\/clase-3-seminario-historia-de-las-drogas-historia-de-la-ayahuasca-luis-eduardo-luna\/#breadcrumb\",\"itemListElement\":[{\"@type\":\"ListItem\",\"position\":1,\"name\":\"Portada\",\"item\":\"https:\/\/fundacionlobeliana.org\/\"},{\"@type\":\"ListItem\",\"position\":2,\"name\":\"Tienda\",\"item\":\"https:\/\/fundacionlobeliana.org\/tienda\/\"},{\"@type\":\"ListItem\",\"position\":3,\"name\":\"Clase 3.- Seminario \u201cHistoria de las Drogas\u201d: Historia de la Ayahuasca \u2013 Luis Eduardo Luna\"}]},{\"@type\":\"WebSite\",\"@id\":\"https:\/\/fundacionlobeliana.org\/#website\",\"url\":\"https:\/\/fundacionlobeliana.org\/\",\"name\":\"Fundacion Lobeliana\",\"description\":\"Organizaci\u00f3n sin fines de lucro que tiene como misi\u00f3n el rescatar, actualizar, visibilizar y hacer disponible el conocimiento acumulado hasta hoy sobre f\u00e1rmacos naturales y psicoactivos\",\"publisher\":{\"@id\":\"https:\/\/fundacionlobeliana.org\/#organization\"},\"potentialAction\":[{\"@type\":\"SearchAction\",\"target\":{\"@type\":\"EntryPoint\",\"urlTemplate\":\"https:\/\/fundacionlobeliana.org\/?s={search_term_string}\"},\"query-input\":{\"@type\":\"PropertyValueSpecification\",\"valueRequired\":true,\"valueName\":\"search_term_string\"}}],\"inLanguage\":\"en-GB\"},{\"@type\":\"Organization\",\"@id\":\"https:\/\/fundacionlobeliana.org\/#organization\",\"name\":\"Fundacion Lobeliana\",\"url\":\"https:\/\/fundacionlobeliana.org\/\",\"logo\":{\"@type\":\"ImageObject\",\"inLanguage\":\"en-GB\",\"@id\":\"https:\/\/fundacionlobeliana.org\/#\/schema\/logo\/image\/\",\"url\":\"https:\/\/fundacionlobeliana.org\/wp-content\/uploads\/2025\/09\/logo_fundacion_lobeliana-02.png\",\"contentUrl\":\"https:\/\/fundacionlobeliana.org\/wp-content\/uploads\/2025\/09\/logo_fundacion_lobeliana-02.png\",\"width\":571,\"height\":718,\"caption\":\"Fundacion Lobeliana\"},\"image\":{\"@id\":\"https:\/\/fundacionlobeliana.org\/#\/schema\/logo\/image\/\"}}]}<\/script>\n<!-- \/ Yoast SEO plugin. -->","yoast_head_json":{"title":"Clase 3.- Seminario \u201cHistoria de las Drogas\u201d: Historia de la Ayahuasca \u2013 Luis Eduardo Luna - Fundacion Lobeliana","robots":{"index":"index","follow":"follow","max-snippet":"max-snippet:-1","max-image-preview":"max-image-preview:large","max-video-preview":"max-video-preview:-1"},"canonical":"https:\/\/fundacionlobeliana.org\/en\/product\/clase-3-seminario-historia-de-las-drogas-historia-de-la-ayahuasca-luis-eduardo-luna\/","og_locale":"en_GB","og_type":"article","og_title":"Clase 3.- Seminario \u201cHistoria de las Drogas\u201d: Historia de la Ayahuasca \u2013 Luis Eduardo Luna - Fundacion Lobeliana","og_description":"Luis Eduardo Luna. Naci\u00f3 en Florencia, en la regi\u00f3n amaz\u00f3nica colombiana (1947). Estudi\u00f3 Filosof\u00eda y Letras en la Universidad Complutense de Madrid, obtuvo una maestr\u00eda interdisciplinaria mientras ense\u00f1aba literatura espa\u00f1ola y latinoamericana en el Departamento de Lenguas Rom\u00e1nicas de la Universidad de Oslo. Es ex profesor titular de la Escuela Sueca de Econom\u00eda, Helsinki, Finlandia, [&hellip;]","og_url":"https:\/\/fundacionlobeliana.org\/en\/product\/clase-3-seminario-historia-de-las-drogas-historia-de-la-ayahuasca-luis-eduardo-luna\/","og_site_name":"Fundacion Lobeliana","article_modified_time":"2026-01-09T01:21:31+00:00","og_image":[{"width":1920,"height":1920,"url":"https:\/\/fundacionlobeliana.org\/wp-content\/uploads\/2025\/09\/n03-Ayahuasca.jpg","type":"image\/jpeg"}],"twitter_card":"summary_large_image","twitter_misc":{"Estimated reading time":"1 minute"},"schema":{"@context":"https:\/\/schema.org","@graph":[{"@type":"WebPage","@id":"https:\/\/fundacionlobeliana.org\/producto\/clase-3-seminario-historia-de-las-drogas-historia-de-la-ayahuasca-luis-eduardo-luna\/","url":"https:\/\/fundacionlobeliana.org\/producto\/clase-3-seminario-historia-de-las-drogas-historia-de-la-ayahuasca-luis-eduardo-luna\/","name":"Clase 3.- Seminario \u201cHistoria de las Drogas\u201d: Historia de la Ayahuasca \u2013 Luis Eduardo Luna - Fundacion Lobeliana","isPartOf":{"@id":"https:\/\/fundacionlobeliana.org\/#website"},"primaryImageOfPage":{"@id":"https:\/\/fundacionlobeliana.org\/producto\/clase-3-seminario-historia-de-las-drogas-historia-de-la-ayahuasca-luis-eduardo-luna\/#primaryimage"},"image":{"@id":"https:\/\/fundacionlobeliana.org\/producto\/clase-3-seminario-historia-de-las-drogas-historia-de-la-ayahuasca-luis-eduardo-luna\/#primaryimage"},"thumbnailUrl":"https:\/\/fundacionlobeliana.org\/wp-content\/uploads\/2025\/09\/n03-Ayahuasca.jpg","datePublished":"2025-09-04T22:41:33+00:00","dateModified":"2026-01-09T01:21:31+00:00","breadcrumb":{"@id":"https:\/\/fundacionlobeliana.org\/producto\/clase-3-seminario-historia-de-las-drogas-historia-de-la-ayahuasca-luis-eduardo-luna\/#breadcrumb"},"inLanguage":"en-GB","potentialAction":[{"@type":"ReadAction","target":["https:\/\/fundacionlobeliana.org\/producto\/clase-3-seminario-historia-de-las-drogas-historia-de-la-ayahuasca-luis-eduardo-luna\/"]}]},{"@type":"ImageObject","inLanguage":"en-GB","@id":"https:\/\/fundacionlobeliana.org\/producto\/clase-3-seminario-historia-de-las-drogas-historia-de-la-ayahuasca-luis-eduardo-luna\/#primaryimage","url":"https:\/\/fundacionlobeliana.org\/wp-content\/uploads\/2025\/09\/n03-Ayahuasca.jpg","contentUrl":"https:\/\/fundacionlobeliana.org\/wp-content\/uploads\/2025\/09\/n03-Ayahuasca.jpg","width":1920,"height":1920},{"@type":"BreadcrumbList","@id":"https:\/\/fundacionlobeliana.org\/producto\/clase-3-seminario-historia-de-las-drogas-historia-de-la-ayahuasca-luis-eduardo-luna\/#breadcrumb","itemListElement":[{"@type":"ListItem","position":1,"name":"Portada","item":"https:\/\/fundacionlobeliana.org\/"},{"@type":"ListItem","position":2,"name":"Tienda","item":"https:\/\/fundacionlobeliana.org\/tienda\/"},{"@type":"ListItem","position":3,"name":"Clase 3.- Seminario \u201cHistoria de las Drogas\u201d: Historia de la Ayahuasca \u2013 Luis Eduardo Luna"}]},{"@type":"WebSite","@id":"https:\/\/fundacionlobeliana.org\/#website","url":"https:\/\/fundacionlobeliana.org\/","name":"Fundacion Lobeliana","description":"Organizaci\u00f3n sin fines de lucro que tiene como misi\u00f3n el rescatar, actualizar, visibilizar y hacer disponible el conocimiento acumulado hasta hoy sobre f\u00e1rmacos naturales y psicoactivos","publisher":{"@id":"https:\/\/fundacionlobeliana.org\/#organization"},"potentialAction":[{"@type":"SearchAction","target":{"@type":"EntryPoint","urlTemplate":"https:\/\/fundacionlobeliana.org\/?s={search_term_string}"},"query-input":{"@type":"PropertyValueSpecification","valueRequired":true,"valueName":"search_term_string"}}],"inLanguage":"en-GB"},{"@type":"Organization","@id":"https:\/\/fundacionlobeliana.org\/#organization","name":"Fundacion Lobeliana","url":"https:\/\/fundacionlobeliana.org\/","logo":{"@type":"ImageObject","inLanguage":"en-GB","@id":"https:\/\/fundacionlobeliana.org\/#\/schema\/logo\/image\/","url":"https:\/\/fundacionlobeliana.org\/wp-content\/uploads\/2025\/09\/logo_fundacion_lobeliana-02.png","contentUrl":"https:\/\/fundacionlobeliana.org\/wp-content\/uploads\/2025\/09\/logo_fundacion_lobeliana-02.png","width":571,"height":718,"caption":"Fundacion Lobeliana"},"image":{"@id":"https:\/\/fundacionlobeliana.org\/#\/schema\/logo\/image\/"}}]}},"_links":{"self":[{"href":"https:\/\/fundacionlobeliana.org\/en\/wp-json\/wp\/v2\/product\/38","targetHints":{"allow":["GET"]}}],"collection":[{"href":"https:\/\/fundacionlobeliana.org\/en\/wp-json\/wp\/v2\/product"}],"about":[{"href":"https:\/\/fundacionlobeliana.org\/en\/wp-json\/wp\/v2\/types\/product"}],"replies":[{"embeddable":true,"href":"https:\/\/fundacionlobeliana.org\/en\/wp-json\/wp\/v2\/comments?post=38"}],"wp:featuredmedia":[{"embeddable":true,"href":"https:\/\/fundacionlobeliana.org\/en\/wp-json\/wp\/v2\/media\/73"}],"wp:attachment":[{"href":"https:\/\/fundacionlobeliana.org\/en\/wp-json\/wp\/v2\/media?parent=38"}],"wp:term":[{"taxonomy":"product_brand","embeddable":true,"href":"https:\/\/fundacionlobeliana.org\/en\/wp-json\/wp\/v2\/product_brand?post=38"},{"taxonomy":"product_cat","embeddable":true,"href":"https:\/\/fundacionlobeliana.org\/en\/wp-json\/wp\/v2\/product_cat?post=38"},{"taxonomy":"product_tag","embeddable":true,"href":"https:\/\/fundacionlobeliana.org\/en\/wp-json\/wp\/v2\/product_tag?post=38"}],"curies":[{"name":"wp","href":"https:\/\/api.w.org\/{rel}","templated":true}]}}