{"id":40,"date":"2025-09-04T22:41:33","date_gmt":"2025-09-04T22:41:33","guid":{"rendered":"https:\/\/fundacionlobeliana.org\/?post_type=product&#038;p=40"},"modified":"2026-01-09T01:22:51","modified_gmt":"2026-01-09T01:22:51","slug":"clase-5-seminario-historia-de-las-drogas-historia-de-los-hongos-psilocybe-francisco-zenteno","status":"publish","type":"product","link":"https:\/\/fundacionlobeliana.org\/en\/product\/clase-5-seminario-historia-de-las-drogas-historia-de-los-hongos-psilocybe-francisco-zenteno\/","title":{"rendered":"Clase 5.- Seminario \u201cHistoria de las Drogas\u201d:  Historia de los Hongos Psilocybe \u2013 Francisco Zenteno"},"content":{"rendered":"<p>Francisco Zenteno.<\/p>\n<p>Francisco Zenteno es psic\u00f3logo cl\u00ednico humanista transpersonal, especialista en psicoterapia<br \/>\nasistida con psicod\u00e9licos, dedicado al estudio y desarrollo de metodolog\u00edas de diagn\u00f3stico y<br \/>\ntratamiento desde la medicina intercultural, la psicolog\u00eda y la transformaci\u00f3n personal. Formado<br \/>\nen tanatolog\u00eda, microbiota y otras disciplinas complementarias al ejercicio terap\u00e9utico.<br \/>\nEs co fundador y director de la Fundaci\u00f3n Azul Micelio, organizaci\u00f3n destinada al cuidado y<br \/>\nprotecci\u00f3n de los hongos psilocibios y sus usuarios, as\u00ed como a la educaci\u00f3n, difusi\u00f3n e<br \/>\ninvestigaci\u00f3n de los diversos usos e innovaci\u00f3n en la aplicaci\u00f3n de dichos hongos en el contexto<br \/>\ncl\u00ednico como agentes de salud.<br \/>\nActualmente participa de diversos espacios de formaci\u00f3n y docencia en temas relacionados a<br \/>\nmedicina intercultural y uso terap\u00e9utico y ritual de ente\u00f3genos, en particular de hongos<br \/>\npsilocibios.<\/p>","protected":false},"excerpt":{"rendered":"<p>Francisco Zenteno. Francisco Zenteno es psic\u00f3logo cl\u00ednico humanista transpersonal, especialista en psicoterapia asistida con psicod\u00e9licos, dedicado al estudio y desarrollo de metodolog\u00edas de diagn\u00f3stico y tratamiento desde la medicina intercultural, la psicolog\u00eda y la transformaci\u00f3n personal. Formado en tanatolog\u00eda, microbiota y otras disciplinas complementarias al ejercicio terap\u00e9utico. Es co fundador y director de la Fundaci\u00f3n [&hellip;]<\/p>","protected":false},"featured_media":75,"comment_status":"closed","ping_status":"closed","template":"","meta":[],"product_brand":[],"product_cat":[16,26],"product_tag":[],"class_list":{"0":"post-40","1":"product","2":"type-product","3":"status-publish","4":"has-post-thumbnail","6":"product_cat-on-demand","7":"product_cat-seminarios","9":"first","10":"instock","11":"sale","12":"virtual","13":"sold-individually","14":"purchasable","15":"product-type-simple"},"yoast_head":"<!-- This site is optimized with the Yoast SEO plugin v27.2 - https:\/\/yoast.com\/product\/yoast-seo-wordpress\/ -->\n<title>Clase 5.- Seminario \u201cHistoria de las Drogas\u201d: Historia de los Hongos Psilocybe \u2013 Francisco Zenteno - Fundacion Lobeliana<\/title>\n<meta name=\"robots\" content=\"index, follow, max-snippet:-1, max-image-preview:large, max-video-preview:-1\" \/>\n<link rel=\"canonical\" href=\"https:\/\/fundacionlobeliana.org\/en\/product\/clase-5-seminario-historia-de-las-drogas-historia-de-los-hongos-psilocybe-francisco-zenteno\/\" \/>\n<meta property=\"og:locale\" content=\"en_GB\" \/>\n<meta property=\"og:type\" content=\"article\" \/>\n<meta property=\"og:title\" content=\"Clase 5.- Seminario \u201cHistoria de las Drogas\u201d: Historia de los Hongos Psilocybe \u2013 Francisco Zenteno - Fundacion Lobeliana\" \/>\n<meta property=\"og:description\" content=\"Francisco Zenteno. Francisco Zenteno es psic\u00f3logo cl\u00ednico humanista transpersonal, especialista en psicoterapia asistida con psicod\u00e9licos, dedicado al estudio y desarrollo de metodolog\u00edas de diagn\u00f3stico y tratamiento desde la medicina intercultural, la psicolog\u00eda y la transformaci\u00f3n personal. Formado en tanatolog\u00eda, microbiota y otras disciplinas complementarias al ejercicio terap\u00e9utico. Es co fundador y director de la Fundaci\u00f3n [&hellip;]\" \/>\n<meta property=\"og:url\" content=\"https:\/\/fundacionlobeliana.org\/en\/product\/clase-5-seminario-historia-de-las-drogas-historia-de-los-hongos-psilocybe-francisco-zenteno\/\" \/>\n<meta property=\"og:site_name\" content=\"Fundacion Lobeliana\" \/>\n<meta property=\"article:modified_time\" content=\"2026-01-09T01:22:51+00:00\" \/>\n<meta property=\"og:image\" content=\"https:\/\/fundacionlobeliana.org\/wp-content\/uploads\/2025\/09\/n05-HongosPsilocybe.jpg\" \/>\n\t<meta property=\"og:image:width\" content=\"1920\" \/>\n\t<meta property=\"og:image:height\" content=\"1920\" \/>\n\t<meta property=\"og:image:type\" content=\"image\/jpeg\" \/>\n<meta name=\"twitter:card\" content=\"summary_large_image\" \/>\n<meta name=\"twitter:label1\" content=\"Estimated reading time\" \/>\n\t<meta name=\"twitter:data1\" content=\"1 minute\" \/>\n<script type=\"application\/ld+json\" class=\"yoast-schema-graph\">{\"@context\":\"https:\/\/schema.org\",\"@graph\":[{\"@type\":\"WebPage\",\"@id\":\"https:\/\/fundacionlobeliana.org\/producto\/clase-5-seminario-historia-de-las-drogas-historia-de-los-hongos-psilocybe-francisco-zenteno\/\",\"url\":\"https:\/\/fundacionlobeliana.org\/producto\/clase-5-seminario-historia-de-las-drogas-historia-de-los-hongos-psilocybe-francisco-zenteno\/\",\"name\":\"Clase 5.- Seminario \u201cHistoria de las Drogas\u201d: Historia de los Hongos Psilocybe \u2013 Francisco Zenteno - Fundacion Lobeliana\",\"isPartOf\":{\"@id\":\"https:\/\/fundacionlobeliana.org\/#website\"},\"primaryImageOfPage\":{\"@id\":\"https:\/\/fundacionlobeliana.org\/producto\/clase-5-seminario-historia-de-las-drogas-historia-de-los-hongos-psilocybe-francisco-zenteno\/#primaryimage\"},\"image\":{\"@id\":\"https:\/\/fundacionlobeliana.org\/producto\/clase-5-seminario-historia-de-las-drogas-historia-de-los-hongos-psilocybe-francisco-zenteno\/#primaryimage\"},\"thumbnailUrl\":\"https:\/\/fundacionlobeliana.org\/wp-content\/uploads\/2025\/09\/n05-HongosPsilocybe.jpg\",\"datePublished\":\"2025-09-04T22:41:33+00:00\",\"dateModified\":\"2026-01-09T01:22:51+00:00\",\"breadcrumb\":{\"@id\":\"https:\/\/fundacionlobeliana.org\/producto\/clase-5-seminario-historia-de-las-drogas-historia-de-los-hongos-psilocybe-francisco-zenteno\/#breadcrumb\"},\"inLanguage\":\"en-GB\",\"potentialAction\":[{\"@type\":\"ReadAction\",\"target\":[\"https:\/\/fundacionlobeliana.org\/producto\/clase-5-seminario-historia-de-las-drogas-historia-de-los-hongos-psilocybe-francisco-zenteno\/\"]}]},{\"@type\":\"ImageObject\",\"inLanguage\":\"en-GB\",\"@id\":\"https:\/\/fundacionlobeliana.org\/producto\/clase-5-seminario-historia-de-las-drogas-historia-de-los-hongos-psilocybe-francisco-zenteno\/#primaryimage\",\"url\":\"https:\/\/fundacionlobeliana.org\/wp-content\/uploads\/2025\/09\/n05-HongosPsilocybe.jpg\",\"contentUrl\":\"https:\/\/fundacionlobeliana.org\/wp-content\/uploads\/2025\/09\/n05-HongosPsilocybe.jpg\",\"width\":1920,\"height\":1920},{\"@type\":\"BreadcrumbList\",\"@id\":\"https:\/\/fundacionlobeliana.org\/producto\/clase-5-seminario-historia-de-las-drogas-historia-de-los-hongos-psilocybe-francisco-zenteno\/#breadcrumb\",\"itemListElement\":[{\"@type\":\"ListItem\",\"position\":1,\"name\":\"Portada\",\"item\":\"https:\/\/fundacionlobeliana.org\/\"},{\"@type\":\"ListItem\",\"position\":2,\"name\":\"Tienda\",\"item\":\"https:\/\/fundacionlobeliana.org\/tienda\/\"},{\"@type\":\"ListItem\",\"position\":3,\"name\":\"Clase 5.- Seminario \u201cHistoria de las Drogas\u201d: Historia de los Hongos Psilocybe \u2013 Francisco Zenteno\"}]},{\"@type\":\"WebSite\",\"@id\":\"https:\/\/fundacionlobeliana.org\/#website\",\"url\":\"https:\/\/fundacionlobeliana.org\/\",\"name\":\"Fundacion Lobeliana\",\"description\":\"Organizaci\u00f3n sin fines de lucro que tiene como misi\u00f3n el rescatar, actualizar, visibilizar y hacer disponible el conocimiento acumulado hasta hoy sobre f\u00e1rmacos naturales y psicoactivos\",\"publisher\":{\"@id\":\"https:\/\/fundacionlobeliana.org\/#organization\"},\"potentialAction\":[{\"@type\":\"SearchAction\",\"target\":{\"@type\":\"EntryPoint\",\"urlTemplate\":\"https:\/\/fundacionlobeliana.org\/?s={search_term_string}\"},\"query-input\":{\"@type\":\"PropertyValueSpecification\",\"valueRequired\":true,\"valueName\":\"search_term_string\"}}],\"inLanguage\":\"en-GB\"},{\"@type\":\"Organization\",\"@id\":\"https:\/\/fundacionlobeliana.org\/#organization\",\"name\":\"Fundacion Lobeliana\",\"url\":\"https:\/\/fundacionlobeliana.org\/\",\"logo\":{\"@type\":\"ImageObject\",\"inLanguage\":\"en-GB\",\"@id\":\"https:\/\/fundacionlobeliana.org\/#\/schema\/logo\/image\/\",\"url\":\"https:\/\/fundacionlobeliana.org\/wp-content\/uploads\/2025\/09\/logo_fundacion_lobeliana-02.png\",\"contentUrl\":\"https:\/\/fundacionlobeliana.org\/wp-content\/uploads\/2025\/09\/logo_fundacion_lobeliana-02.png\",\"width\":571,\"height\":718,\"caption\":\"Fundacion Lobeliana\"},\"image\":{\"@id\":\"https:\/\/fundacionlobeliana.org\/#\/schema\/logo\/image\/\"}}]}<\/script>\n<!-- \/ Yoast SEO plugin. -->","yoast_head_json":{"title":"Clase 5.- Seminario \u201cHistoria de las Drogas\u201d: Historia de los Hongos Psilocybe \u2013 Francisco Zenteno - Fundacion Lobeliana","robots":{"index":"index","follow":"follow","max-snippet":"max-snippet:-1","max-image-preview":"max-image-preview:large","max-video-preview":"max-video-preview:-1"},"canonical":"https:\/\/fundacionlobeliana.org\/en\/product\/clase-5-seminario-historia-de-las-drogas-historia-de-los-hongos-psilocybe-francisco-zenteno\/","og_locale":"en_GB","og_type":"article","og_title":"Clase 5.- Seminario \u201cHistoria de las Drogas\u201d: Historia de los Hongos Psilocybe \u2013 Francisco Zenteno - Fundacion Lobeliana","og_description":"Francisco Zenteno. Francisco Zenteno es psic\u00f3logo cl\u00ednico humanista transpersonal, especialista en psicoterapia asistida con psicod\u00e9licos, dedicado al estudio y desarrollo de metodolog\u00edas de diagn\u00f3stico y tratamiento desde la medicina intercultural, la psicolog\u00eda y la transformaci\u00f3n personal. Formado en tanatolog\u00eda, microbiota y otras disciplinas complementarias al ejercicio terap\u00e9utico. Es co fundador y director de la Fundaci\u00f3n [&hellip;]","og_url":"https:\/\/fundacionlobeliana.org\/en\/product\/clase-5-seminario-historia-de-las-drogas-historia-de-los-hongos-psilocybe-francisco-zenteno\/","og_site_name":"Fundacion Lobeliana","article_modified_time":"2026-01-09T01:22:51+00:00","og_image":[{"width":1920,"height":1920,"url":"https:\/\/fundacionlobeliana.org\/wp-content\/uploads\/2025\/09\/n05-HongosPsilocybe.jpg","type":"image\/jpeg"}],"twitter_card":"summary_large_image","twitter_misc":{"Estimated reading time":"1 minute"},"schema":{"@context":"https:\/\/schema.org","@graph":[{"@type":"WebPage","@id":"https:\/\/fundacionlobeliana.org\/producto\/clase-5-seminario-historia-de-las-drogas-historia-de-los-hongos-psilocybe-francisco-zenteno\/","url":"https:\/\/fundacionlobeliana.org\/producto\/clase-5-seminario-historia-de-las-drogas-historia-de-los-hongos-psilocybe-francisco-zenteno\/","name":"Clase 5.- Seminario \u201cHistoria de las Drogas\u201d: Historia de los Hongos Psilocybe \u2013 Francisco Zenteno - Fundacion Lobeliana","isPartOf":{"@id":"https:\/\/fundacionlobeliana.org\/#website"},"primaryImageOfPage":{"@id":"https:\/\/fundacionlobeliana.org\/producto\/clase-5-seminario-historia-de-las-drogas-historia-de-los-hongos-psilocybe-francisco-zenteno\/#primaryimage"},"image":{"@id":"https:\/\/fundacionlobeliana.org\/producto\/clase-5-seminario-historia-de-las-drogas-historia-de-los-hongos-psilocybe-francisco-zenteno\/#primaryimage"},"thumbnailUrl":"https:\/\/fundacionlobeliana.org\/wp-content\/uploads\/2025\/09\/n05-HongosPsilocybe.jpg","datePublished":"2025-09-04T22:41:33+00:00","dateModified":"2026-01-09T01:22:51+00:00","breadcrumb":{"@id":"https:\/\/fundacionlobeliana.org\/producto\/clase-5-seminario-historia-de-las-drogas-historia-de-los-hongos-psilocybe-francisco-zenteno\/#breadcrumb"},"inLanguage":"en-GB","potentialAction":[{"@type":"ReadAction","target":["https:\/\/fundacionlobeliana.org\/producto\/clase-5-seminario-historia-de-las-drogas-historia-de-los-hongos-psilocybe-francisco-zenteno\/"]}]},{"@type":"ImageObject","inLanguage":"en-GB","@id":"https:\/\/fundacionlobeliana.org\/producto\/clase-5-seminario-historia-de-las-drogas-historia-de-los-hongos-psilocybe-francisco-zenteno\/#primaryimage","url":"https:\/\/fundacionlobeliana.org\/wp-content\/uploads\/2025\/09\/n05-HongosPsilocybe.jpg","contentUrl":"https:\/\/fundacionlobeliana.org\/wp-content\/uploads\/2025\/09\/n05-HongosPsilocybe.jpg","width":1920,"height":1920},{"@type":"BreadcrumbList","@id":"https:\/\/fundacionlobeliana.org\/producto\/clase-5-seminario-historia-de-las-drogas-historia-de-los-hongos-psilocybe-francisco-zenteno\/#breadcrumb","itemListElement":[{"@type":"ListItem","position":1,"name":"Portada","item":"https:\/\/fundacionlobeliana.org\/"},{"@type":"ListItem","position":2,"name":"Tienda","item":"https:\/\/fundacionlobeliana.org\/tienda\/"},{"@type":"ListItem","position":3,"name":"Clase 5.- Seminario \u201cHistoria de las Drogas\u201d: Historia de los Hongos Psilocybe \u2013 Francisco Zenteno"}]},{"@type":"WebSite","@id":"https:\/\/fundacionlobeliana.org\/#website","url":"https:\/\/fundacionlobeliana.org\/","name":"Fundacion Lobeliana","description":"Organizaci\u00f3n sin fines de lucro que tiene como misi\u00f3n el rescatar, actualizar, visibilizar y hacer disponible el conocimiento acumulado hasta hoy sobre f\u00e1rmacos naturales y psicoactivos","publisher":{"@id":"https:\/\/fundacionlobeliana.org\/#organization"},"potentialAction":[{"@type":"SearchAction","target":{"@type":"EntryPoint","urlTemplate":"https:\/\/fundacionlobeliana.org\/?s={search_term_string}"},"query-input":{"@type":"PropertyValueSpecification","valueRequired":true,"valueName":"search_term_string"}}],"inLanguage":"en-GB"},{"@type":"Organization","@id":"https:\/\/fundacionlobeliana.org\/#organization","name":"Fundacion Lobeliana","url":"https:\/\/fundacionlobeliana.org\/","logo":{"@type":"ImageObject","inLanguage":"en-GB","@id":"https:\/\/fundacionlobeliana.org\/#\/schema\/logo\/image\/","url":"https:\/\/fundacionlobeliana.org\/wp-content\/uploads\/2025\/09\/logo_fundacion_lobeliana-02.png","contentUrl":"https:\/\/fundacionlobeliana.org\/wp-content\/uploads\/2025\/09\/logo_fundacion_lobeliana-02.png","width":571,"height":718,"caption":"Fundacion Lobeliana"},"image":{"@id":"https:\/\/fundacionlobeliana.org\/#\/schema\/logo\/image\/"}}]}},"_links":{"self":[{"href":"https:\/\/fundacionlobeliana.org\/en\/wp-json\/wp\/v2\/product\/40","targetHints":{"allow":["GET"]}}],"collection":[{"href":"https:\/\/fundacionlobeliana.org\/en\/wp-json\/wp\/v2\/product"}],"about":[{"href":"https:\/\/fundacionlobeliana.org\/en\/wp-json\/wp\/v2\/types\/product"}],"replies":[{"embeddable":true,"href":"https:\/\/fundacionlobeliana.org\/en\/wp-json\/wp\/v2\/comments?post=40"}],"wp:featuredmedia":[{"embeddable":true,"href":"https:\/\/fundacionlobeliana.org\/en\/wp-json\/wp\/v2\/media\/75"}],"wp:attachment":[{"href":"https:\/\/fundacionlobeliana.org\/en\/wp-json\/wp\/v2\/media?parent=40"}],"wp:term":[{"taxonomy":"product_brand","embeddable":true,"href":"https:\/\/fundacionlobeliana.org\/en\/wp-json\/wp\/v2\/product_brand?post=40"},{"taxonomy":"product_cat","embeddable":true,"href":"https:\/\/fundacionlobeliana.org\/en\/wp-json\/wp\/v2\/product_cat?post=40"},{"taxonomy":"product_tag","embeddable":true,"href":"https:\/\/fundacionlobeliana.org\/en\/wp-json\/wp\/v2\/product_tag?post=40"}],"curies":[{"name":"wp","href":"https:\/\/api.w.org\/{rel}","templated":true}]}}