{"id":42,"date":"2025-09-04T22:41:33","date_gmt":"2025-09-04T22:41:33","guid":{"rendered":"https:\/\/fundacionlobeliana.org\/?post_type=product&#038;p=42"},"modified":"2026-01-09T01:20:27","modified_gmt":"2026-01-09T01:20:27","slug":"clase-7-seminario-historia-de-las-drogas-historia-de-la-wachuma-isbelio-godoy","status":"publish","type":"product","link":"https:\/\/fundacionlobeliana.org\/en\/product\/clase-7-seminario-historia-de-las-drogas-historia-de-la-wachuma-isbelio-godoy\/","title":{"rendered":"Class 7.- Seminar \u201cHistory of Drugs\u201d: History of Wachuma \u2013 Isbelio Godoy"},"content":{"rendered":"<p>Isbelio Godoy.<\/p>\n<p class=\"translation-block\">Researcher of Art, Culture, and Indigenous Traditional Medicine (LINCEpd Laboratory \u2013 UNQ, Quilmes). Member of CECCa (Center for Studies of Cannabis Culture and Psychoactive Substances). Director at Puma LLakhan.\nAn artist without formal academic training, developed independently and through self-directed learning in diverse cultural contexts and in an interdisciplinary manner. The development of his artistic practice, research methodologies, and learning in Indigenous Traditional Medicine is based on years of direct practice in these fields, with intercultural engagement, and with legitimate guidance and teaching in accordance with the traditions of various peoples. Both her artistic work,\nher work in the field of Indigenous Traditional Medicine, and her motivation within the field of\nintercultural research are permeated by the Andean-Amazonian Cosmovivencia, by\nthe epistemology that arises from its encounter with modern culture, and by the\npolitical motivation to defend this knowledge, to value and put it into practice through\npedagogy, and to reclaim the ancient knowledge of indigenous peoples in a context of post-\ncoloniality and political persecution.<\/p>","protected":false},"excerpt":{"rendered":"<p>Isbelio Godoy. Investigador de Arte, Cultura y Medicina Tradicional Indigena (Laboratorio LINCEpd &#8211; UNQ, Quilmes) Miembro de CECCa ( Centro de Estudios de la Cultura Cannabica y sustancias psicoactivas) Director en Puma LLakhan. Artista sin estudios acad\u00e9micos, formado de manera independiente y autogestiva en diferentes contextos culturales y de manera interdisciplinaria.\u00a0 El desarrollo de su [&hellip;]<\/p>","protected":false},"featured_media":77,"comment_status":"closed","ping_status":"closed","template":"","meta":[],"product_brand":[],"product_cat":[16,26],"product_tag":[],"class_list":{"0":"post-42","1":"product","2":"type-product","3":"status-publish","4":"has-post-thumbnail","6":"product_cat-on-demand","7":"product_cat-seminarios","9":"first","10":"instock","11":"sale","12":"virtual","13":"sold-individually","14":"purchasable","15":"product-type-simple"},"yoast_head":"<!-- This site is optimized with the Yoast SEO plugin v27.2 - https:\/\/yoast.com\/product\/yoast-seo-wordpress\/ -->\n<title>Clase 7.- Seminario \u201cHistoria de las Drogas\u201d: Historia de la Wachuma \u2013 Isbelio Godoy - Fundacion Lobeliana<\/title>\n<meta name=\"robots\" content=\"index, follow, max-snippet:-1, max-image-preview:large, max-video-preview:-1\" \/>\n<link rel=\"canonical\" href=\"https:\/\/fundacionlobeliana.org\/en\/product\/clase-7-seminario-historia-de-las-drogas-historia-de-la-wachuma-isbelio-godoy\/\" \/>\n<meta property=\"og:locale\" content=\"en_GB\" \/>\n<meta property=\"og:type\" content=\"article\" \/>\n<meta property=\"og:title\" content=\"Clase 7.- Seminario \u201cHistoria de las Drogas\u201d: Historia de la Wachuma \u2013 Isbelio Godoy - Fundacion Lobeliana\" \/>\n<meta property=\"og:description\" content=\"Isbelio Godoy. Investigador de Arte, Cultura y Medicina Tradicional Indigena (Laboratorio LINCEpd &#8211; UNQ, Quilmes) Miembro de CECCa ( Centro de Estudios de la Cultura Cannabica y sustancias psicoactivas) Director en Puma LLakhan. Artista sin estudios acad\u00e9micos, formado de manera independiente y autogestiva en diferentes contextos culturales y de manera interdisciplinaria.\u00a0 El desarrollo de su [&hellip;]\" \/>\n<meta property=\"og:url\" content=\"https:\/\/fundacionlobeliana.org\/en\/product\/clase-7-seminario-historia-de-las-drogas-historia-de-la-wachuma-isbelio-godoy\/\" \/>\n<meta property=\"og:site_name\" content=\"Fundacion Lobeliana\" \/>\n<meta property=\"article:modified_time\" content=\"2026-01-09T01:20:27+00:00\" \/>\n<meta property=\"og:image\" content=\"https:\/\/fundacionlobeliana.org\/wp-content\/uploads\/2025\/09\/n07-wachuma.jpg\" \/>\n\t<meta property=\"og:image:width\" content=\"1920\" \/>\n\t<meta property=\"og:image:height\" content=\"1920\" \/>\n\t<meta property=\"og:image:type\" content=\"image\/jpeg\" \/>\n<meta name=\"twitter:card\" content=\"summary_large_image\" \/>\n<meta name=\"twitter:label1\" content=\"Estimated reading time\" \/>\n\t<meta name=\"twitter:data1\" content=\"1 minute\" \/>\n<script type=\"application\/ld+json\" class=\"yoast-schema-graph\">{\"@context\":\"https:\/\/schema.org\",\"@graph\":[{\"@type\":\"WebPage\",\"@id\":\"https:\/\/fundacionlobeliana.org\/producto\/clase-7-seminario-historia-de-las-drogas-historia-de-la-wachuma-isbelio-godoy\/\",\"url\":\"https:\/\/fundacionlobeliana.org\/producto\/clase-7-seminario-historia-de-las-drogas-historia-de-la-wachuma-isbelio-godoy\/\",\"name\":\"Clase 7.- Seminario \u201cHistoria de las Drogas\u201d: Historia de la Wachuma \u2013 Isbelio Godoy - Fundacion Lobeliana\",\"isPartOf\":{\"@id\":\"https:\/\/fundacionlobeliana.org\/#website\"},\"primaryImageOfPage\":{\"@id\":\"https:\/\/fundacionlobeliana.org\/producto\/clase-7-seminario-historia-de-las-drogas-historia-de-la-wachuma-isbelio-godoy\/#primaryimage\"},\"image\":{\"@id\":\"https:\/\/fundacionlobeliana.org\/producto\/clase-7-seminario-historia-de-las-drogas-historia-de-la-wachuma-isbelio-godoy\/#primaryimage\"},\"thumbnailUrl\":\"https:\/\/fundacionlobeliana.org\/wp-content\/uploads\/2025\/09\/n07-wachuma.jpg\",\"datePublished\":\"2025-09-04T22:41:33+00:00\",\"dateModified\":\"2026-01-09T01:20:27+00:00\",\"breadcrumb\":{\"@id\":\"https:\/\/fundacionlobeliana.org\/producto\/clase-7-seminario-historia-de-las-drogas-historia-de-la-wachuma-isbelio-godoy\/#breadcrumb\"},\"inLanguage\":\"en-GB\",\"potentialAction\":[{\"@type\":\"ReadAction\",\"target\":[\"https:\/\/fundacionlobeliana.org\/producto\/clase-7-seminario-historia-de-las-drogas-historia-de-la-wachuma-isbelio-godoy\/\"]}]},{\"@type\":\"ImageObject\",\"inLanguage\":\"en-GB\",\"@id\":\"https:\/\/fundacionlobeliana.org\/producto\/clase-7-seminario-historia-de-las-drogas-historia-de-la-wachuma-isbelio-godoy\/#primaryimage\",\"url\":\"https:\/\/fundacionlobeliana.org\/wp-content\/uploads\/2025\/09\/n07-wachuma.jpg\",\"contentUrl\":\"https:\/\/fundacionlobeliana.org\/wp-content\/uploads\/2025\/09\/n07-wachuma.jpg\",\"width\":1920,\"height\":1920},{\"@type\":\"BreadcrumbList\",\"@id\":\"https:\/\/fundacionlobeliana.org\/producto\/clase-7-seminario-historia-de-las-drogas-historia-de-la-wachuma-isbelio-godoy\/#breadcrumb\",\"itemListElement\":[{\"@type\":\"ListItem\",\"position\":1,\"name\":\"Portada\",\"item\":\"https:\/\/fundacionlobeliana.org\/\"},{\"@type\":\"ListItem\",\"position\":2,\"name\":\"Tienda\",\"item\":\"https:\/\/fundacionlobeliana.org\/tienda\/\"},{\"@type\":\"ListItem\",\"position\":3,\"name\":\"Clase 7.- Seminario \u201cHistoria de las Drogas\u201d: Historia de la Wachuma \u2013 Isbelio Godoy\"}]},{\"@type\":\"WebSite\",\"@id\":\"https:\/\/fundacionlobeliana.org\/#website\",\"url\":\"https:\/\/fundacionlobeliana.org\/\",\"name\":\"Fundacion Lobeliana\",\"description\":\"Organizaci\u00f3n sin fines de lucro que tiene como misi\u00f3n el rescatar, actualizar, visibilizar y hacer disponible el conocimiento acumulado hasta hoy sobre f\u00e1rmacos naturales y psicoactivos\",\"publisher\":{\"@id\":\"https:\/\/fundacionlobeliana.org\/#organization\"},\"potentialAction\":[{\"@type\":\"SearchAction\",\"target\":{\"@type\":\"EntryPoint\",\"urlTemplate\":\"https:\/\/fundacionlobeliana.org\/?s={search_term_string}\"},\"query-input\":{\"@type\":\"PropertyValueSpecification\",\"valueRequired\":true,\"valueName\":\"search_term_string\"}}],\"inLanguage\":\"en-GB\"},{\"@type\":\"Organization\",\"@id\":\"https:\/\/fundacionlobeliana.org\/#organization\",\"name\":\"Fundacion Lobeliana\",\"url\":\"https:\/\/fundacionlobeliana.org\/\",\"logo\":{\"@type\":\"ImageObject\",\"inLanguage\":\"en-GB\",\"@id\":\"https:\/\/fundacionlobeliana.org\/#\/schema\/logo\/image\/\",\"url\":\"https:\/\/fundacionlobeliana.org\/wp-content\/uploads\/2025\/09\/logo_fundacion_lobeliana-02.png\",\"contentUrl\":\"https:\/\/fundacionlobeliana.org\/wp-content\/uploads\/2025\/09\/logo_fundacion_lobeliana-02.png\",\"width\":571,\"height\":718,\"caption\":\"Fundacion Lobeliana\"},\"image\":{\"@id\":\"https:\/\/fundacionlobeliana.org\/#\/schema\/logo\/image\/\"}}]}<\/script>\n<!-- \/ Yoast SEO plugin. -->","yoast_head_json":{"title":"Clase 7.- Seminario \u201cHistoria de las Drogas\u201d: Historia de la Wachuma \u2013 Isbelio Godoy - Fundacion Lobeliana","robots":{"index":"index","follow":"follow","max-snippet":"max-snippet:-1","max-image-preview":"max-image-preview:large","max-video-preview":"max-video-preview:-1"},"canonical":"https:\/\/fundacionlobeliana.org\/en\/product\/clase-7-seminario-historia-de-las-drogas-historia-de-la-wachuma-isbelio-godoy\/","og_locale":"en_GB","og_type":"article","og_title":"Clase 7.- Seminario \u201cHistoria de las Drogas\u201d: Historia de la Wachuma \u2013 Isbelio Godoy - Fundacion Lobeliana","og_description":"Isbelio Godoy. Investigador de Arte, Cultura y Medicina Tradicional Indigena (Laboratorio LINCEpd &#8211; UNQ, Quilmes) Miembro de CECCa ( Centro de Estudios de la Cultura Cannabica y sustancias psicoactivas) Director en Puma LLakhan. Artista sin estudios acad\u00e9micos, formado de manera independiente y autogestiva en diferentes contextos culturales y de manera interdisciplinaria.\u00a0 El desarrollo de su [&hellip;]","og_url":"https:\/\/fundacionlobeliana.org\/en\/product\/clase-7-seminario-historia-de-las-drogas-historia-de-la-wachuma-isbelio-godoy\/","og_site_name":"Fundacion Lobeliana","article_modified_time":"2026-01-09T01:20:27+00:00","og_image":[{"width":1920,"height":1920,"url":"https:\/\/fundacionlobeliana.org\/wp-content\/uploads\/2025\/09\/n07-wachuma.jpg","type":"image\/jpeg"}],"twitter_card":"summary_large_image","twitter_misc":{"Estimated reading time":"1 minute"},"schema":{"@context":"https:\/\/schema.org","@graph":[{"@type":"WebPage","@id":"https:\/\/fundacionlobeliana.org\/producto\/clase-7-seminario-historia-de-las-drogas-historia-de-la-wachuma-isbelio-godoy\/","url":"https:\/\/fundacionlobeliana.org\/producto\/clase-7-seminario-historia-de-las-drogas-historia-de-la-wachuma-isbelio-godoy\/","name":"Clase 7.- Seminario \u201cHistoria de las Drogas\u201d: Historia de la Wachuma \u2013 Isbelio Godoy - Fundacion Lobeliana","isPartOf":{"@id":"https:\/\/fundacionlobeliana.org\/#website"},"primaryImageOfPage":{"@id":"https:\/\/fundacionlobeliana.org\/producto\/clase-7-seminario-historia-de-las-drogas-historia-de-la-wachuma-isbelio-godoy\/#primaryimage"},"image":{"@id":"https:\/\/fundacionlobeliana.org\/producto\/clase-7-seminario-historia-de-las-drogas-historia-de-la-wachuma-isbelio-godoy\/#primaryimage"},"thumbnailUrl":"https:\/\/fundacionlobeliana.org\/wp-content\/uploads\/2025\/09\/n07-wachuma.jpg","datePublished":"2025-09-04T22:41:33+00:00","dateModified":"2026-01-09T01:20:27+00:00","breadcrumb":{"@id":"https:\/\/fundacionlobeliana.org\/producto\/clase-7-seminario-historia-de-las-drogas-historia-de-la-wachuma-isbelio-godoy\/#breadcrumb"},"inLanguage":"en-GB","potentialAction":[{"@type":"ReadAction","target":["https:\/\/fundacionlobeliana.org\/producto\/clase-7-seminario-historia-de-las-drogas-historia-de-la-wachuma-isbelio-godoy\/"]}]},{"@type":"ImageObject","inLanguage":"en-GB","@id":"https:\/\/fundacionlobeliana.org\/producto\/clase-7-seminario-historia-de-las-drogas-historia-de-la-wachuma-isbelio-godoy\/#primaryimage","url":"https:\/\/fundacionlobeliana.org\/wp-content\/uploads\/2025\/09\/n07-wachuma.jpg","contentUrl":"https:\/\/fundacionlobeliana.org\/wp-content\/uploads\/2025\/09\/n07-wachuma.jpg","width":1920,"height":1920},{"@type":"BreadcrumbList","@id":"https:\/\/fundacionlobeliana.org\/producto\/clase-7-seminario-historia-de-las-drogas-historia-de-la-wachuma-isbelio-godoy\/#breadcrumb","itemListElement":[{"@type":"ListItem","position":1,"name":"Portada","item":"https:\/\/fundacionlobeliana.org\/"},{"@type":"ListItem","position":2,"name":"Tienda","item":"https:\/\/fundacionlobeliana.org\/tienda\/"},{"@type":"ListItem","position":3,"name":"Clase 7.- Seminario \u201cHistoria de las Drogas\u201d: Historia de la Wachuma \u2013 Isbelio Godoy"}]},{"@type":"WebSite","@id":"https:\/\/fundacionlobeliana.org\/#website","url":"https:\/\/fundacionlobeliana.org\/","name":"Fundacion Lobeliana","description":"Organizaci\u00f3n sin fines de lucro que tiene como misi\u00f3n el rescatar, actualizar, visibilizar y hacer disponible el conocimiento acumulado hasta hoy sobre f\u00e1rmacos naturales y psicoactivos","publisher":{"@id":"https:\/\/fundacionlobeliana.org\/#organization"},"potentialAction":[{"@type":"SearchAction","target":{"@type":"EntryPoint","urlTemplate":"https:\/\/fundacionlobeliana.org\/?s={search_term_string}"},"query-input":{"@type":"PropertyValueSpecification","valueRequired":true,"valueName":"search_term_string"}}],"inLanguage":"en-GB"},{"@type":"Organization","@id":"https:\/\/fundacionlobeliana.org\/#organization","name":"Fundacion Lobeliana","url":"https:\/\/fundacionlobeliana.org\/","logo":{"@type":"ImageObject","inLanguage":"en-GB","@id":"https:\/\/fundacionlobeliana.org\/#\/schema\/logo\/image\/","url":"https:\/\/fundacionlobeliana.org\/wp-content\/uploads\/2025\/09\/logo_fundacion_lobeliana-02.png","contentUrl":"https:\/\/fundacionlobeliana.org\/wp-content\/uploads\/2025\/09\/logo_fundacion_lobeliana-02.png","width":571,"height":718,"caption":"Fundacion Lobeliana"},"image":{"@id":"https:\/\/fundacionlobeliana.org\/#\/schema\/logo\/image\/"}}]}},"_links":{"self":[{"href":"https:\/\/fundacionlobeliana.org\/en\/wp-json\/wp\/v2\/product\/42","targetHints":{"allow":["GET"]}}],"collection":[{"href":"https:\/\/fundacionlobeliana.org\/en\/wp-json\/wp\/v2\/product"}],"about":[{"href":"https:\/\/fundacionlobeliana.org\/en\/wp-json\/wp\/v2\/types\/product"}],"replies":[{"embeddable":true,"href":"https:\/\/fundacionlobeliana.org\/en\/wp-json\/wp\/v2\/comments?post=42"}],"wp:featuredmedia":[{"embeddable":true,"href":"https:\/\/fundacionlobeliana.org\/en\/wp-json\/wp\/v2\/media\/77"}],"wp:attachment":[{"href":"https:\/\/fundacionlobeliana.org\/en\/wp-json\/wp\/v2\/media?parent=42"}],"wp:term":[{"taxonomy":"product_brand","embeddable":true,"href":"https:\/\/fundacionlobeliana.org\/en\/wp-json\/wp\/v2\/product_brand?post=42"},{"taxonomy":"product_cat","embeddable":true,"href":"https:\/\/fundacionlobeliana.org\/en\/wp-json\/wp\/v2\/product_cat?post=42"},{"taxonomy":"product_tag","embeddable":true,"href":"https:\/\/fundacionlobeliana.org\/en\/wp-json\/wp\/v2\/product_tag?post=42"}],"curies":[{"name":"wp","href":"https:\/\/api.w.org\/{rel}","templated":true}]}}