{"id":43,"date":"2025-09-04T22:41:33","date_gmt":"2025-09-04T22:41:33","guid":{"rendered":"https:\/\/fundacionlobeliana.org\/?post_type=product&#038;p=43"},"modified":"2026-01-09T01:20:12","modified_gmt":"2026-01-09T01:20:12","slug":"clase-8-seminario-historia-de-las-drogas-historia-de-la-coca-jonathan-ott","status":"publish","type":"product","link":"https:\/\/fundacionlobeliana.org\/en\/product\/clase-8-seminario-historia-de-las-drogas-historia-de-la-coca-jonathan-ott\/","title":{"rendered":"Class 8.- Seminar \u201cHistory of Drugs\u201d: History of Cocaine \u2013 Jonathan Ott"},"content":{"rendered":"<p>Jonathan Ott.<\/p>\n<p class=\"translation-block\">Writer, phytochemist, and ethnopharmacognosist (a word coined to describe his own profession).<br>\nHe currently devotes himself to literature; he has written thirteen books, among them: Pharmacotheon:<br>\nEntheogenic Drugs, Their Botanical Sources and History [1993, 1996]; Ayahuasca Analogues:<br>\nPangeic Entheogens [1994, 1995, 2006]; Pharmacophilia, or Natural Paradises [1997, 1998];<br>\nShamanic Snuffs or Entheogenic Errhines [2001; with a forthcoming edition in<\/p>\n<p class=\"translation-block\">[in Spanish]; and Coca und Kokain [in German, with Christian R\u00e4tsch, 2003; partial versions in Spanish and English forthcoming]. His most recent book (and second literary work) is Mute Words. Silent Spectres of Speech \/ Sigil\u2013Skeletons of Sound: The Ecstasy of Speech (still unpublished: it will eventually be written in Spanish as well; soon to be published in both languages). He is working on (a second volume for Pharmacophilia): Pharmacomania, or Mr. Jekyll and Dr. Hyde: The Literary Creation of \u201cAddicts\u201d and \u201cAlcoholics\u201d (which will be released soon in Spanish and English: the former as part of a series of his books in deluxe editions). He also plans to publish seven titles (both in Spanish and English) as e-books.<\/p>","protected":false},"excerpt":{"rendered":"<p>Jonathan Ott. Escritor, fitoqu\u00edmico y etnofarmacognosista (palabra acu\u00f1ada para describir su propia profesi\u00f3n). Actualmente se dedica a la literatura; ha escrito trece libros, entre aquellos: Pharmacotheon: drogas enteog\u00e9nicas, sus fuentes bot\u00e1nicas y su historia [1993, 1996]; An\u00e1logos de la ayahuasca: ente\u00f3genos pangeicos [1994, 1995, 2006]; Pharmacophilia, o los para\u00edsos naturales [1997, 1998]; Shamanic Snuffs or [&hellip;]<\/p>","protected":false},"featured_media":78,"comment_status":"closed","ping_status":"closed","template":"","meta":[],"product_brand":[],"product_cat":[16,26],"product_tag":[],"class_list":{"0":"post-43","1":"product","2":"type-product","3":"status-publish","4":"has-post-thumbnail","6":"product_cat-on-demand","7":"product_cat-seminarios","9":"first","10":"instock","11":"sale","12":"virtual","13":"sold-individually","14":"purchasable","15":"product-type-simple"},"yoast_head":"<!-- This site is optimized with the Yoast SEO plugin v27.2 - https:\/\/yoast.com\/product\/yoast-seo-wordpress\/ -->\n<title>Clase 8.- Seminario \u201cHistoria de las Drogas\u201d: Historia de la Coca \u2013 Jonathan Ott - Fundacion Lobeliana<\/title>\n<meta name=\"robots\" content=\"index, follow, max-snippet:-1, max-image-preview:large, max-video-preview:-1\" \/>\n<link rel=\"canonical\" href=\"https:\/\/fundacionlobeliana.org\/en\/product\/clase-8-seminario-historia-de-las-drogas-historia-de-la-coca-jonathan-ott\/\" \/>\n<meta property=\"og:locale\" content=\"en_GB\" \/>\n<meta property=\"og:type\" content=\"article\" \/>\n<meta property=\"og:title\" content=\"Clase 8.- Seminario \u201cHistoria de las Drogas\u201d: Historia de la Coca \u2013 Jonathan Ott - Fundacion Lobeliana\" \/>\n<meta property=\"og:description\" content=\"Jonathan Ott. Escritor, fitoqu\u00edmico y etnofarmacognosista (palabra acu\u00f1ada para describir su propia profesi\u00f3n). Actualmente se dedica a la literatura; ha escrito trece libros, entre aquellos: Pharmacotheon: drogas enteog\u00e9nicas, sus fuentes bot\u00e1nicas y su historia [1993, 1996]; An\u00e1logos de la ayahuasca: ente\u00f3genos pangeicos [1994, 1995, 2006]; Pharmacophilia, o los para\u00edsos naturales [1997, 1998]; Shamanic Snuffs or [&hellip;]\" \/>\n<meta property=\"og:url\" content=\"https:\/\/fundacionlobeliana.org\/en\/product\/clase-8-seminario-historia-de-las-drogas-historia-de-la-coca-jonathan-ott\/\" \/>\n<meta property=\"og:site_name\" content=\"Fundacion Lobeliana\" \/>\n<meta property=\"article:modified_time\" content=\"2026-01-09T01:20:12+00:00\" \/>\n<meta property=\"og:image\" content=\"https:\/\/fundacionlobeliana.org\/wp-content\/uploads\/2025\/09\/n08-coca.jpg\" \/>\n\t<meta property=\"og:image:width\" content=\"1920\" \/>\n\t<meta property=\"og:image:height\" content=\"1920\" \/>\n\t<meta property=\"og:image:type\" content=\"image\/jpeg\" \/>\n<meta name=\"twitter:card\" content=\"summary_large_image\" \/>\n<meta name=\"twitter:label1\" content=\"Estimated reading time\" \/>\n\t<meta name=\"twitter:data1\" content=\"1 minute\" \/>\n<script type=\"application\/ld+json\" class=\"yoast-schema-graph\">{\"@context\":\"https:\/\/schema.org\",\"@graph\":[{\"@type\":\"WebPage\",\"@id\":\"https:\/\/fundacionlobeliana.org\/producto\/clase-8-seminario-historia-de-las-drogas-historia-de-la-coca-jonathan-ott\/\",\"url\":\"https:\/\/fundacionlobeliana.org\/producto\/clase-8-seminario-historia-de-las-drogas-historia-de-la-coca-jonathan-ott\/\",\"name\":\"Clase 8.- Seminario \u201cHistoria de las Drogas\u201d: Historia de la Coca \u2013 Jonathan Ott - Fundacion Lobeliana\",\"isPartOf\":{\"@id\":\"https:\/\/fundacionlobeliana.org\/#website\"},\"primaryImageOfPage\":{\"@id\":\"https:\/\/fundacionlobeliana.org\/producto\/clase-8-seminario-historia-de-las-drogas-historia-de-la-coca-jonathan-ott\/#primaryimage\"},\"image\":{\"@id\":\"https:\/\/fundacionlobeliana.org\/producto\/clase-8-seminario-historia-de-las-drogas-historia-de-la-coca-jonathan-ott\/#primaryimage\"},\"thumbnailUrl\":\"https:\/\/fundacionlobeliana.org\/wp-content\/uploads\/2025\/09\/n08-coca.jpg\",\"datePublished\":\"2025-09-04T22:41:33+00:00\",\"dateModified\":\"2026-01-09T01:20:12+00:00\",\"breadcrumb\":{\"@id\":\"https:\/\/fundacionlobeliana.org\/producto\/clase-8-seminario-historia-de-las-drogas-historia-de-la-coca-jonathan-ott\/#breadcrumb\"},\"inLanguage\":\"en-GB\",\"potentialAction\":[{\"@type\":\"ReadAction\",\"target\":[\"https:\/\/fundacionlobeliana.org\/producto\/clase-8-seminario-historia-de-las-drogas-historia-de-la-coca-jonathan-ott\/\"]}]},{\"@type\":\"ImageObject\",\"inLanguage\":\"en-GB\",\"@id\":\"https:\/\/fundacionlobeliana.org\/producto\/clase-8-seminario-historia-de-las-drogas-historia-de-la-coca-jonathan-ott\/#primaryimage\",\"url\":\"https:\/\/fundacionlobeliana.org\/wp-content\/uploads\/2025\/09\/n08-coca.jpg\",\"contentUrl\":\"https:\/\/fundacionlobeliana.org\/wp-content\/uploads\/2025\/09\/n08-coca.jpg\",\"width\":1920,\"height\":1920},{\"@type\":\"BreadcrumbList\",\"@id\":\"https:\/\/fundacionlobeliana.org\/producto\/clase-8-seminario-historia-de-las-drogas-historia-de-la-coca-jonathan-ott\/#breadcrumb\",\"itemListElement\":[{\"@type\":\"ListItem\",\"position\":1,\"name\":\"Portada\",\"item\":\"https:\/\/fundacionlobeliana.org\/\"},{\"@type\":\"ListItem\",\"position\":2,\"name\":\"Tienda\",\"item\":\"https:\/\/fundacionlobeliana.org\/tienda\/\"},{\"@type\":\"ListItem\",\"position\":3,\"name\":\"Clase 8.- Seminario \u201cHistoria de las Drogas\u201d: Historia de la Coca \u2013 Jonathan Ott\"}]},{\"@type\":\"WebSite\",\"@id\":\"https:\/\/fundacionlobeliana.org\/#website\",\"url\":\"https:\/\/fundacionlobeliana.org\/\",\"name\":\"Fundacion Lobeliana\",\"description\":\"Organizaci\u00f3n sin fines de lucro que tiene como misi\u00f3n el rescatar, actualizar, visibilizar y hacer disponible el conocimiento acumulado hasta hoy sobre f\u00e1rmacos naturales y psicoactivos\",\"publisher\":{\"@id\":\"https:\/\/fundacionlobeliana.org\/#organization\"},\"potentialAction\":[{\"@type\":\"SearchAction\",\"target\":{\"@type\":\"EntryPoint\",\"urlTemplate\":\"https:\/\/fundacionlobeliana.org\/?s={search_term_string}\"},\"query-input\":{\"@type\":\"PropertyValueSpecification\",\"valueRequired\":true,\"valueName\":\"search_term_string\"}}],\"inLanguage\":\"en-GB\"},{\"@type\":\"Organization\",\"@id\":\"https:\/\/fundacionlobeliana.org\/#organization\",\"name\":\"Fundacion Lobeliana\",\"url\":\"https:\/\/fundacionlobeliana.org\/\",\"logo\":{\"@type\":\"ImageObject\",\"inLanguage\":\"en-GB\",\"@id\":\"https:\/\/fundacionlobeliana.org\/#\/schema\/logo\/image\/\",\"url\":\"https:\/\/fundacionlobeliana.org\/wp-content\/uploads\/2025\/09\/logo_fundacion_lobeliana-02.png\",\"contentUrl\":\"https:\/\/fundacionlobeliana.org\/wp-content\/uploads\/2025\/09\/logo_fundacion_lobeliana-02.png\",\"width\":571,\"height\":718,\"caption\":\"Fundacion Lobeliana\"},\"image\":{\"@id\":\"https:\/\/fundacionlobeliana.org\/#\/schema\/logo\/image\/\"}}]}<\/script>\n<!-- \/ Yoast SEO plugin. -->","yoast_head_json":{"title":"Clase 8.- Seminario \u201cHistoria de las Drogas\u201d: Historia de la Coca \u2013 Jonathan Ott - Fundacion Lobeliana","robots":{"index":"index","follow":"follow","max-snippet":"max-snippet:-1","max-image-preview":"max-image-preview:large","max-video-preview":"max-video-preview:-1"},"canonical":"https:\/\/fundacionlobeliana.org\/en\/product\/clase-8-seminario-historia-de-las-drogas-historia-de-la-coca-jonathan-ott\/","og_locale":"en_GB","og_type":"article","og_title":"Clase 8.- Seminario \u201cHistoria de las Drogas\u201d: Historia de la Coca \u2013 Jonathan Ott - Fundacion Lobeliana","og_description":"Jonathan Ott. Escritor, fitoqu\u00edmico y etnofarmacognosista (palabra acu\u00f1ada para describir su propia profesi\u00f3n). Actualmente se dedica a la literatura; ha escrito trece libros, entre aquellos: Pharmacotheon: drogas enteog\u00e9nicas, sus fuentes bot\u00e1nicas y su historia [1993, 1996]; An\u00e1logos de la ayahuasca: ente\u00f3genos pangeicos [1994, 1995, 2006]; Pharmacophilia, o los para\u00edsos naturales [1997, 1998]; Shamanic Snuffs or [&hellip;]","og_url":"https:\/\/fundacionlobeliana.org\/en\/product\/clase-8-seminario-historia-de-las-drogas-historia-de-la-coca-jonathan-ott\/","og_site_name":"Fundacion Lobeliana","article_modified_time":"2026-01-09T01:20:12+00:00","og_image":[{"width":1920,"height":1920,"url":"https:\/\/fundacionlobeliana.org\/wp-content\/uploads\/2025\/09\/n08-coca.jpg","type":"image\/jpeg"}],"twitter_card":"summary_large_image","twitter_misc":{"Estimated reading time":"1 minute"},"schema":{"@context":"https:\/\/schema.org","@graph":[{"@type":"WebPage","@id":"https:\/\/fundacionlobeliana.org\/producto\/clase-8-seminario-historia-de-las-drogas-historia-de-la-coca-jonathan-ott\/","url":"https:\/\/fundacionlobeliana.org\/producto\/clase-8-seminario-historia-de-las-drogas-historia-de-la-coca-jonathan-ott\/","name":"Clase 8.- Seminario \u201cHistoria de las Drogas\u201d: Historia de la Coca \u2013 Jonathan Ott - Fundacion Lobeliana","isPartOf":{"@id":"https:\/\/fundacionlobeliana.org\/#website"},"primaryImageOfPage":{"@id":"https:\/\/fundacionlobeliana.org\/producto\/clase-8-seminario-historia-de-las-drogas-historia-de-la-coca-jonathan-ott\/#primaryimage"},"image":{"@id":"https:\/\/fundacionlobeliana.org\/producto\/clase-8-seminario-historia-de-las-drogas-historia-de-la-coca-jonathan-ott\/#primaryimage"},"thumbnailUrl":"https:\/\/fundacionlobeliana.org\/wp-content\/uploads\/2025\/09\/n08-coca.jpg","datePublished":"2025-09-04T22:41:33+00:00","dateModified":"2026-01-09T01:20:12+00:00","breadcrumb":{"@id":"https:\/\/fundacionlobeliana.org\/producto\/clase-8-seminario-historia-de-las-drogas-historia-de-la-coca-jonathan-ott\/#breadcrumb"},"inLanguage":"en-GB","potentialAction":[{"@type":"ReadAction","target":["https:\/\/fundacionlobeliana.org\/producto\/clase-8-seminario-historia-de-las-drogas-historia-de-la-coca-jonathan-ott\/"]}]},{"@type":"ImageObject","inLanguage":"en-GB","@id":"https:\/\/fundacionlobeliana.org\/producto\/clase-8-seminario-historia-de-las-drogas-historia-de-la-coca-jonathan-ott\/#primaryimage","url":"https:\/\/fundacionlobeliana.org\/wp-content\/uploads\/2025\/09\/n08-coca.jpg","contentUrl":"https:\/\/fundacionlobeliana.org\/wp-content\/uploads\/2025\/09\/n08-coca.jpg","width":1920,"height":1920},{"@type":"BreadcrumbList","@id":"https:\/\/fundacionlobeliana.org\/producto\/clase-8-seminario-historia-de-las-drogas-historia-de-la-coca-jonathan-ott\/#breadcrumb","itemListElement":[{"@type":"ListItem","position":1,"name":"Portada","item":"https:\/\/fundacionlobeliana.org\/"},{"@type":"ListItem","position":2,"name":"Tienda","item":"https:\/\/fundacionlobeliana.org\/tienda\/"},{"@type":"ListItem","position":3,"name":"Clase 8.- Seminario \u201cHistoria de las Drogas\u201d: Historia de la Coca \u2013 Jonathan Ott"}]},{"@type":"WebSite","@id":"https:\/\/fundacionlobeliana.org\/#website","url":"https:\/\/fundacionlobeliana.org\/","name":"Fundacion Lobeliana","description":"Organizaci\u00f3n sin fines de lucro que tiene como misi\u00f3n el rescatar, actualizar, visibilizar y hacer disponible el conocimiento acumulado hasta hoy sobre f\u00e1rmacos naturales y psicoactivos","publisher":{"@id":"https:\/\/fundacionlobeliana.org\/#organization"},"potentialAction":[{"@type":"SearchAction","target":{"@type":"EntryPoint","urlTemplate":"https:\/\/fundacionlobeliana.org\/?s={search_term_string}"},"query-input":{"@type":"PropertyValueSpecification","valueRequired":true,"valueName":"search_term_string"}}],"inLanguage":"en-GB"},{"@type":"Organization","@id":"https:\/\/fundacionlobeliana.org\/#organization","name":"Fundacion Lobeliana","url":"https:\/\/fundacionlobeliana.org\/","logo":{"@type":"ImageObject","inLanguage":"en-GB","@id":"https:\/\/fundacionlobeliana.org\/#\/schema\/logo\/image\/","url":"https:\/\/fundacionlobeliana.org\/wp-content\/uploads\/2025\/09\/logo_fundacion_lobeliana-02.png","contentUrl":"https:\/\/fundacionlobeliana.org\/wp-content\/uploads\/2025\/09\/logo_fundacion_lobeliana-02.png","width":571,"height":718,"caption":"Fundacion Lobeliana"},"image":{"@id":"https:\/\/fundacionlobeliana.org\/#\/schema\/logo\/image\/"}}]}},"_links":{"self":[{"href":"https:\/\/fundacionlobeliana.org\/en\/wp-json\/wp\/v2\/product\/43","targetHints":{"allow":["GET"]}}],"collection":[{"href":"https:\/\/fundacionlobeliana.org\/en\/wp-json\/wp\/v2\/product"}],"about":[{"href":"https:\/\/fundacionlobeliana.org\/en\/wp-json\/wp\/v2\/types\/product"}],"replies":[{"embeddable":true,"href":"https:\/\/fundacionlobeliana.org\/en\/wp-json\/wp\/v2\/comments?post=43"}],"wp:featuredmedia":[{"embeddable":true,"href":"https:\/\/fundacionlobeliana.org\/en\/wp-json\/wp\/v2\/media\/78"}],"wp:attachment":[{"href":"https:\/\/fundacionlobeliana.org\/en\/wp-json\/wp\/v2\/media?parent=43"}],"wp:term":[{"taxonomy":"product_brand","embeddable":true,"href":"https:\/\/fundacionlobeliana.org\/en\/wp-json\/wp\/v2\/product_brand?post=43"},{"taxonomy":"product_cat","embeddable":true,"href":"https:\/\/fundacionlobeliana.org\/en\/wp-json\/wp\/v2\/product_cat?post=43"},{"taxonomy":"product_tag","embeddable":true,"href":"https:\/\/fundacionlobeliana.org\/en\/wp-json\/wp\/v2\/product_tag?post=43"}],"curies":[{"name":"wp","href":"https:\/\/api.w.org\/{rel}","templated":true}]}}