{"id":48,"date":"2025-09-04T22:41:33","date_gmt":"2025-09-04T22:41:33","guid":{"rendered":"https:\/\/fundacionlobeliana.org\/?post_type=product&#038;p=48"},"modified":"2026-01-09T01:21:41","modified_gmt":"2026-01-09T01:21:41","slug":"clase-13-seminario-historia-de-las-drogas-historia-del-tabaco-fernando-carranza","status":"publish","type":"product","link":"https:\/\/fundacionlobeliana.org\/en\/product\/clase-13-seminario-historia-de-las-drogas-historia-del-tabaco-fernando-carranza\/","title":{"rendered":"Class 13.- Seminar \u201cHistory of Drugs\u201d: History of tobacco \u2013 Fernando Carranza"},"content":{"rendered":"<p>Fernando Carranza.<\/p>\n<p>He holds a degree in archaeology from the Pontifical Catholic University of Peru. He also has a Master's degree in Biochemistry from the Faculty of Medicine of San Fernando \u2013 UNMSM and a diploma as an Ayurvedic medicine therapist from the Vedika Institute of Lima. He works as a researcher in the archaeobotany and ethnobotany of psychoactive and medicinal plants used by traditional and archaeological cultures. He is currently pursuing his doctorate in anthropology at Tulane University in New Orleans.<br \/>\negresado de la Maestr\u00eda en Bioqu\u00edmica de la Facultad de Medicina de San Fernando \u2013 UNMSM<br \/>\ny tiene un diplomado como terapeuta en medicina ayurv\u00e9dica del Instituto V\u00e9dika de Lima. Se<br \/>\ndesempe\u00f1a como investigador de la arqueobot\u00e1nica y etnobot\u00e1nica de plantas psicoactivas y<br \/>\nmedicinales utilizadas por las culturas tradicionales y arqueol\u00f3gicas. Actualmente se encuentra<br \/>\ncursando su doctorado en antropolog\u00eda en la Universidad de Tulane en Nueva Orleans.<\/p>","protected":false},"excerpt":{"rendered":"<p>Fernando Carranza. Es licenciado en arqueolog\u00eda por la Pontificia Universidad Cat\u00f3lica de Per\u00fa. Asimismo, es egresado de la Maestr\u00eda en Bioqu\u00edmica de la Facultad de Medicina de San Fernando \u2013 UNMSM y tiene un diplomado como terapeuta en medicina ayurv\u00e9dica del Instituto V\u00e9dika de Lima. Se desempe\u00f1a como investigador de la arqueobot\u00e1nica y etnobot\u00e1nica de [&hellip;]<\/p>","protected":false},"featured_media":83,"comment_status":"closed","ping_status":"closed","template":"","meta":[],"product_brand":[],"product_cat":[16,26],"product_tag":[],"class_list":{"0":"post-48","1":"product","2":"type-product","3":"status-publish","4":"has-post-thumbnail","6":"product_cat-on-demand","7":"product_cat-seminarios","9":"first","10":"instock","11":"sale","12":"virtual","13":"sold-individually","14":"purchasable","15":"product-type-simple"},"yoast_head":"<!-- This site is optimized with the Yoast SEO plugin v27.2 - https:\/\/yoast.com\/product\/yoast-seo-wordpress\/ -->\n<title>Clase 13.- Seminario \u201cHistoria de las Drogas\u201d: Historia del tabaco \u2013 Fernando Carranza - Fundacion Lobeliana<\/title>\n<meta name=\"robots\" content=\"index, follow, max-snippet:-1, max-image-preview:large, max-video-preview:-1\" \/>\n<link rel=\"canonical\" href=\"https:\/\/fundacionlobeliana.org\/en\/product\/clase-13-seminario-historia-de-las-drogas-historia-del-tabaco-fernando-carranza\/\" \/>\n<meta property=\"og:locale\" content=\"en_GB\" \/>\n<meta property=\"og:type\" content=\"article\" \/>\n<meta property=\"og:title\" content=\"Clase 13.- Seminario \u201cHistoria de las Drogas\u201d: Historia del tabaco \u2013 Fernando Carranza - Fundacion Lobeliana\" \/>\n<meta property=\"og:description\" content=\"Fernando Carranza. Es licenciado en arqueolog\u00eda por la Pontificia Universidad Cat\u00f3lica de Per\u00fa. Asimismo, es egresado de la Maestr\u00eda en Bioqu\u00edmica de la Facultad de Medicina de San Fernando \u2013 UNMSM y tiene un diplomado como terapeuta en medicina ayurv\u00e9dica del Instituto V\u00e9dika de Lima. Se desempe\u00f1a como investigador de la arqueobot\u00e1nica y etnobot\u00e1nica de [&hellip;]\" \/>\n<meta property=\"og:url\" content=\"https:\/\/fundacionlobeliana.org\/en\/product\/clase-13-seminario-historia-de-las-drogas-historia-del-tabaco-fernando-carranza\/\" \/>\n<meta property=\"og:site_name\" content=\"Fundacion Lobeliana\" \/>\n<meta property=\"article:modified_time\" content=\"2026-01-09T01:21:41+00:00\" \/>\n<meta property=\"og:image\" content=\"https:\/\/fundacionlobeliana.org\/wp-content\/uploads\/2025\/09\/n13-tabac.jpg\" \/>\n\t<meta property=\"og:image:width\" content=\"1920\" \/>\n\t<meta property=\"og:image:height\" content=\"1920\" \/>\n\t<meta property=\"og:image:type\" content=\"image\/jpeg\" \/>\n<meta name=\"twitter:card\" content=\"summary_large_image\" \/>\n<script type=\"application\/ld+json\" class=\"yoast-schema-graph\">{\"@context\":\"https:\/\/schema.org\",\"@graph\":[{\"@type\":\"WebPage\",\"@id\":\"https:\/\/fundacionlobeliana.org\/producto\/clase-13-seminario-historia-de-las-drogas-historia-del-tabaco-fernando-carranza\/\",\"url\":\"https:\/\/fundacionlobeliana.org\/producto\/clase-13-seminario-historia-de-las-drogas-historia-del-tabaco-fernando-carranza\/\",\"name\":\"Clase 13.- Seminario \u201cHistoria de las Drogas\u201d: Historia del tabaco \u2013 Fernando Carranza - Fundacion Lobeliana\",\"isPartOf\":{\"@id\":\"https:\/\/fundacionlobeliana.org\/#website\"},\"primaryImageOfPage\":{\"@id\":\"https:\/\/fundacionlobeliana.org\/producto\/clase-13-seminario-historia-de-las-drogas-historia-del-tabaco-fernando-carranza\/#primaryimage\"},\"image\":{\"@id\":\"https:\/\/fundacionlobeliana.org\/producto\/clase-13-seminario-historia-de-las-drogas-historia-del-tabaco-fernando-carranza\/#primaryimage\"},\"thumbnailUrl\":\"https:\/\/fundacionlobeliana.org\/wp-content\/uploads\/2025\/09\/n13-tabac.jpg\",\"datePublished\":\"2025-09-04T22:41:33+00:00\",\"dateModified\":\"2026-01-09T01:21:41+00:00\",\"breadcrumb\":{\"@id\":\"https:\/\/fundacionlobeliana.org\/producto\/clase-13-seminario-historia-de-las-drogas-historia-del-tabaco-fernando-carranza\/#breadcrumb\"},\"inLanguage\":\"en-GB\",\"potentialAction\":[{\"@type\":\"ReadAction\",\"target\":[\"https:\/\/fundacionlobeliana.org\/producto\/clase-13-seminario-historia-de-las-drogas-historia-del-tabaco-fernando-carranza\/\"]}]},{\"@type\":\"ImageObject\",\"inLanguage\":\"en-GB\",\"@id\":\"https:\/\/fundacionlobeliana.org\/producto\/clase-13-seminario-historia-de-las-drogas-historia-del-tabaco-fernando-carranza\/#primaryimage\",\"url\":\"https:\/\/fundacionlobeliana.org\/wp-content\/uploads\/2025\/09\/n13-tabac.jpg\",\"contentUrl\":\"https:\/\/fundacionlobeliana.org\/wp-content\/uploads\/2025\/09\/n13-tabac.jpg\",\"width\":1920,\"height\":1920},{\"@type\":\"BreadcrumbList\",\"@id\":\"https:\/\/fundacionlobeliana.org\/producto\/clase-13-seminario-historia-de-las-drogas-historia-del-tabaco-fernando-carranza\/#breadcrumb\",\"itemListElement\":[{\"@type\":\"ListItem\",\"position\":1,\"name\":\"Portada\",\"item\":\"https:\/\/fundacionlobeliana.org\/\"},{\"@type\":\"ListItem\",\"position\":2,\"name\":\"Tienda\",\"item\":\"https:\/\/fundacionlobeliana.org\/tienda\/\"},{\"@type\":\"ListItem\",\"position\":3,\"name\":\"Clase 13.- Seminario \u201cHistoria de las Drogas\u201d: Historia del tabaco \u2013 Fernando Carranza\"}]},{\"@type\":\"WebSite\",\"@id\":\"https:\/\/fundacionlobeliana.org\/#website\",\"url\":\"https:\/\/fundacionlobeliana.org\/\",\"name\":\"Fundacion Lobeliana\",\"description\":\"Organizaci\u00f3n sin fines de lucro que tiene como misi\u00f3n el rescatar, actualizar, visibilizar y hacer disponible el conocimiento acumulado hasta hoy sobre f\u00e1rmacos naturales y psicoactivos\",\"publisher\":{\"@id\":\"https:\/\/fundacionlobeliana.org\/#organization\"},\"potentialAction\":[{\"@type\":\"SearchAction\",\"target\":{\"@type\":\"EntryPoint\",\"urlTemplate\":\"https:\/\/fundacionlobeliana.org\/?s={search_term_string}\"},\"query-input\":{\"@type\":\"PropertyValueSpecification\",\"valueRequired\":true,\"valueName\":\"search_term_string\"}}],\"inLanguage\":\"en-GB\"},{\"@type\":\"Organization\",\"@id\":\"https:\/\/fundacionlobeliana.org\/#organization\",\"name\":\"Fundacion Lobeliana\",\"url\":\"https:\/\/fundacionlobeliana.org\/\",\"logo\":{\"@type\":\"ImageObject\",\"inLanguage\":\"en-GB\",\"@id\":\"https:\/\/fundacionlobeliana.org\/#\/schema\/logo\/image\/\",\"url\":\"https:\/\/fundacionlobeliana.org\/wp-content\/uploads\/2025\/09\/logo_fundacion_lobeliana-02.png\",\"contentUrl\":\"https:\/\/fundacionlobeliana.org\/wp-content\/uploads\/2025\/09\/logo_fundacion_lobeliana-02.png\",\"width\":571,\"height\":718,\"caption\":\"Fundacion Lobeliana\"},\"image\":{\"@id\":\"https:\/\/fundacionlobeliana.org\/#\/schema\/logo\/image\/\"}}]}<\/script>\n<!-- \/ Yoast SEO plugin. -->","yoast_head_json":{"title":"Clase 13.- Seminario \u201cHistoria de las Drogas\u201d: Historia del tabaco \u2013 Fernando Carranza - Fundacion Lobeliana","robots":{"index":"index","follow":"follow","max-snippet":"max-snippet:-1","max-image-preview":"max-image-preview:large","max-video-preview":"max-video-preview:-1"},"canonical":"https:\/\/fundacionlobeliana.org\/en\/product\/clase-13-seminario-historia-de-las-drogas-historia-del-tabaco-fernando-carranza\/","og_locale":"en_GB","og_type":"article","og_title":"Clase 13.- Seminario \u201cHistoria de las Drogas\u201d: Historia del tabaco \u2013 Fernando Carranza - Fundacion Lobeliana","og_description":"Fernando Carranza. Es licenciado en arqueolog\u00eda por la Pontificia Universidad Cat\u00f3lica de Per\u00fa. Asimismo, es egresado de la Maestr\u00eda en Bioqu\u00edmica de la Facultad de Medicina de San Fernando \u2013 UNMSM y tiene un diplomado como terapeuta en medicina ayurv\u00e9dica del Instituto V\u00e9dika de Lima. Se desempe\u00f1a como investigador de la arqueobot\u00e1nica y etnobot\u00e1nica de [&hellip;]","og_url":"https:\/\/fundacionlobeliana.org\/en\/product\/clase-13-seminario-historia-de-las-drogas-historia-del-tabaco-fernando-carranza\/","og_site_name":"Fundacion Lobeliana","article_modified_time":"2026-01-09T01:21:41+00:00","og_image":[{"width":1920,"height":1920,"url":"https:\/\/fundacionlobeliana.org\/wp-content\/uploads\/2025\/09\/n13-tabac.jpg","type":"image\/jpeg"}],"twitter_card":"summary_large_image","schema":{"@context":"https:\/\/schema.org","@graph":[{"@type":"WebPage","@id":"https:\/\/fundacionlobeliana.org\/producto\/clase-13-seminario-historia-de-las-drogas-historia-del-tabaco-fernando-carranza\/","url":"https:\/\/fundacionlobeliana.org\/producto\/clase-13-seminario-historia-de-las-drogas-historia-del-tabaco-fernando-carranza\/","name":"Clase 13.- Seminario \u201cHistoria de las Drogas\u201d: Historia del tabaco \u2013 Fernando Carranza - Fundacion Lobeliana","isPartOf":{"@id":"https:\/\/fundacionlobeliana.org\/#website"},"primaryImageOfPage":{"@id":"https:\/\/fundacionlobeliana.org\/producto\/clase-13-seminario-historia-de-las-drogas-historia-del-tabaco-fernando-carranza\/#primaryimage"},"image":{"@id":"https:\/\/fundacionlobeliana.org\/producto\/clase-13-seminario-historia-de-las-drogas-historia-del-tabaco-fernando-carranza\/#primaryimage"},"thumbnailUrl":"https:\/\/fundacionlobeliana.org\/wp-content\/uploads\/2025\/09\/n13-tabac.jpg","datePublished":"2025-09-04T22:41:33+00:00","dateModified":"2026-01-09T01:21:41+00:00","breadcrumb":{"@id":"https:\/\/fundacionlobeliana.org\/producto\/clase-13-seminario-historia-de-las-drogas-historia-del-tabaco-fernando-carranza\/#breadcrumb"},"inLanguage":"en-GB","potentialAction":[{"@type":"ReadAction","target":["https:\/\/fundacionlobeliana.org\/producto\/clase-13-seminario-historia-de-las-drogas-historia-del-tabaco-fernando-carranza\/"]}]},{"@type":"ImageObject","inLanguage":"en-GB","@id":"https:\/\/fundacionlobeliana.org\/producto\/clase-13-seminario-historia-de-las-drogas-historia-del-tabaco-fernando-carranza\/#primaryimage","url":"https:\/\/fundacionlobeliana.org\/wp-content\/uploads\/2025\/09\/n13-tabac.jpg","contentUrl":"https:\/\/fundacionlobeliana.org\/wp-content\/uploads\/2025\/09\/n13-tabac.jpg","width":1920,"height":1920},{"@type":"BreadcrumbList","@id":"https:\/\/fundacionlobeliana.org\/producto\/clase-13-seminario-historia-de-las-drogas-historia-del-tabaco-fernando-carranza\/#breadcrumb","itemListElement":[{"@type":"ListItem","position":1,"name":"Portada","item":"https:\/\/fundacionlobeliana.org\/"},{"@type":"ListItem","position":2,"name":"Tienda","item":"https:\/\/fundacionlobeliana.org\/tienda\/"},{"@type":"ListItem","position":3,"name":"Clase 13.- Seminario \u201cHistoria de las Drogas\u201d: Historia del tabaco \u2013 Fernando Carranza"}]},{"@type":"WebSite","@id":"https:\/\/fundacionlobeliana.org\/#website","url":"https:\/\/fundacionlobeliana.org\/","name":"Fundacion Lobeliana","description":"Organizaci\u00f3n sin fines de lucro que tiene como misi\u00f3n el rescatar, actualizar, visibilizar y hacer disponible el conocimiento acumulado hasta hoy sobre f\u00e1rmacos naturales y psicoactivos","publisher":{"@id":"https:\/\/fundacionlobeliana.org\/#organization"},"potentialAction":[{"@type":"SearchAction","target":{"@type":"EntryPoint","urlTemplate":"https:\/\/fundacionlobeliana.org\/?s={search_term_string}"},"query-input":{"@type":"PropertyValueSpecification","valueRequired":true,"valueName":"search_term_string"}}],"inLanguage":"en-GB"},{"@type":"Organization","@id":"https:\/\/fundacionlobeliana.org\/#organization","name":"Fundacion Lobeliana","url":"https:\/\/fundacionlobeliana.org\/","logo":{"@type":"ImageObject","inLanguage":"en-GB","@id":"https:\/\/fundacionlobeliana.org\/#\/schema\/logo\/image\/","url":"https:\/\/fundacionlobeliana.org\/wp-content\/uploads\/2025\/09\/logo_fundacion_lobeliana-02.png","contentUrl":"https:\/\/fundacionlobeliana.org\/wp-content\/uploads\/2025\/09\/logo_fundacion_lobeliana-02.png","width":571,"height":718,"caption":"Fundacion Lobeliana"},"image":{"@id":"https:\/\/fundacionlobeliana.org\/#\/schema\/logo\/image\/"}}]}},"_links":{"self":[{"href":"https:\/\/fundacionlobeliana.org\/en\/wp-json\/wp\/v2\/product\/48","targetHints":{"allow":["GET"]}}],"collection":[{"href":"https:\/\/fundacionlobeliana.org\/en\/wp-json\/wp\/v2\/product"}],"about":[{"href":"https:\/\/fundacionlobeliana.org\/en\/wp-json\/wp\/v2\/types\/product"}],"replies":[{"embeddable":true,"href":"https:\/\/fundacionlobeliana.org\/en\/wp-json\/wp\/v2\/comments?post=48"}],"wp:featuredmedia":[{"embeddable":true,"href":"https:\/\/fundacionlobeliana.org\/en\/wp-json\/wp\/v2\/media\/83"}],"wp:attachment":[{"href":"https:\/\/fundacionlobeliana.org\/en\/wp-json\/wp\/v2\/media?parent=48"}],"wp:term":[{"taxonomy":"product_brand","embeddable":true,"href":"https:\/\/fundacionlobeliana.org\/en\/wp-json\/wp\/v2\/product_brand?post=48"},{"taxonomy":"product_cat","embeddable":true,"href":"https:\/\/fundacionlobeliana.org\/en\/wp-json\/wp\/v2\/product_cat?post=48"},{"taxonomy":"product_tag","embeddable":true,"href":"https:\/\/fundacionlobeliana.org\/en\/wp-json\/wp\/v2\/product_tag?post=48"}],"curies":[{"name":"wp","href":"https:\/\/api.w.org\/{rel}","templated":true}]}}